{"id":4810,"date":"2015-11-04T15:05:28","date_gmt":"2015-11-04T15:05:28","guid":{"rendered":"http:\/\/www.spiritofpolo.com\/product\/journee-polo-buenos-aires?lang=arg"},"modified":"2024-01-27T12:51:31","modified_gmt":"2024-01-27T12:51:31","slug":"journee-de-polo-pour-joueur-buenos-aires","status":"publish","type":"product","link":"https:\/\/www.spiritofpolo.com\/fr\/produit\/journee-de-polo-pour-joueur-buenos-aires","title":{"rendered":"Journ\u00e9e de Polo pour Joueur @Buenos Aires"},"content":{"rendered":"<p><strong>OU SEREZ VOUS ?<\/strong><br \/>\nDans un domaine situ\u00e9 \u00e0 une heure au sud de Buenos Aires (70 km), entour\u00e9 de chevaux et d\u2019un magnifique bosquet.<br \/>\nSi votre emploi du temps le permet, vous pouvez vous loger dans une des chambres du Club et profiter du lever de soleil avec un mat\u00e9 ou un caf\u00e9 (V\u00e9rifier la disponibilit\u00e9 \u2013 3 chambres disponibles)<\/p>\n<p><strong>IMPORTANT<\/strong><br \/>\nSi les facteurs climatiques ne sont pas favorables, l\u2019\u00e9v\u00e9nement est suspendu et reprogramm\u00e9.<br \/>\nNous vous demanderons vos informations d\u2019assurance<br \/>\nPossibilit\u00e9 de passer la journ\u00e9e sans monter \u00e0 cheval \u2013 100 \u20ac<br \/>\nMinimum 3 personnes \u2013 Maximum 7 personnes<\/p>\n<p><strong>CONTACT<\/strong><br \/>\nPour toute question, contactez Alexis, de pr\u00e9f\u00e9rence par WhatsApp: +54 9 11 6094 4786 ou par email \u00e0 boutique@spiritofpolo.com<br \/>\nSi vous ne passez que quelques heures \u00e0 Buenos Aires, appelez-nous \u00e9galement pour visiter notre showroom, o\u00f9 vous trouverez tout l\u2019\u00e9quipement pour la pratique de ce sport<br \/>\nNous vous attendons toujours sur notre site Internet: www.spiritofpolo.com \u2013 www.spiritofjumping.com<\/p>\n","protected":false},"excerpt":{"rendered":"<div class=\"woocommerce-product-details__short-description\">\n<p><strong>Venez partager une journ\u00e9e inoubliable dans un Club de Polo, entour\u00e9 des chevaux, d\u2019un magnifique bosquet et du calme que seule la pampa argentine vous donne!<\/strong><\/p>\n<p><strong>QUI CHOISI CETTE ACTIVIT\u00c9 ?<\/strong><br \/>\nNos clients qui choisissent cette option sont des personnes qui:<br \/>\n\u2013 Savent monter \u00e0 cheval et ont une exp\u00e9rience de base<br \/>\n\u2013 Veulent passer une journ\u00e9e dans la campagne argentine, \u00e0 seulement une heure de la capitale<br \/>\n&#8211; R\u00eavent de jouer un match<br \/>\n&#8211; Handicap -2 \/ 2<br \/>\n\u2013 Et bien sure \u2026 Qui veulent d\u00e9guster un d\u00e9licieux asado\/BBQ argentin accompagn\u00e9 d\u2019un excellent malbec<\/p>\n<p><strong>VOS H\u00d4TES<\/strong><br \/>\nNous aimons les chevaux et nous pratiquons le Polo. Nous y consacrons notre vie et nous voulons la partager avec vous! Quel que soit votre niveau, nous avons une proposition qui s\u2019adapte \u00e0 ce dont vous avez r\u00eav\u00e9. Nous parlons espagnol, fran\u00e7ais et anglais!<\/p>\n<p><strong>QU\u2019ALLEZ VOUS FAIRE ?<\/strong><br \/>\nLe matin: Arriv\u00e9e au Club et r\u00e9ception avec un d\u00e9licieux caf\u00e9 avec croissants ou Ap\u00e9ro avec champagne<br \/>\nVous aurez un cours pratique et un Stick and Ball<\/p>\n<p>\u00c0 midi:<br \/>\nDans la matin\u00e9e nous ferons r\u00f4tir les viandes et pr\u00e9parerons les accompagnements que nous d\u00e9gusterons au d\u00e9jeuner. (Option v\u00e9g\u00e9tarienne ou sp\u00e9ciale, sur commande pr\u00e9alable). Pendant le repas, nous raconterons des anecdotes et r\u00e9pondrons aux questions que vous vous posez<\/p>\n<p>L\u2019apr\u00e8s-midi: Apr\u00e8s le d\u00e9jeuner, Apr\u00e8s le d\u00e9jeuner, vous jourez un match de 4 chuckers<\/p>\n<p>En \u00e9t\u00e9, la piscine vous attend pour vous rafra\u00eechir et vous d\u00e9tendre!<\/p>\n<p>Avant de rentrer en ville, nous partagerons un caf\u00e9, un th\u00e9 ou une coupe de champagne et nous parlerons de l\u2019exp\u00e9rience de la journ\u00e9e!<\/p>\n<p><strong>INCLUS<\/strong><br \/>\n\u2022 Equipement: casque + maillet<br \/>\n\u2022 Cheval de Polo \u00e9quip\u00e9 et adapt\u00e9 au niveau du cavalier<br \/>\n\u2022 Nous vous recommandons d\u2019apporter des jeans, bottes ou gu\u00e8tres et apporter de la cr\u00e8me solaire<br \/>\n\u2022 caf\u00e9\/ap\u00e9ro, d\u00e9jeuner, gout\u00e9, boissons inclus<br \/>\n\u2022 Nos coachs et assistants experts<\/p>\n<\/div>\n","protected":false},"featured_media":2215,"comment_status":"open","ping_status":"closed","template":"","meta":[],"product_cat":[1759,97],"product_tag":[],"acf":[],"yoast_head":"<!-- This site is optimized with the Yoast SEO plugin v19.14 - https:\/\/yoast.com\/wordpress\/plugins\/seo\/ -->\n<title>Journ\u00e9e de Polo pour Joueur @Buenos Aires - Spirit of Polo - Spirit of Jumping<\/title>\n<meta name=\"robots\" content=\"index, follow, max-snippet:-1, max-image-preview:large, max-video-preview:-1\" \/>\n<link rel=\"canonical\" href=\"https:\/\/www.spiritofpolo.com\/fr\/produit\/journee-de-polo-pour-joueur-buenos-aires\" \/>\n<meta property=\"og:locale\" content=\"fr_FR\" \/>\n<meta property=\"og:type\" content=\"article\" \/>\n<meta property=\"og:title\" content=\"Journ\u00e9e de Polo pour Joueur @Buenos Aires - Spirit of Polo - Spirit of Jumping\" \/>\n<meta property=\"og:description\" content=\"Venez partager une journ\u00e9e inoubliable dans un Club de Polo, entour\u00e9 des chevaux, d\u2019un magnifique bosquet et du calme que seule la pampa argentine vous donne!  QUI CHOISI CETTE ACTIVIT\u00c9 ? Nos clients qui choisissent cette option sont des personnes qui: \u2013 Savent monter \u00e0 cheval et ont une exp\u00e9rience de base \u2013 Veulent passer une journ\u00e9e dans la campagne argentine, \u00e0 seulement une heure de la capitale - R\u00eavent de jouer un match - Handicap -2 \/ 2 \u2013 Et bien sure \u2026 Qui veulent d\u00e9guster un d\u00e9licieux asado\/BBQ argentin accompagn\u00e9 d\u2019un excellent malbec  VOS H\u00d4TES Nous aimons les chevaux et nous pratiquons le Polo. Nous y consacrons notre vie et nous voulons la partager avec vous! Quel que soit votre niveau, nous avons une proposition qui s\u2019adapte \u00e0 ce dont vous avez r\u00eav\u00e9. Nous parlons espagnol, fran\u00e7ais et anglais!  QU\u2019ALLEZ VOUS FAIRE ? Le matin: Arriv\u00e9e au Club et r\u00e9ception avec un d\u00e9licieux caf\u00e9 avec croissants ou Ap\u00e9ro avec champagne Vous aurez un cours pratique et un Stick and Ball  \u00c0 midi: Dans la matin\u00e9e nous ferons r\u00f4tir les viandes et pr\u00e9parerons les accompagnements que nous d\u00e9gusterons au d\u00e9jeuner. (Option v\u00e9g\u00e9tarienne ou sp\u00e9ciale, sur commande pr\u00e9alable). Pendant le repas, nous raconterons des anecdotes et r\u00e9pondrons aux questions que vous vous posez  L\u2019apr\u00e8s-midi: Apr\u00e8s le d\u00e9jeuner, Apr\u00e8s le d\u00e9jeuner, vous jourez un match de 4 chuckers  En \u00e9t\u00e9, la piscine vous attend pour vous rafra\u00eechir et vous d\u00e9tendre!  Avant de rentrer en ville, nous partagerons un caf\u00e9, un th\u00e9 ou une coupe de champagne et nous parlerons de l\u2019exp\u00e9rience de la journ\u00e9e!  INCLUS \u2022 Equipement: casque + maillet \u2022 Cheval de Polo \u00e9quip\u00e9 et adapt\u00e9 au niveau du cavalier \u2022 Nous vous recommandons d\u2019apporter des jeans, bottes ou gu\u00e8tres et apporter de la cr\u00e8me solaire \u2022 caf\u00e9\/ap\u00e9ro, d\u00e9jeuner, gout\u00e9, boissons inclus \u2022 Nos coachs et assistants experts\" \/>\n<meta property=\"og:url\" content=\"https:\/\/www.spiritofpolo.com\/fr\/produit\/journee-de-polo-pour-joueur-buenos-aires\" \/>\n<meta property=\"og:site_name\" content=\"Spirit of Polo - Spirit of Jumping\" \/>\n<meta property=\"article:modified_time\" content=\"2024-01-27T12:51:31+00:00\" \/>\n<meta property=\"og:image\" content=\"https:\/\/www.spiritofpolo.com\/wp-content\/uploads\/2015\/10\/polo_entablada_10_resultat.jpg\" \/>\n\t<meta property=\"og:image:width\" content=\"555\" \/>\n\t<meta property=\"og:image:height\" content=\"710\" \/>\n\t<meta property=\"og:image:type\" content=\"image\/jpeg\" \/>\n<meta name=\"twitter:card\" content=\"summary_large_image\" \/>\n<meta name=\"twitter:label1\" content=\"Dur\u00e9e de lecture estim\u00e9e\" \/>\n\t<meta name=\"twitter:data1\" content=\"1 minute\" \/>\n<script type=\"application\/ld+json\" class=\"yoast-schema-graph\">{\"@context\":\"https:\/\/schema.org\",\"@graph\":[{\"@type\":\"WebPage\",\"@id\":\"https:\/\/www.spiritofpolo.com\/fr\/produit\/journee-de-polo-pour-joueur-buenos-aires\",\"url\":\"https:\/\/www.spiritofpolo.com\/fr\/produit\/journee-de-polo-pour-joueur-buenos-aires\",\"name\":\"Journ\u00e9e de Polo pour Joueur @Buenos Aires - Spirit of Polo - Spirit of Jumping\",\"isPartOf\":{\"@id\":\"https:\/\/www.spiritofpolo.com\/fr#website\"},\"datePublished\":\"2015-11-04T15:05:28+00:00\",\"dateModified\":\"2024-01-27T12:51:31+00:00\",\"breadcrumb\":{\"@id\":\"https:\/\/www.spiritofpolo.com\/fr\/produit\/journee-de-polo-pour-joueur-buenos-aires#breadcrumb\"},\"inLanguage\":\"fr-FR\",\"potentialAction\":[{\"@type\":\"ReadAction\",\"target\":[\"https:\/\/www.spiritofpolo.com\/fr\/produit\/journee-de-polo-pour-joueur-buenos-aires\"]}]},{\"@type\":\"BreadcrumbList\",\"@id\":\"https:\/\/www.spiritofpolo.com\/fr\/produit\/journee-de-polo-pour-joueur-buenos-aires#breadcrumb\",\"itemListElement\":[{\"@type\":\"ListItem\",\"position\":1,\"name\":\"Home\",\"item\":\"https:\/\/www.spiritofpolo.com\/fr\"},{\"@type\":\"ListItem\",\"position\":2,\"name\":\"Boutique\",\"item\":\"https:\/\/www.spiritofpolo.com\/fr\/boutique\"},{\"@type\":\"ListItem\",\"position\":3,\"name\":\"Journ\u00e9e de Polo pour Joueur @Buenos Aires\"}]},{\"@type\":\"WebSite\",\"@id\":\"https:\/\/www.spiritofpolo.com\/fr#website\",\"url\":\"https:\/\/www.spiritofpolo.com\/fr\",\"name\":\"Spirit of Polo - Spirit of Jumping\",\"description\":\"Argentine Polo Products\",\"publisher\":{\"@id\":\"https:\/\/www.spiritofpolo.com\/fr#organization\"},\"potentialAction\":[{\"@type\":\"SearchAction\",\"target\":{\"@type\":\"EntryPoint\",\"urlTemplate\":\"https:\/\/www.spiritofpolo.com\/fr?s={search_term_string}\"},\"query-input\":\"required name=search_term_string\"}],\"inLanguage\":\"fr-FR\"},{\"@type\":\"Organization\",\"@id\":\"https:\/\/www.spiritofpolo.com\/fr#organization\",\"name\":\"Spirit of Polo - Spirit of Jumping\",\"url\":\"https:\/\/www.spiritofpolo.com\/fr\",\"logo\":{\"@type\":\"ImageObject\",\"inLanguage\":\"fr-FR\",\"@id\":\"https:\/\/www.spiritofpolo.com\/fr#\/schema\/logo\/image\/\",\"url\":\"\",\"contentUrl\":\"\",\"caption\":\"Spirit of Polo - Spirit of Jumping\"},\"image\":{\"@id\":\"https:\/\/www.spiritofpolo.com\/fr#\/schema\/logo\/image\/\"}}]}<\/script>\n<!-- \/ Yoast SEO plugin. -->","yoast_head_json":{"title":"Journ\u00e9e de Polo pour Joueur @Buenos Aires - Spirit of Polo - Spirit of Jumping","robots":{"index":"index","follow":"follow","max-snippet":"max-snippet:-1","max-image-preview":"max-image-preview:large","max-video-preview":"max-video-preview:-1"},"canonical":"https:\/\/www.spiritofpolo.com\/fr\/produit\/journee-de-polo-pour-joueur-buenos-aires","og_locale":"fr_FR","og_type":"article","og_title":"Journ\u00e9e de Polo pour Joueur @Buenos Aires - Spirit of Polo - Spirit of Jumping","og_description":"Venez partager une journ\u00e9e inoubliable dans un Club de Polo, entour\u00e9 des chevaux, d\u2019un magnifique bosquet et du calme que seule la pampa argentine vous donne!  QUI CHOISI CETTE ACTIVIT\u00c9 ? Nos clients qui choisissent cette option sont des personnes qui: \u2013 Savent monter \u00e0 cheval et ont une exp\u00e9rience de base \u2013 Veulent passer une journ\u00e9e dans la campagne argentine, \u00e0 seulement une heure de la capitale - R\u00eavent de jouer un match - Handicap -2 \/ 2 \u2013 Et bien sure \u2026 Qui veulent d\u00e9guster un d\u00e9licieux asado\/BBQ argentin accompagn\u00e9 d\u2019un excellent malbec  VOS H\u00d4TES Nous aimons les chevaux et nous pratiquons le Polo. Nous y consacrons notre vie et nous voulons la partager avec vous! Quel que soit votre niveau, nous avons une proposition qui s\u2019adapte \u00e0 ce dont vous avez r\u00eav\u00e9. Nous parlons espagnol, fran\u00e7ais et anglais!  QU\u2019ALLEZ VOUS FAIRE ? Le matin: Arriv\u00e9e au Club et r\u00e9ception avec un d\u00e9licieux caf\u00e9 avec croissants ou Ap\u00e9ro avec champagne Vous aurez un cours pratique et un Stick and Ball  \u00c0 midi: Dans la matin\u00e9e nous ferons r\u00f4tir les viandes et pr\u00e9parerons les accompagnements que nous d\u00e9gusterons au d\u00e9jeuner. (Option v\u00e9g\u00e9tarienne ou sp\u00e9ciale, sur commande pr\u00e9alable). Pendant le repas, nous raconterons des anecdotes et r\u00e9pondrons aux questions que vous vous posez  L\u2019apr\u00e8s-midi: Apr\u00e8s le d\u00e9jeuner, Apr\u00e8s le d\u00e9jeuner, vous jourez un match de 4 chuckers  En \u00e9t\u00e9, la piscine vous attend pour vous rafra\u00eechir et vous d\u00e9tendre!  Avant de rentrer en ville, nous partagerons un caf\u00e9, un th\u00e9 ou une coupe de champagne et nous parlerons de l\u2019exp\u00e9rience de la journ\u00e9e!  INCLUS \u2022 Equipement: casque + maillet \u2022 Cheval de Polo \u00e9quip\u00e9 et adapt\u00e9 au niveau du cavalier \u2022 Nous vous recommandons d\u2019apporter des jeans, bottes ou gu\u00e8tres et apporter de la cr\u00e8me solaire \u2022 caf\u00e9\/ap\u00e9ro, d\u00e9jeuner, gout\u00e9, boissons inclus \u2022 Nos coachs et assistants experts","og_url":"https:\/\/www.spiritofpolo.com\/fr\/produit\/journee-de-polo-pour-joueur-buenos-aires","og_site_name":"Spirit of Polo - Spirit of Jumping","article_modified_time":"2024-01-27T12:51:31+00:00","og_image":[{"width":555,"height":710,"url":"https:\/\/www.spiritofpolo.com\/wp-content\/uploads\/2015\/10\/polo_entablada_10_resultat.jpg","type":"image\/jpeg"}],"twitter_card":"summary_large_image","twitter_misc":{"Dur\u00e9e de lecture estim\u00e9e":"1 minute"},"schema":{"@context":"https:\/\/schema.org","@graph":[{"@type":"WebPage","@id":"https:\/\/www.spiritofpolo.com\/fr\/produit\/journee-de-polo-pour-joueur-buenos-aires","url":"https:\/\/www.spiritofpolo.com\/fr\/produit\/journee-de-polo-pour-joueur-buenos-aires","name":"Journ\u00e9e de Polo pour Joueur @Buenos Aires - Spirit of Polo - Spirit of Jumping","isPartOf":{"@id":"https:\/\/www.spiritofpolo.com\/fr#website"},"datePublished":"2015-11-04T15:05:28+00:00","dateModified":"2024-01-27T12:51:31+00:00","breadcrumb":{"@id":"https:\/\/www.spiritofpolo.com\/fr\/produit\/journee-de-polo-pour-joueur-buenos-aires#breadcrumb"},"inLanguage":"fr-FR","potentialAction":[{"@type":"ReadAction","target":["https:\/\/www.spiritofpolo.com\/fr\/produit\/journee-de-polo-pour-joueur-buenos-aires"]}]},{"@type":"BreadcrumbList","@id":"https:\/\/www.spiritofpolo.com\/fr\/produit\/journee-de-polo-pour-joueur-buenos-aires#breadcrumb","itemListElement":[{"@type":"ListItem","position":1,"name":"Home","item":"https:\/\/www.spiritofpolo.com\/fr"},{"@type":"ListItem","position":2,"name":"Boutique","item":"https:\/\/www.spiritofpolo.com\/fr\/boutique"},{"@type":"ListItem","position":3,"name":"Journ\u00e9e de Polo pour Joueur @Buenos Aires"}]},{"@type":"WebSite","@id":"https:\/\/www.spiritofpolo.com\/fr#website","url":"https:\/\/www.spiritofpolo.com\/fr","name":"Spirit of Polo - Spirit of Jumping","description":"Argentine Polo Products","publisher":{"@id":"https:\/\/www.spiritofpolo.com\/fr#organization"},"potentialAction":[{"@type":"SearchAction","target":{"@type":"EntryPoint","urlTemplate":"https:\/\/www.spiritofpolo.com\/fr?s={search_term_string}"},"query-input":"required name=search_term_string"}],"inLanguage":"fr-FR"},{"@type":"Organization","@id":"https:\/\/www.spiritofpolo.com\/fr#organization","name":"Spirit of Polo - Spirit of Jumping","url":"https:\/\/www.spiritofpolo.com\/fr","logo":{"@type":"ImageObject","inLanguage":"fr-FR","@id":"https:\/\/www.spiritofpolo.com\/fr#\/schema\/logo\/image\/","url":"","contentUrl":"","caption":"Spirit of Polo - Spirit of Jumping"},"image":{"@id":"https:\/\/www.spiritofpolo.com\/fr#\/schema\/logo\/image\/"}}]}},"tiered_pricing_type":"fixed","tiered_pricing_fixed_rules":[],"tiered_pricing_product_settings":{"layout":"default","base_unit_name":{"singular":null,"plural":null},"default_variation":null},"tiered_pricing_minimum_quantity":null,"tiered_pricing_roles_data":[],"tiered_pricing_percentage_rules":[],"_links":{"self":[{"href":"https:\/\/www.spiritofpolo.com\/fr\/wp-json\/wp\/v2\/product\/4810"}],"collection":[{"href":"https:\/\/www.spiritofpolo.com\/fr\/wp-json\/wp\/v2\/product"}],"about":[{"href":"https:\/\/www.spiritofpolo.com\/fr\/wp-json\/wp\/v2\/types\/product"}],"replies":[{"embeddable":true,"href":"https:\/\/www.spiritofpolo.com\/fr\/wp-json\/wp\/v2\/comments?post=4810"}],"wp:featuredmedia":[{"embeddable":true,"href":"https:\/\/www.spiritofpolo.com\/fr\/wp-json\/wp\/v2\/media\/2215"}],"wp:attachment":[{"href":"https:\/\/www.spiritofpolo.com\/fr\/wp-json\/wp\/v2\/media?parent=4810"}],"wp:term":[{"taxonomy":"product_cat","embeddable":true,"href":"https:\/\/www.spiritofpolo.com\/fr\/wp-json\/wp\/v2\/product_cat?post=4810"},{"taxonomy":"product_tag","embeddable":true,"href":"https:\/\/www.spiritofpolo.com\/fr\/wp-json\/wp\/v2\/product_tag?post=4810"}],"curies":[{"name":"wp","href":"https:\/\/api.w.org\/{rel}","templated":true}]}}