{"id":5678,"date":"2017-02-24T15:48:29","date_gmt":"2017-02-24T15:48:29","guid":{"rendered":"http:\/\/www.spiritofpolo.com\/produit\/01-maillet-logi-copy?lang=fr"},"modified":"2026-02-12T11:26:37","modified_gmt":"2026-02-12T11:26:37","slug":"maillet-logi-avec-votre-drapeau-48-55%c2%a8","status":"publish","type":"product","link":"https:\/\/www.spiritofpolo.com\/fr\/produit\/maillet-logi-avec-votre-drapeau-48-55%c2%a8","title":{"rendered":"Maillet Logi personnalis\u00e9 48-55\u00a8"},"content":{"rendered":"<p>Frais de livraison en Europe avec notre service de livraison global (voire dates) : 25 % du prix d\u2019achat<\/p>\n<p>Frais de livraison par FedEx pour 1 \u00e0 5 maillets<br \/>\nUSA : 250 USD<br \/>\nEUROPE : 300 USD<br \/>\nASIE : 350 USD<\/p>\n","protected":false},"excerpt":{"rendered":"<p><strong>Personnalisez votre maillet avec votre drapeau ou une couleur, cane, poign\u00e9e, &#8230; sp\u00e9ciale !<\/strong><\/p>\n<p>La marque Logi a acquis sa r\u00e9putation en Argentine gr\u00e2ce \u00e0 la perfection du travail de ses artisans. Ces maillets font partis des 3 meilleurs maillets argentins, c&rsquo;est pourquoi ils sont utilis\u00e9s durant le tournoi de Palermo. Sont disponibles : les cigares lourds 205-215 gr (noir), les cigares l\u00e9gers 185-195 gr (orange) et les cigares moyens 195-205 gr (blancs ou naturel)<\/p>\n<p>D\u00e9couvrez\u00a0<strong><a href=\"https:\/\/www.spiritofpolo-press.com\/the-secret-of-making-spirit-of-polo-mallets\/\" target=\"_blank\" rel=\"noopener\">ici<\/a><\/strong>\u00a0l&rsquo;atelier Logi.<\/p>\n","protected":false},"featured_media":10689,"comment_status":"open","ping_status":"closed","template":"","meta":[],"product_cat":[174,94],"product_tag":[200,296,300,118],"acf":[],"yoast_head":"<!-- This site is optimized with the Yoast SEO plugin v19.14 - https:\/\/yoast.com\/wordpress\/plugins\/seo\/ -->\n<title>Maillet Logi personnalis\u00e9 48-55\u00a8 - Spirit of Polo - Spirit of Jumping<\/title>\n<meta name=\"robots\" content=\"index, follow, max-snippet:-1, max-image-preview:large, max-video-preview:-1\" \/>\n<link rel=\"canonical\" href=\"https:\/\/www.spiritofpolo.com\/fr\/produit\/maillet-logi-avec-votre-drapeau-48-55%c2%a8\" \/>\n<meta property=\"og:locale\" content=\"fr_FR\" \/>\n<meta property=\"og:type\" content=\"article\" \/>\n<meta property=\"og:title\" content=\"Maillet Logi personnalis\u00e9 48-55\u00a8 - Spirit of Polo - Spirit of Jumping\" \/>\n<meta property=\"og:description\" content=\"Personnalisez votre maillet avec votre drapeau ou une couleur, cane, poign\u00e9e, ... sp\u00e9ciale !  La marque Logi a acquis sa r\u00e9putation en Argentine gr\u00e2ce \u00e0 la perfection du travail de ses artisans. Ces maillets font partis des 3 meilleurs maillets argentins, c&#039;est pourquoi ils sont utilis\u00e9s durant le tournoi de Palermo. Sont disponibles : les cigares lourds 205-215 gr (noir), les cigares l\u00e9gers 185-195 gr (orange) et les cigares moyens 195-205 gr (blancs ou naturel)  D\u00e9couvrez\u00a0ici\u00a0l&#039;atelier Logi.\" \/>\n<meta property=\"og:url\" content=\"https:\/\/www.spiritofpolo.com\/fr\/produit\/maillet-logi-avec-votre-drapeau-48-55%c2%a8\" \/>\n<meta property=\"og:site_name\" content=\"Spirit of Polo - Spirit of Jumping\" \/>\n<meta property=\"article:modified_time\" content=\"2026-02-12T11:26:37+00:00\" \/>\n<meta property=\"og:image\" content=\"https:\/\/www.spiritofpolo.com\/wp-content\/uploads\/taco_bandera.jpg\" \/>\n\t<meta property=\"og:image:width\" content=\"555\" \/>\n\t<meta property=\"og:image:height\" content=\"710\" \/>\n\t<meta property=\"og:image:type\" content=\"image\/jpeg\" \/>\n<meta name=\"twitter:card\" content=\"summary_large_image\" \/>\n<script type=\"application\/ld+json\" class=\"yoast-schema-graph\">{\"@context\":\"https:\/\/schema.org\",\"@graph\":[{\"@type\":\"WebPage\",\"@id\":\"https:\/\/www.spiritofpolo.com\/fr\/produit\/maillet-logi-avec-votre-drapeau-48-55%c2%a8\",\"url\":\"https:\/\/www.spiritofpolo.com\/fr\/produit\/maillet-logi-avec-votre-drapeau-48-55%c2%a8\",\"name\":\"Maillet Logi personnalis\u00e9 48-55\u00a8 - Spirit of Polo - Spirit of Jumping\",\"isPartOf\":{\"@id\":\"https:\/\/www.spiritofpolo.com\/fr#website\"},\"datePublished\":\"2017-02-24T15:48:29+00:00\",\"dateModified\":\"2026-02-12T11:26:37+00:00\",\"breadcrumb\":{\"@id\":\"https:\/\/www.spiritofpolo.com\/fr\/produit\/maillet-logi-avec-votre-drapeau-48-55%c2%a8#breadcrumb\"},\"inLanguage\":\"fr-FR\",\"potentialAction\":[{\"@type\":\"ReadAction\",\"target\":[\"https:\/\/www.spiritofpolo.com\/fr\/produit\/maillet-logi-avec-votre-drapeau-48-55%c2%a8\"]}]},{\"@type\":\"BreadcrumbList\",\"@id\":\"https:\/\/www.spiritofpolo.com\/fr\/produit\/maillet-logi-avec-votre-drapeau-48-55%c2%a8#breadcrumb\",\"itemListElement\":[{\"@type\":\"ListItem\",\"position\":1,\"name\":\"Home\",\"item\":\"https:\/\/www.spiritofpolo.com\/fr\"},{\"@type\":\"ListItem\",\"position\":2,\"name\":\"Boutique\",\"item\":\"https:\/\/www.spiritofpolo.com\/fr\/boutique\"},{\"@type\":\"ListItem\",\"position\":3,\"name\":\"Maillet Logi personnalis\u00e9 48-55\u00a8\"}]},{\"@type\":\"WebSite\",\"@id\":\"https:\/\/www.spiritofpolo.com\/fr#website\",\"url\":\"https:\/\/www.spiritofpolo.com\/fr\",\"name\":\"Spirit of Polo - Spirit of Jumping\",\"description\":\"Argentine Polo Products\",\"publisher\":{\"@id\":\"https:\/\/www.spiritofpolo.com\/fr#organization\"},\"potentialAction\":[{\"@type\":\"SearchAction\",\"target\":{\"@type\":\"EntryPoint\",\"urlTemplate\":\"https:\/\/www.spiritofpolo.com\/fr?s={search_term_string}\"},\"query-input\":\"required name=search_term_string\"}],\"inLanguage\":\"fr-FR\"},{\"@type\":\"Organization\",\"@id\":\"https:\/\/www.spiritofpolo.com\/fr#organization\",\"name\":\"Spirit of Polo - Spirit of Jumping\",\"url\":\"https:\/\/www.spiritofpolo.com\/fr\",\"logo\":{\"@type\":\"ImageObject\",\"inLanguage\":\"fr-FR\",\"@id\":\"https:\/\/www.spiritofpolo.com\/fr#\/schema\/logo\/image\/\",\"url\":\"\",\"contentUrl\":\"\",\"caption\":\"Spirit of Polo - Spirit of Jumping\"},\"image\":{\"@id\":\"https:\/\/www.spiritofpolo.com\/fr#\/schema\/logo\/image\/\"}}]}<\/script>\n<!-- \/ Yoast SEO plugin. -->","yoast_head_json":{"title":"Maillet Logi personnalis\u00e9 48-55\u00a8 - Spirit of Polo - Spirit of Jumping","robots":{"index":"index","follow":"follow","max-snippet":"max-snippet:-1","max-image-preview":"max-image-preview:large","max-video-preview":"max-video-preview:-1"},"canonical":"https:\/\/www.spiritofpolo.com\/fr\/produit\/maillet-logi-avec-votre-drapeau-48-55%c2%a8","og_locale":"fr_FR","og_type":"article","og_title":"Maillet Logi personnalis\u00e9 48-55\u00a8 - Spirit of Polo - Spirit of Jumping","og_description":"Personnalisez votre maillet avec votre drapeau ou une couleur, cane, poign\u00e9e, ... sp\u00e9ciale !  La marque Logi a acquis sa r\u00e9putation en Argentine gr\u00e2ce \u00e0 la perfection du travail de ses artisans. Ces maillets font partis des 3 meilleurs maillets argentins, c'est pourquoi ils sont utilis\u00e9s durant le tournoi de Palermo. Sont disponibles : les cigares lourds 205-215 gr (noir), les cigares l\u00e9gers 185-195 gr (orange) et les cigares moyens 195-205 gr (blancs ou naturel)  D\u00e9couvrez\u00a0ici\u00a0l'atelier Logi.","og_url":"https:\/\/www.spiritofpolo.com\/fr\/produit\/maillet-logi-avec-votre-drapeau-48-55%c2%a8","og_site_name":"Spirit of Polo - Spirit of Jumping","article_modified_time":"2026-02-12T11:26:37+00:00","og_image":[{"width":555,"height":710,"url":"https:\/\/www.spiritofpolo.com\/wp-content\/uploads\/taco_bandera.jpg","type":"image\/jpeg"}],"twitter_card":"summary_large_image","schema":{"@context":"https:\/\/schema.org","@graph":[{"@type":"WebPage","@id":"https:\/\/www.spiritofpolo.com\/fr\/produit\/maillet-logi-avec-votre-drapeau-48-55%c2%a8","url":"https:\/\/www.spiritofpolo.com\/fr\/produit\/maillet-logi-avec-votre-drapeau-48-55%c2%a8","name":"Maillet Logi personnalis\u00e9 48-55\u00a8 - Spirit of Polo - Spirit of Jumping","isPartOf":{"@id":"https:\/\/www.spiritofpolo.com\/fr#website"},"datePublished":"2017-02-24T15:48:29+00:00","dateModified":"2026-02-12T11:26:37+00:00","breadcrumb":{"@id":"https:\/\/www.spiritofpolo.com\/fr\/produit\/maillet-logi-avec-votre-drapeau-48-55%c2%a8#breadcrumb"},"inLanguage":"fr-FR","potentialAction":[{"@type":"ReadAction","target":["https:\/\/www.spiritofpolo.com\/fr\/produit\/maillet-logi-avec-votre-drapeau-48-55%c2%a8"]}]},{"@type":"BreadcrumbList","@id":"https:\/\/www.spiritofpolo.com\/fr\/produit\/maillet-logi-avec-votre-drapeau-48-55%c2%a8#breadcrumb","itemListElement":[{"@type":"ListItem","position":1,"name":"Home","item":"https:\/\/www.spiritofpolo.com\/fr"},{"@type":"ListItem","position":2,"name":"Boutique","item":"https:\/\/www.spiritofpolo.com\/fr\/boutique"},{"@type":"ListItem","position":3,"name":"Maillet Logi personnalis\u00e9 48-55\u00a8"}]},{"@type":"WebSite","@id":"https:\/\/www.spiritofpolo.com\/fr#website","url":"https:\/\/www.spiritofpolo.com\/fr","name":"Spirit of Polo - Spirit of Jumping","description":"Argentine Polo Products","publisher":{"@id":"https:\/\/www.spiritofpolo.com\/fr#organization"},"potentialAction":[{"@type":"SearchAction","target":{"@type":"EntryPoint","urlTemplate":"https:\/\/www.spiritofpolo.com\/fr?s={search_term_string}"},"query-input":"required name=search_term_string"}],"inLanguage":"fr-FR"},{"@type":"Organization","@id":"https:\/\/www.spiritofpolo.com\/fr#organization","name":"Spirit of Polo - Spirit of Jumping","url":"https:\/\/www.spiritofpolo.com\/fr","logo":{"@type":"ImageObject","inLanguage":"fr-FR","@id":"https:\/\/www.spiritofpolo.com\/fr#\/schema\/logo\/image\/","url":"","contentUrl":"","caption":"Spirit of Polo - Spirit of Jumping"},"image":{"@id":"https:\/\/www.spiritofpolo.com\/fr#\/schema\/logo\/image\/"}}]}},"tiered_pricing_type":"fixed","tiered_pricing_fixed_rules":[],"tiered_pricing_product_settings":{"layout":"default","base_unit_name":{"singular":null,"plural":null},"default_variation":null},"tiered_pricing_minimum_quantity":null,"tiered_pricing_roles_data":[],"tiered_pricing_percentage_rules":[],"_links":{"self":[{"href":"https:\/\/www.spiritofpolo.com\/fr\/wp-json\/wp\/v2\/product\/5678"}],"collection":[{"href":"https:\/\/www.spiritofpolo.com\/fr\/wp-json\/wp\/v2\/product"}],"about":[{"href":"https:\/\/www.spiritofpolo.com\/fr\/wp-json\/wp\/v2\/types\/product"}],"replies":[{"embeddable":true,"href":"https:\/\/www.spiritofpolo.com\/fr\/wp-json\/wp\/v2\/comments?post=5678"}],"wp:featuredmedia":[{"embeddable":true,"href":"https:\/\/www.spiritofpolo.com\/fr\/wp-json\/wp\/v2\/media\/10689"}],"wp:attachment":[{"href":"https:\/\/www.spiritofpolo.com\/fr\/wp-json\/wp\/v2\/media?parent=5678"}],"wp:term":[{"taxonomy":"product_cat","embeddable":true,"href":"https:\/\/www.spiritofpolo.com\/fr\/wp-json\/wp\/v2\/product_cat?post=5678"},{"taxonomy":"product_tag","embeddable":true,"href":"https:\/\/www.spiritofpolo.com\/fr\/wp-json\/wp\/v2\/product_tag?post=5678"}],"curies":[{"name":"wp","href":"https:\/\/api.w.org\/{rel}","templated":true}]}}