{"id":6796,"date":"2018-03-26T14:00:28","date_gmt":"2018-03-26T14:00:28","guid":{"rendered":"http:\/\/www.spiritofpolo.com\/product\/blouson-sport-blue-spirit-of-polo-no-doping"},"modified":"2019-08-05T18:17:07","modified_gmt":"2019-08-05T18:17:07","slug":"blouson-sport-spirit-of-polo-no-doping","status":"publish","type":"product","link":"https:\/\/www.spiritofpolo.com\/fr\/produit\/blouson-sport-spirit-of-polo-no-doping","title":{"rendered":"Blouson Sport Spirit of Polo &#8211; No doping"},"content":{"rendered":"<ul>\n<li><span id=\"result_box\" class=\"\" lang=\"fr\"><span class=\"\">Avec fermeture \u00e0 glissi\u00e8re devant<\/span><\/span><\/li>\n<li><span id=\"result_box\" class=\"\" lang=\"fr\"><span class=\"\">Logo Spirit of Polo imprim\u00e9 sur la poitrine<\/span><\/span><\/li>\n<li><span class=\"\" lang=\"fr\"><span class=\"\" lang=\"fr\"><span class=\"\">Spirit of Polo et \u00ab\u00a0No doping for polo ponies\u00a0\u00bb imprim\u00e9 au dos<\/span><\/span><\/span>Tailles disponibles: S, M, L, XL<br \/>\nCouleurs: Bleu, noir, Bordeaux<\/p>\n<p>En savoir plus sur notre campagne:<br \/>\n<span class=\"\">http:\/\/www.spiritofpolo-press.com\/horse-doping-palermo-open\/<\/span><\/li>\n<\/ul>\n","protected":false},"excerpt":{"rendered":"<p>Avec fermeture \u00e0 glissi\u00e8re devant Logo Spirit of Polo imprim\u00e9 sur la poitrine Spirit of Polo et \u00ab\u00a0No doping for polo ponies\u00a0\u00bb imprim\u00e9 au dosTailles disponibles: S, M, L, XL Couleurs: Bleu, noir, Bordeaux En savoir plus sur notre campagne: http:\/\/www.spiritofpolo-press.com\/horse-doping-palermo-open\/<\/p>\n","protected":false},"featured_media":6784,"comment_status":"open","ping_status":"closed","template":"","meta":[],"product_cat":[2230,94,2275,336],"product_tag":[1949,1876,1950,1948,124,308,1947,1426],"acf":[],"yoast_head":"<!-- This site is optimized with the Yoast SEO plugin v19.14 - https:\/\/yoast.com\/wordpress\/plugins\/seo\/ -->\n<title>Blouson Sport Spirit of Polo - No doping - Spirit of Polo - Spirit of Jumping<\/title>\n<meta name=\"robots\" content=\"index, follow, max-snippet:-1, max-image-preview:large, max-video-preview:-1\" \/>\n<link rel=\"canonical\" href=\"https:\/\/www.spiritofpolo.com\/fr\/produit\/blouson-sport-spirit-of-polo-no-doping\" \/>\n<meta property=\"og:locale\" content=\"fr_FR\" \/>\n<meta property=\"og:type\" content=\"article\" \/>\n<meta property=\"og:title\" content=\"Blouson Sport Spirit of Polo - No doping - Spirit of Polo - Spirit of Jumping\" \/>\n<meta property=\"og:description\" content=\"Avec fermeture \u00e0 glissi\u00e8re devant Logo Spirit of Polo imprim\u00e9 sur la poitrine Spirit of Polo et \u00ab\u00a0No doping for polo ponies\u00a0\u00bb imprim\u00e9 au dosTailles disponibles: S, M, L, XL Couleurs: Bleu, noir, Bordeaux En savoir plus sur notre campagne: http:\/\/www.spiritofpolo-press.com\/horse-doping-palermo-open\/\" \/>\n<meta property=\"og:url\" content=\"https:\/\/www.spiritofpolo.com\/fr\/produit\/blouson-sport-spirit-of-polo-no-doping\" \/>\n<meta property=\"og:site_name\" content=\"Spirit of Polo - Spirit of Jumping\" \/>\n<meta property=\"article:modified_time\" content=\"2019-08-05T18:17:07+00:00\" \/>\n<meta property=\"og:image\" content=\"https:\/\/www.spiritofpolo.com\/wp-content\/uploads\/2018\/03\/IMG_5814-scaled.jpg\" \/>\n\t<meta property=\"og:image:width\" content=\"1961\" \/>\n\t<meta property=\"og:image:height\" content=\"2048\" \/>\n\t<meta property=\"og:image:type\" content=\"image\/jpeg\" \/>\n<meta name=\"twitter:card\" content=\"summary_large_image\" \/>\n<script type=\"application\/ld+json\" class=\"yoast-schema-graph\">{\"@context\":\"https:\/\/schema.org\",\"@graph\":[{\"@type\":\"WebPage\",\"@id\":\"https:\/\/www.spiritofpolo.com\/fr\/produit\/blouson-sport-spirit-of-polo-no-doping\",\"url\":\"https:\/\/www.spiritofpolo.com\/fr\/produit\/blouson-sport-spirit-of-polo-no-doping\",\"name\":\"Blouson Sport Spirit of Polo - No doping - Spirit of Polo - Spirit of Jumping\",\"isPartOf\":{\"@id\":\"https:\/\/www.spiritofpolo.com\/fr#website\"},\"datePublished\":\"2018-03-26T14:00:28+00:00\",\"dateModified\":\"2019-08-05T18:17:07+00:00\",\"breadcrumb\":{\"@id\":\"https:\/\/www.spiritofpolo.com\/fr\/produit\/blouson-sport-spirit-of-polo-no-doping#breadcrumb\"},\"inLanguage\":\"fr-FR\",\"potentialAction\":[{\"@type\":\"ReadAction\",\"target\":[\"https:\/\/www.spiritofpolo.com\/fr\/produit\/blouson-sport-spirit-of-polo-no-doping\"]}]},{\"@type\":\"BreadcrumbList\",\"@id\":\"https:\/\/www.spiritofpolo.com\/fr\/produit\/blouson-sport-spirit-of-polo-no-doping#breadcrumb\",\"itemListElement\":[{\"@type\":\"ListItem\",\"position\":1,\"name\":\"Home\",\"item\":\"https:\/\/www.spiritofpolo.com\/fr\"},{\"@type\":\"ListItem\",\"position\":2,\"name\":\"Boutique\",\"item\":\"https:\/\/www.spiritofpolo.com\/fr\/boutique\"},{\"@type\":\"ListItem\",\"position\":3,\"name\":\"Blouson Sport Spirit of Polo &#8211; No doping\"}]},{\"@type\":\"WebSite\",\"@id\":\"https:\/\/www.spiritofpolo.com\/fr#website\",\"url\":\"https:\/\/www.spiritofpolo.com\/fr\",\"name\":\"Spirit of Polo - Spirit of Jumping\",\"description\":\"Argentine Polo Products\",\"publisher\":{\"@id\":\"https:\/\/www.spiritofpolo.com\/fr#organization\"},\"potentialAction\":[{\"@type\":\"SearchAction\",\"target\":{\"@type\":\"EntryPoint\",\"urlTemplate\":\"https:\/\/www.spiritofpolo.com\/fr?s={search_term_string}\"},\"query-input\":\"required name=search_term_string\"}],\"inLanguage\":\"fr-FR\"},{\"@type\":\"Organization\",\"@id\":\"https:\/\/www.spiritofpolo.com\/fr#organization\",\"name\":\"Spirit of Polo - Spirit of Jumping\",\"url\":\"https:\/\/www.spiritofpolo.com\/fr\",\"logo\":{\"@type\":\"ImageObject\",\"inLanguage\":\"fr-FR\",\"@id\":\"https:\/\/www.spiritofpolo.com\/fr#\/schema\/logo\/image\/\",\"url\":\"\",\"contentUrl\":\"\",\"caption\":\"Spirit of Polo - Spirit of Jumping\"},\"image\":{\"@id\":\"https:\/\/www.spiritofpolo.com\/fr#\/schema\/logo\/image\/\"}}]}<\/script>\n<!-- \/ Yoast SEO plugin. -->","yoast_head_json":{"title":"Blouson Sport Spirit of Polo - No doping - Spirit of Polo - Spirit of Jumping","robots":{"index":"index","follow":"follow","max-snippet":"max-snippet:-1","max-image-preview":"max-image-preview:large","max-video-preview":"max-video-preview:-1"},"canonical":"https:\/\/www.spiritofpolo.com\/fr\/produit\/blouson-sport-spirit-of-polo-no-doping","og_locale":"fr_FR","og_type":"article","og_title":"Blouson Sport Spirit of Polo - No doping - Spirit of Polo - Spirit of Jumping","og_description":"Avec fermeture \u00e0 glissi\u00e8re devant Logo Spirit of Polo imprim\u00e9 sur la poitrine Spirit of Polo et \u00ab\u00a0No doping for polo ponies\u00a0\u00bb imprim\u00e9 au dosTailles disponibles: S, M, L, XL Couleurs: Bleu, noir, Bordeaux En savoir plus sur notre campagne: http:\/\/www.spiritofpolo-press.com\/horse-doping-palermo-open\/","og_url":"https:\/\/www.spiritofpolo.com\/fr\/produit\/blouson-sport-spirit-of-polo-no-doping","og_site_name":"Spirit of Polo - Spirit of Jumping","article_modified_time":"2019-08-05T18:17:07+00:00","og_image":[{"width":1961,"height":2048,"url":"https:\/\/www.spiritofpolo.com\/wp-content\/uploads\/2018\/03\/IMG_5814-scaled.jpg","type":"image\/jpeg"}],"twitter_card":"summary_large_image","schema":{"@context":"https:\/\/schema.org","@graph":[{"@type":"WebPage","@id":"https:\/\/www.spiritofpolo.com\/fr\/produit\/blouson-sport-spirit-of-polo-no-doping","url":"https:\/\/www.spiritofpolo.com\/fr\/produit\/blouson-sport-spirit-of-polo-no-doping","name":"Blouson Sport Spirit of Polo - No doping - Spirit of Polo - Spirit of Jumping","isPartOf":{"@id":"https:\/\/www.spiritofpolo.com\/fr#website"},"datePublished":"2018-03-26T14:00:28+00:00","dateModified":"2019-08-05T18:17:07+00:00","breadcrumb":{"@id":"https:\/\/www.spiritofpolo.com\/fr\/produit\/blouson-sport-spirit-of-polo-no-doping#breadcrumb"},"inLanguage":"fr-FR","potentialAction":[{"@type":"ReadAction","target":["https:\/\/www.spiritofpolo.com\/fr\/produit\/blouson-sport-spirit-of-polo-no-doping"]}]},{"@type":"BreadcrumbList","@id":"https:\/\/www.spiritofpolo.com\/fr\/produit\/blouson-sport-spirit-of-polo-no-doping#breadcrumb","itemListElement":[{"@type":"ListItem","position":1,"name":"Home","item":"https:\/\/www.spiritofpolo.com\/fr"},{"@type":"ListItem","position":2,"name":"Boutique","item":"https:\/\/www.spiritofpolo.com\/fr\/boutique"},{"@type":"ListItem","position":3,"name":"Blouson Sport Spirit of Polo &#8211; No doping"}]},{"@type":"WebSite","@id":"https:\/\/www.spiritofpolo.com\/fr#website","url":"https:\/\/www.spiritofpolo.com\/fr","name":"Spirit of Polo - Spirit of Jumping","description":"Argentine Polo Products","publisher":{"@id":"https:\/\/www.spiritofpolo.com\/fr#organization"},"potentialAction":[{"@type":"SearchAction","target":{"@type":"EntryPoint","urlTemplate":"https:\/\/www.spiritofpolo.com\/fr?s={search_term_string}"},"query-input":"required name=search_term_string"}],"inLanguage":"fr-FR"},{"@type":"Organization","@id":"https:\/\/www.spiritofpolo.com\/fr#organization","name":"Spirit of Polo - Spirit of Jumping","url":"https:\/\/www.spiritofpolo.com\/fr","logo":{"@type":"ImageObject","inLanguage":"fr-FR","@id":"https:\/\/www.spiritofpolo.com\/fr#\/schema\/logo\/image\/","url":"","contentUrl":"","caption":"Spirit of Polo - Spirit of Jumping"},"image":{"@id":"https:\/\/www.spiritofpolo.com\/fr#\/schema\/logo\/image\/"}}]}},"tiered_pricing_type":"fixed","tiered_pricing_fixed_rules":[],"tiered_pricing_product_settings":{"layout":"default","base_unit_name":{"singular":null,"plural":null},"default_variation":null},"tiered_pricing_minimum_quantity":null,"tiered_pricing_roles_data":[],"tiered_pricing_percentage_rules":[],"_links":{"self":[{"href":"https:\/\/www.spiritofpolo.com\/fr\/wp-json\/wp\/v2\/product\/6796"}],"collection":[{"href":"https:\/\/www.spiritofpolo.com\/fr\/wp-json\/wp\/v2\/product"}],"about":[{"href":"https:\/\/www.spiritofpolo.com\/fr\/wp-json\/wp\/v2\/types\/product"}],"replies":[{"embeddable":true,"href":"https:\/\/www.spiritofpolo.com\/fr\/wp-json\/wp\/v2\/comments?post=6796"}],"wp:featuredmedia":[{"embeddable":true,"href":"https:\/\/www.spiritofpolo.com\/fr\/wp-json\/wp\/v2\/media\/6784"}],"wp:attachment":[{"href":"https:\/\/www.spiritofpolo.com\/fr\/wp-json\/wp\/v2\/media?parent=6796"}],"wp:term":[{"taxonomy":"product_cat","embeddable":true,"href":"https:\/\/www.spiritofpolo.com\/fr\/wp-json\/wp\/v2\/product_cat?post=6796"},{"taxonomy":"product_tag","embeddable":true,"href":"https:\/\/www.spiritofpolo.com\/fr\/wp-json\/wp\/v2\/product_tag?post=6796"}],"curies":[{"name":"wp","href":"https:\/\/api.w.org\/{rel}","templated":true}]}}