{"id":683,"date":"2015-09-22T15:26:27","date_gmt":"2015-09-22T15:26:27","guid":{"rendered":"http:\/\/www.spiritofpolo.com\/product\/casque-polo-traditionnel-en-toile"},"modified":"2022-10-01T09:24:57","modified_gmt":"2022-10-01T09:24:57","slug":"casque-de-polo-en-tissu-drapeau-sur-mesure","status":"publish","type":"product","link":"https:\/\/www.spiritofpolo.com\/fr\/produit\/casque-de-polo-en-tissu-drapeau-sur-mesure","title":{"rendered":"Casque de Polo en Tissu Drapeau Sur Mesure"},"content":{"rendered":"<p>Casque de haute qualit\u00e9 <span id=\"result_box\" class=\"\" lang=\"fr\"><span class=\"hps\">avec<\/span> <span class=\"hps\">votre drapeau<\/span><\/span>, r\u00e9alis\u00e9 artisanalement par le sp\u00e9cialiste argentin, fabricant des meilleurs casques de polo. Vous pouvez le personnaliser sans frais suppl\u00e9mentaire!<\/p>\n","protected":false},"excerpt":{"rendered":"<div id=\"idTab1\" class=\"\">\n<p>Personnalisez\u00a0en choisissant le style classique ou anglais et votre drapeau. Vous d\u00e9ciderez aussi le nombre de points d&rsquo;attache : 2 ou 4. Nous personnalisons votre casque de polo et brodons vos initiales, pr\u00e9nom, logo.<br \/>\nN&rsquo;h\u00e9sitez pas \u00e0 nous contacter.<\/p>\n<\/div>\n","protected":false},"featured_media":655,"comment_status":"open","ping_status":"closed","template":"","meta":[],"product_cat":[95,94],"product_tag":[202,200,1903,1897,2824,118,124,121],"acf":[],"yoast_head":"<!-- This site is optimized with the Yoast SEO plugin v19.14 - https:\/\/yoast.com\/wordpress\/plugins\/seo\/ -->\n<title>Casque de Polo en Tissu Drapeau Sur Mesure - Spirit of Polo - Spirit of Jumping<\/title>\n<meta name=\"robots\" content=\"index, follow, max-snippet:-1, max-image-preview:large, max-video-preview:-1\" \/>\n<link rel=\"canonical\" href=\"https:\/\/www.spiritofpolo.com\/fr\/produit\/casque-de-polo-en-tissu-drapeau-sur-mesure\" \/>\n<meta property=\"og:locale\" content=\"fr_FR\" \/>\n<meta property=\"og:type\" content=\"article\" \/>\n<meta property=\"og:title\" content=\"Casque de Polo en Tissu Drapeau Sur Mesure - Spirit of Polo - Spirit of Jumping\" \/>\n<meta property=\"og:description\" content=\"Personnalisez\u00a0en choisissant le style classique ou anglais et votre drapeau. Vous d\u00e9ciderez aussi le nombre de points d&#039;attache : 2 ou 4. Nous personnalisons votre casque de polo et brodons vos initiales, pr\u00e9nom, logo. N&#039;h\u00e9sitez pas \u00e0 nous contacter.\" \/>\n<meta property=\"og:url\" content=\"https:\/\/www.spiritofpolo.com\/fr\/produit\/casque-de-polo-en-tissu-drapeau-sur-mesure\" \/>\n<meta property=\"og:site_name\" content=\"Spirit of Polo - Spirit of Jumping\" \/>\n<meta property=\"article:modified_time\" content=\"2022-10-01T09:24:57+00:00\" \/>\n<meta property=\"og:image\" content=\"https:\/\/www.spiritofpolo.com\/wp-content\/uploads\/2015\/09\/polo_helmet_argentina1.jpg\" \/>\n\t<meta property=\"og:image:width\" content=\"555\" \/>\n\t<meta property=\"og:image:height\" content=\"710\" \/>\n\t<meta property=\"og:image:type\" content=\"image\/jpeg\" \/>\n<meta name=\"twitter:card\" content=\"summary_large_image\" \/>\n<script type=\"application\/ld+json\" class=\"yoast-schema-graph\">{\"@context\":\"https:\/\/schema.org\",\"@graph\":[{\"@type\":\"WebPage\",\"@id\":\"https:\/\/www.spiritofpolo.com\/fr\/produit\/casque-de-polo-en-tissu-drapeau-sur-mesure\",\"url\":\"https:\/\/www.spiritofpolo.com\/fr\/produit\/casque-de-polo-en-tissu-drapeau-sur-mesure\",\"name\":\"Casque de Polo en Tissu Drapeau Sur Mesure - Spirit of Polo - Spirit of Jumping\",\"isPartOf\":{\"@id\":\"https:\/\/www.spiritofpolo.com\/fr#website\"},\"datePublished\":\"2015-09-22T15:26:27+00:00\",\"dateModified\":\"2022-10-01T09:24:57+00:00\",\"breadcrumb\":{\"@id\":\"https:\/\/www.spiritofpolo.com\/fr\/produit\/casque-de-polo-en-tissu-drapeau-sur-mesure#breadcrumb\"},\"inLanguage\":\"fr-FR\",\"potentialAction\":[{\"@type\":\"ReadAction\",\"target\":[\"https:\/\/www.spiritofpolo.com\/fr\/produit\/casque-de-polo-en-tissu-drapeau-sur-mesure\"]}]},{\"@type\":\"BreadcrumbList\",\"@id\":\"https:\/\/www.spiritofpolo.com\/fr\/produit\/casque-de-polo-en-tissu-drapeau-sur-mesure#breadcrumb\",\"itemListElement\":[{\"@type\":\"ListItem\",\"position\":1,\"name\":\"Home\",\"item\":\"https:\/\/www.spiritofpolo.com\/fr\"},{\"@type\":\"ListItem\",\"position\":2,\"name\":\"Boutique\",\"item\":\"https:\/\/www.spiritofpolo.com\/fr\/boutique\"},{\"@type\":\"ListItem\",\"position\":3,\"name\":\"Casque de Polo en Tissu Drapeau Sur Mesure\"}]},{\"@type\":\"WebSite\",\"@id\":\"https:\/\/www.spiritofpolo.com\/fr#website\",\"url\":\"https:\/\/www.spiritofpolo.com\/fr\",\"name\":\"Spirit of Polo - Spirit of Jumping\",\"description\":\"Argentine Polo Products\",\"publisher\":{\"@id\":\"https:\/\/www.spiritofpolo.com\/fr#organization\"},\"potentialAction\":[{\"@type\":\"SearchAction\",\"target\":{\"@type\":\"EntryPoint\",\"urlTemplate\":\"https:\/\/www.spiritofpolo.com\/fr?s={search_term_string}\"},\"query-input\":\"required name=search_term_string\"}],\"inLanguage\":\"fr-FR\"},{\"@type\":\"Organization\",\"@id\":\"https:\/\/www.spiritofpolo.com\/fr#organization\",\"name\":\"Spirit of Polo - Spirit of Jumping\",\"url\":\"https:\/\/www.spiritofpolo.com\/fr\",\"logo\":{\"@type\":\"ImageObject\",\"inLanguage\":\"fr-FR\",\"@id\":\"https:\/\/www.spiritofpolo.com\/fr#\/schema\/logo\/image\/\",\"url\":\"\",\"contentUrl\":\"\",\"caption\":\"Spirit of Polo - Spirit of Jumping\"},\"image\":{\"@id\":\"https:\/\/www.spiritofpolo.com\/fr#\/schema\/logo\/image\/\"}}]}<\/script>\n<!-- \/ Yoast SEO plugin. -->","yoast_head_json":{"title":"Casque de Polo en Tissu Drapeau Sur Mesure - Spirit of Polo - Spirit of Jumping","robots":{"index":"index","follow":"follow","max-snippet":"max-snippet:-1","max-image-preview":"max-image-preview:large","max-video-preview":"max-video-preview:-1"},"canonical":"https:\/\/www.spiritofpolo.com\/fr\/produit\/casque-de-polo-en-tissu-drapeau-sur-mesure","og_locale":"fr_FR","og_type":"article","og_title":"Casque de Polo en Tissu Drapeau Sur Mesure - Spirit of Polo - Spirit of Jumping","og_description":"Personnalisez\u00a0en choisissant le style classique ou anglais et votre drapeau. Vous d\u00e9ciderez aussi le nombre de points d'attache : 2 ou 4. Nous personnalisons votre casque de polo et brodons vos initiales, pr\u00e9nom, logo. N'h\u00e9sitez pas \u00e0 nous contacter.","og_url":"https:\/\/www.spiritofpolo.com\/fr\/produit\/casque-de-polo-en-tissu-drapeau-sur-mesure","og_site_name":"Spirit of Polo - Spirit of Jumping","article_modified_time":"2022-10-01T09:24:57+00:00","og_image":[{"width":555,"height":710,"url":"https:\/\/www.spiritofpolo.com\/wp-content\/uploads\/2015\/09\/polo_helmet_argentina1.jpg","type":"image\/jpeg"}],"twitter_card":"summary_large_image","schema":{"@context":"https:\/\/schema.org","@graph":[{"@type":"WebPage","@id":"https:\/\/www.spiritofpolo.com\/fr\/produit\/casque-de-polo-en-tissu-drapeau-sur-mesure","url":"https:\/\/www.spiritofpolo.com\/fr\/produit\/casque-de-polo-en-tissu-drapeau-sur-mesure","name":"Casque de Polo en Tissu Drapeau Sur Mesure - Spirit of Polo - Spirit of Jumping","isPartOf":{"@id":"https:\/\/www.spiritofpolo.com\/fr#website"},"datePublished":"2015-09-22T15:26:27+00:00","dateModified":"2022-10-01T09:24:57+00:00","breadcrumb":{"@id":"https:\/\/www.spiritofpolo.com\/fr\/produit\/casque-de-polo-en-tissu-drapeau-sur-mesure#breadcrumb"},"inLanguage":"fr-FR","potentialAction":[{"@type":"ReadAction","target":["https:\/\/www.spiritofpolo.com\/fr\/produit\/casque-de-polo-en-tissu-drapeau-sur-mesure"]}]},{"@type":"BreadcrumbList","@id":"https:\/\/www.spiritofpolo.com\/fr\/produit\/casque-de-polo-en-tissu-drapeau-sur-mesure#breadcrumb","itemListElement":[{"@type":"ListItem","position":1,"name":"Home","item":"https:\/\/www.spiritofpolo.com\/fr"},{"@type":"ListItem","position":2,"name":"Boutique","item":"https:\/\/www.spiritofpolo.com\/fr\/boutique"},{"@type":"ListItem","position":3,"name":"Casque de Polo en Tissu Drapeau Sur Mesure"}]},{"@type":"WebSite","@id":"https:\/\/www.spiritofpolo.com\/fr#website","url":"https:\/\/www.spiritofpolo.com\/fr","name":"Spirit of Polo - Spirit of Jumping","description":"Argentine Polo Products","publisher":{"@id":"https:\/\/www.spiritofpolo.com\/fr#organization"},"potentialAction":[{"@type":"SearchAction","target":{"@type":"EntryPoint","urlTemplate":"https:\/\/www.spiritofpolo.com\/fr?s={search_term_string}"},"query-input":"required name=search_term_string"}],"inLanguage":"fr-FR"},{"@type":"Organization","@id":"https:\/\/www.spiritofpolo.com\/fr#organization","name":"Spirit of Polo - Spirit of Jumping","url":"https:\/\/www.spiritofpolo.com\/fr","logo":{"@type":"ImageObject","inLanguage":"fr-FR","@id":"https:\/\/www.spiritofpolo.com\/fr#\/schema\/logo\/image\/","url":"","contentUrl":"","caption":"Spirit of Polo - Spirit of Jumping"},"image":{"@id":"https:\/\/www.spiritofpolo.com\/fr#\/schema\/logo\/image\/"}}]}},"tiered_pricing_type":"fixed","tiered_pricing_fixed_rules":[],"tiered_pricing_product_settings":{"layout":"default","base_unit_name":{"singular":null,"plural":null},"default_variation":null},"tiered_pricing_minimum_quantity":null,"tiered_pricing_roles_data":[],"tiered_pricing_percentage_rules":[],"_links":{"self":[{"href":"https:\/\/www.spiritofpolo.com\/fr\/wp-json\/wp\/v2\/product\/683"}],"collection":[{"href":"https:\/\/www.spiritofpolo.com\/fr\/wp-json\/wp\/v2\/product"}],"about":[{"href":"https:\/\/www.spiritofpolo.com\/fr\/wp-json\/wp\/v2\/types\/product"}],"replies":[{"embeddable":true,"href":"https:\/\/www.spiritofpolo.com\/fr\/wp-json\/wp\/v2\/comments?post=683"}],"wp:featuredmedia":[{"embeddable":true,"href":"https:\/\/www.spiritofpolo.com\/fr\/wp-json\/wp\/v2\/media\/655"}],"wp:attachment":[{"href":"https:\/\/www.spiritofpolo.com\/fr\/wp-json\/wp\/v2\/media?parent=683"}],"wp:term":[{"taxonomy":"product_cat","embeddable":true,"href":"https:\/\/www.spiritofpolo.com\/fr\/wp-json\/wp\/v2\/product_cat?post=683"},{"taxonomy":"product_tag","embeddable":true,"href":"https:\/\/www.spiritofpolo.com\/fr\/wp-json\/wp\/v2\/product_tag?post=683"}],"curies":[{"name":"wp","href":"https:\/\/api.w.org\/{rel}","templated":true}]}}