{"id":70884,"date":"2022-12-06T13:40:30","date_gmt":"2022-12-06T13:40:35","guid":{"rendered":"https:\/\/www.spiritofpolo.com\/?post_type=product&#038;p=70884"},"modified":"2022-12-06T14:02:21","modified_gmt":"2022-12-06T14:02:21","slug":"chaussettes-spirit-of-jumping","status":"publish","type":"product","link":"https:\/\/www.spiritofpolo.com\/fr\/produit\/chaussettes-spirit-of-jumping","title":{"rendered":"Chaussettes Spirit of Jumping"},"content":{"rendered":"","protected":false},"excerpt":{"rendered":"<p><span class=\"tlid-translation translation\" lang=\"fr\"><span title=\"\">Maintien souple et confortable.<\/span> <span title=\"\">Coton hypoallerg\u00e9nique naturel.<\/span> <span title=\"\">Orteil et t<\/span><span class=\"\" title=\"\">alon renforc\u00e9 avec une bonne adh\u00e9rence.<\/span><br \/>\n<span title=\"\">Chaussetes \u00e9paisses, durables et de grande qualit\u00e9.<\/span> <\/span><span class=\"tlid-translation translation\" lang=\"fr\"><span title=\"\">Stretch confortable pour l&rsquo;\u00e9quitation.<\/span><br \/>\n<span class=\"\" title=\"\">Le coton , de haute qualit\u00e9 ,offre une finition plus stable et plus extensible que les tissages basiques, absorbant et d\u00e9sodorisant!<\/span><\/span><\/p>\n<p><strong><span class=\"tlid-translation translation\" lang=\"fr\"><span class=\"\" title=\"\">PROMOTION: 3 paires pour le prix de 2 paires!<\/span><\/span><\/strong><\/p>\n","protected":false},"featured_media":71485,"comment_status":"open","ping_status":"closed","template":"","meta":[],"product_cat":[160,2042,2036,2032,2227,94,336,2045],"product_tag":[],"acf":[],"yoast_head":"<!-- This site is optimized with the Yoast SEO plugin v19.14 - https:\/\/yoast.com\/wordpress\/plugins\/seo\/ -->\n<title>Chaussettes Spirit of Jumping - Spirit of Polo - Spirit of Jumping<\/title>\n<meta name=\"description\" content=\"Chaussetes \u00e9paisses, durables et de grande qualit\u00e9. Stretch confortable pour l&#039;\u00e9quitation.\" \/>\n<meta name=\"robots\" content=\"index, follow, max-snippet:-1, max-image-preview:large, max-video-preview:-1\" \/>\n<link rel=\"canonical\" href=\"https:\/\/www.spiritofpolo.com\/fr\/produit\/chaussettes-spirit-of-jumping\" \/>\n<meta property=\"og:locale\" content=\"fr_FR\" \/>\n<meta property=\"og:type\" content=\"article\" \/>\n<meta property=\"og:title\" content=\"Chaussettes Spirit of Jumping - Spirit of Polo - Spirit of Jumping\" \/>\n<meta property=\"og:description\" content=\"Chaussetes \u00e9paisses, durables et de grande qualit\u00e9. Stretch confortable pour l&#039;\u00e9quitation.\" \/>\n<meta property=\"og:url\" content=\"https:\/\/www.spiritofpolo.com\/fr\/produit\/chaussettes-spirit-of-jumping\" \/>\n<meta property=\"og:site_name\" content=\"Spirit of Polo - Spirit of Jumping\" \/>\n<meta property=\"article:modified_time\" content=\"2022-12-06T14:02:21+00:00\" \/>\n<meta property=\"og:image\" content=\"https:\/\/www.spiritofpolo.com\/wp-content\/uploads\/abb86790-12cc-462b-a470-202ba980ae6f.jpg\" \/>\n\t<meta property=\"og:image:width\" content=\"456\" \/>\n\t<meta property=\"og:image:height\" content=\"710\" \/>\n\t<meta property=\"og:image:type\" content=\"image\/jpeg\" \/>\n<meta name=\"twitter:card\" content=\"summary_large_image\" \/>\n<script type=\"application\/ld+json\" class=\"yoast-schema-graph\">{\"@context\":\"https:\/\/schema.org\",\"@graph\":[{\"@type\":\"WebPage\",\"@id\":\"https:\/\/www.spiritofpolo.com\/fr\/produit\/chaussettes-spirit-of-jumping\",\"url\":\"https:\/\/www.spiritofpolo.com\/fr\/produit\/chaussettes-spirit-of-jumping\",\"name\":\"Chaussettes Spirit of Jumping - Spirit of Polo - Spirit of Jumping\",\"isPartOf\":{\"@id\":\"https:\/\/www.spiritofpolo.com\/fr#website\"},\"datePublished\":\"2022-12-06T13:40:35+00:00\",\"dateModified\":\"2022-12-06T14:02:21+00:00\",\"description\":\"Chaussetes \u00e9paisses, durables et de grande qualit\u00e9. Stretch confortable pour l'\u00e9quitation.\",\"breadcrumb\":{\"@id\":\"https:\/\/www.spiritofpolo.com\/fr\/produit\/chaussettes-spirit-of-jumping#breadcrumb\"},\"inLanguage\":\"fr-FR\",\"potentialAction\":[{\"@type\":\"ReadAction\",\"target\":[\"https:\/\/www.spiritofpolo.com\/fr\/produit\/chaussettes-spirit-of-jumping\"]}]},{\"@type\":\"BreadcrumbList\",\"@id\":\"https:\/\/www.spiritofpolo.com\/fr\/produit\/chaussettes-spirit-of-jumping#breadcrumb\",\"itemListElement\":[{\"@type\":\"ListItem\",\"position\":1,\"name\":\"Home\",\"item\":\"https:\/\/www.spiritofpolo.com\/fr\"},{\"@type\":\"ListItem\",\"position\":2,\"name\":\"Boutique\",\"item\":\"https:\/\/www.spiritofpolo.com\/fr\/boutique\"},{\"@type\":\"ListItem\",\"position\":3,\"name\":\"Chaussettes Spirit of Jumping\"}]},{\"@type\":\"WebSite\",\"@id\":\"https:\/\/www.spiritofpolo.com\/fr#website\",\"url\":\"https:\/\/www.spiritofpolo.com\/fr\",\"name\":\"Spirit of Polo - Spirit of Jumping\",\"description\":\"Argentine Polo Products\",\"publisher\":{\"@id\":\"https:\/\/www.spiritofpolo.com\/fr#organization\"},\"potentialAction\":[{\"@type\":\"SearchAction\",\"target\":{\"@type\":\"EntryPoint\",\"urlTemplate\":\"https:\/\/www.spiritofpolo.com\/fr?s={search_term_string}\"},\"query-input\":\"required name=search_term_string\"}],\"inLanguage\":\"fr-FR\"},{\"@type\":\"Organization\",\"@id\":\"https:\/\/www.spiritofpolo.com\/fr#organization\",\"name\":\"Spirit of Polo - Spirit of Jumping\",\"url\":\"https:\/\/www.spiritofpolo.com\/fr\",\"logo\":{\"@type\":\"ImageObject\",\"inLanguage\":\"fr-FR\",\"@id\":\"https:\/\/www.spiritofpolo.com\/fr#\/schema\/logo\/image\/\",\"url\":\"\",\"contentUrl\":\"\",\"caption\":\"Spirit of Polo - Spirit of Jumping\"},\"image\":{\"@id\":\"https:\/\/www.spiritofpolo.com\/fr#\/schema\/logo\/image\/\"}}]}<\/script>\n<!-- \/ Yoast SEO plugin. -->","yoast_head_json":{"title":"Chaussettes Spirit of Jumping - Spirit of Polo - Spirit of Jumping","description":"Chaussetes \u00e9paisses, durables et de grande qualit\u00e9. Stretch confortable pour l'\u00e9quitation.","robots":{"index":"index","follow":"follow","max-snippet":"max-snippet:-1","max-image-preview":"max-image-preview:large","max-video-preview":"max-video-preview:-1"},"canonical":"https:\/\/www.spiritofpolo.com\/fr\/produit\/chaussettes-spirit-of-jumping","og_locale":"fr_FR","og_type":"article","og_title":"Chaussettes Spirit of Jumping - Spirit of Polo - Spirit of Jumping","og_description":"Chaussetes \u00e9paisses, durables et de grande qualit\u00e9. Stretch confortable pour l'\u00e9quitation.","og_url":"https:\/\/www.spiritofpolo.com\/fr\/produit\/chaussettes-spirit-of-jumping","og_site_name":"Spirit of Polo - Spirit of Jumping","article_modified_time":"2022-12-06T14:02:21+00:00","og_image":[{"width":456,"height":710,"url":"https:\/\/www.spiritofpolo.com\/wp-content\/uploads\/abb86790-12cc-462b-a470-202ba980ae6f.jpg","type":"image\/jpeg"}],"twitter_card":"summary_large_image","schema":{"@context":"https:\/\/schema.org","@graph":[{"@type":"WebPage","@id":"https:\/\/www.spiritofpolo.com\/fr\/produit\/chaussettes-spirit-of-jumping","url":"https:\/\/www.spiritofpolo.com\/fr\/produit\/chaussettes-spirit-of-jumping","name":"Chaussettes Spirit of Jumping - Spirit of Polo - Spirit of Jumping","isPartOf":{"@id":"https:\/\/www.spiritofpolo.com\/fr#website"},"datePublished":"2022-12-06T13:40:35+00:00","dateModified":"2022-12-06T14:02:21+00:00","description":"Chaussetes \u00e9paisses, durables et de grande qualit\u00e9. Stretch confortable pour l'\u00e9quitation.","breadcrumb":{"@id":"https:\/\/www.spiritofpolo.com\/fr\/produit\/chaussettes-spirit-of-jumping#breadcrumb"},"inLanguage":"fr-FR","potentialAction":[{"@type":"ReadAction","target":["https:\/\/www.spiritofpolo.com\/fr\/produit\/chaussettes-spirit-of-jumping"]}]},{"@type":"BreadcrumbList","@id":"https:\/\/www.spiritofpolo.com\/fr\/produit\/chaussettes-spirit-of-jumping#breadcrumb","itemListElement":[{"@type":"ListItem","position":1,"name":"Home","item":"https:\/\/www.spiritofpolo.com\/fr"},{"@type":"ListItem","position":2,"name":"Boutique","item":"https:\/\/www.spiritofpolo.com\/fr\/boutique"},{"@type":"ListItem","position":3,"name":"Chaussettes Spirit of Jumping"}]},{"@type":"WebSite","@id":"https:\/\/www.spiritofpolo.com\/fr#website","url":"https:\/\/www.spiritofpolo.com\/fr","name":"Spirit of Polo - Spirit of Jumping","description":"Argentine Polo Products","publisher":{"@id":"https:\/\/www.spiritofpolo.com\/fr#organization"},"potentialAction":[{"@type":"SearchAction","target":{"@type":"EntryPoint","urlTemplate":"https:\/\/www.spiritofpolo.com\/fr?s={search_term_string}"},"query-input":"required name=search_term_string"}],"inLanguage":"fr-FR"},{"@type":"Organization","@id":"https:\/\/www.spiritofpolo.com\/fr#organization","name":"Spirit of Polo - Spirit of Jumping","url":"https:\/\/www.spiritofpolo.com\/fr","logo":{"@type":"ImageObject","inLanguage":"fr-FR","@id":"https:\/\/www.spiritofpolo.com\/fr#\/schema\/logo\/image\/","url":"","contentUrl":"","caption":"Spirit of Polo - Spirit of Jumping"},"image":{"@id":"https:\/\/www.spiritofpolo.com\/fr#\/schema\/logo\/image\/"}}]}},"tiered_pricing_type":"fixed","tiered_pricing_fixed_rules":[],"tiered_pricing_product_settings":{"layout":"default","base_unit_name":{"singular":null,"plural":null},"default_variation":null},"tiered_pricing_minimum_quantity":null,"tiered_pricing_roles_data":[],"tiered_pricing_percentage_rules":[],"_links":{"self":[{"href":"https:\/\/www.spiritofpolo.com\/fr\/wp-json\/wp\/v2\/product\/70884"}],"collection":[{"href":"https:\/\/www.spiritofpolo.com\/fr\/wp-json\/wp\/v2\/product"}],"about":[{"href":"https:\/\/www.spiritofpolo.com\/fr\/wp-json\/wp\/v2\/types\/product"}],"replies":[{"embeddable":true,"href":"https:\/\/www.spiritofpolo.com\/fr\/wp-json\/wp\/v2\/comments?post=70884"}],"wp:featuredmedia":[{"embeddable":true,"href":"https:\/\/www.spiritofpolo.com\/fr\/wp-json\/wp\/v2\/media\/71485"}],"wp:attachment":[{"href":"https:\/\/www.spiritofpolo.com\/fr\/wp-json\/wp\/v2\/media?parent=70884"}],"wp:term":[{"taxonomy":"product_cat","embeddable":true,"href":"https:\/\/www.spiritofpolo.com\/fr\/wp-json\/wp\/v2\/product_cat?post=70884"},{"taxonomy":"product_tag","embeddable":true,"href":"https:\/\/www.spiritofpolo.com\/fr\/wp-json\/wp\/v2\/product_tag?post=70884"}],"curies":[{"name":"wp","href":"https:\/\/api.w.org\/{rel}","templated":true}]}}