{"id":7396,"date":"2018-07-20T14:10:54","date_gmt":"2018-07-20T14:10:54","guid":{"rendered":"http:\/\/www.spiritofpolo.com\/product\/bottes-de-polo-classique"},"modified":"2024-08-19T15:15:51","modified_gmt":"2024-08-19T15:15:51","slug":"bottes-de-polo-classiques-avec-zip","status":"publish","type":"product","link":"https:\/\/www.spiritofpolo.com\/fr\/produit\/bottes-de-polo-classiques-avec-zip","title":{"rendered":"BOTTES DE POLO CLASSIQUES avec zip"},"content":{"rendered":"<p><img loading=\"lazy\" class=\"alignnone size-medium wp-image-21194\" src=\"https:\/\/www.spiritofpolo.com\/wp-content\/uploads\/\/Captura-de-Pantalla-2021-11-16-a-las-13.13.48-300x247.png\" alt=\"\" width=\"300\" height=\"247\" srcset=\"https:\/\/www.spiritofpolo.com\/wp-content\/uploads\/Captura-de-Pantalla-2021-11-16-a-las-13.13.48-300x247.png 300w, https:\/\/www.spiritofpolo.com\/wp-content\/uploads\/Captura-de-Pantalla-2021-11-16-a-las-13.13.48-680x559.png 680w, https:\/\/www.spiritofpolo.com\/wp-content\/uploads\/Captura-de-Pantalla-2021-11-16-a-las-13.13.48-1024x842.png 1024w, https:\/\/www.spiritofpolo.com\/wp-content\/uploads\/Captura-de-Pantalla-2021-11-16-a-las-13.13.48-768x632.png 768w, https:\/\/www.spiritofpolo.com\/wp-content\/uploads\/Captura-de-Pantalla-2021-11-16-a-las-13.13.48.png 1408w\" sizes=\"(max-width: 300px) 100vw, 300px\" \/><\/p>\n","protected":false},"excerpt":{"rendered":"<p>Ces bottes confectionn\u00e9es par nos artisans en cuir de haute qualit\u00e9 sont disponibles en 3 pointures de mollet : fine, r\u00e9guli\u00e8re et large.<br \/>\nSi vous avez besoin d&rsquo;une mesure sp\u00e9ciale, nous pouvons la r\u00e9aliser moyennant un suppl\u00e9ment de 60 U$D<br \/>\nExiste en marron. Si nous ne les avons pas en stock, le d\u00e9lai approximatif de fabrication est de + un mois.<br \/>\nFabriqu\u00e9 en Argentine<\/p>\n<p>Pour le Taylor made ou style texan, rendez-vous sur Spirit of Polo Pro Boots <\/p>\n<p><strong>V\u00e9rifier le stock avant de commander <\/strong><\/p>\n","protected":false},"featured_media":9151,"comment_status":"open","ping_status":"closed","template":"","meta":[],"product_cat":[160,94,2221],"product_tag":[2255,124],"acf":[],"yoast_head":"<!-- This site is optimized with the Yoast SEO plugin v19.14 - https:\/\/yoast.com\/wordpress\/plugins\/seo\/ -->\n<title>BOTTES DE POLO CLASSIQUES avec zip - Spirit of Polo - Spirit of Jumping<\/title>\n<meta name=\"description\" content=\"Ces bottes de polo fabriqu\u00e9es par nos artisans en cuir de haute qualit\u00e9, sont disponibles en 3 tailles de mollet: fin, r\u00e9gulier et large.\" \/>\n<meta name=\"robots\" content=\"index, follow, max-snippet:-1, max-image-preview:large, max-video-preview:-1\" \/>\n<link rel=\"canonical\" href=\"https:\/\/www.spiritofpolo.com\/fr\/produit\/bottes-de-polo-classiques-avec-zip\" \/>\n<meta property=\"og:locale\" content=\"fr_FR\" \/>\n<meta property=\"og:type\" content=\"article\" \/>\n<meta property=\"og:title\" content=\"BOTTES DE POLO CLASSIQUES avec zip - Spirit of Polo - Spirit of Jumping\" \/>\n<meta property=\"og:description\" content=\"Ces bottes de polo fabriqu\u00e9es par nos artisans en cuir de haute qualit\u00e9, sont disponibles en 3 tailles de mollet: fin, r\u00e9gulier et large.\" \/>\n<meta property=\"og:url\" content=\"https:\/\/www.spiritofpolo.com\/fr\/produit\/bottes-de-polo-classiques-avec-zip\" \/>\n<meta property=\"og:site_name\" content=\"Spirit of Polo - Spirit of Jumping\" \/>\n<meta property=\"article:modified_time\" content=\"2024-08-19T15:15:51+00:00\" \/>\n<meta property=\"og:image\" content=\"https:\/\/www.spiritofpolo.com\/wp-content\/uploads\/2018\/07\/botas-polo-1.jpg\" \/>\n\t<meta property=\"og:image:width\" content=\"555\" \/>\n\t<meta property=\"og:image:height\" content=\"710\" \/>\n\t<meta property=\"og:image:type\" content=\"image\/jpeg\" \/>\n<meta name=\"twitter:card\" content=\"summary_large_image\" \/>\n<script type=\"application\/ld+json\" class=\"yoast-schema-graph\">{\"@context\":\"https:\/\/schema.org\",\"@graph\":[{\"@type\":\"WebPage\",\"@id\":\"https:\/\/www.spiritofpolo.com\/fr\/produit\/bottes-de-polo-classiques-avec-zip\",\"url\":\"https:\/\/www.spiritofpolo.com\/fr\/produit\/bottes-de-polo-classiques-avec-zip\",\"name\":\"BOTTES DE POLO CLASSIQUES avec zip - Spirit of Polo - Spirit of Jumping\",\"isPartOf\":{\"@id\":\"https:\/\/www.spiritofpolo.com\/fr#website\"},\"datePublished\":\"2018-07-20T14:10:54+00:00\",\"dateModified\":\"2024-08-19T15:15:51+00:00\",\"description\":\"Ces bottes de polo fabriqu\u00e9es par nos artisans en cuir de haute qualit\u00e9, sont disponibles en 3 tailles de mollet: fin, r\u00e9gulier et large.\",\"breadcrumb\":{\"@id\":\"https:\/\/www.spiritofpolo.com\/fr\/produit\/bottes-de-polo-classiques-avec-zip#breadcrumb\"},\"inLanguage\":\"fr-FR\",\"potentialAction\":[{\"@type\":\"ReadAction\",\"target\":[\"https:\/\/www.spiritofpolo.com\/fr\/produit\/bottes-de-polo-classiques-avec-zip\"]}]},{\"@type\":\"BreadcrumbList\",\"@id\":\"https:\/\/www.spiritofpolo.com\/fr\/produit\/bottes-de-polo-classiques-avec-zip#breadcrumb\",\"itemListElement\":[{\"@type\":\"ListItem\",\"position\":1,\"name\":\"Home\",\"item\":\"https:\/\/www.spiritofpolo.com\/fr\"},{\"@type\":\"ListItem\",\"position\":2,\"name\":\"Boutique\",\"item\":\"https:\/\/www.spiritofpolo.com\/fr\/boutique\"},{\"@type\":\"ListItem\",\"position\":3,\"name\":\"BOTTES DE POLO CLASSIQUES avec zip\"}]},{\"@type\":\"WebSite\",\"@id\":\"https:\/\/www.spiritofpolo.com\/fr#website\",\"url\":\"https:\/\/www.spiritofpolo.com\/fr\",\"name\":\"Spirit of Polo - Spirit of Jumping\",\"description\":\"Argentine Polo Products\",\"publisher\":{\"@id\":\"https:\/\/www.spiritofpolo.com\/fr#organization\"},\"potentialAction\":[{\"@type\":\"SearchAction\",\"target\":{\"@type\":\"EntryPoint\",\"urlTemplate\":\"https:\/\/www.spiritofpolo.com\/fr?s={search_term_string}\"},\"query-input\":\"required name=search_term_string\"}],\"inLanguage\":\"fr-FR\"},{\"@type\":\"Organization\",\"@id\":\"https:\/\/www.spiritofpolo.com\/fr#organization\",\"name\":\"Spirit of Polo - Spirit of Jumping\",\"url\":\"https:\/\/www.spiritofpolo.com\/fr\",\"logo\":{\"@type\":\"ImageObject\",\"inLanguage\":\"fr-FR\",\"@id\":\"https:\/\/www.spiritofpolo.com\/fr#\/schema\/logo\/image\/\",\"url\":\"\",\"contentUrl\":\"\",\"caption\":\"Spirit of Polo - Spirit of Jumping\"},\"image\":{\"@id\":\"https:\/\/www.spiritofpolo.com\/fr#\/schema\/logo\/image\/\"}}]}<\/script>\n<!-- \/ Yoast SEO plugin. -->","yoast_head_json":{"title":"BOTTES DE POLO CLASSIQUES avec zip - Spirit of Polo - Spirit of Jumping","description":"Ces bottes de polo fabriqu\u00e9es par nos artisans en cuir de haute qualit\u00e9, sont disponibles en 3 tailles de mollet: fin, r\u00e9gulier et large.","robots":{"index":"index","follow":"follow","max-snippet":"max-snippet:-1","max-image-preview":"max-image-preview:large","max-video-preview":"max-video-preview:-1"},"canonical":"https:\/\/www.spiritofpolo.com\/fr\/produit\/bottes-de-polo-classiques-avec-zip","og_locale":"fr_FR","og_type":"article","og_title":"BOTTES DE POLO CLASSIQUES avec zip - Spirit of Polo - Spirit of Jumping","og_description":"Ces bottes de polo fabriqu\u00e9es par nos artisans en cuir de haute qualit\u00e9, sont disponibles en 3 tailles de mollet: fin, r\u00e9gulier et large.","og_url":"https:\/\/www.spiritofpolo.com\/fr\/produit\/bottes-de-polo-classiques-avec-zip","og_site_name":"Spirit of Polo - Spirit of Jumping","article_modified_time":"2024-08-19T15:15:51+00:00","og_image":[{"width":555,"height":710,"url":"https:\/\/www.spiritofpolo.com\/wp-content\/uploads\/2018\/07\/botas-polo-1.jpg","type":"image\/jpeg"}],"twitter_card":"summary_large_image","schema":{"@context":"https:\/\/schema.org","@graph":[{"@type":"WebPage","@id":"https:\/\/www.spiritofpolo.com\/fr\/produit\/bottes-de-polo-classiques-avec-zip","url":"https:\/\/www.spiritofpolo.com\/fr\/produit\/bottes-de-polo-classiques-avec-zip","name":"BOTTES DE POLO CLASSIQUES avec zip - Spirit of Polo - Spirit of Jumping","isPartOf":{"@id":"https:\/\/www.spiritofpolo.com\/fr#website"},"datePublished":"2018-07-20T14:10:54+00:00","dateModified":"2024-08-19T15:15:51+00:00","description":"Ces bottes de polo fabriqu\u00e9es par nos artisans en cuir de haute qualit\u00e9, sont disponibles en 3 tailles de mollet: fin, r\u00e9gulier et large.","breadcrumb":{"@id":"https:\/\/www.spiritofpolo.com\/fr\/produit\/bottes-de-polo-classiques-avec-zip#breadcrumb"},"inLanguage":"fr-FR","potentialAction":[{"@type":"ReadAction","target":["https:\/\/www.spiritofpolo.com\/fr\/produit\/bottes-de-polo-classiques-avec-zip"]}]},{"@type":"BreadcrumbList","@id":"https:\/\/www.spiritofpolo.com\/fr\/produit\/bottes-de-polo-classiques-avec-zip#breadcrumb","itemListElement":[{"@type":"ListItem","position":1,"name":"Home","item":"https:\/\/www.spiritofpolo.com\/fr"},{"@type":"ListItem","position":2,"name":"Boutique","item":"https:\/\/www.spiritofpolo.com\/fr\/boutique"},{"@type":"ListItem","position":3,"name":"BOTTES DE POLO CLASSIQUES avec zip"}]},{"@type":"WebSite","@id":"https:\/\/www.spiritofpolo.com\/fr#website","url":"https:\/\/www.spiritofpolo.com\/fr","name":"Spirit of Polo - Spirit of Jumping","description":"Argentine Polo Products","publisher":{"@id":"https:\/\/www.spiritofpolo.com\/fr#organization"},"potentialAction":[{"@type":"SearchAction","target":{"@type":"EntryPoint","urlTemplate":"https:\/\/www.spiritofpolo.com\/fr?s={search_term_string}"},"query-input":"required name=search_term_string"}],"inLanguage":"fr-FR"},{"@type":"Organization","@id":"https:\/\/www.spiritofpolo.com\/fr#organization","name":"Spirit of Polo - Spirit of Jumping","url":"https:\/\/www.spiritofpolo.com\/fr","logo":{"@type":"ImageObject","inLanguage":"fr-FR","@id":"https:\/\/www.spiritofpolo.com\/fr#\/schema\/logo\/image\/","url":"","contentUrl":"","caption":"Spirit of Polo - Spirit of Jumping"},"image":{"@id":"https:\/\/www.spiritofpolo.com\/fr#\/schema\/logo\/image\/"}}]}},"tiered_pricing_type":"fixed","tiered_pricing_fixed_rules":[],"tiered_pricing_product_settings":{"layout":"default","base_unit_name":{"singular":null,"plural":null},"default_variation":null},"tiered_pricing_minimum_quantity":null,"tiered_pricing_roles_data":[],"tiered_pricing_percentage_rules":[],"_links":{"self":[{"href":"https:\/\/www.spiritofpolo.com\/fr\/wp-json\/wp\/v2\/product\/7396"}],"collection":[{"href":"https:\/\/www.spiritofpolo.com\/fr\/wp-json\/wp\/v2\/product"}],"about":[{"href":"https:\/\/www.spiritofpolo.com\/fr\/wp-json\/wp\/v2\/types\/product"}],"replies":[{"embeddable":true,"href":"https:\/\/www.spiritofpolo.com\/fr\/wp-json\/wp\/v2\/comments?post=7396"}],"wp:featuredmedia":[{"embeddable":true,"href":"https:\/\/www.spiritofpolo.com\/fr\/wp-json\/wp\/v2\/media\/9151"}],"wp:attachment":[{"href":"https:\/\/www.spiritofpolo.com\/fr\/wp-json\/wp\/v2\/media?parent=7396"}],"wp:term":[{"taxonomy":"product_cat","embeddable":true,"href":"https:\/\/www.spiritofpolo.com\/fr\/wp-json\/wp\/v2\/product_cat?post=7396"},{"taxonomy":"product_tag","embeddable":true,"href":"https:\/\/www.spiritofpolo.com\/fr\/wp-json\/wp\/v2\/product_tag?post=7396"}],"curies":[{"name":"wp","href":"https:\/\/api.w.org\/{rel}","templated":true}]}}