{"id":8489,"date":"2019-02-16T13:19:49","date_gmt":"2019-02-16T13:19:49","guid":{"rendered":"http:\/\/www.spiritofpolo.com\/product\/selle-equitation-et-horse-ball-pato"},"modified":"2019-10-30T23:23:29","modified_gmt":"2019-10-30T23:23:29","slug":"selle-equitation-et-horse-ball-pato","status":"publish","type":"product","link":"https:\/\/www.spiritofpolo.com\/fr\/produit\/selle-equitation-et-horse-ball-pato","title":{"rendered":"Selle \u00e9quitation et Horse ball \/ pato"},"content":{"rendered":"","protected":false},"excerpt":{"rendered":"<p>Fabriqu\u00e9es par le meilleur fabricant de selle argentin, nos selles sont r\u00e9put\u00e9es pour leur qualit\u00e9. Notre fournisseur utilise le meilleur cuir argentin.<br \/>\nCette selle est tr\u00e8s confortable pour le cavalier. Gr\u00e2ce \u00e0 sa large assise, elle vous assure une bonne stabilit\u00e9 en \u00e9quitation ou en match.<br \/>\nDiff\u00e9rentes tailles disponibles: homme, femme, enfants<\/p>\n<p>Toutes nos selles sont fabriqu\u00e9es en Argentine et r\u00e9pondent aux normes argentines. Les attributs de selle peuvent \u00eatre modifi\u00e9s (porte-\u00e9triers, taille\u2026).<\/p>\n<p>Vous pouvez choisir la taille et 3 si\u00e8ges diff\u00e9rents:<br \/>\n\u2013 Plat : libert\u00e9 pour le cavalier<br \/>\n\u2013 Semi creuse : l\u00e9g\u00e8ret\u00e9 et libert\u00e9 de sortir de la selle pour l\u2019obstacle<br \/>\n\u2013 Creuse : dressage, plat, ext\u00e9rieur, bon maintient, on est bien install\u00e9 dans sa selle (inspir\u00e9e du polo, maintien et confort dans un sport \u00e0 grande vitesse et mouvement\u00e9)Vous pouvez \u00e9galement cr\u00e9er votre propre selle, type de cuir, couleurs (noir, gris, marron, bleu, rouge, jaune,\u2026), simples ou doubles quartiers, initiales,\u2026<\/p>\n<p>Cette selle s\u2019adapte parfaitement \u00e0 votre cheval et est tr\u00e8s confortable pour le cavalier.<\/p>\n<p>Fabriqu\u00e9 en Argentine<\/p>\n","protected":false},"featured_media":12176,"comment_status":"open","ping_status":"closed","template":"","meta":[],"product_cat":[2034,2032,2053],"product_tag":[],"acf":[],"yoast_head":"<!-- This site is optimized with the Yoast SEO plugin v19.14 - https:\/\/yoast.com\/wordpress\/plugins\/seo\/ -->\n<title>Selle \u00e9quitation et Horse ball \/ pato - Spirit of Polo - Spirit of Jumping<\/title>\n<meta name=\"robots\" content=\"index, follow, max-snippet:-1, max-image-preview:large, max-video-preview:-1\" \/>\n<link rel=\"canonical\" href=\"https:\/\/www.spiritofpolo.com\/fr\/produit\/selle-equitation-et-horse-ball-pato\" \/>\n<meta property=\"og:locale\" content=\"fr_FR\" \/>\n<meta property=\"og:type\" content=\"article\" \/>\n<meta property=\"og:title\" content=\"Selle \u00e9quitation et Horse ball \/ pato - Spirit of Polo - Spirit of Jumping\" \/>\n<meta property=\"og:description\" content=\"Fabriqu\u00e9es par le meilleur fabricant de selle argentin, nos selles sont r\u00e9put\u00e9es pour leur qualit\u00e9. Notre fournisseur utilise le meilleur cuir argentin. Cette selle est tr\u00e8s confortable pour le cavalier. Gr\u00e2ce \u00e0 sa large assise, elle vous assure une bonne stabilit\u00e9 en \u00e9quitation ou en match. Diff\u00e9rentes tailles disponibles: homme, femme, enfants  Toutes nos selles sont fabriqu\u00e9es en Argentine et r\u00e9pondent aux normes argentines. Les attributs de selle peuvent \u00eatre modifi\u00e9s (porte-\u00e9triers, taille\u2026).  Vous pouvez choisir la taille et 3 si\u00e8ges diff\u00e9rents: \u2013 Plat : libert\u00e9 pour le cavalier \u2013 Semi creuse : l\u00e9g\u00e8ret\u00e9 et libert\u00e9 de sortir de la selle pour l\u2019obstacle \u2013 Creuse : dressage, plat, ext\u00e9rieur, bon maintient, on est bien install\u00e9 dans sa selle (inspir\u00e9e du polo, maintien et confort dans un sport \u00e0 grande vitesse et mouvement\u00e9)Vous pouvez \u00e9galement cr\u00e9er votre propre selle, type de cuir, couleurs (noir, gris, marron, bleu, rouge, jaune,\u2026), simples ou doubles quartiers, initiales,\u2026  Cette selle s\u2019adapte parfaitement \u00e0 votre cheval et est tr\u00e8s confortable pour le cavalier.  Fabriqu\u00e9 en Argentine\" \/>\n<meta property=\"og:url\" content=\"https:\/\/www.spiritofpolo.com\/fr\/produit\/selle-equitation-et-horse-ball-pato\" \/>\n<meta property=\"og:site_name\" content=\"Spirit of Polo - Spirit of Jumping\" \/>\n<meta property=\"article:modified_time\" content=\"2019-10-30T23:23:29+00:00\" \/>\n<meta property=\"og:image\" content=\"https:\/\/www.spiritofpolo.com\/wp-content\/uploads\/Montura-Polo-Negra-1.jpg\" \/>\n\t<meta property=\"og:image:width\" content=\"555\" \/>\n\t<meta property=\"og:image:height\" content=\"710\" \/>\n\t<meta property=\"og:image:type\" content=\"image\/jpeg\" \/>\n<meta name=\"twitter:card\" content=\"summary_large_image\" \/>\n<script type=\"application\/ld+json\" class=\"yoast-schema-graph\">{\"@context\":\"https:\/\/schema.org\",\"@graph\":[{\"@type\":\"WebPage\",\"@id\":\"https:\/\/www.spiritofpolo.com\/fr\/produit\/selle-equitation-et-horse-ball-pato\",\"url\":\"https:\/\/www.spiritofpolo.com\/fr\/produit\/selle-equitation-et-horse-ball-pato\",\"name\":\"Selle \u00e9quitation et Horse ball \/ pato - Spirit of Polo - Spirit of Jumping\",\"isPartOf\":{\"@id\":\"https:\/\/www.spiritofpolo.com\/fr#website\"},\"datePublished\":\"2019-02-16T13:19:49+00:00\",\"dateModified\":\"2019-10-30T23:23:29+00:00\",\"breadcrumb\":{\"@id\":\"https:\/\/www.spiritofpolo.com\/fr\/produit\/selle-equitation-et-horse-ball-pato#breadcrumb\"},\"inLanguage\":\"fr-FR\",\"potentialAction\":[{\"@type\":\"ReadAction\",\"target\":[\"https:\/\/www.spiritofpolo.com\/fr\/produit\/selle-equitation-et-horse-ball-pato\"]}]},{\"@type\":\"BreadcrumbList\",\"@id\":\"https:\/\/www.spiritofpolo.com\/fr\/produit\/selle-equitation-et-horse-ball-pato#breadcrumb\",\"itemListElement\":[{\"@type\":\"ListItem\",\"position\":1,\"name\":\"Home\",\"item\":\"https:\/\/www.spiritofpolo.com\/fr\"},{\"@type\":\"ListItem\",\"position\":2,\"name\":\"Boutique\",\"item\":\"https:\/\/www.spiritofpolo.com\/fr\/boutique\"},{\"@type\":\"ListItem\",\"position\":3,\"name\":\"Selle \u00e9quitation et Horse ball \/ pato\"}]},{\"@type\":\"WebSite\",\"@id\":\"https:\/\/www.spiritofpolo.com\/fr#website\",\"url\":\"https:\/\/www.spiritofpolo.com\/fr\",\"name\":\"Spirit of Polo - Spirit of Jumping\",\"description\":\"Argentine Polo Products\",\"publisher\":{\"@id\":\"https:\/\/www.spiritofpolo.com\/fr#organization\"},\"potentialAction\":[{\"@type\":\"SearchAction\",\"target\":{\"@type\":\"EntryPoint\",\"urlTemplate\":\"https:\/\/www.spiritofpolo.com\/fr?s={search_term_string}\"},\"query-input\":\"required name=search_term_string\"}],\"inLanguage\":\"fr-FR\"},{\"@type\":\"Organization\",\"@id\":\"https:\/\/www.spiritofpolo.com\/fr#organization\",\"name\":\"Spirit of Polo - Spirit of Jumping\",\"url\":\"https:\/\/www.spiritofpolo.com\/fr\",\"logo\":{\"@type\":\"ImageObject\",\"inLanguage\":\"fr-FR\",\"@id\":\"https:\/\/www.spiritofpolo.com\/fr#\/schema\/logo\/image\/\",\"url\":\"\",\"contentUrl\":\"\",\"caption\":\"Spirit of Polo - Spirit of Jumping\"},\"image\":{\"@id\":\"https:\/\/www.spiritofpolo.com\/fr#\/schema\/logo\/image\/\"}}]}<\/script>\n<!-- \/ Yoast SEO plugin. -->","yoast_head_json":{"title":"Selle \u00e9quitation et Horse ball \/ pato - Spirit of Polo - Spirit of Jumping","robots":{"index":"index","follow":"follow","max-snippet":"max-snippet:-1","max-image-preview":"max-image-preview:large","max-video-preview":"max-video-preview:-1"},"canonical":"https:\/\/www.spiritofpolo.com\/fr\/produit\/selle-equitation-et-horse-ball-pato","og_locale":"fr_FR","og_type":"article","og_title":"Selle \u00e9quitation et Horse ball \/ pato - Spirit of Polo - Spirit of Jumping","og_description":"Fabriqu\u00e9es par le meilleur fabricant de selle argentin, nos selles sont r\u00e9put\u00e9es pour leur qualit\u00e9. Notre fournisseur utilise le meilleur cuir argentin. Cette selle est tr\u00e8s confortable pour le cavalier. Gr\u00e2ce \u00e0 sa large assise, elle vous assure une bonne stabilit\u00e9 en \u00e9quitation ou en match. Diff\u00e9rentes tailles disponibles: homme, femme, enfants  Toutes nos selles sont fabriqu\u00e9es en Argentine et r\u00e9pondent aux normes argentines. Les attributs de selle peuvent \u00eatre modifi\u00e9s (porte-\u00e9triers, taille\u2026).  Vous pouvez choisir la taille et 3 si\u00e8ges diff\u00e9rents: \u2013 Plat : libert\u00e9 pour le cavalier \u2013 Semi creuse : l\u00e9g\u00e8ret\u00e9 et libert\u00e9 de sortir de la selle pour l\u2019obstacle \u2013 Creuse : dressage, plat, ext\u00e9rieur, bon maintient, on est bien install\u00e9 dans sa selle (inspir\u00e9e du polo, maintien et confort dans un sport \u00e0 grande vitesse et mouvement\u00e9)Vous pouvez \u00e9galement cr\u00e9er votre propre selle, type de cuir, couleurs (noir, gris, marron, bleu, rouge, jaune,\u2026), simples ou doubles quartiers, initiales,\u2026  Cette selle s\u2019adapte parfaitement \u00e0 votre cheval et est tr\u00e8s confortable pour le cavalier.  Fabriqu\u00e9 en Argentine","og_url":"https:\/\/www.spiritofpolo.com\/fr\/produit\/selle-equitation-et-horse-ball-pato","og_site_name":"Spirit of Polo - Spirit of Jumping","article_modified_time":"2019-10-30T23:23:29+00:00","og_image":[{"width":555,"height":710,"url":"https:\/\/www.spiritofpolo.com\/wp-content\/uploads\/Montura-Polo-Negra-1.jpg","type":"image\/jpeg"}],"twitter_card":"summary_large_image","schema":{"@context":"https:\/\/schema.org","@graph":[{"@type":"WebPage","@id":"https:\/\/www.spiritofpolo.com\/fr\/produit\/selle-equitation-et-horse-ball-pato","url":"https:\/\/www.spiritofpolo.com\/fr\/produit\/selle-equitation-et-horse-ball-pato","name":"Selle \u00e9quitation et Horse ball \/ pato - Spirit of Polo - Spirit of Jumping","isPartOf":{"@id":"https:\/\/www.spiritofpolo.com\/fr#website"},"datePublished":"2019-02-16T13:19:49+00:00","dateModified":"2019-10-30T23:23:29+00:00","breadcrumb":{"@id":"https:\/\/www.spiritofpolo.com\/fr\/produit\/selle-equitation-et-horse-ball-pato#breadcrumb"},"inLanguage":"fr-FR","potentialAction":[{"@type":"ReadAction","target":["https:\/\/www.spiritofpolo.com\/fr\/produit\/selle-equitation-et-horse-ball-pato"]}]},{"@type":"BreadcrumbList","@id":"https:\/\/www.spiritofpolo.com\/fr\/produit\/selle-equitation-et-horse-ball-pato#breadcrumb","itemListElement":[{"@type":"ListItem","position":1,"name":"Home","item":"https:\/\/www.spiritofpolo.com\/fr"},{"@type":"ListItem","position":2,"name":"Boutique","item":"https:\/\/www.spiritofpolo.com\/fr\/boutique"},{"@type":"ListItem","position":3,"name":"Selle \u00e9quitation et Horse ball \/ pato"}]},{"@type":"WebSite","@id":"https:\/\/www.spiritofpolo.com\/fr#website","url":"https:\/\/www.spiritofpolo.com\/fr","name":"Spirit of Polo - Spirit of Jumping","description":"Argentine Polo Products","publisher":{"@id":"https:\/\/www.spiritofpolo.com\/fr#organization"},"potentialAction":[{"@type":"SearchAction","target":{"@type":"EntryPoint","urlTemplate":"https:\/\/www.spiritofpolo.com\/fr?s={search_term_string}"},"query-input":"required name=search_term_string"}],"inLanguage":"fr-FR"},{"@type":"Organization","@id":"https:\/\/www.spiritofpolo.com\/fr#organization","name":"Spirit of Polo - Spirit of Jumping","url":"https:\/\/www.spiritofpolo.com\/fr","logo":{"@type":"ImageObject","inLanguage":"fr-FR","@id":"https:\/\/www.spiritofpolo.com\/fr#\/schema\/logo\/image\/","url":"","contentUrl":"","caption":"Spirit of Polo - Spirit of Jumping"},"image":{"@id":"https:\/\/www.spiritofpolo.com\/fr#\/schema\/logo\/image\/"}}]}},"tiered_pricing_type":"fixed","tiered_pricing_fixed_rules":[],"tiered_pricing_product_settings":{"layout":"default","base_unit_name":{"singular":null,"plural":null},"default_variation":null},"tiered_pricing_minimum_quantity":null,"tiered_pricing_roles_data":[],"tiered_pricing_percentage_rules":[],"_links":{"self":[{"href":"https:\/\/www.spiritofpolo.com\/fr\/wp-json\/wp\/v2\/product\/8489"}],"collection":[{"href":"https:\/\/www.spiritofpolo.com\/fr\/wp-json\/wp\/v2\/product"}],"about":[{"href":"https:\/\/www.spiritofpolo.com\/fr\/wp-json\/wp\/v2\/types\/product"}],"replies":[{"embeddable":true,"href":"https:\/\/www.spiritofpolo.com\/fr\/wp-json\/wp\/v2\/comments?post=8489"}],"wp:featuredmedia":[{"embeddable":true,"href":"https:\/\/www.spiritofpolo.com\/fr\/wp-json\/wp\/v2\/media\/12176"}],"wp:attachment":[{"href":"https:\/\/www.spiritofpolo.com\/fr\/wp-json\/wp\/v2\/media?parent=8489"}],"wp:term":[{"taxonomy":"product_cat","embeddable":true,"href":"https:\/\/www.spiritofpolo.com\/fr\/wp-json\/wp\/v2\/product_cat?post=8489"},{"taxonomy":"product_tag","embeddable":true,"href":"https:\/\/www.spiritofpolo.com\/fr\/wp-json\/wp\/v2\/product_tag?post=8489"}],"curies":[{"name":"wp","href":"https:\/\/api.w.org\/{rel}","templated":true}]}}