{"id":9056,"date":"2019-03-17T01:45:54","date_gmt":"2019-03-17T01:45:54","guid":{"rendered":"http:\/\/www.spiritofpolo.com\/product\/marine-cross-obstacle"},"modified":"2025-04-15T18:03:30","modified_gmt":"2025-04-15T18:03:30","slug":"marine-selle-cross-obstacle","status":"publish","type":"product","link":"https:\/\/www.spiritofpolo.com\/fr\/produit\/marine-selle-cross-obstacle","title":{"rendered":"MARINE \u2013 Selle Dressage"},"content":{"rendered":"","protected":false},"excerpt":{"rendered":"<div class=\"woocommerce-product-details__short-description\">\n<div class=\"woocommerce-product-details__short-description\"><span style=\"font-family: Calibri, Verdana, Helvetica, Arial;\"><span style=\"font-family: Calibri, Verdana, Helvetica, Arial;\"><span style=\"font-size: 10.5pt;\">Nous produisons les meilleures selles argentines, avec le c\u00e9l\u00e8bre cuir argentin, consid\u00e9r\u00e9 comme la plus haute qualit\u00e9 au monde. L&rsquo;\u00e9paisseur et la souplesse du cuir procurent plaisir et durabilit\u00e9 \u00e0 nos selles, elles ne bougent pas !<br \/>\nNotre exp\u00e9rience de l&rsquo;obstacle, du dressage, du cross, de l\u2019endurance et du polo, offre le meilleur \u00e9quilibre pour le confort du cavalier et du cheval.<br \/>\nVous pouvez choisir la taille et 3 si\u00e8ges diff\u00e9rents:<br \/>\n&#8211; Plat : libert\u00e9 pour le cavalier<br \/>\n&#8211; Semi creuse : l\u00e9g\u00e8ret\u00e9 et libert\u00e9 de sortir de la selle pour l&rsquo;obstacle<br \/>\n&#8211; Creuse : dressage, plat, ext\u00e9rieur, bon maintient, on est bien install\u00e9 dans sa selle (inspir\u00e9e du polo, maintien et confort dans un sport \u00e0 grande vitesse et mouvement\u00e9)<\/span><\/span><\/span>Vous pouvez \u00e9galement cr\u00e9er votre propre selle, type de cuir, couleurs (noir, gris, marron, bleu, rouge, jaune,\u2026), simples ou doubles quartiers, initiales,\u2026<br \/>\nCette selle s&rsquo;adapte parfaitement \u00e0 votre cheval et est tr\u00e8s confortable pour le cavalier. Elle vous assure une bonne stabilit\u00e9 en promenade, dressage, saut d&rsquo;obstacles ou cross.<\/p>\n<p>Fabriqu\u00e9 en Argentine<\/p>\n<\/div>\n<\/div>\n","protected":false},"featured_media":119001,"comment_status":"open","ping_status":"closed","template":"","meta":[],"product_cat":[2034,2032,2053],"product_tag":[],"acf":[],"yoast_head":"<!-- This site is optimized with the Yoast SEO plugin v19.14 - https:\/\/yoast.com\/wordpress\/plugins\/seo\/ -->\n<title>MARINE \u2013 Selle Dressage - Spirit of Polo - Spirit of Jumping<\/title>\n<meta name=\"robots\" content=\"index, follow, max-snippet:-1, max-image-preview:large, max-video-preview:-1\" \/>\n<link rel=\"canonical\" href=\"https:\/\/www.spiritofpolo.com\/fr\/produit\/marine-selle-cross-obstacle\" \/>\n<meta property=\"og:locale\" content=\"fr_FR\" \/>\n<meta property=\"og:type\" content=\"article\" \/>\n<meta property=\"og:title\" content=\"MARINE \u2013 Selle Dressage - Spirit of Polo - Spirit of Jumping\" \/>\n<meta property=\"og:description\" content=\"Nous produisons les meilleures selles argentines, avec le c\u00e9l\u00e8bre cuir argentin, consid\u00e9r\u00e9 comme la plus haute qualit\u00e9 au monde. L&#039;\u00e9paisseur et la souplesse du cuir procurent plaisir et durabilit\u00e9 \u00e0 nos selles, elles ne bougent pas ! Notre exp\u00e9rience de l&#039;obstacle, du dressage, du cross, de l\u2019endurance et du polo, offre le meilleur \u00e9quilibre pour le confort du cavalier et du cheval. Vous pouvez choisir la taille et 3 si\u00e8ges diff\u00e9rents: - Plat : libert\u00e9 pour le cavalier - Semi creuse : l\u00e9g\u00e8ret\u00e9 et libert\u00e9 de sortir de la selle pour l&#039;obstacle - Creuse : dressage, plat, ext\u00e9rieur, bon maintient, on est bien install\u00e9 dans sa selle (inspir\u00e9e du polo, maintien et confort dans un sport \u00e0 grande vitesse et mouvement\u00e9)Vous pouvez \u00e9galement cr\u00e9er votre propre selle, type de cuir, couleurs (noir, gris, marron, bleu, rouge, jaune,\u2026), simples ou doubles quartiers, initiales,\u2026 Cette selle s&#039;adapte parfaitement \u00e0 votre cheval et est tr\u00e8s confortable pour le cavalier. Elle vous assure une bonne stabilit\u00e9 en promenade, dressage, saut d&#039;obstacles ou cross.  Fabriqu\u00e9 en Argentine\" \/>\n<meta property=\"og:url\" content=\"https:\/\/www.spiritofpolo.com\/fr\/produit\/marine-selle-cross-obstacle\" \/>\n<meta property=\"og:site_name\" content=\"Spirit of Polo - Spirit of Jumping\" \/>\n<meta property=\"article:modified_time\" content=\"2025-04-15T18:03:30+00:00\" \/>\n<meta property=\"og:image\" content=\"https:\/\/www.spiritofpolo.com\/wp-content\/uploads\/Montura_15-Especial_1.jpg\" \/>\n\t<meta property=\"og:image:width\" content=\"555\" \/>\n\t<meta property=\"og:image:height\" content=\"710\" \/>\n\t<meta property=\"og:image:type\" content=\"image\/jpeg\" \/>\n<meta name=\"twitter:card\" content=\"summary_large_image\" \/>\n<script type=\"application\/ld+json\" class=\"yoast-schema-graph\">{\"@context\":\"https:\/\/schema.org\",\"@graph\":[{\"@type\":\"WebPage\",\"@id\":\"https:\/\/www.spiritofpolo.com\/fr\/produit\/marine-selle-cross-obstacle\",\"url\":\"https:\/\/www.spiritofpolo.com\/fr\/produit\/marine-selle-cross-obstacle\",\"name\":\"MARINE \u2013 Selle Dressage - Spirit of Polo - Spirit of Jumping\",\"isPartOf\":{\"@id\":\"https:\/\/www.spiritofpolo.com\/fr#website\"},\"datePublished\":\"2019-03-17T01:45:54+00:00\",\"dateModified\":\"2025-04-15T18:03:30+00:00\",\"breadcrumb\":{\"@id\":\"https:\/\/www.spiritofpolo.com\/fr\/produit\/marine-selle-cross-obstacle#breadcrumb\"},\"inLanguage\":\"fr-FR\",\"potentialAction\":[{\"@type\":\"ReadAction\",\"target\":[\"https:\/\/www.spiritofpolo.com\/fr\/produit\/marine-selle-cross-obstacle\"]}]},{\"@type\":\"BreadcrumbList\",\"@id\":\"https:\/\/www.spiritofpolo.com\/fr\/produit\/marine-selle-cross-obstacle#breadcrumb\",\"itemListElement\":[{\"@type\":\"ListItem\",\"position\":1,\"name\":\"Home\",\"item\":\"https:\/\/www.spiritofpolo.com\/fr\"},{\"@type\":\"ListItem\",\"position\":2,\"name\":\"Boutique\",\"item\":\"https:\/\/www.spiritofpolo.com\/fr\/boutique\"},{\"@type\":\"ListItem\",\"position\":3,\"name\":\"MARINE \u2013 Selle Dressage\"}]},{\"@type\":\"WebSite\",\"@id\":\"https:\/\/www.spiritofpolo.com\/fr#website\",\"url\":\"https:\/\/www.spiritofpolo.com\/fr\",\"name\":\"Spirit of Polo - Spirit of Jumping\",\"description\":\"Argentine Polo Products\",\"publisher\":{\"@id\":\"https:\/\/www.spiritofpolo.com\/fr#organization\"},\"potentialAction\":[{\"@type\":\"SearchAction\",\"target\":{\"@type\":\"EntryPoint\",\"urlTemplate\":\"https:\/\/www.spiritofpolo.com\/fr?s={search_term_string}\"},\"query-input\":\"required name=search_term_string\"}],\"inLanguage\":\"fr-FR\"},{\"@type\":\"Organization\",\"@id\":\"https:\/\/www.spiritofpolo.com\/fr#organization\",\"name\":\"Spirit of Polo - Spirit of Jumping\",\"url\":\"https:\/\/www.spiritofpolo.com\/fr\",\"logo\":{\"@type\":\"ImageObject\",\"inLanguage\":\"fr-FR\",\"@id\":\"https:\/\/www.spiritofpolo.com\/fr#\/schema\/logo\/image\/\",\"url\":\"\",\"contentUrl\":\"\",\"caption\":\"Spirit of Polo - Spirit of Jumping\"},\"image\":{\"@id\":\"https:\/\/www.spiritofpolo.com\/fr#\/schema\/logo\/image\/\"}}]}<\/script>\n<!-- \/ Yoast SEO plugin. -->","yoast_head_json":{"title":"MARINE \u2013 Selle Dressage - Spirit of Polo - Spirit of Jumping","robots":{"index":"index","follow":"follow","max-snippet":"max-snippet:-1","max-image-preview":"max-image-preview:large","max-video-preview":"max-video-preview:-1"},"canonical":"https:\/\/www.spiritofpolo.com\/fr\/produit\/marine-selle-cross-obstacle","og_locale":"fr_FR","og_type":"article","og_title":"MARINE \u2013 Selle Dressage - Spirit of Polo - Spirit of Jumping","og_description":"Nous produisons les meilleures selles argentines, avec le c\u00e9l\u00e8bre cuir argentin, consid\u00e9r\u00e9 comme la plus haute qualit\u00e9 au monde. L'\u00e9paisseur et la souplesse du cuir procurent plaisir et durabilit\u00e9 \u00e0 nos selles, elles ne bougent pas ! Notre exp\u00e9rience de l'obstacle, du dressage, du cross, de l\u2019endurance et du polo, offre le meilleur \u00e9quilibre pour le confort du cavalier et du cheval. Vous pouvez choisir la taille et 3 si\u00e8ges diff\u00e9rents: - Plat : libert\u00e9 pour le cavalier - Semi creuse : l\u00e9g\u00e8ret\u00e9 et libert\u00e9 de sortir de la selle pour l'obstacle - Creuse : dressage, plat, ext\u00e9rieur, bon maintient, on est bien install\u00e9 dans sa selle (inspir\u00e9e du polo, maintien et confort dans un sport \u00e0 grande vitesse et mouvement\u00e9)Vous pouvez \u00e9galement cr\u00e9er votre propre selle, type de cuir, couleurs (noir, gris, marron, bleu, rouge, jaune,\u2026), simples ou doubles quartiers, initiales,\u2026 Cette selle s'adapte parfaitement \u00e0 votre cheval et est tr\u00e8s confortable pour le cavalier. Elle vous assure une bonne stabilit\u00e9 en promenade, dressage, saut d'obstacles ou cross.  Fabriqu\u00e9 en Argentine","og_url":"https:\/\/www.spiritofpolo.com\/fr\/produit\/marine-selle-cross-obstacle","og_site_name":"Spirit of Polo - Spirit of Jumping","article_modified_time":"2025-04-15T18:03:30+00:00","og_image":[{"width":555,"height":710,"url":"https:\/\/www.spiritofpolo.com\/wp-content\/uploads\/Montura_15-Especial_1.jpg","type":"image\/jpeg"}],"twitter_card":"summary_large_image","schema":{"@context":"https:\/\/schema.org","@graph":[{"@type":"WebPage","@id":"https:\/\/www.spiritofpolo.com\/fr\/produit\/marine-selle-cross-obstacle","url":"https:\/\/www.spiritofpolo.com\/fr\/produit\/marine-selle-cross-obstacle","name":"MARINE \u2013 Selle Dressage - Spirit of Polo - Spirit of Jumping","isPartOf":{"@id":"https:\/\/www.spiritofpolo.com\/fr#website"},"datePublished":"2019-03-17T01:45:54+00:00","dateModified":"2025-04-15T18:03:30+00:00","breadcrumb":{"@id":"https:\/\/www.spiritofpolo.com\/fr\/produit\/marine-selle-cross-obstacle#breadcrumb"},"inLanguage":"fr-FR","potentialAction":[{"@type":"ReadAction","target":["https:\/\/www.spiritofpolo.com\/fr\/produit\/marine-selle-cross-obstacle"]}]},{"@type":"BreadcrumbList","@id":"https:\/\/www.spiritofpolo.com\/fr\/produit\/marine-selle-cross-obstacle#breadcrumb","itemListElement":[{"@type":"ListItem","position":1,"name":"Home","item":"https:\/\/www.spiritofpolo.com\/fr"},{"@type":"ListItem","position":2,"name":"Boutique","item":"https:\/\/www.spiritofpolo.com\/fr\/boutique"},{"@type":"ListItem","position":3,"name":"MARINE \u2013 Selle Dressage"}]},{"@type":"WebSite","@id":"https:\/\/www.spiritofpolo.com\/fr#website","url":"https:\/\/www.spiritofpolo.com\/fr","name":"Spirit of Polo - Spirit of Jumping","description":"Argentine Polo Products","publisher":{"@id":"https:\/\/www.spiritofpolo.com\/fr#organization"},"potentialAction":[{"@type":"SearchAction","target":{"@type":"EntryPoint","urlTemplate":"https:\/\/www.spiritofpolo.com\/fr?s={search_term_string}"},"query-input":"required name=search_term_string"}],"inLanguage":"fr-FR"},{"@type":"Organization","@id":"https:\/\/www.spiritofpolo.com\/fr#organization","name":"Spirit of Polo - Spirit of Jumping","url":"https:\/\/www.spiritofpolo.com\/fr","logo":{"@type":"ImageObject","inLanguage":"fr-FR","@id":"https:\/\/www.spiritofpolo.com\/fr#\/schema\/logo\/image\/","url":"","contentUrl":"","caption":"Spirit of Polo - Spirit of Jumping"},"image":{"@id":"https:\/\/www.spiritofpolo.com\/fr#\/schema\/logo\/image\/"}}]}},"tiered_pricing_type":"fixed","tiered_pricing_fixed_rules":[],"tiered_pricing_product_settings":{"layout":"default","base_unit_name":{"singular":null,"plural":null},"default_variation":null},"tiered_pricing_minimum_quantity":null,"tiered_pricing_roles_data":[],"tiered_pricing_percentage_rules":[],"_links":{"self":[{"href":"https:\/\/www.spiritofpolo.com\/fr\/wp-json\/wp\/v2\/product\/9056"}],"collection":[{"href":"https:\/\/www.spiritofpolo.com\/fr\/wp-json\/wp\/v2\/product"}],"about":[{"href":"https:\/\/www.spiritofpolo.com\/fr\/wp-json\/wp\/v2\/types\/product"}],"replies":[{"embeddable":true,"href":"https:\/\/www.spiritofpolo.com\/fr\/wp-json\/wp\/v2\/comments?post=9056"}],"wp:featuredmedia":[{"embeddable":true,"href":"https:\/\/www.spiritofpolo.com\/fr\/wp-json\/wp\/v2\/media\/119001"}],"wp:attachment":[{"href":"https:\/\/www.spiritofpolo.com\/fr\/wp-json\/wp\/v2\/media?parent=9056"}],"wp:term":[{"taxonomy":"product_cat","embeddable":true,"href":"https:\/\/www.spiritofpolo.com\/fr\/wp-json\/wp\/v2\/product_cat?post=9056"},{"taxonomy":"product_tag","embeddable":true,"href":"https:\/\/www.spiritofpolo.com\/fr\/wp-json\/wp\/v2\/product_tag?post=9056"}],"curies":[{"name":"wp","href":"https:\/\/api.w.org\/{rel}","templated":true}]}}