{"id":9483,"date":"2019-06-24T08:00:25","date_gmt":"2019-06-24T08:00:25","guid":{"rendered":"https:\/\/spiritofpolo.com\/product\/bracelet-mors-a-cheval"},"modified":"2020-05-15T13:48:28","modified_gmt":"2020-05-15T13:48:28","slug":"bracelet-mors-a-cheval-plaque-argent","status":"publish","type":"product","link":"https:\/\/www.spiritofpolo.com\/fr\/produit\/bracelet-mors-a-cheval-plaque-argent","title":{"rendered":"Bracelet Mors \u00e0 Cheval plaqu\u00e9 argent"},"content":{"rendered":"","protected":false},"excerpt":{"rendered":"<p><span class=\"tlid-translation translation\" lang=\"fr\"><span class=\"\" title=\"\">Facile \u00e0 porter en toutes occasions, longueur ajustable de plus ou moins 3 cm.<\/span> <span class=\"\" title=\"\">Traitement plaqu\u00e9 argent garanti sans nickel. <\/span><\/span><span title=\"\">Cordon en coton satin\u00e9, lavable.<\/span><\/p>\n<p>Fabriqu\u00e9 en France <span class=\"st\">&#x1f1eb;&#x1f1f7;<\/span><\/p>\n","protected":false},"featured_media":9486,"comment_status":"open","ping_status":"closed","template":"","meta":[],"product_cat":[670,2032,2227,2224,2221],"product_tag":[],"acf":[],"yoast_head":"<!-- This site is optimized with the Yoast SEO plugin v19.14 - https:\/\/yoast.com\/wordpress\/plugins\/seo\/ -->\n<title>Bracelet Mors \u00e0 Cheval plaqu\u00e9 argent - Spirit of Polo - Spirit of Jumping<\/title>\n<meta name=\"description\" content=\"Facile \u00e0 porter en toutes occasions, longueur ajustable de plus ou moins 3 cm. Traitement plaqu\u00e9 argent garanti sans nickel.\" \/>\n<meta name=\"robots\" content=\"index, follow, max-snippet:-1, max-image-preview:large, max-video-preview:-1\" \/>\n<link rel=\"canonical\" href=\"https:\/\/www.spiritofpolo.com\/fr\/produit\/bracelet-mors-a-cheval-plaque-argent\" \/>\n<meta property=\"og:locale\" content=\"fr_FR\" \/>\n<meta property=\"og:type\" content=\"article\" \/>\n<meta property=\"og:title\" content=\"Bracelet Mors \u00e0 Cheval plaqu\u00e9 argent - Spirit of Polo - Spirit of Jumping\" \/>\n<meta property=\"og:description\" content=\"Facile \u00e0 porter en toutes occasions, longueur ajustable de plus ou moins 3 cm. Traitement plaqu\u00e9 argent garanti sans nickel.\" \/>\n<meta property=\"og:url\" content=\"https:\/\/www.spiritofpolo.com\/fr\/produit\/bracelet-mors-a-cheval-plaque-argent\" \/>\n<meta property=\"og:site_name\" content=\"Spirit of Polo - Spirit of Jumping\" \/>\n<meta property=\"article:modified_time\" content=\"2020-05-15T13:48:28+00:00\" \/>\n<meta property=\"og:image\" content=\"https:\/\/www.spiritofpolo.com\/wp-content\/uploads\/Pulsera-Freno.jpg\" \/>\n\t<meta property=\"og:image:width\" content=\"555\" \/>\n\t<meta property=\"og:image:height\" content=\"710\" \/>\n\t<meta property=\"og:image:type\" content=\"image\/jpeg\" \/>\n<meta name=\"twitter:card\" content=\"summary_large_image\" \/>\n<script type=\"application\/ld+json\" class=\"yoast-schema-graph\">{\"@context\":\"https:\/\/schema.org\",\"@graph\":[{\"@type\":\"WebPage\",\"@id\":\"https:\/\/www.spiritofpolo.com\/fr\/produit\/bracelet-mors-a-cheval-plaque-argent\",\"url\":\"https:\/\/www.spiritofpolo.com\/fr\/produit\/bracelet-mors-a-cheval-plaque-argent\",\"name\":\"Bracelet Mors \u00e0 Cheval plaqu\u00e9 argent - Spirit of Polo - Spirit of Jumping\",\"isPartOf\":{\"@id\":\"https:\/\/www.spiritofpolo.com\/fr#website\"},\"datePublished\":\"2019-06-24T08:00:25+00:00\",\"dateModified\":\"2020-05-15T13:48:28+00:00\",\"description\":\"Facile \u00e0 porter en toutes occasions, longueur ajustable de plus ou moins 3 cm. Traitement plaqu\u00e9 argent garanti sans nickel.\",\"breadcrumb\":{\"@id\":\"https:\/\/www.spiritofpolo.com\/fr\/produit\/bracelet-mors-a-cheval-plaque-argent#breadcrumb\"},\"inLanguage\":\"fr-FR\",\"potentialAction\":[{\"@type\":\"ReadAction\",\"target\":[\"https:\/\/www.spiritofpolo.com\/fr\/produit\/bracelet-mors-a-cheval-plaque-argent\"]}]},{\"@type\":\"BreadcrumbList\",\"@id\":\"https:\/\/www.spiritofpolo.com\/fr\/produit\/bracelet-mors-a-cheval-plaque-argent#breadcrumb\",\"itemListElement\":[{\"@type\":\"ListItem\",\"position\":1,\"name\":\"Home\",\"item\":\"https:\/\/www.spiritofpolo.com\/fr\"},{\"@type\":\"ListItem\",\"position\":2,\"name\":\"Boutique\",\"item\":\"https:\/\/www.spiritofpolo.com\/fr\/boutique\"},{\"@type\":\"ListItem\",\"position\":3,\"name\":\"Bracelet Mors \u00e0 Cheval plaqu\u00e9 argent\"}]},{\"@type\":\"WebSite\",\"@id\":\"https:\/\/www.spiritofpolo.com\/fr#website\",\"url\":\"https:\/\/www.spiritofpolo.com\/fr\",\"name\":\"Spirit of Polo - Spirit of Jumping\",\"description\":\"Argentine Polo Products\",\"publisher\":{\"@id\":\"https:\/\/www.spiritofpolo.com\/fr#organization\"},\"potentialAction\":[{\"@type\":\"SearchAction\",\"target\":{\"@type\":\"EntryPoint\",\"urlTemplate\":\"https:\/\/www.spiritofpolo.com\/fr?s={search_term_string}\"},\"query-input\":\"required name=search_term_string\"}],\"inLanguage\":\"fr-FR\"},{\"@type\":\"Organization\",\"@id\":\"https:\/\/www.spiritofpolo.com\/fr#organization\",\"name\":\"Spirit of Polo - Spirit of Jumping\",\"url\":\"https:\/\/www.spiritofpolo.com\/fr\",\"logo\":{\"@type\":\"ImageObject\",\"inLanguage\":\"fr-FR\",\"@id\":\"https:\/\/www.spiritofpolo.com\/fr#\/schema\/logo\/image\/\",\"url\":\"\",\"contentUrl\":\"\",\"caption\":\"Spirit of Polo - Spirit of Jumping\"},\"image\":{\"@id\":\"https:\/\/www.spiritofpolo.com\/fr#\/schema\/logo\/image\/\"}}]}<\/script>\n<!-- \/ Yoast SEO plugin. -->","yoast_head_json":{"title":"Bracelet Mors \u00e0 Cheval plaqu\u00e9 argent - Spirit of Polo - Spirit of Jumping","description":"Facile \u00e0 porter en toutes occasions, longueur ajustable de plus ou moins 3 cm. Traitement plaqu\u00e9 argent garanti sans nickel.","robots":{"index":"index","follow":"follow","max-snippet":"max-snippet:-1","max-image-preview":"max-image-preview:large","max-video-preview":"max-video-preview:-1"},"canonical":"https:\/\/www.spiritofpolo.com\/fr\/produit\/bracelet-mors-a-cheval-plaque-argent","og_locale":"fr_FR","og_type":"article","og_title":"Bracelet Mors \u00e0 Cheval plaqu\u00e9 argent - Spirit of Polo - Spirit of Jumping","og_description":"Facile \u00e0 porter en toutes occasions, longueur ajustable de plus ou moins 3 cm. Traitement plaqu\u00e9 argent garanti sans nickel.","og_url":"https:\/\/www.spiritofpolo.com\/fr\/produit\/bracelet-mors-a-cheval-plaque-argent","og_site_name":"Spirit of Polo - Spirit of Jumping","article_modified_time":"2020-05-15T13:48:28+00:00","og_image":[{"width":555,"height":710,"url":"https:\/\/www.spiritofpolo.com\/wp-content\/uploads\/Pulsera-Freno.jpg","type":"image\/jpeg"}],"twitter_card":"summary_large_image","schema":{"@context":"https:\/\/schema.org","@graph":[{"@type":"WebPage","@id":"https:\/\/www.spiritofpolo.com\/fr\/produit\/bracelet-mors-a-cheval-plaque-argent","url":"https:\/\/www.spiritofpolo.com\/fr\/produit\/bracelet-mors-a-cheval-plaque-argent","name":"Bracelet Mors \u00e0 Cheval plaqu\u00e9 argent - Spirit of Polo - Spirit of Jumping","isPartOf":{"@id":"https:\/\/www.spiritofpolo.com\/fr#website"},"datePublished":"2019-06-24T08:00:25+00:00","dateModified":"2020-05-15T13:48:28+00:00","description":"Facile \u00e0 porter en toutes occasions, longueur ajustable de plus ou moins 3 cm. Traitement plaqu\u00e9 argent garanti sans nickel.","breadcrumb":{"@id":"https:\/\/www.spiritofpolo.com\/fr\/produit\/bracelet-mors-a-cheval-plaque-argent#breadcrumb"},"inLanguage":"fr-FR","potentialAction":[{"@type":"ReadAction","target":["https:\/\/www.spiritofpolo.com\/fr\/produit\/bracelet-mors-a-cheval-plaque-argent"]}]},{"@type":"BreadcrumbList","@id":"https:\/\/www.spiritofpolo.com\/fr\/produit\/bracelet-mors-a-cheval-plaque-argent#breadcrumb","itemListElement":[{"@type":"ListItem","position":1,"name":"Home","item":"https:\/\/www.spiritofpolo.com\/fr"},{"@type":"ListItem","position":2,"name":"Boutique","item":"https:\/\/www.spiritofpolo.com\/fr\/boutique"},{"@type":"ListItem","position":3,"name":"Bracelet Mors \u00e0 Cheval plaqu\u00e9 argent"}]},{"@type":"WebSite","@id":"https:\/\/www.spiritofpolo.com\/fr#website","url":"https:\/\/www.spiritofpolo.com\/fr","name":"Spirit of Polo - Spirit of Jumping","description":"Argentine Polo Products","publisher":{"@id":"https:\/\/www.spiritofpolo.com\/fr#organization"},"potentialAction":[{"@type":"SearchAction","target":{"@type":"EntryPoint","urlTemplate":"https:\/\/www.spiritofpolo.com\/fr?s={search_term_string}"},"query-input":"required name=search_term_string"}],"inLanguage":"fr-FR"},{"@type":"Organization","@id":"https:\/\/www.spiritofpolo.com\/fr#organization","name":"Spirit of Polo - Spirit of Jumping","url":"https:\/\/www.spiritofpolo.com\/fr","logo":{"@type":"ImageObject","inLanguage":"fr-FR","@id":"https:\/\/www.spiritofpolo.com\/fr#\/schema\/logo\/image\/","url":"","contentUrl":"","caption":"Spirit of Polo - Spirit of Jumping"},"image":{"@id":"https:\/\/www.spiritofpolo.com\/fr#\/schema\/logo\/image\/"}}]}},"tiered_pricing_type":"fixed","tiered_pricing_fixed_rules":[],"tiered_pricing_product_settings":{"layout":"default","base_unit_name":{"singular":null,"plural":null},"default_variation":null},"tiered_pricing_minimum_quantity":null,"tiered_pricing_roles_data":[],"tiered_pricing_percentage_rules":[],"_links":{"self":[{"href":"https:\/\/www.spiritofpolo.com\/fr\/wp-json\/wp\/v2\/product\/9483"}],"collection":[{"href":"https:\/\/www.spiritofpolo.com\/fr\/wp-json\/wp\/v2\/product"}],"about":[{"href":"https:\/\/www.spiritofpolo.com\/fr\/wp-json\/wp\/v2\/types\/product"}],"replies":[{"embeddable":true,"href":"https:\/\/www.spiritofpolo.com\/fr\/wp-json\/wp\/v2\/comments?post=9483"}],"wp:featuredmedia":[{"embeddable":true,"href":"https:\/\/www.spiritofpolo.com\/fr\/wp-json\/wp\/v2\/media\/9486"}],"wp:attachment":[{"href":"https:\/\/www.spiritofpolo.com\/fr\/wp-json\/wp\/v2\/media?parent=9483"}],"wp:term":[{"taxonomy":"product_cat","embeddable":true,"href":"https:\/\/www.spiritofpolo.com\/fr\/wp-json\/wp\/v2\/product_cat?post=9483"},{"taxonomy":"product_tag","embeddable":true,"href":"https:\/\/www.spiritofpolo.com\/fr\/wp-json\/wp\/v2\/product_tag?post=9483"}],"curies":[{"name":"wp","href":"https:\/\/api.w.org\/{rel}","templated":true}]}}