{"id":9744,"date":"2019-07-15T22:03:48","date_gmt":"2019-07-15T22:03:48","guid":{"rendered":"https:\/\/spiritofpolo.com\/product\/casque-equitation-horses-executive"},"modified":"2022-09-28T18:20:12","modified_gmt":"2022-09-28T18:20:12","slug":"casque-equitation-horses-executive","status":"publish","type":"product","link":"https:\/\/www.spiritofpolo.com\/fr\/produit\/casque-equitation-horses-executive","title":{"rendered":"Casque \u00e9quitation HORSES Executive"},"content":{"rendered":"<p><span class=\"traduction traduite\" lang=\"en\"> <span class=\"\" title=\"\"> Casque au design f\u00e9minin et \u00e9l\u00e9gant, fabriqu\u00e9 avec des mat\u00e9riaux de qualit\u00e9, adapt\u00e9 \u00e0 toutes les disciplines \u00e9questres. &lt; \/ span&gt; &lt;\/ span&gt; &lt;\/ p&gt;<\/span><\/span><\/p>\n<p>\u00c9quip\u00e9 d&rsquo;un cou moelleux et d&rsquo;une sangle souple en similicuir recouverte de nubuck o\u00f9 il est en contact avec la peau. Il a une jugulaire 4 points doubl\u00e9e de mousse pour un confort maximal. &lt;\/ P&gt;<\/p>\n<p>Il est l\u00e9ger et r\u00e9sistant, avec des prises d\u2019air avant et arri\u00e8re. Le casque Executive est peint avec une finition mate, douce et lisse au toucher, avec une bordure brillante et une partie sup\u00e9rieure recouverte de paillettes ton sur ton. il est facile \u00e0 nettoyer et vient \u00e9galement avec un rembourrage amovible en coolmax, lavable en machine. &lt;\/ p&gt;<\/p>\n<p>Disponible en noir et dans trois tailles adapt\u00e9es \u00e0 diff\u00e9rentes tailles. &lt;\/ p&gt;<\/p>\n<p>Taille M (57-59) &lt;\/ p&gt;<\/p>\n<p>Le rembourrage est inclus avec le casque. &lt;\/ p&gt;<\/p>\n<p>Normes CE, APPROUV\u00c9 VG1 01.040 2014-12 &lt;\/ p&gt;<\/p>\n","protected":false},"excerpt":{"rendered":"<p>Casque au design f\u00e9minin et \u00e9l\u00e9gant, fabriqu\u00e9 avec des mat\u00e9riaux de qualit\u00e9, adapt\u00e9 \u00e0 toutes les disciplines \u00e9questres. &lt; \/ span&gt; &lt;\/ span&gt; &lt;\/ p&gt; \u00c9quip\u00e9 d&rsquo;un cou moelleux et d&rsquo;une sangle souple en similicuir recouverte de nubuck o\u00f9 il est en contact avec la peau. Il a une jugulaire 4 points doubl\u00e9e de mousse pour un confort maximal. &lt;\/ P&gt; Il est l\u00e9ger et r\u00e9sistant, avec des prises d\u2019air avant et arri\u00e8re. Le casque&hellip;<\/p>\n","protected":false},"featured_media":10577,"comment_status":"open","ping_status":"closed","template":"","meta":[],"product_cat":[2040,2036,2032,2210,2213],"product_tag":[],"acf":[],"yoast_head":"<!-- This site is optimized with the Yoast SEO plugin v19.14 - https:\/\/yoast.com\/wordpress\/plugins\/seo\/ -->\n<title>Casque \u00e9quitation HORSES Executive - Spirit of Polo - Spirit of Jumping<\/title>\n<meta name=\"robots\" content=\"index, follow, max-snippet:-1, max-image-preview:large, max-video-preview:-1\" \/>\n<link rel=\"canonical\" href=\"https:\/\/www.spiritofpolo.com\/fr\/produit\/casque-equitation-horses-executive\" \/>\n<meta property=\"og:locale\" content=\"fr_FR\" \/>\n<meta property=\"og:type\" content=\"article\" \/>\n<meta property=\"og:title\" content=\"Casque \u00e9quitation HORSES Executive - Spirit of Polo - Spirit of Jumping\" \/>\n<meta property=\"og:description\" content=\"Casque au design f\u00e9minin et \u00e9l\u00e9gant, fabriqu\u00e9 avec des mat\u00e9riaux de qualit\u00e9, adapt\u00e9 \u00e0 toutes les disciplines \u00e9questres. &lt; \/ span&gt; &lt;\/ span&gt; &lt;\/ p&gt; \u00c9quip\u00e9 d&rsquo;un cou moelleux et d&rsquo;une sangle souple en similicuir recouverte de nubuck o\u00f9 il est en contact avec la peau. Il a une jugulaire 4 points doubl\u00e9e de mousse pour un confort maximal. &lt;\/ P&gt; Il est l\u00e9ger et r\u00e9sistant, avec des prises d\u2019air avant et arri\u00e8re. Le casque&hellip;\" \/>\n<meta property=\"og:url\" content=\"https:\/\/www.spiritofpolo.com\/fr\/produit\/casque-equitation-horses-executive\" \/>\n<meta property=\"og:site_name\" content=\"Spirit of Polo - Spirit of Jumping\" \/>\n<meta property=\"article:modified_time\" content=\"2022-09-28T18:20:12+00:00\" \/>\n<meta property=\"og:image\" content=\"https:\/\/www.spiritofpolo.com\/wp-content\/uploads\/HORSES-Executive-1-1.jpg\" \/>\n\t<meta property=\"og:image:width\" content=\"555\" \/>\n\t<meta property=\"og:image:height\" content=\"710\" \/>\n\t<meta property=\"og:image:type\" content=\"image\/jpeg\" \/>\n<meta name=\"twitter:card\" content=\"summary_large_image\" \/>\n<meta name=\"twitter:label1\" content=\"Dur\u00e9e de lecture estim\u00e9e\" \/>\n\t<meta name=\"twitter:data1\" content=\"1 minute\" \/>\n<script type=\"application\/ld+json\" class=\"yoast-schema-graph\">{\"@context\":\"https:\/\/schema.org\",\"@graph\":[{\"@type\":\"WebPage\",\"@id\":\"https:\/\/www.spiritofpolo.com\/fr\/produit\/casque-equitation-horses-executive\",\"url\":\"https:\/\/www.spiritofpolo.com\/fr\/produit\/casque-equitation-horses-executive\",\"name\":\"Casque \u00e9quitation HORSES Executive - Spirit of Polo - Spirit of Jumping\",\"isPartOf\":{\"@id\":\"https:\/\/www.spiritofpolo.com\/fr#website\"},\"datePublished\":\"2019-07-15T22:03:48+00:00\",\"dateModified\":\"2022-09-28T18:20:12+00:00\",\"breadcrumb\":{\"@id\":\"https:\/\/www.spiritofpolo.com\/fr\/produit\/casque-equitation-horses-executive#breadcrumb\"},\"inLanguage\":\"fr-FR\",\"potentialAction\":[{\"@type\":\"ReadAction\",\"target\":[\"https:\/\/www.spiritofpolo.com\/fr\/produit\/casque-equitation-horses-executive\"]}]},{\"@type\":\"BreadcrumbList\",\"@id\":\"https:\/\/www.spiritofpolo.com\/fr\/produit\/casque-equitation-horses-executive#breadcrumb\",\"itemListElement\":[{\"@type\":\"ListItem\",\"position\":1,\"name\":\"Home\",\"item\":\"https:\/\/www.spiritofpolo.com\/fr\"},{\"@type\":\"ListItem\",\"position\":2,\"name\":\"Boutique\",\"item\":\"https:\/\/www.spiritofpolo.com\/fr\/boutique\"},{\"@type\":\"ListItem\",\"position\":3,\"name\":\"Casque \u00e9quitation HORSES Executive\"}]},{\"@type\":\"WebSite\",\"@id\":\"https:\/\/www.spiritofpolo.com\/fr#website\",\"url\":\"https:\/\/www.spiritofpolo.com\/fr\",\"name\":\"Spirit of Polo - Spirit of Jumping\",\"description\":\"Argentine Polo Products\",\"publisher\":{\"@id\":\"https:\/\/www.spiritofpolo.com\/fr#organization\"},\"potentialAction\":[{\"@type\":\"SearchAction\",\"target\":{\"@type\":\"EntryPoint\",\"urlTemplate\":\"https:\/\/www.spiritofpolo.com\/fr?s={search_term_string}\"},\"query-input\":\"required name=search_term_string\"}],\"inLanguage\":\"fr-FR\"},{\"@type\":\"Organization\",\"@id\":\"https:\/\/www.spiritofpolo.com\/fr#organization\",\"name\":\"Spirit of Polo - Spirit of Jumping\",\"url\":\"https:\/\/www.spiritofpolo.com\/fr\",\"logo\":{\"@type\":\"ImageObject\",\"inLanguage\":\"fr-FR\",\"@id\":\"https:\/\/www.spiritofpolo.com\/fr#\/schema\/logo\/image\/\",\"url\":\"\",\"contentUrl\":\"\",\"caption\":\"Spirit of Polo - Spirit of Jumping\"},\"image\":{\"@id\":\"https:\/\/www.spiritofpolo.com\/fr#\/schema\/logo\/image\/\"}}]}<\/script>\n<!-- \/ Yoast SEO plugin. -->","yoast_head_json":{"title":"Casque \u00e9quitation HORSES Executive - Spirit of Polo - Spirit of Jumping","robots":{"index":"index","follow":"follow","max-snippet":"max-snippet:-1","max-image-preview":"max-image-preview:large","max-video-preview":"max-video-preview:-1"},"canonical":"https:\/\/www.spiritofpolo.com\/fr\/produit\/casque-equitation-horses-executive","og_locale":"fr_FR","og_type":"article","og_title":"Casque \u00e9quitation HORSES Executive - Spirit of Polo - Spirit of Jumping","og_description":"Casque au design f\u00e9minin et \u00e9l\u00e9gant, fabriqu\u00e9 avec des mat\u00e9riaux de qualit\u00e9, adapt\u00e9 \u00e0 toutes les disciplines \u00e9questres. &lt; \/ span&gt; &lt;\/ span&gt; &lt;\/ p&gt; \u00c9quip\u00e9 d&rsquo;un cou moelleux et d&rsquo;une sangle souple en similicuir recouverte de nubuck o\u00f9 il est en contact avec la peau. Il a une jugulaire 4 points doubl\u00e9e de mousse pour un confort maximal. &lt;\/ P&gt; Il est l\u00e9ger et r\u00e9sistant, avec des prises d\u2019air avant et arri\u00e8re. Le casque&hellip;","og_url":"https:\/\/www.spiritofpolo.com\/fr\/produit\/casque-equitation-horses-executive","og_site_name":"Spirit of Polo - Spirit of Jumping","article_modified_time":"2022-09-28T18:20:12+00:00","og_image":[{"width":555,"height":710,"url":"https:\/\/www.spiritofpolo.com\/wp-content\/uploads\/HORSES-Executive-1-1.jpg","type":"image\/jpeg"}],"twitter_card":"summary_large_image","twitter_misc":{"Dur\u00e9e de lecture estim\u00e9e":"1 minute"},"schema":{"@context":"https:\/\/schema.org","@graph":[{"@type":"WebPage","@id":"https:\/\/www.spiritofpolo.com\/fr\/produit\/casque-equitation-horses-executive","url":"https:\/\/www.spiritofpolo.com\/fr\/produit\/casque-equitation-horses-executive","name":"Casque \u00e9quitation HORSES Executive - Spirit of Polo - Spirit of Jumping","isPartOf":{"@id":"https:\/\/www.spiritofpolo.com\/fr#website"},"datePublished":"2019-07-15T22:03:48+00:00","dateModified":"2022-09-28T18:20:12+00:00","breadcrumb":{"@id":"https:\/\/www.spiritofpolo.com\/fr\/produit\/casque-equitation-horses-executive#breadcrumb"},"inLanguage":"fr-FR","potentialAction":[{"@type":"ReadAction","target":["https:\/\/www.spiritofpolo.com\/fr\/produit\/casque-equitation-horses-executive"]}]},{"@type":"BreadcrumbList","@id":"https:\/\/www.spiritofpolo.com\/fr\/produit\/casque-equitation-horses-executive#breadcrumb","itemListElement":[{"@type":"ListItem","position":1,"name":"Home","item":"https:\/\/www.spiritofpolo.com\/fr"},{"@type":"ListItem","position":2,"name":"Boutique","item":"https:\/\/www.spiritofpolo.com\/fr\/boutique"},{"@type":"ListItem","position":3,"name":"Casque \u00e9quitation HORSES Executive"}]},{"@type":"WebSite","@id":"https:\/\/www.spiritofpolo.com\/fr#website","url":"https:\/\/www.spiritofpolo.com\/fr","name":"Spirit of Polo - Spirit of Jumping","description":"Argentine Polo Products","publisher":{"@id":"https:\/\/www.spiritofpolo.com\/fr#organization"},"potentialAction":[{"@type":"SearchAction","target":{"@type":"EntryPoint","urlTemplate":"https:\/\/www.spiritofpolo.com\/fr?s={search_term_string}"},"query-input":"required name=search_term_string"}],"inLanguage":"fr-FR"},{"@type":"Organization","@id":"https:\/\/www.spiritofpolo.com\/fr#organization","name":"Spirit of Polo - Spirit of Jumping","url":"https:\/\/www.spiritofpolo.com\/fr","logo":{"@type":"ImageObject","inLanguage":"fr-FR","@id":"https:\/\/www.spiritofpolo.com\/fr#\/schema\/logo\/image\/","url":"","contentUrl":"","caption":"Spirit of Polo - Spirit of Jumping"},"image":{"@id":"https:\/\/www.spiritofpolo.com\/fr#\/schema\/logo\/image\/"}}]}},"tiered_pricing_type":"fixed","tiered_pricing_fixed_rules":[],"tiered_pricing_product_settings":{"layout":"default","base_unit_name":{"singular":null,"plural":null},"default_variation":null},"tiered_pricing_minimum_quantity":null,"tiered_pricing_roles_data":[],"tiered_pricing_percentage_rules":[],"_links":{"self":[{"href":"https:\/\/www.spiritofpolo.com\/fr\/wp-json\/wp\/v2\/product\/9744"}],"collection":[{"href":"https:\/\/www.spiritofpolo.com\/fr\/wp-json\/wp\/v2\/product"}],"about":[{"href":"https:\/\/www.spiritofpolo.com\/fr\/wp-json\/wp\/v2\/types\/product"}],"replies":[{"embeddable":true,"href":"https:\/\/www.spiritofpolo.com\/fr\/wp-json\/wp\/v2\/comments?post=9744"}],"wp:featuredmedia":[{"embeddable":true,"href":"https:\/\/www.spiritofpolo.com\/fr\/wp-json\/wp\/v2\/media\/10577"}],"wp:attachment":[{"href":"https:\/\/www.spiritofpolo.com\/fr\/wp-json\/wp\/v2\/media?parent=9744"}],"wp:term":[{"taxonomy":"product_cat","embeddable":true,"href":"https:\/\/www.spiritofpolo.com\/fr\/wp-json\/wp\/v2\/product_cat?post=9744"},{"taxonomy":"product_tag","embeddable":true,"href":"https:\/\/www.spiritofpolo.com\/fr\/wp-json\/wp\/v2\/product_tag?post=9744"}],"curies":[{"name":"wp","href":"https:\/\/api.w.org\/{rel}","templated":true}]}}