{"id":9840,"date":"2019-07-19T20:45:57","date_gmt":"2019-07-19T20:45:57","guid":{"rendered":"https:\/\/spiritofpolo.com\/product\/horses-t-shirt-competition-hexagon"},"modified":"2019-07-19T20:45:57","modified_gmt":"2019-07-19T20:45:57","slug":"horses-t-shirt-competition-hexagon","status":"publish","type":"product","link":"https:\/\/www.spiritofpolo.com\/fr\/produit\/horses-t-shirt-competition-hexagon","title":{"rendered":"HORSES T-Shirt Comp\u00e8tition \u00ab\u00a0Hexagon\u00a0\u00bb"},"content":{"rendered":"<p>R\u00e8alis\u00e8 en tissu tecnique elastique et a\u00e8r\u00e8, parfaite pour la saison d&rsquo;\u00e9t\u00e8. R\u00e8sente un dessin \u00e0 motifs g\u00e8om\u00e8trique et sur les hanches et \u00e0 hauteur des \u00e8poles, fermeture frontale avec des boutons avec brilliantes et logo imprim\u00e8 sur la manche.<\/p>\n<p>Disponible dans le classique couleure blanc<\/p>\n","protected":false},"excerpt":{"rendered":"<p>R\u00e8alis\u00e8 en tissu tecnique elastique et a\u00e8r\u00e8, parfaite pour la saison d&rsquo;\u00e9t\u00e8. R\u00e8sente un dessin \u00e0 motifs g\u00e8om\u00e8trique et sur les hanches et \u00e0 hauteur des \u00e8poles, fermeture frontale avec des boutons avec brilliantes et logo imprim\u00e8 sur la manche. Disponible dans le classique couleure blanc<\/p>\n","protected":false},"featured_media":9837,"comment_status":"open","ping_status":"closed","template":"","meta":[],"product_cat":[2036,2032,2210,2045],"product_tag":[],"acf":[],"yoast_head":"<!-- This site is optimized with the Yoast SEO plugin v19.14 - https:\/\/yoast.com\/wordpress\/plugins\/seo\/ -->\n<title>HORSES T-Shirt Comp\u00e8tition &quot;Hexagon&quot; - Spirit of Polo - Spirit of Jumping<\/title>\n<meta name=\"robots\" content=\"index, follow, max-snippet:-1, max-image-preview:large, max-video-preview:-1\" \/>\n<link rel=\"canonical\" href=\"https:\/\/www.spiritofpolo.com\/fr\/produit\/horses-t-shirt-competition-hexagon\" \/>\n<meta property=\"og:locale\" content=\"fr_FR\" \/>\n<meta property=\"og:type\" content=\"article\" \/>\n<meta property=\"og:title\" content=\"HORSES T-Shirt Comp\u00e8tition &quot;Hexagon&quot; - Spirit of Polo - Spirit of Jumping\" \/>\n<meta property=\"og:description\" content=\"R\u00e8alis\u00e8 en tissu tecnique elastique et a\u00e8r\u00e8, parfaite pour la saison d&rsquo;\u00e9t\u00e8. R\u00e8sente un dessin \u00e0 motifs g\u00e8om\u00e8trique et sur les hanches et \u00e0 hauteur des \u00e8poles, fermeture frontale avec des boutons avec brilliantes et logo imprim\u00e8 sur la manche. Disponible dans le classique couleure blanc\" \/>\n<meta property=\"og:url\" content=\"https:\/\/www.spiritofpolo.com\/fr\/produit\/horses-t-shirt-competition-hexagon\" \/>\n<meta property=\"og:site_name\" content=\"Spirit of Polo - Spirit of Jumping\" \/>\n<meta property=\"og:image\" content=\"https:\/\/www.spiritofpolo.com\/wp-content\/uploads\/Hexagon.jpg\" \/>\n\t<meta property=\"og:image:width\" content=\"555\" \/>\n\t<meta property=\"og:image:height\" content=\"710\" \/>\n\t<meta property=\"og:image:type\" content=\"image\/jpeg\" \/>\n<meta name=\"twitter:card\" content=\"summary_large_image\" \/>\n<script type=\"application\/ld+json\" class=\"yoast-schema-graph\">{\"@context\":\"https:\/\/schema.org\",\"@graph\":[{\"@type\":\"WebPage\",\"@id\":\"https:\/\/www.spiritofpolo.com\/fr\/produit\/horses-t-shirt-competition-hexagon\",\"url\":\"https:\/\/www.spiritofpolo.com\/fr\/produit\/horses-t-shirt-competition-hexagon\",\"name\":\"HORSES T-Shirt Comp\u00e8tition \\\"Hexagon\\\" - Spirit of Polo - Spirit of Jumping\",\"isPartOf\":{\"@id\":\"https:\/\/www.spiritofpolo.com\/fr#website\"},\"datePublished\":\"2019-07-19T20:45:57+00:00\",\"dateModified\":\"2019-07-19T20:45:57+00:00\",\"breadcrumb\":{\"@id\":\"https:\/\/www.spiritofpolo.com\/fr\/produit\/horses-t-shirt-competition-hexagon#breadcrumb\"},\"inLanguage\":\"fr-FR\",\"potentialAction\":[{\"@type\":\"ReadAction\",\"target\":[\"https:\/\/www.spiritofpolo.com\/fr\/produit\/horses-t-shirt-competition-hexagon\"]}]},{\"@type\":\"BreadcrumbList\",\"@id\":\"https:\/\/www.spiritofpolo.com\/fr\/produit\/horses-t-shirt-competition-hexagon#breadcrumb\",\"itemListElement\":[{\"@type\":\"ListItem\",\"position\":1,\"name\":\"Home\",\"item\":\"https:\/\/www.spiritofpolo.com\/fr\"},{\"@type\":\"ListItem\",\"position\":2,\"name\":\"Boutique\",\"item\":\"https:\/\/www.spiritofpolo.com\/fr\/boutique\"},{\"@type\":\"ListItem\",\"position\":3,\"name\":\"HORSES T-Shirt Comp\u00e8tition &#8220;Hexagon&#8221;\"}]},{\"@type\":\"WebSite\",\"@id\":\"https:\/\/www.spiritofpolo.com\/fr#website\",\"url\":\"https:\/\/www.spiritofpolo.com\/fr\",\"name\":\"Spirit of Polo - Spirit of Jumping\",\"description\":\"Argentine Polo Products\",\"publisher\":{\"@id\":\"https:\/\/www.spiritofpolo.com\/fr#organization\"},\"potentialAction\":[{\"@type\":\"SearchAction\",\"target\":{\"@type\":\"EntryPoint\",\"urlTemplate\":\"https:\/\/www.spiritofpolo.com\/fr?s={search_term_string}\"},\"query-input\":\"required name=search_term_string\"}],\"inLanguage\":\"fr-FR\"},{\"@type\":\"Organization\",\"@id\":\"https:\/\/www.spiritofpolo.com\/fr#organization\",\"name\":\"Spirit of Polo - Spirit of Jumping\",\"url\":\"https:\/\/www.spiritofpolo.com\/fr\",\"logo\":{\"@type\":\"ImageObject\",\"inLanguage\":\"fr-FR\",\"@id\":\"https:\/\/www.spiritofpolo.com\/fr#\/schema\/logo\/image\/\",\"url\":\"\",\"contentUrl\":\"\",\"caption\":\"Spirit of Polo - Spirit of Jumping\"},\"image\":{\"@id\":\"https:\/\/www.spiritofpolo.com\/fr#\/schema\/logo\/image\/\"}}]}<\/script>\n<!-- \/ Yoast SEO plugin. -->","yoast_head_json":{"title":"HORSES T-Shirt Comp\u00e8tition \"Hexagon\" - Spirit of Polo - Spirit of Jumping","robots":{"index":"index","follow":"follow","max-snippet":"max-snippet:-1","max-image-preview":"max-image-preview:large","max-video-preview":"max-video-preview:-1"},"canonical":"https:\/\/www.spiritofpolo.com\/fr\/produit\/horses-t-shirt-competition-hexagon","og_locale":"fr_FR","og_type":"article","og_title":"HORSES T-Shirt Comp\u00e8tition \"Hexagon\" - Spirit of Polo - Spirit of Jumping","og_description":"R\u00e8alis\u00e8 en tissu tecnique elastique et a\u00e8r\u00e8, parfaite pour la saison d&rsquo;\u00e9t\u00e8. R\u00e8sente un dessin \u00e0 motifs g\u00e8om\u00e8trique et sur les hanches et \u00e0 hauteur des \u00e8poles, fermeture frontale avec des boutons avec brilliantes et logo imprim\u00e8 sur la manche. Disponible dans le classique couleure blanc","og_url":"https:\/\/www.spiritofpolo.com\/fr\/produit\/horses-t-shirt-competition-hexagon","og_site_name":"Spirit of Polo - Spirit of Jumping","og_image":[{"width":555,"height":710,"url":"https:\/\/www.spiritofpolo.com\/wp-content\/uploads\/Hexagon.jpg","type":"image\/jpeg"}],"twitter_card":"summary_large_image","schema":{"@context":"https:\/\/schema.org","@graph":[{"@type":"WebPage","@id":"https:\/\/www.spiritofpolo.com\/fr\/produit\/horses-t-shirt-competition-hexagon","url":"https:\/\/www.spiritofpolo.com\/fr\/produit\/horses-t-shirt-competition-hexagon","name":"HORSES T-Shirt Comp\u00e8tition \"Hexagon\" - Spirit of Polo - Spirit of Jumping","isPartOf":{"@id":"https:\/\/www.spiritofpolo.com\/fr#website"},"datePublished":"2019-07-19T20:45:57+00:00","dateModified":"2019-07-19T20:45:57+00:00","breadcrumb":{"@id":"https:\/\/www.spiritofpolo.com\/fr\/produit\/horses-t-shirt-competition-hexagon#breadcrumb"},"inLanguage":"fr-FR","potentialAction":[{"@type":"ReadAction","target":["https:\/\/www.spiritofpolo.com\/fr\/produit\/horses-t-shirt-competition-hexagon"]}]},{"@type":"BreadcrumbList","@id":"https:\/\/www.spiritofpolo.com\/fr\/produit\/horses-t-shirt-competition-hexagon#breadcrumb","itemListElement":[{"@type":"ListItem","position":1,"name":"Home","item":"https:\/\/www.spiritofpolo.com\/fr"},{"@type":"ListItem","position":2,"name":"Boutique","item":"https:\/\/www.spiritofpolo.com\/fr\/boutique"},{"@type":"ListItem","position":3,"name":"HORSES T-Shirt Comp\u00e8tition &#8220;Hexagon&#8221;"}]},{"@type":"WebSite","@id":"https:\/\/www.spiritofpolo.com\/fr#website","url":"https:\/\/www.spiritofpolo.com\/fr","name":"Spirit of Polo - Spirit of Jumping","description":"Argentine Polo Products","publisher":{"@id":"https:\/\/www.spiritofpolo.com\/fr#organization"},"potentialAction":[{"@type":"SearchAction","target":{"@type":"EntryPoint","urlTemplate":"https:\/\/www.spiritofpolo.com\/fr?s={search_term_string}"},"query-input":"required name=search_term_string"}],"inLanguage":"fr-FR"},{"@type":"Organization","@id":"https:\/\/www.spiritofpolo.com\/fr#organization","name":"Spirit of Polo - Spirit of Jumping","url":"https:\/\/www.spiritofpolo.com\/fr","logo":{"@type":"ImageObject","inLanguage":"fr-FR","@id":"https:\/\/www.spiritofpolo.com\/fr#\/schema\/logo\/image\/","url":"","contentUrl":"","caption":"Spirit of Polo - Spirit of Jumping"},"image":{"@id":"https:\/\/www.spiritofpolo.com\/fr#\/schema\/logo\/image\/"}}]}},"tiered_pricing_type":"fixed","tiered_pricing_fixed_rules":[],"tiered_pricing_product_settings":{"layout":"default","base_unit_name":{"singular":null,"plural":null},"default_variation":null},"tiered_pricing_minimum_quantity":null,"tiered_pricing_roles_data":[],"tiered_pricing_percentage_rules":[],"_links":{"self":[{"href":"https:\/\/www.spiritofpolo.com\/fr\/wp-json\/wp\/v2\/product\/9840"}],"collection":[{"href":"https:\/\/www.spiritofpolo.com\/fr\/wp-json\/wp\/v2\/product"}],"about":[{"href":"https:\/\/www.spiritofpolo.com\/fr\/wp-json\/wp\/v2\/types\/product"}],"replies":[{"embeddable":true,"href":"https:\/\/www.spiritofpolo.com\/fr\/wp-json\/wp\/v2\/comments?post=9840"}],"wp:featuredmedia":[{"embeddable":true,"href":"https:\/\/www.spiritofpolo.com\/fr\/wp-json\/wp\/v2\/media\/9837"}],"wp:attachment":[{"href":"https:\/\/www.spiritofpolo.com\/fr\/wp-json\/wp\/v2\/media?parent=9840"}],"wp:term":[{"taxonomy":"product_cat","embeddable":true,"href":"https:\/\/www.spiritofpolo.com\/fr\/wp-json\/wp\/v2\/product_cat?post=9840"},{"taxonomy":"product_tag","embeddable":true,"href":"https:\/\/www.spiritofpolo.com\/fr\/wp-json\/wp\/v2\/product_tag?post=9840"}],"curies":[{"name":"wp","href":"https:\/\/api.w.org\/{rel}","templated":true}]}}