{"id":9882,"date":"2019-07-19T21:25:11","date_gmt":"2019-07-19T21:25:11","guid":{"rendered":"https:\/\/spiritofpolo.com\/product\/horses-t-shirt-competition-m-l-soraya"},"modified":"2019-07-19T21:25:11","modified_gmt":"2019-07-19T21:25:11","slug":"horses-t-shirt-competition-m-l-soraya","status":"publish","type":"product","link":"https:\/\/www.spiritofpolo.com\/fr\/produit\/horses-t-shirt-competition-m-l-soraya","title":{"rendered":"HORSES T-Shirt Comp\u00e8tition M\/L \u00ab\u00a0Soraya\u00a0\u00bb"},"content":{"rendered":"<p>T-Shirt pour comp\u00e8tition Horses mod. Soraya.<\/p>\n<p>Avec manches longues et r\u00e8alis\u00e8 en tissu tecnique a\u00e8r\u00e8 et elastique. Avec col \u00e0 la cor\u00e8e et manches en coton, fermeture frontale \u00e0 boutons.<\/p>\n<p>Parfaite pour la moyenne saison, tissu en mesh fin longe toutes les manches que la rende encore plus a\u00e8r\u00e8. Disponible dans le couleures blanc<\/p>\n","protected":false},"excerpt":{"rendered":"<p>T-Shirt pour comp\u00e8tition Horses mod. Soraya. Avec manches longues et r\u00e8alis\u00e8 en tissu tecnique a\u00e8r\u00e8 et elastique. Avec col \u00e0 la cor\u00e8e et manches en coton, fermeture frontale \u00e0 boutons. Parfaite pour la moyenne saison, tissu en mesh fin longe toutes les manches que la rende encore plus a\u00e8r\u00e8. Disponible dans le couleures blanc<\/p>\n","protected":false},"featured_media":9876,"comment_status":"open","ping_status":"closed","template":"","meta":[],"product_cat":[2036,2032,2210,2045],"product_tag":[],"acf":[],"yoast_head":"<!-- This site is optimized with the Yoast SEO plugin v19.14 - https:\/\/yoast.com\/wordpress\/plugins\/seo\/ -->\n<title>HORSES T-Shirt Comp\u00e8tition M\/L &quot;Soraya&quot; - Spirit of Polo - Spirit of Jumping<\/title>\n<meta name=\"robots\" content=\"index, follow, max-snippet:-1, max-image-preview:large, max-video-preview:-1\" \/>\n<link rel=\"canonical\" href=\"https:\/\/www.spiritofpolo.com\/fr\/produit\/horses-t-shirt-competition-m-l-soraya\" \/>\n<meta property=\"og:locale\" content=\"fr_FR\" \/>\n<meta property=\"og:type\" content=\"article\" \/>\n<meta property=\"og:title\" content=\"HORSES T-Shirt Comp\u00e8tition M\/L &quot;Soraya&quot; - Spirit of Polo - Spirit of Jumping\" \/>\n<meta property=\"og:description\" content=\"T-Shirt pour comp\u00e8tition Horses mod. Soraya. Avec manches longues et r\u00e8alis\u00e8 en tissu tecnique a\u00e8r\u00e8 et elastique. Avec col \u00e0 la cor\u00e8e et manches en coton, fermeture frontale \u00e0 boutons. Parfaite pour la moyenne saison, tissu en mesh fin longe toutes les manches que la rende encore plus a\u00e8r\u00e8. Disponible dans le couleures blanc\" \/>\n<meta property=\"og:url\" content=\"https:\/\/www.spiritofpolo.com\/fr\/produit\/horses-t-shirt-competition-m-l-soraya\" \/>\n<meta property=\"og:site_name\" content=\"Spirit of Polo - Spirit of Jumping\" \/>\n<meta property=\"og:image\" content=\"https:\/\/www.spiritofpolo.com\/wp-content\/uploads\/Soraya-Camiseta.jpg\" \/>\n\t<meta property=\"og:image:width\" content=\"555\" \/>\n\t<meta property=\"og:image:height\" content=\"710\" \/>\n\t<meta property=\"og:image:type\" content=\"image\/jpeg\" \/>\n<meta name=\"twitter:card\" content=\"summary_large_image\" \/>\n<script type=\"application\/ld+json\" class=\"yoast-schema-graph\">{\"@context\":\"https:\/\/schema.org\",\"@graph\":[{\"@type\":\"WebPage\",\"@id\":\"https:\/\/www.spiritofpolo.com\/fr\/produit\/horses-t-shirt-competition-m-l-soraya\",\"url\":\"https:\/\/www.spiritofpolo.com\/fr\/produit\/horses-t-shirt-competition-m-l-soraya\",\"name\":\"HORSES T-Shirt Comp\u00e8tition M\/L \\\"Soraya\\\" - Spirit of Polo - Spirit of Jumping\",\"isPartOf\":{\"@id\":\"https:\/\/www.spiritofpolo.com\/fr#website\"},\"datePublished\":\"2019-07-19T21:25:11+00:00\",\"dateModified\":\"2019-07-19T21:25:11+00:00\",\"breadcrumb\":{\"@id\":\"https:\/\/www.spiritofpolo.com\/fr\/produit\/horses-t-shirt-competition-m-l-soraya#breadcrumb\"},\"inLanguage\":\"fr-FR\",\"potentialAction\":[{\"@type\":\"ReadAction\",\"target\":[\"https:\/\/www.spiritofpolo.com\/fr\/produit\/horses-t-shirt-competition-m-l-soraya\"]}]},{\"@type\":\"BreadcrumbList\",\"@id\":\"https:\/\/www.spiritofpolo.com\/fr\/produit\/horses-t-shirt-competition-m-l-soraya#breadcrumb\",\"itemListElement\":[{\"@type\":\"ListItem\",\"position\":1,\"name\":\"Home\",\"item\":\"https:\/\/www.spiritofpolo.com\/fr\"},{\"@type\":\"ListItem\",\"position\":2,\"name\":\"Boutique\",\"item\":\"https:\/\/www.spiritofpolo.com\/fr\/boutique\"},{\"@type\":\"ListItem\",\"position\":3,\"name\":\"HORSES T-Shirt Comp\u00e8tition M\/L &#8220;Soraya&#8221;\"}]},{\"@type\":\"WebSite\",\"@id\":\"https:\/\/www.spiritofpolo.com\/fr#website\",\"url\":\"https:\/\/www.spiritofpolo.com\/fr\",\"name\":\"Spirit of Polo - Spirit of Jumping\",\"description\":\"Argentine Polo Products\",\"publisher\":{\"@id\":\"https:\/\/www.spiritofpolo.com\/fr#organization\"},\"potentialAction\":[{\"@type\":\"SearchAction\",\"target\":{\"@type\":\"EntryPoint\",\"urlTemplate\":\"https:\/\/www.spiritofpolo.com\/fr?s={search_term_string}\"},\"query-input\":\"required name=search_term_string\"}],\"inLanguage\":\"fr-FR\"},{\"@type\":\"Organization\",\"@id\":\"https:\/\/www.spiritofpolo.com\/fr#organization\",\"name\":\"Spirit of Polo - Spirit of Jumping\",\"url\":\"https:\/\/www.spiritofpolo.com\/fr\",\"logo\":{\"@type\":\"ImageObject\",\"inLanguage\":\"fr-FR\",\"@id\":\"https:\/\/www.spiritofpolo.com\/fr#\/schema\/logo\/image\/\",\"url\":\"\",\"contentUrl\":\"\",\"caption\":\"Spirit of Polo - Spirit of Jumping\"},\"image\":{\"@id\":\"https:\/\/www.spiritofpolo.com\/fr#\/schema\/logo\/image\/\"}}]}<\/script>\n<!-- \/ Yoast SEO plugin. -->","yoast_head_json":{"title":"HORSES T-Shirt Comp\u00e8tition M\/L \"Soraya\" - Spirit of Polo - Spirit of Jumping","robots":{"index":"index","follow":"follow","max-snippet":"max-snippet:-1","max-image-preview":"max-image-preview:large","max-video-preview":"max-video-preview:-1"},"canonical":"https:\/\/www.spiritofpolo.com\/fr\/produit\/horses-t-shirt-competition-m-l-soraya","og_locale":"fr_FR","og_type":"article","og_title":"HORSES T-Shirt Comp\u00e8tition M\/L \"Soraya\" - Spirit of Polo - Spirit of Jumping","og_description":"T-Shirt pour comp\u00e8tition Horses mod. Soraya. Avec manches longues et r\u00e8alis\u00e8 en tissu tecnique a\u00e8r\u00e8 et elastique. Avec col \u00e0 la cor\u00e8e et manches en coton, fermeture frontale \u00e0 boutons. Parfaite pour la moyenne saison, tissu en mesh fin longe toutes les manches que la rende encore plus a\u00e8r\u00e8. Disponible dans le couleures blanc","og_url":"https:\/\/www.spiritofpolo.com\/fr\/produit\/horses-t-shirt-competition-m-l-soraya","og_site_name":"Spirit of Polo - Spirit of Jumping","og_image":[{"width":555,"height":710,"url":"https:\/\/www.spiritofpolo.com\/wp-content\/uploads\/Soraya-Camiseta.jpg","type":"image\/jpeg"}],"twitter_card":"summary_large_image","schema":{"@context":"https:\/\/schema.org","@graph":[{"@type":"WebPage","@id":"https:\/\/www.spiritofpolo.com\/fr\/produit\/horses-t-shirt-competition-m-l-soraya","url":"https:\/\/www.spiritofpolo.com\/fr\/produit\/horses-t-shirt-competition-m-l-soraya","name":"HORSES T-Shirt Comp\u00e8tition M\/L \"Soraya\" - Spirit of Polo - Spirit of Jumping","isPartOf":{"@id":"https:\/\/www.spiritofpolo.com\/fr#website"},"datePublished":"2019-07-19T21:25:11+00:00","dateModified":"2019-07-19T21:25:11+00:00","breadcrumb":{"@id":"https:\/\/www.spiritofpolo.com\/fr\/produit\/horses-t-shirt-competition-m-l-soraya#breadcrumb"},"inLanguage":"fr-FR","potentialAction":[{"@type":"ReadAction","target":["https:\/\/www.spiritofpolo.com\/fr\/produit\/horses-t-shirt-competition-m-l-soraya"]}]},{"@type":"BreadcrumbList","@id":"https:\/\/www.spiritofpolo.com\/fr\/produit\/horses-t-shirt-competition-m-l-soraya#breadcrumb","itemListElement":[{"@type":"ListItem","position":1,"name":"Home","item":"https:\/\/www.spiritofpolo.com\/fr"},{"@type":"ListItem","position":2,"name":"Boutique","item":"https:\/\/www.spiritofpolo.com\/fr\/boutique"},{"@type":"ListItem","position":3,"name":"HORSES T-Shirt Comp\u00e8tition M\/L &#8220;Soraya&#8221;"}]},{"@type":"WebSite","@id":"https:\/\/www.spiritofpolo.com\/fr#website","url":"https:\/\/www.spiritofpolo.com\/fr","name":"Spirit of Polo - Spirit of Jumping","description":"Argentine Polo Products","publisher":{"@id":"https:\/\/www.spiritofpolo.com\/fr#organization"},"potentialAction":[{"@type":"SearchAction","target":{"@type":"EntryPoint","urlTemplate":"https:\/\/www.spiritofpolo.com\/fr?s={search_term_string}"},"query-input":"required name=search_term_string"}],"inLanguage":"fr-FR"},{"@type":"Organization","@id":"https:\/\/www.spiritofpolo.com\/fr#organization","name":"Spirit of Polo - Spirit of Jumping","url":"https:\/\/www.spiritofpolo.com\/fr","logo":{"@type":"ImageObject","inLanguage":"fr-FR","@id":"https:\/\/www.spiritofpolo.com\/fr#\/schema\/logo\/image\/","url":"","contentUrl":"","caption":"Spirit of Polo - Spirit of Jumping"},"image":{"@id":"https:\/\/www.spiritofpolo.com\/fr#\/schema\/logo\/image\/"}}]}},"tiered_pricing_type":"fixed","tiered_pricing_fixed_rules":[],"tiered_pricing_product_settings":{"layout":"default","base_unit_name":{"singular":null,"plural":null},"default_variation":null},"tiered_pricing_minimum_quantity":null,"tiered_pricing_roles_data":[],"tiered_pricing_percentage_rules":[],"_links":{"self":[{"href":"https:\/\/www.spiritofpolo.com\/fr\/wp-json\/wp\/v2\/product\/9882"}],"collection":[{"href":"https:\/\/www.spiritofpolo.com\/fr\/wp-json\/wp\/v2\/product"}],"about":[{"href":"https:\/\/www.spiritofpolo.com\/fr\/wp-json\/wp\/v2\/types\/product"}],"replies":[{"embeddable":true,"href":"https:\/\/www.spiritofpolo.com\/fr\/wp-json\/wp\/v2\/comments?post=9882"}],"wp:featuredmedia":[{"embeddable":true,"href":"https:\/\/www.spiritofpolo.com\/fr\/wp-json\/wp\/v2\/media\/9876"}],"wp:attachment":[{"href":"https:\/\/www.spiritofpolo.com\/fr\/wp-json\/wp\/v2\/media?parent=9882"}],"wp:term":[{"taxonomy":"product_cat","embeddable":true,"href":"https:\/\/www.spiritofpolo.com\/fr\/wp-json\/wp\/v2\/product_cat?post=9882"},{"taxonomy":"product_tag","embeddable":true,"href":"https:\/\/www.spiritofpolo.com\/fr\/wp-json\/wp\/v2\/product_tag?post=9882"}],"curies":[{"name":"wp","href":"https:\/\/api.w.org\/{rel}","templated":true}]}}