{"id":62337,"date":"2022-09-28T14:50:05","date_gmt":"2022-09-28T14:50:05","guid":{"rendered":"https:\/\/www.spiritofpolo.com\/inicio"},"modified":"2022-09-28T15:41:13","modified_gmt":"2022-09-28T15:41:13","slug":"inicio","status":"publish","type":"page","link":"https:\/\/www.spiritofpolo.com\/pt-br","title":{"rendered":"INICIO"},"content":{"rendered":"<p>[vc_row container_wrap=&#8221;yes&#8221;][vc_column width=&#8221;1\/3&#8243;][laborator_image_banner image=&#8221;11712&#8243; img_size=&#8221;555&#215;710&#8243; is_category_link=&#8221;no&#8221; title=&#8221;Moda e estilo de vida&#8221; font_color=&#8221;#ffffff&#8221; href=&#8221;url:https%3A%2F%2Fwww.spiritofpolo.com%2Fgifts&#8221;][\/vc_column][vc_column width=&#8221;1\/3&#8243;][laborator_image_banner image=&#8221;11718&#8243; img_size=&#8221;555&#215;710&#8243; is_category_link=&#8221;no&#8221; title=&#8221;Hipismo&#8221; font_color=&#8221;#ffffff&#8221; href=&#8221;url:https%3A%2F%2Fwww.spiritofpolo.com%2Friding|||&#8221;][\/vc_column][vc_column width=&#8221;1\/3&#8243;][laborator_image_banner image=&#8221;491&#8243; img_size=&#8221;555&#215;710&#8243; is_category_link=&#8221;no&#8221; title=&#8221;Polo&#8221; font_color=&#8221;#ffffff&#8221; href=&#8221;url:https%3A%2F%2Fwww.spiritofpolo.com%2Fpolo|||&#8221;][\/vc_column][\/vc_row][vc_row full_width=&#8221;stretch_row_content_no_spaces&#8221; parallax=&#8221;content-moving-fade&#8221; css=&#8221;.vc_custom_1588088683206{background-color: #d7c44b !important;}&#8221;][vc_column][vc_column_text]<\/p>\n<p style=\"text-align: center;\"><span class=\"tlid-translation translation\" lang=\"en\" style=\"color: #1b2243;\"><span class=\"\" title=\"\">APOIAMOS O  <a style=\"color: #1b2243;\" href=\"https:\/\/www.instagram.com\/caballos_crre\/?hl=es-la\" target=\"_blank\" rel=\"noopener noreferrer\">CRRE &#8211; CENTRO DE RESGATE E RECUPERA\u00c7\u00c3O DE EQUINOS<\/a> &#8211; CONVIDAMOS VOC\u00ca A AJUDAR O SEU CLUBE OU FUNDA\u00c7\u00c3O DE CAVALOS PR\u00d3XIMOS! <\/span> <span class=\"\" title=\"\">OS CAVALOS PRECISAM DE VOC\u00ca<\/span><\/span><\/p>\n<p>&nbsp;<br \/>\n[\/vc_column_text][\/vc_column][\/vc_row][vc_row][vc_column][vc_row_inner][vc_column_inner][vc_column_text]<\/p>\n<p style=\"text-align: center;\">Si usted reside en ARGENTINA, haga click <a href=\"https:\/\/www.spiritofpolo.com.ar\/?lang=arg\" target=\"_blank\" rel=\"noopener noreferrer\">aqu\u00ed<\/a><\/p>\n<p>&nbsp;<br \/>\n[\/vc_column_text][\/vc_column_inner][\/vc_row_inner][\/vc_column][\/vc_row][vc_row][vc_column][laborator_heading title=&#8221;Tend\u00eancia&#8221; sub_title=&#8221;Produtos mais na moda&#8221; show_dash=&#8221;yes&#8221;][laborator_products_carousel columns=&#8221;4&#8243; products_query=&#8221;size:12|order_by:rand|post_type:product&#8221;][vc_text_separator title=&#8221;Somos Sociais&#8221; color=&#8221;black&#8221; style=&#8221;double-border-2&#8243; title_style=&#8221;squared-filled&#8221; title_text_color=&#8221;#ffffff&#8221;][vc_column_text][\/vc_column_text][\/vc_column][\/vc_row][vc_row container_wrap=&#8221;yes&#8221; full_width=&#8221;stretch_row&#8221;][vc_column][laborator_heading title=&#8221;Mais vendidos&#8221; sub_title=&#8221;Itens mais vendidos online&#8221; show_dash=&#8221;yes&#8221;][laborator_image_banner][laborator_products_carousel columns=&#8221;5&#8243; products_query=&#8221;size:12|order_by:rand|post_type:product&#8221;][\/vc_column][vc_column][laborator_heading title=&#8221;SPIRIT OF POLO TV&#8221; sub_title=&#8221;VIDEOS&#8221; icon=&#8221;video&#8221;][vc_row_inner][vc_column_inner width=&#8221;1\/3&#8243;][vc_video link=&#8221;https:\/\/www.youtube.com\/watch?v=4_WVyJ9Pikc&#8221;][\/vc_column_inner][vc_column_inner width=&#8221;1\/3&#8243;][vc_video link=&#8221;https:\/\/www.youtube.com\/watch?v=VJ9DMo1xQkg&#8221;][\/vc_column_inner][vc_column_inner width=&#8221;1\/3&#8243;][vc_video link=&#8221;https:\/\/www.youtube.com\/watch?v=fidp6e5u1I4&#8243;][\/vc_column_inner][\/vc_row_inner][vc_column_text]<br \/>\n[\/vc_column_text][\/vc_column][\/vc_row][vc_row][vc_column][vc_video link=&#8221;https:\/\/youtu.be\/m9LlGR1j2s4&#8243;][\/vc_column][\/vc_row]<\/p>\n","protected":false},"excerpt":{"rendered":"<p>[vc_row container_wrap=&#8221;yes&#8221;][vc_column width=&#8221;1\/3&#8243;][laborator_image_banner image=&#8221;11712&#8243; img_size=&#8221;555&#215;710&#8243; is_category_link=&#8221;no&#8221; title=&#8221;Moda e estilo de vida&#8221; font_color=&#8221;#ffffff&#8221; href=&#8221;url:https%3A%2F%2Fwww.spiritofpolo.com%2Fgifts&#8221;][\/vc_column][vc_column width=&#8221;1\/3&#8243;][laborator_image_banner image=&#8221;11718&#8243; img_size=&#8221;555&#215;710&#8243; is_category_link=&#8221;no&#8221; title=&#8221;Hipismo&#8221; font_color=&#8221;#ffffff&#8221; href=&#8221;url:https%3A%2F%2Fwww.spiritofpolo.com%2Friding|||&#8221;][\/vc_column][vc_column width=&#8221;1\/3&#8243;][laborator_image_banner image=&#8221;491&#8243; img_size=&#8221;555&#215;710&#8243; is_category_link=&#8221;no&#8221; title=&#8221;Polo&#8221; font_color=&#8221;#ffffff&#8221; href=&#8221;url:https%3A%2F%2Fwww.spiritofpolo.com%2Fpolo|||&#8221;][\/vc_column][\/vc_row][vc_row full_width=&#8221;stretch_row_content_no_spaces&#8221; parallax=&#8221;content-moving-fade&#8221; css=&#8221;.vc_custom_1588088683206{background-color: #d7c44b !important;}&#8221;][vc_column][vc_column_text] APOIAMOS O CRRE &#8211; CENTRO DE RESGATE E RECUPERA\u00c7\u00c3O DE EQUINOS &#8211; CONVIDAMOS VOC\u00ca A AJUDAR O SEU CLUBE OU FUNDA\u00c7\u00c3O DE CAVALOS PR\u00d3XIMOS! OS CAVALOS PRECISAM DE VOC\u00ca &nbsp; [\/vc_column_text][\/vc_column][\/vc_row][vc_row][vc_column][vc_row_inner][vc_column_inner][vc_column_text] Si usted reside en ARGENTINA, haga click aqu\u00ed &nbsp; [\/vc_column_text][\/vc_column_inner][\/vc_row_inner][\/vc_column][\/vc_row][vc_row][vc_column][laborator_heading title=&#8221;Tend\u00eancia&#8221; sub_title=&#8221;Produtos&hellip;<\/p>\n","protected":false},"author":1,"featured_media":0,"parent":0,"menu_order":0,"comment_status":"closed","ping_status":"closed","template":"","meta":[],"acf":[],"yoast_head":"<!-- This site is optimized with the Yoast SEO plugin v19.14 - https:\/\/yoast.com\/wordpress\/plugins\/seo\/ -->\n<title>Spirit of Polo I Spirit of Jumping :: Os melhores produtos ao melhor pre\u00e7o<\/title>\n<meta name=\"description\" content=\"Somos uma marca equestre internacional com sede na Argentina e na Fran\u00e7a. Nossa boutique online oferece todos os equipamentos de alta qualidade, para cavalo e para voc\u00ea. Visite-Nos!\" \/>\n<meta name=\"robots\" content=\"index, follow, max-snippet:-1, max-image-preview:large, max-video-preview:-1\" \/>\n<link rel=\"canonical\" href=\"https:\/\/www.spiritofpolo.com\/pt-br\" \/>\n<meta property=\"og:locale\" content=\"pt_BR\" \/>\n<meta property=\"og:type\" content=\"article\" \/>\n<meta property=\"og:title\" content=\"Spirit of Polo I Spirit of Jumping :: Os melhores produtos ao melhor pre\u00e7o\" \/>\n<meta property=\"og:description\" content=\"Somos uma marca equestre internacional com sede na Argentina e na Fran\u00e7a. Nossa boutique online oferece todos os equipamentos de alta qualidade, para cavalo e para voc\u00ea. Visite-Nos!\" \/>\n<meta property=\"og:url\" content=\"https:\/\/www.spiritofpolo.com\/pt-br\" \/>\n<meta property=\"og:site_name\" content=\"Spirit of Polo - Spirit of Jumping\" \/>\n<meta property=\"article:modified_time\" content=\"2022-09-28T15:41:13+00:00\" \/>\n<meta name=\"twitter:card\" content=\"summary_large_image\" \/>\n<meta name=\"twitter:label1\" content=\"Est. tempo de leitura\" \/>\n\t<meta name=\"twitter:data1\" content=\"2 minutos\" \/>\n<script type=\"application\/ld+json\" class=\"yoast-schema-graph\">{\"@context\":\"https:\/\/schema.org\",\"@graph\":[{\"@type\":\"WebPage\",\"@id\":\"https:\/\/www.spiritofpolo.com\/pt-br\",\"url\":\"https:\/\/www.spiritofpolo.com\/pt-br\",\"name\":\"Spirit of Polo I Spirit of Jumping :: Os melhores produtos ao melhor pre\u00e7o\",\"isPartOf\":{\"@id\":\"https:\/\/www.spiritofpolo.com\/pt-br#website\"},\"datePublished\":\"2022-09-28T14:50:05+00:00\",\"dateModified\":\"2022-09-28T15:41:13+00:00\",\"description\":\"Somos uma marca equestre internacional com sede na Argentina e na Fran\u00e7a. Nossa boutique online oferece todos os equipamentos de alta qualidade, para cavalo e para voc\u00ea. Visite-Nos!\",\"breadcrumb\":{\"@id\":\"https:\/\/www.spiritofpolo.com\/pt-br#breadcrumb\"},\"inLanguage\":\"pt-BR\",\"potentialAction\":[{\"@type\":\"ReadAction\",\"target\":[\"https:\/\/www.spiritofpolo.com\/pt-br\"]}]},{\"@type\":\"BreadcrumbList\",\"@id\":\"https:\/\/www.spiritofpolo.com\/pt-br#breadcrumb\",\"itemListElement\":[{\"@type\":\"ListItem\",\"position\":1,\"name\":\"Home\",\"item\":\"https:\/\/www.spiritofpolo.com\/pt-br\"},{\"@type\":\"ListItem\",\"position\":2,\"name\":\"INICIO\"}]},{\"@type\":\"WebSite\",\"@id\":\"https:\/\/www.spiritofpolo.com\/pt-br#website\",\"url\":\"https:\/\/www.spiritofpolo.com\/pt-br\",\"name\":\"Spirit of Polo - Spirit of Jumping\",\"description\":\"Argentine Polo Products\",\"publisher\":{\"@id\":\"https:\/\/www.spiritofpolo.com\/pt-br#organization\"},\"potentialAction\":[{\"@type\":\"SearchAction\",\"target\":{\"@type\":\"EntryPoint\",\"urlTemplate\":\"https:\/\/www.spiritofpolo.com\/pt-br?s={search_term_string}\"},\"query-input\":\"required name=search_term_string\"}],\"inLanguage\":\"pt-BR\"},{\"@type\":\"Organization\",\"@id\":\"https:\/\/www.spiritofpolo.com\/pt-br#organization\",\"name\":\"Spirit of Polo - Spirit of Jumping\",\"url\":\"https:\/\/www.spiritofpolo.com\/pt-br\",\"logo\":{\"@type\":\"ImageObject\",\"inLanguage\":\"pt-BR\",\"@id\":\"https:\/\/www.spiritofpolo.com\/pt-br#\/schema\/logo\/image\/\",\"url\":\"\",\"contentUrl\":\"\",\"caption\":\"Spirit of Polo - Spirit of Jumping\"},\"image\":{\"@id\":\"https:\/\/www.spiritofpolo.com\/pt-br#\/schema\/logo\/image\/\"}}]}<\/script>\n<!-- \/ Yoast SEO plugin. -->","yoast_head_json":{"title":"Spirit of Polo I Spirit of Jumping :: Os melhores produtos ao melhor pre\u00e7o","description":"Somos uma marca equestre internacional com sede na Argentina e na Fran\u00e7a. Nossa boutique online oferece todos os equipamentos de alta qualidade, para cavalo e para voc\u00ea. Visite-Nos!","robots":{"index":"index","follow":"follow","max-snippet":"max-snippet:-1","max-image-preview":"max-image-preview:large","max-video-preview":"max-video-preview:-1"},"canonical":"https:\/\/www.spiritofpolo.com\/pt-br","og_locale":"pt_BR","og_type":"article","og_title":"Spirit of Polo I Spirit of Jumping :: Os melhores produtos ao melhor pre\u00e7o","og_description":"Somos uma marca equestre internacional com sede na Argentina e na Fran\u00e7a. Nossa boutique online oferece todos os equipamentos de alta qualidade, para cavalo e para voc\u00ea. Visite-Nos!","og_url":"https:\/\/www.spiritofpolo.com\/pt-br","og_site_name":"Spirit of Polo - Spirit of Jumping","article_modified_time":"2022-09-28T15:41:13+00:00","twitter_card":"summary_large_image","twitter_misc":{"Est. tempo de leitura":"2 minutos"},"schema":{"@context":"https:\/\/schema.org","@graph":[{"@type":"WebPage","@id":"https:\/\/www.spiritofpolo.com\/pt-br","url":"https:\/\/www.spiritofpolo.com\/pt-br","name":"Spirit of Polo I Spirit of Jumping :: Os melhores produtos ao melhor pre\u00e7o","isPartOf":{"@id":"https:\/\/www.spiritofpolo.com\/pt-br#website"},"datePublished":"2022-09-28T14:50:05+00:00","dateModified":"2022-09-28T15:41:13+00:00","description":"Somos uma marca equestre internacional com sede na Argentina e na Fran\u00e7a. Nossa boutique online oferece todos os equipamentos de alta qualidade, para cavalo e para voc\u00ea. Visite-Nos!","breadcrumb":{"@id":"https:\/\/www.spiritofpolo.com\/pt-br#breadcrumb"},"inLanguage":"pt-BR","potentialAction":[{"@type":"ReadAction","target":["https:\/\/www.spiritofpolo.com\/pt-br"]}]},{"@type":"BreadcrumbList","@id":"https:\/\/www.spiritofpolo.com\/pt-br#breadcrumb","itemListElement":[{"@type":"ListItem","position":1,"name":"Home","item":"https:\/\/www.spiritofpolo.com\/pt-br"},{"@type":"ListItem","position":2,"name":"INICIO"}]},{"@type":"WebSite","@id":"https:\/\/www.spiritofpolo.com\/pt-br#website","url":"https:\/\/www.spiritofpolo.com\/pt-br","name":"Spirit of Polo - Spirit of Jumping","description":"Argentine Polo Products","publisher":{"@id":"https:\/\/www.spiritofpolo.com\/pt-br#organization"},"potentialAction":[{"@type":"SearchAction","target":{"@type":"EntryPoint","urlTemplate":"https:\/\/www.spiritofpolo.com\/pt-br?s={search_term_string}"},"query-input":"required name=search_term_string"}],"inLanguage":"pt-BR"},{"@type":"Organization","@id":"https:\/\/www.spiritofpolo.com\/pt-br#organization","name":"Spirit of Polo - Spirit of Jumping","url":"https:\/\/www.spiritofpolo.com\/pt-br","logo":{"@type":"ImageObject","inLanguage":"pt-BR","@id":"https:\/\/www.spiritofpolo.com\/pt-br#\/schema\/logo\/image\/","url":"","contentUrl":"","caption":"Spirit of Polo - Spirit of Jumping"},"image":{"@id":"https:\/\/www.spiritofpolo.com\/pt-br#\/schema\/logo\/image\/"}}]}},"_links":{"self":[{"href":"https:\/\/www.spiritofpolo.com\/pt-br\/wp-json\/wp\/v2\/pages\/62337"}],"collection":[{"href":"https:\/\/www.spiritofpolo.com\/pt-br\/wp-json\/wp\/v2\/pages"}],"about":[{"href":"https:\/\/www.spiritofpolo.com\/pt-br\/wp-json\/wp\/v2\/types\/page"}],"author":[{"embeddable":true,"href":"https:\/\/www.spiritofpolo.com\/pt-br\/wp-json\/wp\/v2\/users\/1"}],"replies":[{"embeddable":true,"href":"https:\/\/www.spiritofpolo.com\/pt-br\/wp-json\/wp\/v2\/comments?post=62337"}],"version-history":[{"count":10,"href":"https:\/\/www.spiritofpolo.com\/pt-br\/wp-json\/wp\/v2\/pages\/62337\/revisions"}],"predecessor-version":[{"id":62353,"href":"https:\/\/www.spiritofpolo.com\/pt-br\/wp-json\/wp\/v2\/pages\/62337\/revisions\/62353"}],"wp:attachment":[{"href":"https:\/\/www.spiritofpolo.com\/pt-br\/wp-json\/wp\/v2\/media?parent=62337"}],"curies":[{"name":"wp","href":"https:\/\/api.w.org\/{rel}","templated":true}]}}