{"id":62663,"date":"2022-09-29T13:02:20","date_gmt":"2022-09-29T13:02:20","guid":{"rendered":"https:\/\/www.spiritofpolo.com\/hipismo\/para-cavalo\/kits-para-cavalos"},"modified":"2022-09-29T13:02:20","modified_gmt":"2022-09-29T13:02:20","slug":"kits-para-cavalos","status":"publish","type":"page","link":"https:\/\/www.spiritofpolo.com\/pt-br\/hipismo\/para-cavalo\/kits-para-cavalos","title":{"rendered":"Kits para cavalos"},"content":{"rendered":"<p>[vc_row container_wrap=&#8221;yes&#8221; full_height=&#8221;yes&#8221;][vc_column]<div class=\"woocommerce columns-5 \"><ul class=\"products columns-5\">\n<li class=\"shop-item hover-effect-1 product type-product post-62744 status-publish instock product_cat-cavalo product_cat-kits-para-cavalos product_cat-para-montar has-post-thumbnail sale shipping-taxable purchasable product-type-simple\">\n            <div class=\"item-image\">\n\t\t\t<a href=\"https:\/\/www.spiritofpolo.com\/pt-br\/produto\/kit-cavalo-completo-salto-adestramento\" class=\"woocommerce-LoopProduct-link woocommerce-loop-product__link\"><span class=\"image-placeholder\" style=\"padding-bottom:133.333333%\" ><img width=\"300\" height=\"400\" class=\"attachment-woocommerce_thumbnail size-woocommerce_thumbnail lazyload\" alt=\"\" loading=\"lazy\" data-src=\"https:\/\/www.spiritofpolo.com\/wp-content\/uploads\/Sophie-Saddle_1-330x440.jpg\" \/><\/span><span class=\"image-placeholder shop-image\" style=\"padding-bottom:133.333333%\" ><img width=\"300\" height=\"400\" class=\"attachment-woocommerce_thumbnail size-woocommerce_thumbnail lazyload\" alt=\"\" loading=\"lazy\" data-src=\"https:\/\/www.spiritofpolo.com\/wp-content\/uploads\/IMG_2154-330x440.jpg\" \/><\/span><\/a>\n\t\t\t                <div class=\"bounce-loader\">\n                    <div class=\"loading loading-0\"><\/div>\n                    <div class=\"loading loading-1\"><\/div>\n                    <div class=\"loading loading-2\"><\/div>\n                <\/div>\n\t\t\t        <\/div>\n\t\t        <div class=\"item-info\">\n\t\t\t\n            <h3>\n                <a href=\"https:\/\/www.spiritofpolo.com\/pt-br\/produto\/kit-cavalo-completo-salto-adestramento\" target=\"_self\">Kit Cavalo Completo &#8211; Salto\/Adestramento<\/a>\n            <\/h3>\n\n\t\t\t                <span class=\"product-terms\">\n\t\t\t\t    <a href=\"https:\/\/www.spiritofpolo.com\/pt-br\/categoria-produto\/para-montar\/cavalo\" rel=\"tag\">Cavalo<\/a>, <a href=\"https:\/\/www.spiritofpolo.com\/pt-br\/categoria-produto\/para-montar\/cavalo\/kits-para-cavalos\" rel=\"tag\">Kits para cavalos<\/a>, <a href=\"https:\/\/www.spiritofpolo.com\/pt-br\/categoria-produto\/para-montar\" rel=\"tag\">PARA MONTAR<\/a>    \t\t\t<\/span>\n\t\t\t\n\t\t\t<span class=\"gtm4wp_productdata\" style=\"display:none; visibility:hidden;\" data-gtm4wp_product_data=\"{&quot;internal_id&quot;:62744,&quot;item_id&quot;:62744,&quot;item_name&quot;:&quot;Kit Cavalo Completo - Salto\\\/Adestramento&quot;,&quot;sku&quot;:62744,&quot;price&quot;:8372,&quot;stocklevel&quot;:null,&quot;stockstatus&quot;:&quot;instock&quot;,&quot;google_business_vertical&quot;:&quot;retail&quot;,&quot;item_category&quot;:&quot;PARA MONTAR&quot;,&quot;id&quot;:62744,&quot;productlink&quot;:&quot;https:\\\/\\\/www.spiritofpolo.com\\\/pt-br\\\/produto\\\/kit-cavalo-completo-salto-adestramento&quot;,&quot;item_list_name&quot;:&quot;General Product List&quot;,&quot;index&quot;:2,&quot;product_type&quot;:&quot;simple&quot;,&quot;item_brand&quot;:&quot;&quot;}\"><\/span>\n\t<span class=\"price\">\t\t<span class=\"tiered-pricing-dynamic-price-wrapper\"\n\t\t\t  data-display-context=\"shop-loop\"\n\t\t\t  data-price-type=\"no-rules\"\n\t\t\t  data-product-id=\"62744\"\n\t\t\t  data-parent-id=\"62744\">\n\t\t\t<del aria-hidden=\"true\"><span class=\"woocommerce-Price-amount amount\"><bdi><span class=\"woocommerce-Price-currencySymbol\">&#82;&#36;<\/span>9.074,00<\/bdi><\/span><\/del> <ins><span class=\"woocommerce-Price-amount amount\"><bdi><span class=\"woocommerce-Price-currencySymbol\">&#82;&#36;<\/span>8.372,00<\/bdi><\/span><\/ins><\/span><\/span>\n        <\/div>\n\t\t<\/li>\n<li class=\"shop-item hover-effect-1 product type-product post-62745 status-publish instock product_cat-cavalo product_cat-kits-para-cavalos product_cat-para-montar has-post-thumbnail sale shipping-taxable purchasable product-type-simple\">\n            <div class=\"item-image\">\n\t\t\t<a href=\"https:\/\/www.spiritofpolo.com\/pt-br\/produto\/kit-sela-salto-adestramento\" class=\"woocommerce-LoopProduct-link woocommerce-loop-product__link\"><span class=\"image-placeholder\" style=\"padding-bottom:133.333333%\" ><img width=\"300\" height=\"400\" class=\"attachment-woocommerce_thumbnail size-woocommerce_thumbnail lazyload\" alt=\"\" loading=\"lazy\" data-src=\"https:\/\/www.spiritofpolo.com\/wp-content\/uploads\/Sophie-Saddle_1-330x440.jpg\" \/><\/span><span class=\"image-placeholder shop-image\" style=\"padding-bottom:133.333333%\" ><img width=\"300\" height=\"400\" class=\"attachment-woocommerce_thumbnail size-woocommerce_thumbnail lazyload\" alt=\"\" loading=\"lazy\" data-src=\"https:\/\/www.spiritofpolo.com\/wp-content\/uploads\/IMG_2154-330x440.jpg\" \/><\/span><\/a>\n\t\t\t                <div class=\"bounce-loader\">\n                    <div class=\"loading loading-0\"><\/div>\n                    <div class=\"loading loading-1\"><\/div>\n                    <div class=\"loading loading-2\"><\/div>\n                <\/div>\n\t\t\t        <\/div>\n\t\t        <div class=\"item-info\">\n\t\t\t\n            <h3>\n                <a href=\"https:\/\/www.spiritofpolo.com\/pt-br\/produto\/kit-sela-salto-adestramento\" target=\"_self\">Kit Sela &#8211; Salto\/Adestramento<\/a>\n            <\/h3>\n\n\t\t\t                <span class=\"product-terms\">\n\t\t\t\t    <a href=\"https:\/\/www.spiritofpolo.com\/pt-br\/categoria-produto\/para-montar\/cavalo\" rel=\"tag\">Cavalo<\/a>, <a href=\"https:\/\/www.spiritofpolo.com\/pt-br\/categoria-produto\/para-montar\/cavalo\/kits-para-cavalos\" rel=\"tag\">Kits para cavalos<\/a>, <a href=\"https:\/\/www.spiritofpolo.com\/pt-br\/categoria-produto\/para-montar\" rel=\"tag\">PARA MONTAR<\/a>    \t\t\t<\/span>\n\t\t\t\n\t\t\t<span class=\"gtm4wp_productdata\" style=\"display:none; visibility:hidden;\" data-gtm4wp_product_data=\"{&quot;internal_id&quot;:62745,&quot;item_id&quot;:62745,&quot;item_name&quot;:&quot;Kit Sela - Salto\\\/Adestramento&quot;,&quot;sku&quot;:62745,&quot;price&quot;:7527,&quot;stocklevel&quot;:null,&quot;stockstatus&quot;:&quot;instock&quot;,&quot;google_business_vertical&quot;:&quot;retail&quot;,&quot;item_category&quot;:&quot;PARA MONTAR&quot;,&quot;id&quot;:62745,&quot;productlink&quot;:&quot;https:\\\/\\\/www.spiritofpolo.com\\\/pt-br\\\/produto\\\/kit-sela-salto-adestramento&quot;,&quot;item_list_name&quot;:&quot;General Product List&quot;,&quot;index&quot;:4,&quot;product_type&quot;:&quot;simple&quot;,&quot;item_brand&quot;:&quot;&quot;}\"><\/span>\n\t<span class=\"price\">\t\t<span class=\"tiered-pricing-dynamic-price-wrapper\"\n\t\t\t  data-display-context=\"shop-loop\"\n\t\t\t  data-price-type=\"no-rules\"\n\t\t\t  data-product-id=\"62745\"\n\t\t\t  data-parent-id=\"62745\">\n\t\t\t<del aria-hidden=\"true\"><span class=\"woocommerce-Price-amount amount\"><bdi><span class=\"woocommerce-Price-currencySymbol\">&#82;&#36;<\/span>8.268,00<\/bdi><\/span><\/del> <ins><span class=\"woocommerce-Price-amount amount\"><bdi><span class=\"woocommerce-Price-currencySymbol\">&#82;&#36;<\/span>7.527,00<\/bdi><\/span><\/ins><\/span><\/span>\n        <\/div>\n\t\t<\/li>\n<li class=\"shop-item hover-effect-1 product type-product post-62758 status-publish first instock product_cat-cavalo product_cat-kits-para-cavalo-polo product_cat-kits-para-cavalos product_cat-para-cavalo product_cat-para-montar product_cat-para-polo product_tag-bolsa-de-sela product_tag-kit-pt-br has-post-thumbnail sale shipping-taxable purchasable product-type-simple\">\n            <div class=\"item-image\">\n\t\t\t<a href=\"https:\/\/www.spiritofpolo.com\/pt-br\/produto\/kit-de-sela-polo-bola-de-cavalo-equitacao\" class=\"woocommerce-LoopProduct-link woocommerce-loop-product__link\"><span class=\"image-placeholder\" style=\"padding-bottom:133.333333%\" ><img width=\"300\" height=\"400\" class=\"attachment-woocommerce_thumbnail size-woocommerce_thumbnail lazyload\" alt=\"\" loading=\"lazy\" data-src=\"https:\/\/www.spiritofpolo.com\/wp-content\/uploads\/2015\/10\/kit_montura-330x440.jpg\" \/><\/span><span class=\"image-placeholder shop-image\" style=\"padding-bottom:133.333333%\" ><img width=\"300\" height=\"400\" class=\"attachment-woocommerce_thumbnail size-woocommerce_thumbnail lazyload\" alt=\"\" loading=\"lazy\" data-src=\"https:\/\/www.spiritofpolo.com\/wp-content\/uploads\/Montura-Polo-Negra-1-330x440.jpg\" \/><\/span><\/a>\n\t\t\t                <div class=\"bounce-loader\">\n                    <div class=\"loading loading-0\"><\/div>\n                    <div class=\"loading loading-1\"><\/div>\n                    <div class=\"loading loading-2\"><\/div>\n                <\/div>\n\t\t\t        <\/div>\n\t\t        <div class=\"item-info\">\n\t\t\t\n            <h3>\n                <a href=\"https:\/\/www.spiritofpolo.com\/pt-br\/produto\/kit-de-sela-polo-bola-de-cavalo-equitacao\" target=\"_self\">Kit de sela &#8211; p\u00f3lo, bola de cavalo, equita\u00e7\u00e3o<\/a>\n            <\/h3>\n\n\t\t\t                <span class=\"product-terms\">\n\t\t\t\t    <a href=\"https:\/\/www.spiritofpolo.com\/pt-br\/categoria-produto\/para-montar\/cavalo\" rel=\"tag\">Cavalo<\/a>, <a href=\"https:\/\/www.spiritofpolo.com\/pt-br\/categoria-produto\/para-polo\/para-cavalo\/kits-para-cavalo-polo\" rel=\"tag\">Kits para Cavalo\/Polo<\/a>, <a href=\"https:\/\/www.spiritofpolo.com\/pt-br\/categoria-produto\/para-montar\/cavalo\/kits-para-cavalos\" rel=\"tag\">Kits para cavalos<\/a>, <a href=\"https:\/\/www.spiritofpolo.com\/pt-br\/categoria-produto\/para-polo\/para-cavalo\" rel=\"tag\">Para Cavalo<\/a>, <a href=\"https:\/\/www.spiritofpolo.com\/pt-br\/categoria-produto\/para-montar\" rel=\"tag\">PARA MONTAR<\/a>, <a href=\"https:\/\/www.spiritofpolo.com\/pt-br\/categoria-produto\/para-polo\" rel=\"tag\">PARA P\u00d3LO<\/a>    \t\t\t<\/span>\n\t\t\t\n\t\t\t<span class=\"gtm4wp_productdata\" style=\"display:none; visibility:hidden;\" data-gtm4wp_product_data=\"{&quot;internal_id&quot;:62758,&quot;item_id&quot;:62758,&quot;item_name&quot;:&quot;Kit de sela - p\\u00f3lo, bola de cavalo, equita\\u00e7\\u00e3o&quot;,&quot;sku&quot;:62758,&quot;price&quot;:7969,&quot;stocklevel&quot;:null,&quot;stockstatus&quot;:&quot;instock&quot;,&quot;google_business_vertical&quot;:&quot;retail&quot;,&quot;item_category&quot;:&quot;PARA P\\u00d3LO&quot;,&quot;id&quot;:62758,&quot;productlink&quot;:&quot;https:\\\/\\\/www.spiritofpolo.com\\\/pt-br\\\/produto\\\/kit-de-sela-polo-bola-de-cavalo-equitacao&quot;,&quot;item_list_name&quot;:&quot;General Product List&quot;,&quot;index&quot;:6,&quot;product_type&quot;:&quot;simple&quot;,&quot;item_brand&quot;:&quot;&quot;}\"><\/span>\n\t<span class=\"price\">\t\t<span class=\"tiered-pricing-dynamic-price-wrapper\"\n\t\t\t  data-display-context=\"shop-loop\"\n\t\t\t  data-price-type=\"no-rules\"\n\t\t\t  data-product-id=\"62758\"\n\t\t\t  data-parent-id=\"62758\">\n\t\t\t<del aria-hidden=\"true\"><span class=\"woocommerce-Price-amount amount\"><bdi><span class=\"woocommerce-Price-currencySymbol\">&#82;&#36;<\/span>8.385,00<\/bdi><\/span><\/del> <ins><span class=\"woocommerce-Price-amount amount\"><bdi><span class=\"woocommerce-Price-currencySymbol\">&#82;&#36;<\/span>7.969,00<\/bdi><\/span><\/ins><\/span><\/span>\n        <\/div>\n\t\t<\/li>\n<li class=\"shop-item hover-effect-1 product type-product post-62760 status-publish instock product_cat-cavalo product_cat-kits-para-cavalo-polo product_cat-kits-para-cavalos product_cat-para-cavalo product_cat-para-montar product_cat-para-polo product_tag-horse-pt-br product_tag-kit-pt-br has-post-thumbnail sale shipping-taxable purchasable product-type-simple\">\n            <div class=\"item-image\">\n\t\t\t<a href=\"https:\/\/www.spiritofpolo.com\/pt-br\/produto\/kit-cavalo-completo-polo-horse-ball-equitacao\" class=\"woocommerce-LoopProduct-link woocommerce-loop-product__link\"><span class=\"image-placeholder\" style=\"padding-bottom:133.333333%\" ><img width=\"300\" height=\"400\" class=\"attachment-woocommerce_thumbnail size-woocommerce_thumbnail lazyload\" alt=\"\" loading=\"lazy\" data-src=\"https:\/\/www.spiritofpolo.com\/wp-content\/uploads\/2015\/10\/kit_horse-330x440.jpg\" \/><\/span><span class=\"image-placeholder shop-image\" style=\"padding-bottom:133.333333%\" ><img width=\"300\" height=\"400\" class=\"attachment-woocommerce_thumbnail size-woocommerce_thumbnail lazyload\" alt=\"\" loading=\"lazy\" srcset=\"https:\/\/www.spiritofpolo.com\/wp-content\/uploads\/2019\/02\/IMG_1030-330x440.jpg 330w, https:\/\/www.spiritofpolo.com\/wp-content\/uploads\/2019\/02\/IMG_1030-225x300.jpg 225w, https:\/\/www.spiritofpolo.com\/wp-content\/uploads\/2019\/02\/IMG_1030.jpg 480w\" sizes=\"(max-width: 300px) 100vw, 300px\" data-src=\"https:\/\/www.spiritofpolo.com\/wp-content\/uploads\/2019\/02\/IMG_1030-330x440.jpg\" \/><\/span><\/a>\n\t\t\t                <div class=\"bounce-loader\">\n                    <div class=\"loading loading-0\"><\/div>\n                    <div class=\"loading loading-1\"><\/div>\n                    <div class=\"loading loading-2\"><\/div>\n                <\/div>\n\t\t\t        <\/div>\n\t\t        <div class=\"item-info\">\n\t\t\t\n            <h3>\n                <a href=\"https:\/\/www.spiritofpolo.com\/pt-br\/produto\/kit-cavalo-completo-polo-horse-ball-equitacao\" target=\"_self\">Kit Cavalo Completo &#8211; Polo, Horse Ball, Equita\u00e7\u00e3o<\/a>\n            <\/h3>\n\n\t\t\t                <span class=\"product-terms\">\n\t\t\t\t    <a href=\"https:\/\/www.spiritofpolo.com\/pt-br\/categoria-produto\/para-montar\/cavalo\" rel=\"tag\">Cavalo<\/a>, <a href=\"https:\/\/www.spiritofpolo.com\/pt-br\/categoria-produto\/para-polo\/para-cavalo\/kits-para-cavalo-polo\" rel=\"tag\">Kits para Cavalo\/Polo<\/a>, <a href=\"https:\/\/www.spiritofpolo.com\/pt-br\/categoria-produto\/para-montar\/cavalo\/kits-para-cavalos\" rel=\"tag\">Kits para cavalos<\/a>, <a href=\"https:\/\/www.spiritofpolo.com\/pt-br\/categoria-produto\/para-polo\/para-cavalo\" rel=\"tag\">Para Cavalo<\/a>, <a href=\"https:\/\/www.spiritofpolo.com\/pt-br\/categoria-produto\/para-montar\" rel=\"tag\">PARA MONTAR<\/a>, <a href=\"https:\/\/www.spiritofpolo.com\/pt-br\/categoria-produto\/para-polo\" rel=\"tag\">PARA P\u00d3LO<\/a>    \t\t\t<\/span>\n\t\t\t\n\t\t\t<span class=\"gtm4wp_productdata\" style=\"display:none; visibility:hidden;\" data-gtm4wp_product_data=\"{&quot;internal_id&quot;:62760,&quot;item_id&quot;:62760,&quot;item_name&quot;:&quot;Kit Cavalo Completo - Polo, Horse Ball, Equita\\u00e7\\u00e3o&quot;,&quot;sku&quot;:62760,&quot;price&quot;:10452,&quot;stocklevel&quot;:null,&quot;stockstatus&quot;:&quot;instock&quot;,&quot;google_business_vertical&quot;:&quot;retail&quot;,&quot;item_category&quot;:&quot;PARA P\\u00d3LO&quot;,&quot;id&quot;:62760,&quot;productlink&quot;:&quot;https:\\\/\\\/www.spiritofpolo.com\\\/pt-br\\\/produto\\\/kit-cavalo-completo-polo-horse-ball-equitacao&quot;,&quot;item_list_name&quot;:&quot;General Product List&quot;,&quot;index&quot;:8,&quot;product_type&quot;:&quot;simple&quot;,&quot;item_brand&quot;:&quot;&quot;}\"><\/span>\n\t<span class=\"price\">\t\t<span class=\"tiered-pricing-dynamic-price-wrapper\"\n\t\t\t  data-display-context=\"shop-loop\"\n\t\t\t  data-price-type=\"no-rules\"\n\t\t\t  data-product-id=\"62760\"\n\t\t\t  data-parent-id=\"62760\">\n\t\t\t<del aria-hidden=\"true\"><span class=\"woocommerce-Price-amount amount\"><bdi><span class=\"woocommerce-Price-currencySymbol\">&#82;&#36;<\/span>11.609,00<\/bdi><\/span><\/del> <ins><span class=\"woocommerce-Price-amount amount\"><bdi><span class=\"woocommerce-Price-currencySymbol\">&#82;&#36;<\/span>10.452,00<\/bdi><\/span><\/ins><\/span><\/span>\n        <\/div>\n\t\t<\/li>\n<\/ul>\n<\/div>[\/vc_column][\/vc_row]<\/p>\n","protected":false},"excerpt":{"rendered":"<p>[vc_row container_wrap=&#8221;yes&#8221; full_height=&#8221;yes&#8221;][vc_column][\/vc_column][\/vc_row]<\/p>\n","protected":false},"author":1,"featured_media":0,"parent":62632,"menu_order":0,"comment_status":"closed","ping_status":"closed","template":"","meta":[],"acf":[],"yoast_head":"<!-- This site is optimized with the Yoast SEO plugin v19.14 - https:\/\/yoast.com\/wordpress\/plugins\/seo\/ -->\n<title>Kits para cavalos - Spirit of Polo - Spirit of Jumping<\/title>\n<meta name=\"robots\" content=\"index, follow, max-snippet:-1, max-image-preview:large, max-video-preview:-1\" \/>\n<link rel=\"canonical\" href=\"https:\/\/www.spiritofpolo.com\/pt-br\/hipismo\/para-cavalo\/kits-para-cavalos\" \/>\n<meta property=\"og:locale\" content=\"pt_BR\" \/>\n<meta property=\"og:type\" content=\"article\" \/>\n<meta property=\"og:title\" content=\"Kits para cavalos - Spirit of Polo - Spirit of Jumping\" \/>\n<meta property=\"og:description\" content=\"[vc_row container_wrap=&#8221;yes&#8221; full_height=&#8221;yes&#8221;][vc_column][\/vc_column][\/vc_row]\" \/>\n<meta property=\"og:url\" content=\"https:\/\/www.spiritofpolo.com\/pt-br\/hipismo\/para-cavalo\/kits-para-cavalos\" \/>\n<meta property=\"og:site_name\" content=\"Spirit of Polo - Spirit of Jumping\" \/>\n<meta name=\"twitter:card\" content=\"summary_large_image\" \/>\n<script type=\"application\/ld+json\" class=\"yoast-schema-graph\">{\"@context\":\"https:\/\/schema.org\",\"@graph\":[{\"@type\":\"WebPage\",\"@id\":\"https:\/\/www.spiritofpolo.com\/pt-br\/hipismo\/para-cavalo\/kits-para-cavalos\",\"url\":\"https:\/\/www.spiritofpolo.com\/pt-br\/hipismo\/para-cavalo\/kits-para-cavalos\",\"name\":\"Kits para cavalos - Spirit of Polo - Spirit of Jumping\",\"isPartOf\":{\"@id\":\"https:\/\/www.spiritofpolo.com\/pt-br#website\"},\"datePublished\":\"2022-09-29T13:02:20+00:00\",\"dateModified\":\"2022-09-29T13:02:20+00:00\",\"breadcrumb\":{\"@id\":\"https:\/\/www.spiritofpolo.com\/pt-br\/hipismo\/para-cavalo\/kits-para-cavalos#breadcrumb\"},\"inLanguage\":\"pt-BR\",\"potentialAction\":[{\"@type\":\"ReadAction\",\"target\":[\"https:\/\/www.spiritofpolo.com\/pt-br\/hipismo\/para-cavalo\/kits-para-cavalos\"]}]},{\"@type\":\"BreadcrumbList\",\"@id\":\"https:\/\/www.spiritofpolo.com\/pt-br\/hipismo\/para-cavalo\/kits-para-cavalos#breadcrumb\",\"itemListElement\":[{\"@type\":\"ListItem\",\"position\":1,\"name\":\"Home\",\"item\":\"https:\/\/www.spiritofpolo.com\/pt-br\"},{\"@type\":\"ListItem\",\"position\":2,\"name\":\"Hipismo\",\"item\":\"https:\/\/www.spiritofpolo.com\/pt-br\/riding\"},{\"@type\":\"ListItem\",\"position\":3,\"name\":\"Para Cavalo\",\"item\":\"https:\/\/www.spiritofpolo.com\/pt-br\/riding\/for-horse\"},{\"@type\":\"ListItem\",\"position\":4,\"name\":\"Kits para cavalos\"}]},{\"@type\":\"WebSite\",\"@id\":\"https:\/\/www.spiritofpolo.com\/pt-br#website\",\"url\":\"https:\/\/www.spiritofpolo.com\/pt-br\",\"name\":\"Spirit of Polo - Spirit of Jumping\",\"description\":\"Argentine Polo Products\",\"publisher\":{\"@id\":\"https:\/\/www.spiritofpolo.com\/pt-br#organization\"},\"potentialAction\":[{\"@type\":\"SearchAction\",\"target\":{\"@type\":\"EntryPoint\",\"urlTemplate\":\"https:\/\/www.spiritofpolo.com\/pt-br?s={search_term_string}\"},\"query-input\":\"required name=search_term_string\"}],\"inLanguage\":\"pt-BR\"},{\"@type\":\"Organization\",\"@id\":\"https:\/\/www.spiritofpolo.com\/pt-br#organization\",\"name\":\"Spirit of Polo - Spirit of Jumping\",\"url\":\"https:\/\/www.spiritofpolo.com\/pt-br\",\"logo\":{\"@type\":\"ImageObject\",\"inLanguage\":\"pt-BR\",\"@id\":\"https:\/\/www.spiritofpolo.com\/pt-br#\/schema\/logo\/image\/\",\"url\":\"\",\"contentUrl\":\"\",\"caption\":\"Spirit of Polo - Spirit of Jumping\"},\"image\":{\"@id\":\"https:\/\/www.spiritofpolo.com\/pt-br#\/schema\/logo\/image\/\"}}]}<\/script>\n<!-- \/ Yoast SEO plugin. -->","yoast_head_json":{"title":"Kits para cavalos - Spirit of Polo - Spirit of Jumping","robots":{"index":"index","follow":"follow","max-snippet":"max-snippet:-1","max-image-preview":"max-image-preview:large","max-video-preview":"max-video-preview:-1"},"canonical":"https:\/\/www.spiritofpolo.com\/pt-br\/hipismo\/para-cavalo\/kits-para-cavalos","og_locale":"pt_BR","og_type":"article","og_title":"Kits para cavalos - Spirit of Polo - Spirit of Jumping","og_description":"[vc_row container_wrap=&#8221;yes&#8221; full_height=&#8221;yes&#8221;][vc_column][\/vc_column][\/vc_row]","og_url":"https:\/\/www.spiritofpolo.com\/pt-br\/hipismo\/para-cavalo\/kits-para-cavalos","og_site_name":"Spirit of Polo - Spirit of Jumping","twitter_card":"summary_large_image","schema":{"@context":"https:\/\/schema.org","@graph":[{"@type":"WebPage","@id":"https:\/\/www.spiritofpolo.com\/pt-br\/hipismo\/para-cavalo\/kits-para-cavalos","url":"https:\/\/www.spiritofpolo.com\/pt-br\/hipismo\/para-cavalo\/kits-para-cavalos","name":"Kits para cavalos - Spirit of Polo - Spirit of Jumping","isPartOf":{"@id":"https:\/\/www.spiritofpolo.com\/pt-br#website"},"datePublished":"2022-09-29T13:02:20+00:00","dateModified":"2022-09-29T13:02:20+00:00","breadcrumb":{"@id":"https:\/\/www.spiritofpolo.com\/pt-br\/hipismo\/para-cavalo\/kits-para-cavalos#breadcrumb"},"inLanguage":"pt-BR","potentialAction":[{"@type":"ReadAction","target":["https:\/\/www.spiritofpolo.com\/pt-br\/hipismo\/para-cavalo\/kits-para-cavalos"]}]},{"@type":"BreadcrumbList","@id":"https:\/\/www.spiritofpolo.com\/pt-br\/hipismo\/para-cavalo\/kits-para-cavalos#breadcrumb","itemListElement":[{"@type":"ListItem","position":1,"name":"Home","item":"https:\/\/www.spiritofpolo.com\/pt-br"},{"@type":"ListItem","position":2,"name":"Hipismo","item":"https:\/\/www.spiritofpolo.com\/pt-br\/riding"},{"@type":"ListItem","position":3,"name":"Para Cavalo","item":"https:\/\/www.spiritofpolo.com\/pt-br\/riding\/for-horse"},{"@type":"ListItem","position":4,"name":"Kits para cavalos"}]},{"@type":"WebSite","@id":"https:\/\/www.spiritofpolo.com\/pt-br#website","url":"https:\/\/www.spiritofpolo.com\/pt-br","name":"Spirit of Polo - Spirit of Jumping","description":"Argentine Polo Products","publisher":{"@id":"https:\/\/www.spiritofpolo.com\/pt-br#organization"},"potentialAction":[{"@type":"SearchAction","target":{"@type":"EntryPoint","urlTemplate":"https:\/\/www.spiritofpolo.com\/pt-br?s={search_term_string}"},"query-input":"required name=search_term_string"}],"inLanguage":"pt-BR"},{"@type":"Organization","@id":"https:\/\/www.spiritofpolo.com\/pt-br#organization","name":"Spirit of Polo - Spirit of Jumping","url":"https:\/\/www.spiritofpolo.com\/pt-br","logo":{"@type":"ImageObject","inLanguage":"pt-BR","@id":"https:\/\/www.spiritofpolo.com\/pt-br#\/schema\/logo\/image\/","url":"","contentUrl":"","caption":"Spirit of Polo - Spirit of Jumping"},"image":{"@id":"https:\/\/www.spiritofpolo.com\/pt-br#\/schema\/logo\/image\/"}}]}},"_links":{"self":[{"href":"https:\/\/www.spiritofpolo.com\/pt-br\/wp-json\/wp\/v2\/pages\/62663"}],"collection":[{"href":"https:\/\/www.spiritofpolo.com\/pt-br\/wp-json\/wp\/v2\/pages"}],"about":[{"href":"https:\/\/www.spiritofpolo.com\/pt-br\/wp-json\/wp\/v2\/types\/page"}],"author":[{"embeddable":true,"href":"https:\/\/www.spiritofpolo.com\/pt-br\/wp-json\/wp\/v2\/users\/1"}],"replies":[{"embeddable":true,"href":"https:\/\/www.spiritofpolo.com\/pt-br\/wp-json\/wp\/v2\/comments?post=62663"}],"version-history":[{"count":1,"href":"https:\/\/www.spiritofpolo.com\/pt-br\/wp-json\/wp\/v2\/pages\/62663\/revisions"}],"predecessor-version":[{"id":62664,"href":"https:\/\/www.spiritofpolo.com\/pt-br\/wp-json\/wp\/v2\/pages\/62663\/revisions\/62664"}],"up":[{"embeddable":true,"href":"https:\/\/www.spiritofpolo.com\/pt-br\/wp-json\/wp\/v2\/pages\/62632"}],"wp:attachment":[{"href":"https:\/\/www.spiritofpolo.com\/pt-br\/wp-json\/wp\/v2\/media?parent=62663"}],"curies":[{"name":"wp","href":"https:\/\/api.w.org\/{rel}","templated":true}]}}