{"id":62755,"date":"2022-09-29T21:21:34","date_gmt":"2022-09-29T21:21:34","guid":{"rendered":"https:\/\/www.spiritofpolo.com\/viagem-e-treinamento\/treinamento-para-clubes"},"modified":"2022-09-29T21:21:34","modified_gmt":"2022-09-29T21:21:34","slug":"treinamento-para-clubes","status":"publish","type":"page","link":"https:\/\/www.spiritofpolo.com\/pt-br\/polo\/viagem-e-treinamento\/treinamento-para-clubes","title":{"rendered":"Treinamento para clubes"},"content":{"rendered":"<p>[vc_row container_wrap=&#8221;yes&#8221; full_height=&#8221;yes&#8221;][vc_column]<div class=\"woocommerce columns-5 \"><ul class=\"products columns-5\">\n<li class=\"shop-item hover-effect-1 product type-product post-62764 status-publish instock product_cat-treinamento-para-clubes has-post-thumbnail shipping-taxable product-type-simple\">\n            <div class=\"item-image\">\n\t\t\t<a href=\"https:\/\/www.spiritofpolo.com\/pt-br\/produto\/formacao-de-instrutores-de-polo-para-criancas\" class=\"woocommerce-LoopProduct-link woocommerce-loop-product__link\"><span class=\"image-placeholder\" style=\"padding-bottom:111.666667%\" ><img width=\"300\" height=\"335\" class=\"attachment-woocommerce_thumbnail size-woocommerce_thumbnail lazyload\" alt=\"\" loading=\"lazy\" data-src=\"https:\/\/www.spiritofpolo.com\/wp-content\/uploads\/2016\/10\/1er-match-26-330x368.jpg\" \/><\/span><span class=\"image-placeholder shop-image\" style=\"padding-bottom:133.333333%\" ><img width=\"300\" height=\"400\" class=\"attachment-woocommerce_thumbnail size-woocommerce_thumbnail lazyload\" alt=\"\" loading=\"lazy\" srcset=\"https:\/\/www.spiritofpolo.com\/wp-content\/uploads\/2016\/10\/children_polo_2-330x440.jpg 330w, https:\/\/www.spiritofpolo.com\/wp-content\/uploads\/2016\/10\/children_polo_2-600x799.jpg 600w, https:\/\/www.spiritofpolo.com\/wp-content\/uploads\/2016\/10\/children_polo_2-225x300.jpg 225w, https:\/\/www.spiritofpolo.com\/wp-content\/uploads\/2016\/10\/children_polo_2.jpg 638w\" sizes=\"(max-width: 300px) 100vw, 300px\" data-src=\"https:\/\/www.spiritofpolo.com\/wp-content\/uploads\/2016\/10\/children_polo_2-330x440.jpg\" \/><\/span><\/a>\n\t\t\t                <div class=\"bounce-loader\">\n                    <div class=\"loading loading-0\"><\/div>\n                    <div class=\"loading loading-1\"><\/div>\n                    <div class=\"loading loading-2\"><\/div>\n                <\/div>\n\t\t\t        <\/div>\n\t\t        <div class=\"item-info\">\n\t\t\t\n            <h3>\n                <a href=\"https:\/\/www.spiritofpolo.com\/pt-br\/produto\/formacao-de-instrutores-de-polo-para-criancas\" target=\"_self\">Forma\u00e7\u00e3o de instrutores de p\u00f3lo para crian\u00e7as<\/a>\n            <\/h3>\n\n\t\t\t                <span class=\"product-terms\">\n\t\t\t\t    <a href=\"https:\/\/www.spiritofpolo.com\/pt-br\/categoria-produto\/viagem-e-treinamento\/treinamento-para-clubes\" rel=\"tag\">Treinamento para clubes<\/a>    \t\t\t<\/span>\n\t\t\t\n\t\t\t<span class=\"gtm4wp_productdata\" style=\"display:none; visibility:hidden;\" data-gtm4wp_product_data=\"{&quot;internal_id&quot;:62764,&quot;item_id&quot;:62764,&quot;item_name&quot;:&quot;Forma\\u00e7\\u00e3o de instrutores de p\\u00f3lo para crian\\u00e7as&quot;,&quot;sku&quot;:62764,&quot;price&quot;:0,&quot;stocklevel&quot;:null,&quot;stockstatus&quot;:&quot;instock&quot;,&quot;google_business_vertical&quot;:&quot;retail&quot;,&quot;item_category&quot;:&quot;Treinamento para clubes&quot;,&quot;id&quot;:62764,&quot;productlink&quot;:&quot;https:\\\/\\\/www.spiritofpolo.com\\\/pt-br\\\/produto\\\/formacao-de-instrutores-de-polo-para-criancas&quot;,&quot;item_list_name&quot;:&quot;General Product List&quot;,&quot;index&quot;:2,&quot;product_type&quot;:&quot;simple&quot;,&quot;item_brand&quot;:&quot;&quot;}\"><\/span>\n\t<span class=\"price\">\t\t<span class=\"tiered-pricing-dynamic-price-wrapper\"\n\t\t\t  data-display-context=\"shop-loop\"\n\t\t\t  data-price-type=\"no-rules\"\n\t\t\t  data-product-id=\"62764\"\n\t\t\t  data-parent-id=\"62764\">\n\t\t\t<strong>Call for Price<\/strong><\/span><\/span>\n        <\/div>\n\t\t<\/li>\n<li class=\"shop-item hover-effect-1 product type-product post-62765 status-publish instock product_cat-treinamento-para-clubes has-post-thumbnail shipping-taxable product-type-simple\">\n            <div class=\"item-image\">\n\t\t\t<a href=\"https:\/\/www.spiritofpolo.com\/pt-br\/produto\/treino-de-polo-para-o-clube-hipico\" class=\"woocommerce-LoopProduct-link woocommerce-loop-product__link\"><span class=\"image-placeholder\" style=\"padding-bottom:133.333333%\" ><img width=\"300\" height=\"400\" class=\"attachment-woocommerce_thumbnail size-woocommerce_thumbnail lazyload\" alt=\"\" loading=\"lazy\" data-src=\"https:\/\/www.spiritofpolo.com\/wp-content\/uploads\/2016\/10\/IMG_1787-330x440.jpg\" \/><\/span><\/a>\n\t\t\t                <div class=\"bounce-loader\">\n                    <div class=\"loading loading-0\"><\/div>\n                    <div class=\"loading loading-1\"><\/div>\n                    <div class=\"loading loading-2\"><\/div>\n                <\/div>\n\t\t\t        <\/div>\n\t\t        <div class=\"item-info\">\n\t\t\t\n            <h3>\n                <a href=\"https:\/\/www.spiritofpolo.com\/pt-br\/produto\/treino-de-polo-para-o-clube-hipico\" target=\"_self\">Treino de p\u00f3lo para o Clube H\u00edpico<\/a>\n            <\/h3>\n\n\t\t\t                <span class=\"product-terms\">\n\t\t\t\t    <a href=\"https:\/\/www.spiritofpolo.com\/pt-br\/categoria-produto\/viagem-e-treinamento\/treinamento-para-clubes\" rel=\"tag\">Treinamento para clubes<\/a>    \t\t\t<\/span>\n\t\t\t\n\t\t\t<span class=\"gtm4wp_productdata\" style=\"display:none; visibility:hidden;\" data-gtm4wp_product_data=\"{&quot;internal_id&quot;:62765,&quot;item_id&quot;:62765,&quot;item_name&quot;:&quot;Treino de p\\u00f3lo para o Clube H\\u00edpico&quot;,&quot;sku&quot;:62765,&quot;price&quot;:0,&quot;stocklevel&quot;:null,&quot;stockstatus&quot;:&quot;instock&quot;,&quot;google_business_vertical&quot;:&quot;retail&quot;,&quot;item_category&quot;:&quot;Treinamento para clubes&quot;,&quot;id&quot;:62765,&quot;productlink&quot;:&quot;https:\\\/\\\/www.spiritofpolo.com\\\/pt-br\\\/produto\\\/treino-de-polo-para-o-clube-hipico&quot;,&quot;item_list_name&quot;:&quot;General Product List&quot;,&quot;index&quot;:4,&quot;product_type&quot;:&quot;simple&quot;,&quot;item_brand&quot;:&quot;&quot;}\"><\/span>\n\t<span class=\"price\">\t\t<span class=\"tiered-pricing-dynamic-price-wrapper\"\n\t\t\t  data-display-context=\"shop-loop\"\n\t\t\t  data-price-type=\"no-rules\"\n\t\t\t  data-product-id=\"62765\"\n\t\t\t  data-parent-id=\"62765\">\n\t\t\t<strong>Call for Price<\/strong><\/span><\/span>\n        <\/div>\n\t\t<\/li>\n<\/ul>\n<\/div>[\/vc_column][\/vc_row]<\/p>\n","protected":false},"excerpt":{"rendered":"<p>[vc_row container_wrap=&#8221;yes&#8221; full_height=&#8221;yes&#8221;][vc_column][\/vc_column][\/vc_row]<\/p>\n","protected":false},"author":1,"featured_media":0,"parent":62748,"menu_order":0,"comment_status":"closed","ping_status":"closed","template":"","meta":[],"acf":[],"yoast_head":"<!-- This site is optimized with the Yoast SEO plugin v19.14 - https:\/\/yoast.com\/wordpress\/plugins\/seo\/ -->\n<title>Treinamento para clubes - Spirit of Polo - Spirit of Jumping<\/title>\n<meta name=\"robots\" content=\"index, follow, max-snippet:-1, max-image-preview:large, max-video-preview:-1\" \/>\n<link rel=\"canonical\" href=\"https:\/\/www.spiritofpolo.com\/pt-br\/polo\/viagem-e-treinamento\/treinamento-para-clubes\" \/>\n<meta property=\"og:locale\" content=\"pt_BR\" \/>\n<meta property=\"og:type\" content=\"article\" \/>\n<meta property=\"og:title\" content=\"Treinamento para clubes - Spirit of Polo - Spirit of Jumping\" \/>\n<meta property=\"og:description\" content=\"[vc_row container_wrap=&#8221;yes&#8221; full_height=&#8221;yes&#8221;][vc_column][\/vc_column][\/vc_row]\" \/>\n<meta property=\"og:url\" content=\"https:\/\/www.spiritofpolo.com\/pt-br\/polo\/viagem-e-treinamento\/treinamento-para-clubes\" \/>\n<meta property=\"og:site_name\" content=\"Spirit of Polo - Spirit of Jumping\" \/>\n<meta name=\"twitter:card\" content=\"summary_large_image\" \/>\n<script type=\"application\/ld+json\" class=\"yoast-schema-graph\">{\"@context\":\"https:\/\/schema.org\",\"@graph\":[{\"@type\":\"WebPage\",\"@id\":\"https:\/\/www.spiritofpolo.com\/pt-br\/polo\/viagem-e-treinamento\/treinamento-para-clubes\",\"url\":\"https:\/\/www.spiritofpolo.com\/pt-br\/polo\/viagem-e-treinamento\/treinamento-para-clubes\",\"name\":\"Treinamento para clubes - Spirit of Polo - Spirit of Jumping\",\"isPartOf\":{\"@id\":\"https:\/\/www.spiritofpolo.com\/pt-br#website\"},\"datePublished\":\"2022-09-29T21:21:34+00:00\",\"dateModified\":\"2022-09-29T21:21:34+00:00\",\"breadcrumb\":{\"@id\":\"https:\/\/www.spiritofpolo.com\/pt-br\/polo\/viagem-e-treinamento\/treinamento-para-clubes#breadcrumb\"},\"inLanguage\":\"pt-BR\",\"potentialAction\":[{\"@type\":\"ReadAction\",\"target\":[\"https:\/\/www.spiritofpolo.com\/pt-br\/polo\/viagem-e-treinamento\/treinamento-para-clubes\"]}]},{\"@type\":\"BreadcrumbList\",\"@id\":\"https:\/\/www.spiritofpolo.com\/pt-br\/polo\/viagem-e-treinamento\/treinamento-para-clubes#breadcrumb\",\"itemListElement\":[{\"@type\":\"ListItem\",\"position\":1,\"name\":\"Home\",\"item\":\"https:\/\/www.spiritofpolo.com\/pt-br\"},{\"@type\":\"ListItem\",\"position\":2,\"name\":\"Viagem e treinamento\",\"item\":\"https:\/\/www.spiritofpolo.com\/pt-br\/polo\/travel-and-training\"},{\"@type\":\"ListItem\",\"position\":3,\"name\":\"Treinamento para clubes\"}]},{\"@type\":\"WebSite\",\"@id\":\"https:\/\/www.spiritofpolo.com\/pt-br#website\",\"url\":\"https:\/\/www.spiritofpolo.com\/pt-br\",\"name\":\"Spirit of Polo - Spirit of Jumping\",\"description\":\"Argentine Polo Products\",\"publisher\":{\"@id\":\"https:\/\/www.spiritofpolo.com\/pt-br#organization\"},\"potentialAction\":[{\"@type\":\"SearchAction\",\"target\":{\"@type\":\"EntryPoint\",\"urlTemplate\":\"https:\/\/www.spiritofpolo.com\/pt-br?s={search_term_string}\"},\"query-input\":\"required name=search_term_string\"}],\"inLanguage\":\"pt-BR\"},{\"@type\":\"Organization\",\"@id\":\"https:\/\/www.spiritofpolo.com\/pt-br#organization\",\"name\":\"Spirit of Polo - Spirit of Jumping\",\"url\":\"https:\/\/www.spiritofpolo.com\/pt-br\",\"logo\":{\"@type\":\"ImageObject\",\"inLanguage\":\"pt-BR\",\"@id\":\"https:\/\/www.spiritofpolo.com\/pt-br#\/schema\/logo\/image\/\",\"url\":\"\",\"contentUrl\":\"\",\"caption\":\"Spirit of Polo - Spirit of Jumping\"},\"image\":{\"@id\":\"https:\/\/www.spiritofpolo.com\/pt-br#\/schema\/logo\/image\/\"}}]}<\/script>\n<!-- \/ Yoast SEO plugin. -->","yoast_head_json":{"title":"Treinamento para clubes - Spirit of Polo - Spirit of Jumping","robots":{"index":"index","follow":"follow","max-snippet":"max-snippet:-1","max-image-preview":"max-image-preview:large","max-video-preview":"max-video-preview:-1"},"canonical":"https:\/\/www.spiritofpolo.com\/pt-br\/polo\/viagem-e-treinamento\/treinamento-para-clubes","og_locale":"pt_BR","og_type":"article","og_title":"Treinamento para clubes - Spirit of Polo - Spirit of Jumping","og_description":"[vc_row container_wrap=&#8221;yes&#8221; full_height=&#8221;yes&#8221;][vc_column][\/vc_column][\/vc_row]","og_url":"https:\/\/www.spiritofpolo.com\/pt-br\/polo\/viagem-e-treinamento\/treinamento-para-clubes","og_site_name":"Spirit of Polo - Spirit of Jumping","twitter_card":"summary_large_image","schema":{"@context":"https:\/\/schema.org","@graph":[{"@type":"WebPage","@id":"https:\/\/www.spiritofpolo.com\/pt-br\/polo\/viagem-e-treinamento\/treinamento-para-clubes","url":"https:\/\/www.spiritofpolo.com\/pt-br\/polo\/viagem-e-treinamento\/treinamento-para-clubes","name":"Treinamento para clubes - Spirit of Polo - Spirit of Jumping","isPartOf":{"@id":"https:\/\/www.spiritofpolo.com\/pt-br#website"},"datePublished":"2022-09-29T21:21:34+00:00","dateModified":"2022-09-29T21:21:34+00:00","breadcrumb":{"@id":"https:\/\/www.spiritofpolo.com\/pt-br\/polo\/viagem-e-treinamento\/treinamento-para-clubes#breadcrumb"},"inLanguage":"pt-BR","potentialAction":[{"@type":"ReadAction","target":["https:\/\/www.spiritofpolo.com\/pt-br\/polo\/viagem-e-treinamento\/treinamento-para-clubes"]}]},{"@type":"BreadcrumbList","@id":"https:\/\/www.spiritofpolo.com\/pt-br\/polo\/viagem-e-treinamento\/treinamento-para-clubes#breadcrumb","itemListElement":[{"@type":"ListItem","position":1,"name":"Home","item":"https:\/\/www.spiritofpolo.com\/pt-br"},{"@type":"ListItem","position":2,"name":"Viagem e treinamento","item":"https:\/\/www.spiritofpolo.com\/pt-br\/polo\/travel-and-training"},{"@type":"ListItem","position":3,"name":"Treinamento para clubes"}]},{"@type":"WebSite","@id":"https:\/\/www.spiritofpolo.com\/pt-br#website","url":"https:\/\/www.spiritofpolo.com\/pt-br","name":"Spirit of Polo - Spirit of Jumping","description":"Argentine Polo Products","publisher":{"@id":"https:\/\/www.spiritofpolo.com\/pt-br#organization"},"potentialAction":[{"@type":"SearchAction","target":{"@type":"EntryPoint","urlTemplate":"https:\/\/www.spiritofpolo.com\/pt-br?s={search_term_string}"},"query-input":"required name=search_term_string"}],"inLanguage":"pt-BR"},{"@type":"Organization","@id":"https:\/\/www.spiritofpolo.com\/pt-br#organization","name":"Spirit of Polo - Spirit of Jumping","url":"https:\/\/www.spiritofpolo.com\/pt-br","logo":{"@type":"ImageObject","inLanguage":"pt-BR","@id":"https:\/\/www.spiritofpolo.com\/pt-br#\/schema\/logo\/image\/","url":"","contentUrl":"","caption":"Spirit of Polo - Spirit of Jumping"},"image":{"@id":"https:\/\/www.spiritofpolo.com\/pt-br#\/schema\/logo\/image\/"}}]}},"_links":{"self":[{"href":"https:\/\/www.spiritofpolo.com\/pt-br\/wp-json\/wp\/v2\/pages\/62755"}],"collection":[{"href":"https:\/\/www.spiritofpolo.com\/pt-br\/wp-json\/wp\/v2\/pages"}],"about":[{"href":"https:\/\/www.spiritofpolo.com\/pt-br\/wp-json\/wp\/v2\/types\/page"}],"author":[{"embeddable":true,"href":"https:\/\/www.spiritofpolo.com\/pt-br\/wp-json\/wp\/v2\/users\/1"}],"replies":[{"embeddable":true,"href":"https:\/\/www.spiritofpolo.com\/pt-br\/wp-json\/wp\/v2\/comments?post=62755"}],"version-history":[{"count":1,"href":"https:\/\/www.spiritofpolo.com\/pt-br\/wp-json\/wp\/v2\/pages\/62755\/revisions"}],"predecessor-version":[{"id":62756,"href":"https:\/\/www.spiritofpolo.com\/pt-br\/wp-json\/wp\/v2\/pages\/62755\/revisions\/62756"}],"up":[{"embeddable":true,"href":"https:\/\/www.spiritofpolo.com\/pt-br\/wp-json\/wp\/v2\/pages\/62748"}],"wp:attachment":[{"href":"https:\/\/www.spiritofpolo.com\/pt-br\/wp-json\/wp\/v2\/media?parent=62755"}],"curies":[{"name":"wp","href":"https:\/\/api.w.org\/{rel}","templated":true}]}}