{"id":108820,"date":"2015-11-19T18:57:08","date_gmt":"2015-11-19T18:57:08","guid":{"rendered":"https:\/\/www.spiritofpolo.com\/product\/aula-de-polo-batismo-iniciantes-buenos-aires"},"modified":"2025-08-12T12:37:37","modified_gmt":"2025-08-12T12:37:37","slug":"aula-de-polo-batismo-iniciantes-buenos-aires","status":"publish","type":"product","link":"https:\/\/www.spiritofpolo.com\/pt-br\/produto\/aula-de-polo-batismo-iniciantes-buenos-aires","title":{"rendered":"Aula de P\u00f3lo Batismo \/ Iniciantes @Buenos Aires"},"content":{"rendered":"<p><strong>ONDE VOC\u00ca VAI ESTAR?<\/strong><br \/>\nEm um Polo Club localizado a uma hora ao norte de Buenos Aires (70 km), rodeado de cavalos e um magn\u00edfico bosque.<br \/>\nSe a sua agenda o permitir, poder\u00e1 reservar um dos quartos Club e assistir ao nascer do sol acompanhado de deliciosos mates ou caf\u00e9 (Verificar disponibilidade &#8211; 3 quartos dispon\u00edveis)<\/p>\n<p><strong>IMPORTANTE<\/strong><br \/>\nCaso os fatores clim\u00e1ticos n\u00e3o sejam favor\u00e1veis, o evento \u00e9 suspenso e remarcado<br \/>\nSolicitaremos informa\u00e7\u00f5es sobre seguro sa\u00fade<br \/>\nM\u00ednimo 1 pessoa &#8211; M\u00e1ximo 7 pessoas<br \/>\nReserva mediante pagamento<br \/>\nTransporte n\u00e3o inclu\u00eddo<\/p>\n<p><strong>SEUS ANFITRI\u00d5ES<\/strong><br \/>\nSomos amantes de cavalos e jogadores de Polo. Dedicamos nossas vidas a esse esporte e queremos compartilh\u00e1-lo com voc\u00ea! N\u00e3o importa o seu n\u00edvel, temos uma proposta adaptada ao que voc\u00ea sonhou. Falamos espanhol, ingl\u00eas e franc\u00eas!<\/p>\n<p><strong>CONTATO<\/strong><br \/>\nPara qualquer d\u00favida entre em contato com Alexis, preferencialmente pelo WhatsApp: +54 911 6094 4786 ou pelo email boutique@spiritofpolo.com<br \/>\nSe voc\u00ea passar apenas algumas horas em Buenos Aires, ligue tamb\u00e9m para visitar nosso showroom, onde encontrar\u00e1 todos os equipamentos para a pr\u00e1tica de P\u00f3lo e Hipismo.<\/p>\n","protected":false},"excerpt":{"rendered":"<p><strong>Venha compartilhar um dia inesquec\u00edvel em um Polo Club, rodeado de cavalos, um magn\u00edfico bosque e a calma que s\u00f3 o pampa argentino lhe oferece!<\/strong><\/p>\n<p><strong>QUEM ESCOLHE ESTA ATIVIDADE?<\/strong><br \/>\nNossos clientes que escolhem esta op\u00e7\u00e3o s\u00e3o pessoas que:<br \/>\n&#8211; N\u00e3o saber andar a cavalo ou n\u00e3o ter experi\u00eancia b\u00e1sica<br \/>\n&#8211; Quem quer passar um dia no campo, a apenas uma hora da Capital<br \/>\n&#8211; Quem sonha em aprender o que \u00e9 POLO, o esporte mais exclusivo do mundo<br \/>\n&#8211; Que desejam ter a primeira experi\u00eancia montando nossos cavalos de p\u00f3lo, com o acompanhamento profissional de nossa equipe<br \/>\n&#8211; Essencial&#8230; Quem deseja saborear um delicioso Asado\/churrasco argentino acompanhado de um excelente Malbec<\/p>\n<p><strong>O QUE VOC\u00ca VAI FAZER?<\/strong><br \/>\n<strong>Pela manh\u00e3: <\/strong>Chegada ao Clube e recep\u00e7\u00e3o com um delicioso caf\u00e9 com croissants. Come\u00e7aremos com uma apresenta\u00e7\u00e3o do esporte, dos cavalos e dos equipamentos. Voc\u00ea ter\u00e1 uma aula te\u00f3rica e b\u00e1sica de equita\u00e7\u00e3o e manejo de taco a cavalo.<\/p>\n<p><strong>Ao meio-dia:<\/strong> Enquanto decorre o baptismo, o nosso grelhador estar\u00e1 a grelhar as carnes e a preparar os acompanhamentos que iremos saborear ao almo\u00e7o. (Op\u00e7\u00e3o vegetariana ou especial mediante pedido antecipado, churrasco para 2 pessoas min.). Durante a refei\u00e7\u00e3o contaremos anedotas e responderemos a quaisquer perguntas que voc\u00ea possa ter.<\/p>\n<p><strong>\u00c0 tarde:<\/strong> Ap\u00f3s o almo\u00e7o, montaremos um cavalo de polo! Agora vamos aprofundar o que aprendemos e colocar em pr\u00e1tica com uma inicia\u00e7\u00e3o, onde a \u00fanica ideia \u00e9 nos divertir!<br \/>\nSe tivermos tempo, antes de desmontarmos daremos um passeio pelo clube com os cavalos<br \/>\nNo ver\u00e3o, a piscina estar\u00e1 \u00e0 sua espera para se refrescar e relaxar! (Dispon\u00edvel apenas para semanas de p\u00f3lo)<\/p>\n<p>Antes de retornar \u00e0 cidade, tomaremos um caf\u00e9, um ch\u00e1 ou uma ta\u00e7a de champanhe e discutiremos a experi\u00eancia do dia!<\/p>\n<p><strong>O QUE EST\u00c1 INCLU\u00cdDO?<\/strong><br \/>\n\u2022 Equipamento: capacete + taco de polo<br \/>\n\u2022 Cavalo de polo equipado e adaptado ao n\u00edvel do cavaleiro<br \/>\n\u2022 Recomendamos vir com jeans e botas ou cal\u00e7ados esportivos e levar protetor solar<br \/>\n\u2022 Caf\u00e9 da manh\u00e3, almo\u00e7o, ch\u00e1 e bebidas inclu\u00eddas<br \/>\n\u2022 Nossos treinadores e assistentes especializados<\/p>\n<p><strong>PRE\u00c7O:<\/strong><br \/>\nPara grupos pe\u00e7a or\u00e7amento<\/p>\n","protected":false},"featured_media":108859,"comment_status":"open","ping_status":"closed","template":"","meta":[],"product_cat":[2584,2583],"product_tag":[2751,2800],"acf":[],"yoast_head":"<!-- This site is optimized with the Yoast SEO plugin v19.14 - https:\/\/yoast.com\/wordpress\/plugins\/seo\/ -->\n<title>Aula de P\u00f3lo Batismo \/ Iniciantes @Buenos Aires - Spirit of Polo - Spirit of Jumping<\/title>\n<meta name=\"robots\" content=\"index, follow, max-snippet:-1, max-image-preview:large, max-video-preview:-1\" \/>\n<link rel=\"canonical\" href=\"https:\/\/www.spiritofpolo.com\/pt-br\/produto\/aula-de-polo-batismo-iniciantes-buenos-aires\" \/>\n<meta property=\"og:locale\" content=\"pt_BR\" \/>\n<meta property=\"og:type\" content=\"article\" \/>\n<meta property=\"og:title\" content=\"Aula de P\u00f3lo Batismo \/ Iniciantes @Buenos Aires - Spirit of Polo - Spirit of Jumping\" \/>\n<meta property=\"og:description\" content=\"Venha compartilhar um dia inesquec\u00edvel em um Polo Club, rodeado de cavalos, um magn\u00edfico bosque e a calma que s\u00f3 o pampa argentino lhe oferece!  QUEM ESCOLHE ESTA ATIVIDADE? Nossos clientes que escolhem esta op\u00e7\u00e3o s\u00e3o pessoas que: - N\u00e3o saber andar a cavalo ou n\u00e3o ter experi\u00eancia b\u00e1sica - Quem quer passar um dia no campo, a apenas uma hora da Capital - Quem sonha em aprender o que \u00e9 POLO, o esporte mais exclusivo do mundo - Que desejam ter a primeira experi\u00eancia montando nossos cavalos de p\u00f3lo, com o acompanhamento profissional de nossa equipe - Essencial... Quem deseja saborear um delicioso Asado\/churrasco argentino acompanhado de um excelente Malbec  O QUE VOC\u00ca VAI FAZER? Pela manh\u00e3: Chegada ao Clube e recep\u00e7\u00e3o com um delicioso caf\u00e9 com croissants. Come\u00e7aremos com uma apresenta\u00e7\u00e3o do esporte, dos cavalos e dos equipamentos. Voc\u00ea ter\u00e1 uma aula te\u00f3rica e b\u00e1sica de equita\u00e7\u00e3o e manejo de taco a cavalo.  Ao meio-dia: Enquanto decorre o baptismo, o nosso grelhador estar\u00e1 a grelhar as carnes e a preparar os acompanhamentos que iremos saborear ao almo\u00e7o. (Op\u00e7\u00e3o vegetariana ou especial mediante pedido antecipado, churrasco para 2 pessoas min.). Durante a refei\u00e7\u00e3o contaremos anedotas e responderemos a quaisquer perguntas que voc\u00ea possa ter.  \u00c0 tarde: Ap\u00f3s o almo\u00e7o, montaremos um cavalo de polo! Agora vamos aprofundar o que aprendemos e colocar em pr\u00e1tica com uma inicia\u00e7\u00e3o, onde a \u00fanica ideia \u00e9 nos divertir! Se tivermos tempo, antes de desmontarmos daremos um passeio pelo clube com os cavalos No ver\u00e3o, a piscina estar\u00e1 \u00e0 sua espera para se refrescar e relaxar! (Dispon\u00edvel apenas para semanas de p\u00f3lo)  Antes de retornar \u00e0 cidade, tomaremos um caf\u00e9, um ch\u00e1 ou uma ta\u00e7a de champanhe e discutiremos a experi\u00eancia do dia!  O QUE EST\u00c1 INCLU\u00cdDO? \u2022 Equipamento: capacete + taco de polo \u2022 Cavalo de polo equipado e adaptado ao n\u00edvel do cavaleiro \u2022 Recomendamos vir com jeans e botas ou cal\u00e7ados esportivos e levar protetor solar \u2022 Caf\u00e9 da manh\u00e3, almo\u00e7o, ch\u00e1 e bebidas inclu\u00eddas \u2022 Nossos treinadores e assistentes especializados  PRE\u00c7O: Para grupos pe\u00e7a or\u00e7amento\" \/>\n<meta property=\"og:url\" content=\"https:\/\/www.spiritofpolo.com\/pt-br\/produto\/aula-de-polo-batismo-iniciantes-buenos-aires\" \/>\n<meta property=\"og:site_name\" content=\"Spirit of Polo - Spirit of Jumping\" \/>\n<meta property=\"article:modified_time\" content=\"2025-08-12T12:37:37+00:00\" \/>\n<meta property=\"og:image\" content=\"https:\/\/www.spiritofpolo.com\/wp-content\/uploads\/lamargarita_5.jpg\" \/>\n\t<meta property=\"og:image:width\" content=\"555\" \/>\n\t<meta property=\"og:image:height\" content=\"710\" \/>\n\t<meta property=\"og:image:type\" content=\"image\/jpeg\" \/>\n<meta name=\"twitter:card\" content=\"summary_large_image\" \/>\n<meta name=\"twitter:label1\" content=\"Est. tempo de leitura\" \/>\n\t<meta name=\"twitter:data1\" content=\"1 minuto\" \/>\n<script type=\"application\/ld+json\" class=\"yoast-schema-graph\">{\"@context\":\"https:\/\/schema.org\",\"@graph\":[{\"@type\":\"WebPage\",\"@id\":\"https:\/\/www.spiritofpolo.com\/pt-br\/produto\/aula-de-polo-batismo-iniciantes-buenos-aires\",\"url\":\"https:\/\/www.spiritofpolo.com\/pt-br\/produto\/aula-de-polo-batismo-iniciantes-buenos-aires\",\"name\":\"Aula de P\u00f3lo Batismo \/ Iniciantes @Buenos Aires - Spirit of Polo - Spirit of Jumping\",\"isPartOf\":{\"@id\":\"https:\/\/www.spiritofpolo.com\/pt-br#website\"},\"datePublished\":\"2015-11-19T18:57:08+00:00\",\"dateModified\":\"2025-08-12T12:37:37+00:00\",\"breadcrumb\":{\"@id\":\"https:\/\/www.spiritofpolo.com\/pt-br\/produto\/aula-de-polo-batismo-iniciantes-buenos-aires#breadcrumb\"},\"inLanguage\":\"pt-BR\",\"potentialAction\":[{\"@type\":\"ReadAction\",\"target\":[\"https:\/\/www.spiritofpolo.com\/pt-br\/produto\/aula-de-polo-batismo-iniciantes-buenos-aires\"]}]},{\"@type\":\"BreadcrumbList\",\"@id\":\"https:\/\/www.spiritofpolo.com\/pt-br\/produto\/aula-de-polo-batismo-iniciantes-buenos-aires#breadcrumb\",\"itemListElement\":[{\"@type\":\"ListItem\",\"position\":1,\"name\":\"Home\",\"item\":\"https:\/\/www.spiritofpolo.com\/pt-br\"},{\"@type\":\"ListItem\",\"position\":2,\"name\":\"Shop\",\"item\":\"https:\/\/www.spiritofpolo.com\/shop\"},{\"@type\":\"ListItem\",\"position\":3,\"name\":\"Aula de P\u00f3lo Batismo \/ Iniciantes @Buenos Aires\"}]},{\"@type\":\"WebSite\",\"@id\":\"https:\/\/www.spiritofpolo.com\/pt-br#website\",\"url\":\"https:\/\/www.spiritofpolo.com\/pt-br\",\"name\":\"Spirit of Polo - Spirit of Jumping\",\"description\":\"Argentine Polo Products\",\"publisher\":{\"@id\":\"https:\/\/www.spiritofpolo.com\/pt-br#organization\"},\"potentialAction\":[{\"@type\":\"SearchAction\",\"target\":{\"@type\":\"EntryPoint\",\"urlTemplate\":\"https:\/\/www.spiritofpolo.com\/pt-br?s={search_term_string}\"},\"query-input\":\"required name=search_term_string\"}],\"inLanguage\":\"pt-BR\"},{\"@type\":\"Organization\",\"@id\":\"https:\/\/www.spiritofpolo.com\/pt-br#organization\",\"name\":\"Spirit of Polo - Spirit of Jumping\",\"url\":\"https:\/\/www.spiritofpolo.com\/pt-br\",\"logo\":{\"@type\":\"ImageObject\",\"inLanguage\":\"pt-BR\",\"@id\":\"https:\/\/www.spiritofpolo.com\/pt-br#\/schema\/logo\/image\/\",\"url\":\"\",\"contentUrl\":\"\",\"caption\":\"Spirit of Polo - Spirit of Jumping\"},\"image\":{\"@id\":\"https:\/\/www.spiritofpolo.com\/pt-br#\/schema\/logo\/image\/\"}}]}<\/script>\n<!-- \/ Yoast SEO plugin. -->","yoast_head_json":{"title":"Aula de P\u00f3lo Batismo \/ Iniciantes @Buenos Aires - Spirit of Polo - Spirit of Jumping","robots":{"index":"index","follow":"follow","max-snippet":"max-snippet:-1","max-image-preview":"max-image-preview:large","max-video-preview":"max-video-preview:-1"},"canonical":"https:\/\/www.spiritofpolo.com\/pt-br\/produto\/aula-de-polo-batismo-iniciantes-buenos-aires","og_locale":"pt_BR","og_type":"article","og_title":"Aula de P\u00f3lo Batismo \/ Iniciantes @Buenos Aires - Spirit of Polo - Spirit of Jumping","og_description":"Venha compartilhar um dia inesquec\u00edvel em um Polo Club, rodeado de cavalos, um magn\u00edfico bosque e a calma que s\u00f3 o pampa argentino lhe oferece!  QUEM ESCOLHE ESTA ATIVIDADE? Nossos clientes que escolhem esta op\u00e7\u00e3o s\u00e3o pessoas que: - N\u00e3o saber andar a cavalo ou n\u00e3o ter experi\u00eancia b\u00e1sica - Quem quer passar um dia no campo, a apenas uma hora da Capital - Quem sonha em aprender o que \u00e9 POLO, o esporte mais exclusivo do mundo - Que desejam ter a primeira experi\u00eancia montando nossos cavalos de p\u00f3lo, com o acompanhamento profissional de nossa equipe - Essencial... Quem deseja saborear um delicioso Asado\/churrasco argentino acompanhado de um excelente Malbec  O QUE VOC\u00ca VAI FAZER? Pela manh\u00e3: Chegada ao Clube e recep\u00e7\u00e3o com um delicioso caf\u00e9 com croissants. Come\u00e7aremos com uma apresenta\u00e7\u00e3o do esporte, dos cavalos e dos equipamentos. Voc\u00ea ter\u00e1 uma aula te\u00f3rica e b\u00e1sica de equita\u00e7\u00e3o e manejo de taco a cavalo.  Ao meio-dia: Enquanto decorre o baptismo, o nosso grelhador estar\u00e1 a grelhar as carnes e a preparar os acompanhamentos que iremos saborear ao almo\u00e7o. (Op\u00e7\u00e3o vegetariana ou especial mediante pedido antecipado, churrasco para 2 pessoas min.). Durante a refei\u00e7\u00e3o contaremos anedotas e responderemos a quaisquer perguntas que voc\u00ea possa ter.  \u00c0 tarde: Ap\u00f3s o almo\u00e7o, montaremos um cavalo de polo! Agora vamos aprofundar o que aprendemos e colocar em pr\u00e1tica com uma inicia\u00e7\u00e3o, onde a \u00fanica ideia \u00e9 nos divertir! Se tivermos tempo, antes de desmontarmos daremos um passeio pelo clube com os cavalos No ver\u00e3o, a piscina estar\u00e1 \u00e0 sua espera para se refrescar e relaxar! (Dispon\u00edvel apenas para semanas de p\u00f3lo)  Antes de retornar \u00e0 cidade, tomaremos um caf\u00e9, um ch\u00e1 ou uma ta\u00e7a de champanhe e discutiremos a experi\u00eancia do dia!  O QUE EST\u00c1 INCLU\u00cdDO? \u2022 Equipamento: capacete + taco de polo \u2022 Cavalo de polo equipado e adaptado ao n\u00edvel do cavaleiro \u2022 Recomendamos vir com jeans e botas ou cal\u00e7ados esportivos e levar protetor solar \u2022 Caf\u00e9 da manh\u00e3, almo\u00e7o, ch\u00e1 e bebidas inclu\u00eddas \u2022 Nossos treinadores e assistentes especializados  PRE\u00c7O: Para grupos pe\u00e7a or\u00e7amento","og_url":"https:\/\/www.spiritofpolo.com\/pt-br\/produto\/aula-de-polo-batismo-iniciantes-buenos-aires","og_site_name":"Spirit of Polo - Spirit of Jumping","article_modified_time":"2025-08-12T12:37:37+00:00","og_image":[{"width":555,"height":710,"url":"https:\/\/www.spiritofpolo.com\/wp-content\/uploads\/lamargarita_5.jpg","type":"image\/jpeg"}],"twitter_card":"summary_large_image","twitter_misc":{"Est. tempo de leitura":"1 minuto"},"schema":{"@context":"https:\/\/schema.org","@graph":[{"@type":"WebPage","@id":"https:\/\/www.spiritofpolo.com\/pt-br\/produto\/aula-de-polo-batismo-iniciantes-buenos-aires","url":"https:\/\/www.spiritofpolo.com\/pt-br\/produto\/aula-de-polo-batismo-iniciantes-buenos-aires","name":"Aula de P\u00f3lo Batismo \/ Iniciantes @Buenos Aires - Spirit of Polo - Spirit of Jumping","isPartOf":{"@id":"https:\/\/www.spiritofpolo.com\/pt-br#website"},"datePublished":"2015-11-19T18:57:08+00:00","dateModified":"2025-08-12T12:37:37+00:00","breadcrumb":{"@id":"https:\/\/www.spiritofpolo.com\/pt-br\/produto\/aula-de-polo-batismo-iniciantes-buenos-aires#breadcrumb"},"inLanguage":"pt-BR","potentialAction":[{"@type":"ReadAction","target":["https:\/\/www.spiritofpolo.com\/pt-br\/produto\/aula-de-polo-batismo-iniciantes-buenos-aires"]}]},{"@type":"BreadcrumbList","@id":"https:\/\/www.spiritofpolo.com\/pt-br\/produto\/aula-de-polo-batismo-iniciantes-buenos-aires#breadcrumb","itemListElement":[{"@type":"ListItem","position":1,"name":"Home","item":"https:\/\/www.spiritofpolo.com\/pt-br"},{"@type":"ListItem","position":2,"name":"Shop","item":"https:\/\/www.spiritofpolo.com\/shop"},{"@type":"ListItem","position":3,"name":"Aula de P\u00f3lo Batismo \/ Iniciantes @Buenos Aires"}]},{"@type":"WebSite","@id":"https:\/\/www.spiritofpolo.com\/pt-br#website","url":"https:\/\/www.spiritofpolo.com\/pt-br","name":"Spirit of Polo - Spirit of Jumping","description":"Argentine Polo Products","publisher":{"@id":"https:\/\/www.spiritofpolo.com\/pt-br#organization"},"potentialAction":[{"@type":"SearchAction","target":{"@type":"EntryPoint","urlTemplate":"https:\/\/www.spiritofpolo.com\/pt-br?s={search_term_string}"},"query-input":"required name=search_term_string"}],"inLanguage":"pt-BR"},{"@type":"Organization","@id":"https:\/\/www.spiritofpolo.com\/pt-br#organization","name":"Spirit of Polo - Spirit of Jumping","url":"https:\/\/www.spiritofpolo.com\/pt-br","logo":{"@type":"ImageObject","inLanguage":"pt-BR","@id":"https:\/\/www.spiritofpolo.com\/pt-br#\/schema\/logo\/image\/","url":"","contentUrl":"","caption":"Spirit of Polo - Spirit of Jumping"},"image":{"@id":"https:\/\/www.spiritofpolo.com\/pt-br#\/schema\/logo\/image\/"}}]}},"tiered_pricing_type":"fixed","tiered_pricing_fixed_rules":[],"tiered_pricing_product_settings":{"layout":"default","base_unit_name":{"singular":null,"plural":null},"default_variation":null},"tiered_pricing_minimum_quantity":null,"tiered_pricing_roles_data":[],"tiered_pricing_percentage_rules":[],"_links":{"self":[{"href":"https:\/\/www.spiritofpolo.com\/pt-br\/wp-json\/wp\/v2\/product\/108820"}],"collection":[{"href":"https:\/\/www.spiritofpolo.com\/pt-br\/wp-json\/wp\/v2\/product"}],"about":[{"href":"https:\/\/www.spiritofpolo.com\/pt-br\/wp-json\/wp\/v2\/types\/product"}],"replies":[{"embeddable":true,"href":"https:\/\/www.spiritofpolo.com\/pt-br\/wp-json\/wp\/v2\/comments?post=108820"}],"wp:featuredmedia":[{"embeddable":true,"href":"https:\/\/www.spiritofpolo.com\/pt-br\/wp-json\/wp\/v2\/media\/108859"}],"wp:attachment":[{"href":"https:\/\/www.spiritofpolo.com\/pt-br\/wp-json\/wp\/v2\/media?parent=108820"}],"wp:term":[{"taxonomy":"product_cat","embeddable":true,"href":"https:\/\/www.spiritofpolo.com\/pt-br\/wp-json\/wp\/v2\/product_cat?post=108820"},{"taxonomy":"product_tag","embeddable":true,"href":"https:\/\/www.spiritofpolo.com\/pt-br\/wp-json\/wp\/v2\/product_tag?post=108820"}],"curies":[{"name":"wp","href":"https:\/\/api.w.org\/{rel}","templated":true}]}}