{"id":116703,"date":"2024-02-27T15:30:29","date_gmt":"2024-02-27T15:30:42","guid":{"rendered":"https:\/\/www.spiritofpolo.com\/?post_type=product&#038;p=116703"},"modified":"2024-02-28T14:15:40","modified_gmt":"2024-02-28T14:15:40","slug":"semana-de-equitacao-copy","status":"publish","type":"product","link":"https:\/\/www.spiritofpolo.com\/pt-br\/produto\/semana-de-equitacao-copy","title":{"rendered":"XPERI\u00caNCIA DE VIDA GA\u00daCHA @ARGENTINA"},"content":{"rendered":"","protected":false},"excerpt":{"rendered":"<p>EXPERI\u00caNCIA DE VIDA GA\u00daCHA @ARGENTINA<\/p>\n<p>A apenas 3 horas de Buenos Aires, convidamos voc\u00ea a viver uma experi\u00eancia \u00fanica em sua vida! De manh\u00e3 \u00e0 noite voc\u00ea compartilhar\u00e1 o dia com aut\u00eanticos ga\u00fachos em uma fazenda de 3.000 hectares localizada na prov\u00edncia de Entre R\u00edos, produtora de gado e gr\u00e3os.<\/p>\n<p>Voc\u00ea descobrir\u00e1 sua maneira de viver, trabalhar, comer e respirar! Voc\u00ea se tornar\u00e1 um deles, realizando as tarefas que lhe s\u00e3o apresentadas e que ir\u00e3o nutrir seus conhecimentos sobre pecu\u00e1ria, forma\u00e7\u00e3o racional, permacultura, limpeza de terras, entre muitas coisas.<\/p>\n<p>A manh\u00e3 vai acordar e deixar-te sem palavras quando cruzarmos veados, javalis e aves ex\u00f3ticas, numa paisagem selvagem de imensas plan\u00edcies. E no final do dia a recompensa vir\u00e1 ao contemplar os mais belos pores do sol \u00e0 volta de uma lenha, de alguns mates e de conversas inesquec\u00edveis.<\/p>\n<p>Voc\u00ea est\u00e1 pronto para viver essa experi\u00eancia intensamente nas costas do seu cavalo?<\/p>\n<p>INFORMA\u00c7\u00c3O CHAVE<br \/>\n\u2022 Cavalos de ra\u00e7a crioula com mensagem argentina<br \/>\n\u2022 Vacas das ra\u00e7as Hereford e Braford<br \/>\n\u2022 Tempo aproximado de pedalada por dia de 4 a 8 horas<br \/>\n\u2022 Todas as refei\u00e7\u00f5es e bebidas fornecidas<br \/>\n\u2022 Alojamento na fazenda<br \/>\n\u2022 Transporte de Buenos Aires at\u00e9 a Est\u00e2ncia inclu\u00eddo (288 km)<\/p>\n<p>DESTAQUES<br \/>\n\u2022 Rodeio e pastoreio de vacas<br \/>\n\u2022 Cabana com pasto rotativo intensivo<br \/>\n\u2022 Confinamento<br \/>\n\u2022Trabalho no curral<br \/>\n\u2022 Al\u00e9m do gado<br \/>\n\u2022 Adestramento racional em currais<br \/>\n\u2022 Agricultura<br \/>\n\u2022 Permacultura<br \/>\n\u2022 Ecologiza\u00e7\u00e3o, pastoreio<br \/>\n\u2022 Desmantelar<\/p>\n<p>REQUISITOS<br \/>\n\u2022 Seguro obrigat\u00f3rio de assist\u00eancia m\u00e9dica<br \/>\n\u2022 N\u00edvel de pilotagem intermedi\u00e1rio ou avan\u00e7ado<br \/>\n\u2022 Menores acompanhados por um adulto<\/p>\n<p>TAMANHO DO GRUPO<br \/>\n\u2022 1 a 4 pessoas<br \/>\n\u2022\tQuartos de dormir<br \/>\n\u2022 2 banheiros (1 privativo \/ 1 compartilhado)<\/p>\n<p>PRE\u00c7O POR PESSOA<br \/>\n1 semana<br \/>\n2 semanas<br \/>\n4 semanas<\/p>\n<p>N\u00e3o \u00e9 suspenso pela chuva<\/p>\n<p>A ESTADIA<br \/>\nLocalizado a cerca de 6 km de Colonia El\u00eda, munic\u00edpio localizado entre os distritos de Tala e Potrero, no departamento do Uruguai, no leste da prov\u00edncia de Entre R\u00edos.<\/p>\n<p>ENTRE RIOS<br \/>\nEntre R\u00edos \u00e9 uma prov\u00edncia da regi\u00e3o da Mesopot\u00e2mia, no nordeste da Argentina, ao norte da prov\u00edncia de Buenos Aires e entre os rios Paran\u00e1 e Uruguai. \u00c9 conhecida por suas fontes termais, como as de Federaci\u00f3n, e por sua tradi\u00e7\u00e3o de cultivar erva-mate e beber mate. \u00c9 o lar de 2 parques nacionais: Predelta, abundante em esp\u00e9cies de aves, e El Palmar, uma das reservas remanescentes da palmeira yatay que outrora cobria a regi\u00e3o.<\/p>\n","protected":false},"featured_media":116706,"comment_status":"open","ping_status":"closed","template":"","meta":[],"product_cat":[2584,2575,2570,2583],"product_tag":[3024,3022,3023,3021],"acf":[],"yoast_head":"<!-- This site is optimized with the Yoast SEO plugin v19.14 - https:\/\/yoast.com\/wordpress\/plugins\/seo\/ -->\n<title>Polo Week \/ Clinic - Spirit of Jumping<\/title>\n<meta name=\"robots\" content=\"index, follow, max-snippet:-1, max-image-preview:large, max-video-preview:-1\" \/>\n<link rel=\"canonical\" href=\"https:\/\/www.spiritofpolo.com\/pt-br\/produto\/semana-de-equitacao-copy\" \/>\n<meta property=\"og:locale\" content=\"pt_BR\" \/>\n<meta property=\"og:type\" content=\"article\" \/>\n<meta property=\"og:title\" content=\"Polo Week \/ Clinic - Spirit of Jumping\" \/>\n<meta property=\"og:description\" content=\"EXPERI\u00caNCIA DE VIDA GA\u00daCHA @ARGENTINA  A apenas 3 horas de Buenos Aires, convidamos voc\u00ea a viver uma experi\u00eancia \u00fanica em sua vida! De manh\u00e3 \u00e0 noite voc\u00ea compartilhar\u00e1 o dia com aut\u00eanticos ga\u00fachos em uma fazenda de 3.000 hectares localizada na prov\u00edncia de Entre R\u00edos, produtora de gado e gr\u00e3os.  Voc\u00ea descobrir\u00e1 sua maneira de viver, trabalhar, comer e respirar! Voc\u00ea se tornar\u00e1 um deles, realizando as tarefas que lhe s\u00e3o apresentadas e que ir\u00e3o nutrir seus conhecimentos sobre pecu\u00e1ria, forma\u00e7\u00e3o racional, permacultura, limpeza de terras, entre muitas coisas.  A manh\u00e3 vai acordar e deixar-te sem palavras quando cruzarmos veados, javalis e aves ex\u00f3ticas, numa paisagem selvagem de imensas plan\u00edcies. E no final do dia a recompensa vir\u00e1 ao contemplar os mais belos pores do sol \u00e0 volta de uma lenha, de alguns mates e de conversas inesquec\u00edveis.  Voc\u00ea est\u00e1 pronto para viver essa experi\u00eancia intensamente nas costas do seu cavalo?  INFORMA\u00c7\u00c3O CHAVE \u2022 Cavalos de ra\u00e7a crioula com mensagem argentina \u2022 Vacas das ra\u00e7as Hereford e Braford \u2022 Tempo aproximado de pedalada por dia de 4 a 8 horas \u2022 Todas as refei\u00e7\u00f5es e bebidas fornecidas \u2022 Alojamento na fazenda \u2022 Transporte de Buenos Aires at\u00e9 a Est\u00e2ncia inclu\u00eddo (288 km)  DESTAQUES \u2022 Rodeio e pastoreio de vacas \u2022 Cabana com pasto rotativo intensivo \u2022 Confinamento \u2022Trabalho no curral \u2022 Al\u00e9m do gado \u2022 Adestramento racional em currais \u2022 Agricultura \u2022 Permacultura \u2022 Ecologiza\u00e7\u00e3o, pastoreio \u2022 Desmantelar  REQUISITOS \u2022 Seguro obrigat\u00f3rio de assist\u00eancia m\u00e9dica \u2022 N\u00edvel de pilotagem intermedi\u00e1rio ou avan\u00e7ado \u2022 Menores acompanhados por um adulto  TAMANHO DO GRUPO \u2022 1 a 4 pessoas \u2022 Quartos de dormir \u2022 2 banheiros (1 privativo \/ 1 compartilhado)  PRE\u00c7O POR PESSOA 1 semana 2 semanas 4 semanas  N\u00e3o \u00e9 suspenso pela chuva  A ESTADIA Localizado a cerca de 6 km de Colonia El\u00eda, munic\u00edpio localizado entre os distritos de Tala e Potrero, no departamento do Uruguai, no leste da prov\u00edncia de Entre R\u00edos.  ENTRE RIOS Entre R\u00edos \u00e9 uma prov\u00edncia da regi\u00e3o da Mesopot\u00e2mia, no nordeste da Argentina, ao norte da prov\u00edncia de Buenos Aires e entre os rios Paran\u00e1 e Uruguai. \u00c9 conhecida por suas fontes termais, como as de Federaci\u00f3n, e por sua tradi\u00e7\u00e3o de cultivar erva-mate e beber mate. \u00c9 o lar de 2 parques nacionais: Predelta, abundante em esp\u00e9cies de aves, e El Palmar, uma das reservas remanescentes da palmeira yatay que outrora cobria a regi\u00e3o.\" \/>\n<meta property=\"og:url\" content=\"https:\/\/www.spiritofpolo.com\/pt-br\/produto\/semana-de-equitacao-copy\" \/>\n<meta property=\"og:site_name\" content=\"Spirit of Polo - Spirit of Jumping\" \/>\n<meta property=\"article:modified_time\" content=\"2024-02-28T14:15:40+00:00\" \/>\n<meta property=\"og:image\" content=\"https:\/\/www.spiritofpolo.com\/wp-content\/uploads\/Untitled-1.jpg\" \/>\n\t<meta property=\"og:image:width\" content=\"555\" \/>\n\t<meta property=\"og:image:height\" content=\"710\" \/>\n\t<meta property=\"og:image:type\" content=\"image\/jpeg\" \/>\n<meta name=\"twitter:card\" content=\"summary_large_image\" \/>\n<script type=\"application\/ld+json\" class=\"yoast-schema-graph\">{\"@context\":\"https:\/\/schema.org\",\"@graph\":[{\"@type\":\"WebPage\",\"@id\":\"https:\/\/www.spiritofpolo.com\/pt-br\/produto\/semana-de-equitacao-copy\",\"url\":\"https:\/\/www.spiritofpolo.com\/pt-br\/produto\/semana-de-equitacao-copy\",\"name\":\"Polo Week \/ Clinic - Spirit of Jumping\",\"isPartOf\":{\"@id\":\"https:\/\/www.spiritofpolo.com\/pt-br#website\"},\"datePublished\":\"2024-02-27T15:30:42+00:00\",\"dateModified\":\"2024-02-28T14:15:40+00:00\",\"breadcrumb\":{\"@id\":\"https:\/\/www.spiritofpolo.com\/pt-br\/produto\/semana-de-equitacao-copy#breadcrumb\"},\"inLanguage\":\"pt-BR\",\"potentialAction\":[{\"@type\":\"ReadAction\",\"target\":[\"https:\/\/www.spiritofpolo.com\/pt-br\/produto\/semana-de-equitacao-copy\"]}]},{\"@type\":\"BreadcrumbList\",\"@id\":\"https:\/\/www.spiritofpolo.com\/pt-br\/produto\/semana-de-equitacao-copy#breadcrumb\",\"itemListElement\":[{\"@type\":\"ListItem\",\"position\":1,\"name\":\"Home\",\"item\":\"https:\/\/www.spiritofpolo.com\/pt-br\"},{\"@type\":\"ListItem\",\"position\":2,\"name\":\"Shop\",\"item\":\"https:\/\/www.spiritofpolo.com\/shop\"},{\"@type\":\"ListItem\",\"position\":3,\"name\":\"XPERI\u00caNCIA DE VIDA GA\u00daCHA @ARGENTINA\"}]},{\"@type\":\"WebSite\",\"@id\":\"https:\/\/www.spiritofpolo.com\/pt-br#website\",\"url\":\"https:\/\/www.spiritofpolo.com\/pt-br\",\"name\":\"Spirit of Polo - Spirit of Jumping\",\"description\":\"Argentine Polo Products\",\"publisher\":{\"@id\":\"https:\/\/www.spiritofpolo.com\/pt-br#organization\"},\"potentialAction\":[{\"@type\":\"SearchAction\",\"target\":{\"@type\":\"EntryPoint\",\"urlTemplate\":\"https:\/\/www.spiritofpolo.com\/pt-br?s={search_term_string}\"},\"query-input\":\"required name=search_term_string\"}],\"inLanguage\":\"pt-BR\"},{\"@type\":\"Organization\",\"@id\":\"https:\/\/www.spiritofpolo.com\/pt-br#organization\",\"name\":\"Spirit of Polo - Spirit of Jumping\",\"url\":\"https:\/\/www.spiritofpolo.com\/pt-br\",\"logo\":{\"@type\":\"ImageObject\",\"inLanguage\":\"pt-BR\",\"@id\":\"https:\/\/www.spiritofpolo.com\/pt-br#\/schema\/logo\/image\/\",\"url\":\"\",\"contentUrl\":\"\",\"caption\":\"Spirit of Polo - Spirit of Jumping\"},\"image\":{\"@id\":\"https:\/\/www.spiritofpolo.com\/pt-br#\/schema\/logo\/image\/\"}}]}<\/script>\n<!-- \/ Yoast SEO plugin. -->","yoast_head_json":{"title":"Polo Week \/ Clinic - Spirit of Jumping","robots":{"index":"index","follow":"follow","max-snippet":"max-snippet:-1","max-image-preview":"max-image-preview:large","max-video-preview":"max-video-preview:-1"},"canonical":"https:\/\/www.spiritofpolo.com\/pt-br\/produto\/semana-de-equitacao-copy","og_locale":"pt_BR","og_type":"article","og_title":"Polo Week \/ Clinic - Spirit of Jumping","og_description":"EXPERI\u00caNCIA DE VIDA GA\u00daCHA @ARGENTINA  A apenas 3 horas de Buenos Aires, convidamos voc\u00ea a viver uma experi\u00eancia \u00fanica em sua vida! De manh\u00e3 \u00e0 noite voc\u00ea compartilhar\u00e1 o dia com aut\u00eanticos ga\u00fachos em uma fazenda de 3.000 hectares localizada na prov\u00edncia de Entre R\u00edos, produtora de gado e gr\u00e3os.  Voc\u00ea descobrir\u00e1 sua maneira de viver, trabalhar, comer e respirar! Voc\u00ea se tornar\u00e1 um deles, realizando as tarefas que lhe s\u00e3o apresentadas e que ir\u00e3o nutrir seus conhecimentos sobre pecu\u00e1ria, forma\u00e7\u00e3o racional, permacultura, limpeza de terras, entre muitas coisas.  A manh\u00e3 vai acordar e deixar-te sem palavras quando cruzarmos veados, javalis e aves ex\u00f3ticas, numa paisagem selvagem de imensas plan\u00edcies. E no final do dia a recompensa vir\u00e1 ao contemplar os mais belos pores do sol \u00e0 volta de uma lenha, de alguns mates e de conversas inesquec\u00edveis.  Voc\u00ea est\u00e1 pronto para viver essa experi\u00eancia intensamente nas costas do seu cavalo?  INFORMA\u00c7\u00c3O CHAVE \u2022 Cavalos de ra\u00e7a crioula com mensagem argentina \u2022 Vacas das ra\u00e7as Hereford e Braford \u2022 Tempo aproximado de pedalada por dia de 4 a 8 horas \u2022 Todas as refei\u00e7\u00f5es e bebidas fornecidas \u2022 Alojamento na fazenda \u2022 Transporte de Buenos Aires at\u00e9 a Est\u00e2ncia inclu\u00eddo (288 km)  DESTAQUES \u2022 Rodeio e pastoreio de vacas \u2022 Cabana com pasto rotativo intensivo \u2022 Confinamento \u2022Trabalho no curral \u2022 Al\u00e9m do gado \u2022 Adestramento racional em currais \u2022 Agricultura \u2022 Permacultura \u2022 Ecologiza\u00e7\u00e3o, pastoreio \u2022 Desmantelar  REQUISITOS \u2022 Seguro obrigat\u00f3rio de assist\u00eancia m\u00e9dica \u2022 N\u00edvel de pilotagem intermedi\u00e1rio ou avan\u00e7ado \u2022 Menores acompanhados por um adulto  TAMANHO DO GRUPO \u2022 1 a 4 pessoas \u2022 Quartos de dormir \u2022 2 banheiros (1 privativo \/ 1 compartilhado)  PRE\u00c7O POR PESSOA 1 semana 2 semanas 4 semanas  N\u00e3o \u00e9 suspenso pela chuva  A ESTADIA Localizado a cerca de 6 km de Colonia El\u00eda, munic\u00edpio localizado entre os distritos de Tala e Potrero, no departamento do Uruguai, no leste da prov\u00edncia de Entre R\u00edos.  ENTRE RIOS Entre R\u00edos \u00e9 uma prov\u00edncia da regi\u00e3o da Mesopot\u00e2mia, no nordeste da Argentina, ao norte da prov\u00edncia de Buenos Aires e entre os rios Paran\u00e1 e Uruguai. \u00c9 conhecida por suas fontes termais, como as de Federaci\u00f3n, e por sua tradi\u00e7\u00e3o de cultivar erva-mate e beber mate. \u00c9 o lar de 2 parques nacionais: Predelta, abundante em esp\u00e9cies de aves, e El Palmar, uma das reservas remanescentes da palmeira yatay que outrora cobria a regi\u00e3o.","og_url":"https:\/\/www.spiritofpolo.com\/pt-br\/produto\/semana-de-equitacao-copy","og_site_name":"Spirit of Polo - Spirit of Jumping","article_modified_time":"2024-02-28T14:15:40+00:00","og_image":[{"width":555,"height":710,"url":"https:\/\/www.spiritofpolo.com\/wp-content\/uploads\/Untitled-1.jpg","type":"image\/jpeg"}],"twitter_card":"summary_large_image","schema":{"@context":"https:\/\/schema.org","@graph":[{"@type":"WebPage","@id":"https:\/\/www.spiritofpolo.com\/pt-br\/produto\/semana-de-equitacao-copy","url":"https:\/\/www.spiritofpolo.com\/pt-br\/produto\/semana-de-equitacao-copy","name":"Polo Week \/ Clinic - Spirit of Jumping","isPartOf":{"@id":"https:\/\/www.spiritofpolo.com\/pt-br#website"},"datePublished":"2024-02-27T15:30:42+00:00","dateModified":"2024-02-28T14:15:40+00:00","breadcrumb":{"@id":"https:\/\/www.spiritofpolo.com\/pt-br\/produto\/semana-de-equitacao-copy#breadcrumb"},"inLanguage":"pt-BR","potentialAction":[{"@type":"ReadAction","target":["https:\/\/www.spiritofpolo.com\/pt-br\/produto\/semana-de-equitacao-copy"]}]},{"@type":"BreadcrumbList","@id":"https:\/\/www.spiritofpolo.com\/pt-br\/produto\/semana-de-equitacao-copy#breadcrumb","itemListElement":[{"@type":"ListItem","position":1,"name":"Home","item":"https:\/\/www.spiritofpolo.com\/pt-br"},{"@type":"ListItem","position":2,"name":"Shop","item":"https:\/\/www.spiritofpolo.com\/shop"},{"@type":"ListItem","position":3,"name":"XPERI\u00caNCIA DE VIDA GA\u00daCHA @ARGENTINA"}]},{"@type":"WebSite","@id":"https:\/\/www.spiritofpolo.com\/pt-br#website","url":"https:\/\/www.spiritofpolo.com\/pt-br","name":"Spirit of Polo - Spirit of Jumping","description":"Argentine Polo Products","publisher":{"@id":"https:\/\/www.spiritofpolo.com\/pt-br#organization"},"potentialAction":[{"@type":"SearchAction","target":{"@type":"EntryPoint","urlTemplate":"https:\/\/www.spiritofpolo.com\/pt-br?s={search_term_string}"},"query-input":"required name=search_term_string"}],"inLanguage":"pt-BR"},{"@type":"Organization","@id":"https:\/\/www.spiritofpolo.com\/pt-br#organization","name":"Spirit of Polo - Spirit of Jumping","url":"https:\/\/www.spiritofpolo.com\/pt-br","logo":{"@type":"ImageObject","inLanguage":"pt-BR","@id":"https:\/\/www.spiritofpolo.com\/pt-br#\/schema\/logo\/image\/","url":"","contentUrl":"","caption":"Spirit of Polo - Spirit of Jumping"},"image":{"@id":"https:\/\/www.spiritofpolo.com\/pt-br#\/schema\/logo\/image\/"}}]}},"tiered_pricing_type":"fixed","tiered_pricing_fixed_rules":[],"tiered_pricing_product_settings":{"layout":"default","base_unit_name":{"singular":null,"plural":null},"default_variation":null},"tiered_pricing_minimum_quantity":null,"tiered_pricing_roles_data":[],"tiered_pricing_percentage_rules":[],"_links":{"self":[{"href":"https:\/\/www.spiritofpolo.com\/pt-br\/wp-json\/wp\/v2\/product\/116703"}],"collection":[{"href":"https:\/\/www.spiritofpolo.com\/pt-br\/wp-json\/wp\/v2\/product"}],"about":[{"href":"https:\/\/www.spiritofpolo.com\/pt-br\/wp-json\/wp\/v2\/types\/product"}],"replies":[{"embeddable":true,"href":"https:\/\/www.spiritofpolo.com\/pt-br\/wp-json\/wp\/v2\/comments?post=116703"}],"wp:featuredmedia":[{"embeddable":true,"href":"https:\/\/www.spiritofpolo.com\/pt-br\/wp-json\/wp\/v2\/media\/116706"}],"wp:attachment":[{"href":"https:\/\/www.spiritofpolo.com\/pt-br\/wp-json\/wp\/v2\/media?parent=116703"}],"wp:term":[{"taxonomy":"product_cat","embeddable":true,"href":"https:\/\/www.spiritofpolo.com\/pt-br\/wp-json\/wp\/v2\/product_cat?post=116703"},{"taxonomy":"product_tag","embeddable":true,"href":"https:\/\/www.spiritofpolo.com\/pt-br\/wp-json\/wp\/v2\/product_tag?post=116703"}],"curies":[{"name":"wp","href":"https:\/\/api.w.org\/{rel}","templated":true}]}}