{"id":62450,"date":"2019-10-07T14:31:12","date_gmt":"2019-10-07T14:31:12","guid":{"rendered":"https:\/\/www.spiritofpolo.com\/product\/camiseta-polo-feminina-de-equitacao-dry-fit"},"modified":"2019-10-07T14:31:12","modified_gmt":"2019-10-07T14:31:12","slug":"camiseta-polo-feminina-de-equitacao-dry-fit","status":"publish","type":"product","link":"https:\/\/www.spiritofpolo.com\/pt-br\/produto\/camiseta-polo-feminina-de-equitacao-dry-fit","title":{"rendered":"Camiseta polo feminina de equita\u00e7\u00e3o Dry-Fit"},"content":{"rendered":"","protected":false},"excerpt":{"rendered":"<p>Os tecidos DRY-FIT absorvem a umidade e os espalham por uma ampla \u00e1rea para evaporar rapidamente. Esta elimina\u00e7\u00e3o da transpira\u00e7\u00e3o deve-se \u00e0 a\u00e7\u00e3o de duas camadas: a primeira est\u00e1 em contacto com a pele, absorve toda a humidade e transporta-a rapidamente para a segunda (exterior) onde se espalha e assim evapora imediatamente. E assim o desempenho f\u00edsico \u00e9 potencializado, porque o corpo fica seco.<\/p>\n<p>TAMANHO \u2013 XS \u2013 S \u2013 M \u2013 L<\/p>\n","protected":false},"featured_media":61406,"comment_status":"open","ping_status":"closed","template":"","meta":[],"product_cat":[2596,2587,2567],"product_tag":[],"acf":[],"yoast_head":"<!-- This site is optimized with the Yoast SEO plugin v19.14 - https:\/\/yoast.com\/wordpress\/plugins\/seo\/ -->\n<title>Camiseta polo feminina de equita\u00e7\u00e3o Dry-Fit - Spirit of Polo - Spirit of Jumping<\/title>\n<meta name=\"robots\" content=\"index, follow, max-snippet:-1, max-image-preview:large, max-video-preview:-1\" \/>\n<link rel=\"canonical\" href=\"https:\/\/www.spiritofpolo.com\/pt-br\/produto\/camiseta-polo-feminina-de-equitacao-dry-fit\" \/>\n<meta property=\"og:locale\" content=\"pt_BR\" \/>\n<meta property=\"og:type\" content=\"article\" \/>\n<meta property=\"og:title\" content=\"Camiseta polo feminina de equita\u00e7\u00e3o Dry-Fit - Spirit of Polo - Spirit of Jumping\" \/>\n<meta property=\"og:description\" content=\"Os tecidos DRY-FIT absorvem a umidade e os espalham por uma ampla \u00e1rea para evaporar rapidamente. Esta elimina\u00e7\u00e3o da transpira\u00e7\u00e3o deve-se \u00e0 a\u00e7\u00e3o de duas camadas: a primeira est\u00e1 em contacto com a pele, absorve toda a humidade e transporta-a rapidamente para a segunda (exterior) onde se espalha e assim evapora imediatamente. E assim o desempenho f\u00edsico \u00e9 potencializado, porque o corpo fica seco.  TAMANHO \u2013 XS \u2013 S \u2013 M \u2013 L\" \/>\n<meta property=\"og:url\" content=\"https:\/\/www.spiritofpolo.com\/pt-br\/produto\/camiseta-polo-feminina-de-equitacao-dry-fit\" \/>\n<meta property=\"og:site_name\" content=\"Spirit of Polo - Spirit of Jumping\" \/>\n<meta property=\"og:image\" content=\"https:\/\/www.spiritofpolo.com\/wp-content\/uploads\/Remera_dry-fit_dama_concurso_blanca.jpg\" \/>\n\t<meta property=\"og:image:width\" content=\"555\" \/>\n\t<meta property=\"og:image:height\" content=\"710\" \/>\n\t<meta property=\"og:image:type\" content=\"image\/jpeg\" \/>\n<meta name=\"twitter:card\" content=\"summary_large_image\" \/>\n<script type=\"application\/ld+json\" class=\"yoast-schema-graph\">{\"@context\":\"https:\/\/schema.org\",\"@graph\":[{\"@type\":\"WebPage\",\"@id\":\"https:\/\/www.spiritofpolo.com\/pt-br\/produto\/camiseta-polo-feminina-de-equitacao-dry-fit\",\"url\":\"https:\/\/www.spiritofpolo.com\/pt-br\/produto\/camiseta-polo-feminina-de-equitacao-dry-fit\",\"name\":\"Camiseta polo feminina de equita\u00e7\u00e3o Dry-Fit - Spirit of Polo - Spirit of Jumping\",\"isPartOf\":{\"@id\":\"https:\/\/www.spiritofpolo.com\/pt-br#website\"},\"datePublished\":\"2019-10-07T14:31:12+00:00\",\"dateModified\":\"2019-10-07T14:31:12+00:00\",\"breadcrumb\":{\"@id\":\"https:\/\/www.spiritofpolo.com\/pt-br\/produto\/camiseta-polo-feminina-de-equitacao-dry-fit#breadcrumb\"},\"inLanguage\":\"pt-BR\",\"potentialAction\":[{\"@type\":\"ReadAction\",\"target\":[\"https:\/\/www.spiritofpolo.com\/pt-br\/produto\/camiseta-polo-feminina-de-equitacao-dry-fit\"]}]},{\"@type\":\"BreadcrumbList\",\"@id\":\"https:\/\/www.spiritofpolo.com\/pt-br\/produto\/camiseta-polo-feminina-de-equitacao-dry-fit#breadcrumb\",\"itemListElement\":[{\"@type\":\"ListItem\",\"position\":1,\"name\":\"Home\",\"item\":\"https:\/\/www.spiritofpolo.com\/pt-br\"},{\"@type\":\"ListItem\",\"position\":2,\"name\":\"Shop\",\"item\":\"https:\/\/www.spiritofpolo.com\/shop\"},{\"@type\":\"ListItem\",\"position\":3,\"name\":\"Camiseta polo feminina de equita\u00e7\u00e3o Dry-Fit\"}]},{\"@type\":\"WebSite\",\"@id\":\"https:\/\/www.spiritofpolo.com\/pt-br#website\",\"url\":\"https:\/\/www.spiritofpolo.com\/pt-br\",\"name\":\"Spirit of Polo - Spirit of Jumping\",\"description\":\"Argentine Polo Products\",\"publisher\":{\"@id\":\"https:\/\/www.spiritofpolo.com\/pt-br#organization\"},\"potentialAction\":[{\"@type\":\"SearchAction\",\"target\":{\"@type\":\"EntryPoint\",\"urlTemplate\":\"https:\/\/www.spiritofpolo.com\/pt-br?s={search_term_string}\"},\"query-input\":\"required name=search_term_string\"}],\"inLanguage\":\"pt-BR\"},{\"@type\":\"Organization\",\"@id\":\"https:\/\/www.spiritofpolo.com\/pt-br#organization\",\"name\":\"Spirit of Polo - Spirit of Jumping\",\"url\":\"https:\/\/www.spiritofpolo.com\/pt-br\",\"logo\":{\"@type\":\"ImageObject\",\"inLanguage\":\"pt-BR\",\"@id\":\"https:\/\/www.spiritofpolo.com\/pt-br#\/schema\/logo\/image\/\",\"url\":\"\",\"contentUrl\":\"\",\"caption\":\"Spirit of Polo - Spirit of Jumping\"},\"image\":{\"@id\":\"https:\/\/www.spiritofpolo.com\/pt-br#\/schema\/logo\/image\/\"}}]}<\/script>\n<!-- \/ Yoast SEO plugin. -->","yoast_head_json":{"title":"Camiseta polo feminina de equita\u00e7\u00e3o Dry-Fit - Spirit of Polo - Spirit of Jumping","robots":{"index":"index","follow":"follow","max-snippet":"max-snippet:-1","max-image-preview":"max-image-preview:large","max-video-preview":"max-video-preview:-1"},"canonical":"https:\/\/www.spiritofpolo.com\/pt-br\/produto\/camiseta-polo-feminina-de-equitacao-dry-fit","og_locale":"pt_BR","og_type":"article","og_title":"Camiseta polo feminina de equita\u00e7\u00e3o Dry-Fit - Spirit of Polo - Spirit of Jumping","og_description":"Os tecidos DRY-FIT absorvem a umidade e os espalham por uma ampla \u00e1rea para evaporar rapidamente. Esta elimina\u00e7\u00e3o da transpira\u00e7\u00e3o deve-se \u00e0 a\u00e7\u00e3o de duas camadas: a primeira est\u00e1 em contacto com a pele, absorve toda a humidade e transporta-a rapidamente para a segunda (exterior) onde se espalha e assim evapora imediatamente. E assim o desempenho f\u00edsico \u00e9 potencializado, porque o corpo fica seco.  TAMANHO \u2013 XS \u2013 S \u2013 M \u2013 L","og_url":"https:\/\/www.spiritofpolo.com\/pt-br\/produto\/camiseta-polo-feminina-de-equitacao-dry-fit","og_site_name":"Spirit of Polo - Spirit of Jumping","og_image":[{"width":555,"height":710,"url":"https:\/\/www.spiritofpolo.com\/wp-content\/uploads\/Remera_dry-fit_dama_concurso_blanca.jpg","type":"image\/jpeg"}],"twitter_card":"summary_large_image","schema":{"@context":"https:\/\/schema.org","@graph":[{"@type":"WebPage","@id":"https:\/\/www.spiritofpolo.com\/pt-br\/produto\/camiseta-polo-feminina-de-equitacao-dry-fit","url":"https:\/\/www.spiritofpolo.com\/pt-br\/produto\/camiseta-polo-feminina-de-equitacao-dry-fit","name":"Camiseta polo feminina de equita\u00e7\u00e3o Dry-Fit - Spirit of Polo - Spirit of Jumping","isPartOf":{"@id":"https:\/\/www.spiritofpolo.com\/pt-br#website"},"datePublished":"2019-10-07T14:31:12+00:00","dateModified":"2019-10-07T14:31:12+00:00","breadcrumb":{"@id":"https:\/\/www.spiritofpolo.com\/pt-br\/produto\/camiseta-polo-feminina-de-equitacao-dry-fit#breadcrumb"},"inLanguage":"pt-BR","potentialAction":[{"@type":"ReadAction","target":["https:\/\/www.spiritofpolo.com\/pt-br\/produto\/camiseta-polo-feminina-de-equitacao-dry-fit"]}]},{"@type":"BreadcrumbList","@id":"https:\/\/www.spiritofpolo.com\/pt-br\/produto\/camiseta-polo-feminina-de-equitacao-dry-fit#breadcrumb","itemListElement":[{"@type":"ListItem","position":1,"name":"Home","item":"https:\/\/www.spiritofpolo.com\/pt-br"},{"@type":"ListItem","position":2,"name":"Shop","item":"https:\/\/www.spiritofpolo.com\/shop"},{"@type":"ListItem","position":3,"name":"Camiseta polo feminina de equita\u00e7\u00e3o Dry-Fit"}]},{"@type":"WebSite","@id":"https:\/\/www.spiritofpolo.com\/pt-br#website","url":"https:\/\/www.spiritofpolo.com\/pt-br","name":"Spirit of Polo - Spirit of Jumping","description":"Argentine Polo Products","publisher":{"@id":"https:\/\/www.spiritofpolo.com\/pt-br#organization"},"potentialAction":[{"@type":"SearchAction","target":{"@type":"EntryPoint","urlTemplate":"https:\/\/www.spiritofpolo.com\/pt-br?s={search_term_string}"},"query-input":"required name=search_term_string"}],"inLanguage":"pt-BR"},{"@type":"Organization","@id":"https:\/\/www.spiritofpolo.com\/pt-br#organization","name":"Spirit of Polo - Spirit of Jumping","url":"https:\/\/www.spiritofpolo.com\/pt-br","logo":{"@type":"ImageObject","inLanguage":"pt-BR","@id":"https:\/\/www.spiritofpolo.com\/pt-br#\/schema\/logo\/image\/","url":"","contentUrl":"","caption":"Spirit of Polo - Spirit of Jumping"},"image":{"@id":"https:\/\/www.spiritofpolo.com\/pt-br#\/schema\/logo\/image\/"}}]}},"tiered_pricing_type":"fixed","tiered_pricing_fixed_rules":[],"tiered_pricing_product_settings":{"layout":"default","base_unit_name":{"singular":null,"plural":null},"default_variation":null},"tiered_pricing_minimum_quantity":null,"tiered_pricing_roles_data":[],"tiered_pricing_percentage_rules":[],"_links":{"self":[{"href":"https:\/\/www.spiritofpolo.com\/pt-br\/wp-json\/wp\/v2\/product\/62450"}],"collection":[{"href":"https:\/\/www.spiritofpolo.com\/pt-br\/wp-json\/wp\/v2\/product"}],"about":[{"href":"https:\/\/www.spiritofpolo.com\/pt-br\/wp-json\/wp\/v2\/types\/product"}],"replies":[{"embeddable":true,"href":"https:\/\/www.spiritofpolo.com\/pt-br\/wp-json\/wp\/v2\/comments?post=62450"}],"wp:featuredmedia":[{"embeddable":true,"href":"https:\/\/www.spiritofpolo.com\/pt-br\/wp-json\/wp\/v2\/media\/61406"}],"wp:attachment":[{"href":"https:\/\/www.spiritofpolo.com\/pt-br\/wp-json\/wp\/v2\/media?parent=62450"}],"wp:term":[{"taxonomy":"product_cat","embeddable":true,"href":"https:\/\/www.spiritofpolo.com\/pt-br\/wp-json\/wp\/v2\/product_cat?post=62450"},{"taxonomy":"product_tag","embeddable":true,"href":"https:\/\/www.spiritofpolo.com\/pt-br\/wp-json\/wp\/v2\/product_tag?post=62450"}],"curies":[{"name":"wp","href":"https:\/\/api.w.org\/{rel}","templated":true}]}}