{"id":62538,"date":"2020-09-02T16:42:00","date_gmt":"2020-09-02T16:42:00","guid":{"rendered":"https:\/\/www.spiritofpolo.com\/product\/luva-de-polo-mao-direita-hurlingham-polo"},"modified":"2020-09-02T16:42:00","modified_gmt":"2020-09-02T16:42:00","slug":"luva-de-polo-mao-direita-hurlingham-polo","status":"publish","type":"product","link":"https:\/\/www.spiritofpolo.com\/pt-br\/produto\/luva-de-polo-mao-direita-hurlingham-polo","title":{"rendered":"Luva de Polo M\u00e3o Direita Hurlingham Polo"},"content":{"rendered":"<p>Luvas de polo de m\u00e3o direita projetadas para o jogo. Palma da m\u00e3o em couro texturizado para uma excelente ader\u00eancia. Costas em tecido el\u00e1stico para facilitar o movimento. Estas luvas de p\u00f3lo Hurlingham s\u00e3o ideais para qualquer jogador.<\/p>\n<p>&#8211; 98% algod\u00e3o \/ 2% elastano<br \/>\n&#8211; Lavagem \u00e0 m\u00e3o<br \/>\n&#8211; N\u00e3o utilizar alvejante<br \/>\n&#8211; N\u00e3o lavar a seco<br \/>\n&#8211; N\u00e3o lave a seco<\/p>\n","protected":false},"excerpt":{"rendered":"<p>Luvas de polo de m\u00e3o direita projetadas para o jogo. Palma da m\u00e3o em couro texturizado para uma excelente ader\u00eancia. Costas em tecido el\u00e1stico para facilitar o movimento. Estas luvas de p\u00f3lo Hurlingham s\u00e3o ideais para qualquer jogador. &#8211; 98% algod\u00e3o \/ 2% elastano &#8211; Lavagem \u00e0 m\u00e3o &#8211; N\u00e3o utilizar alvejante &#8211; N\u00e3o lavar a seco &#8211; N\u00e3o lave a seco<\/p>\n","protected":false},"featured_media":60749,"comment_status":"open","ping_status":"closed","template":"","meta":[],"product_cat":[2547,2546,2581],"product_tag":[2718,2719,2623],"acf":[],"yoast_head":"<!-- This site is optimized with the Yoast SEO plugin v19.14 - https:\/\/yoast.com\/wordpress\/plugins\/seo\/ -->\n<title>Luva de Polo M\u00e3o Direita Hurlingham Polo - Spirit of Polo - Spirit of Jumping<\/title>\n<meta name=\"robots\" content=\"index, follow, max-snippet:-1, max-image-preview:large, max-video-preview:-1\" \/>\n<link rel=\"canonical\" href=\"https:\/\/www.spiritofpolo.com\/pt-br\/produto\/luva-de-polo-mao-direita-hurlingham-polo\" \/>\n<meta property=\"og:locale\" content=\"pt_BR\" \/>\n<meta property=\"og:type\" content=\"article\" \/>\n<meta property=\"og:title\" content=\"Luva de Polo M\u00e3o Direita Hurlingham Polo - Spirit of Polo - Spirit of Jumping\" \/>\n<meta property=\"og:description\" content=\"Luvas de polo de m\u00e3o direita projetadas para o jogo. Palma da m\u00e3o em couro texturizado para uma excelente ader\u00eancia. Costas em tecido el\u00e1stico para facilitar o movimento. Estas luvas de p\u00f3lo Hurlingham s\u00e3o ideais para qualquer jogador. &#8211; 98% algod\u00e3o \/ 2% elastano &#8211; Lavagem \u00e0 m\u00e3o &#8211; N\u00e3o utilizar alvejante &#8211; N\u00e3o lavar a seco &#8211; N\u00e3o lave a seco\" \/>\n<meta property=\"og:url\" content=\"https:\/\/www.spiritofpolo.com\/pt-br\/produto\/luva-de-polo-mao-direita-hurlingham-polo\" \/>\n<meta property=\"og:site_name\" content=\"Spirit of Polo - Spirit of Jumping\" \/>\n<meta property=\"og:image\" content=\"https:\/\/www.spiritofpolo.com\/wp-content\/uploads\/2018\/04\/polo-gloves.png\" \/>\n\t<meta property=\"og:image:width\" content=\"477\" \/>\n\t<meta property=\"og:image:height\" content=\"590\" \/>\n\t<meta property=\"og:image:type\" content=\"image\/png\" \/>\n<meta name=\"twitter:card\" content=\"summary_large_image\" \/>\n<script type=\"application\/ld+json\" class=\"yoast-schema-graph\">{\"@context\":\"https:\/\/schema.org\",\"@graph\":[{\"@type\":\"WebPage\",\"@id\":\"https:\/\/www.spiritofpolo.com\/pt-br\/produto\/luva-de-polo-mao-direita-hurlingham-polo\",\"url\":\"https:\/\/www.spiritofpolo.com\/pt-br\/produto\/luva-de-polo-mao-direita-hurlingham-polo\",\"name\":\"Luva de Polo M\u00e3o Direita Hurlingham Polo - Spirit of Polo - Spirit of Jumping\",\"isPartOf\":{\"@id\":\"https:\/\/www.spiritofpolo.com\/pt-br#website\"},\"datePublished\":\"2020-09-02T16:42:00+00:00\",\"dateModified\":\"2020-09-02T16:42:00+00:00\",\"breadcrumb\":{\"@id\":\"https:\/\/www.spiritofpolo.com\/pt-br\/produto\/luva-de-polo-mao-direita-hurlingham-polo#breadcrumb\"},\"inLanguage\":\"pt-BR\",\"potentialAction\":[{\"@type\":\"ReadAction\",\"target\":[\"https:\/\/www.spiritofpolo.com\/pt-br\/produto\/luva-de-polo-mao-direita-hurlingham-polo\"]}]},{\"@type\":\"BreadcrumbList\",\"@id\":\"https:\/\/www.spiritofpolo.com\/pt-br\/produto\/luva-de-polo-mao-direita-hurlingham-polo#breadcrumb\",\"itemListElement\":[{\"@type\":\"ListItem\",\"position\":1,\"name\":\"Home\",\"item\":\"https:\/\/www.spiritofpolo.com\/pt-br\"},{\"@type\":\"ListItem\",\"position\":2,\"name\":\"Shop\",\"item\":\"https:\/\/www.spiritofpolo.com\/shop\"},{\"@type\":\"ListItem\",\"position\":3,\"name\":\"Luva de Polo M\u00e3o Direita Hurlingham Polo\"}]},{\"@type\":\"WebSite\",\"@id\":\"https:\/\/www.spiritofpolo.com\/pt-br#website\",\"url\":\"https:\/\/www.spiritofpolo.com\/pt-br\",\"name\":\"Spirit of Polo - Spirit of Jumping\",\"description\":\"Argentine Polo Products\",\"publisher\":{\"@id\":\"https:\/\/www.spiritofpolo.com\/pt-br#organization\"},\"potentialAction\":[{\"@type\":\"SearchAction\",\"target\":{\"@type\":\"EntryPoint\",\"urlTemplate\":\"https:\/\/www.spiritofpolo.com\/pt-br?s={search_term_string}\"},\"query-input\":\"required name=search_term_string\"}],\"inLanguage\":\"pt-BR\"},{\"@type\":\"Organization\",\"@id\":\"https:\/\/www.spiritofpolo.com\/pt-br#organization\",\"name\":\"Spirit of Polo - Spirit of Jumping\",\"url\":\"https:\/\/www.spiritofpolo.com\/pt-br\",\"logo\":{\"@type\":\"ImageObject\",\"inLanguage\":\"pt-BR\",\"@id\":\"https:\/\/www.spiritofpolo.com\/pt-br#\/schema\/logo\/image\/\",\"url\":\"\",\"contentUrl\":\"\",\"caption\":\"Spirit of Polo - Spirit of Jumping\"},\"image\":{\"@id\":\"https:\/\/www.spiritofpolo.com\/pt-br#\/schema\/logo\/image\/\"}}]}<\/script>\n<!-- \/ Yoast SEO plugin. -->","yoast_head_json":{"title":"Luva de Polo M\u00e3o Direita Hurlingham Polo - Spirit of Polo - Spirit of Jumping","robots":{"index":"index","follow":"follow","max-snippet":"max-snippet:-1","max-image-preview":"max-image-preview:large","max-video-preview":"max-video-preview:-1"},"canonical":"https:\/\/www.spiritofpolo.com\/pt-br\/produto\/luva-de-polo-mao-direita-hurlingham-polo","og_locale":"pt_BR","og_type":"article","og_title":"Luva de Polo M\u00e3o Direita Hurlingham Polo - Spirit of Polo - Spirit of Jumping","og_description":"Luvas de polo de m\u00e3o direita projetadas para o jogo. Palma da m\u00e3o em couro texturizado para uma excelente ader\u00eancia. Costas em tecido el\u00e1stico para facilitar o movimento. Estas luvas de p\u00f3lo Hurlingham s\u00e3o ideais para qualquer jogador. &#8211; 98% algod\u00e3o \/ 2% elastano &#8211; Lavagem \u00e0 m\u00e3o &#8211; N\u00e3o utilizar alvejante &#8211; N\u00e3o lavar a seco &#8211; N\u00e3o lave a seco","og_url":"https:\/\/www.spiritofpolo.com\/pt-br\/produto\/luva-de-polo-mao-direita-hurlingham-polo","og_site_name":"Spirit of Polo - Spirit of Jumping","og_image":[{"width":477,"height":590,"url":"https:\/\/www.spiritofpolo.com\/wp-content\/uploads\/2018\/04\/polo-gloves.png","type":"image\/png"}],"twitter_card":"summary_large_image","schema":{"@context":"https:\/\/schema.org","@graph":[{"@type":"WebPage","@id":"https:\/\/www.spiritofpolo.com\/pt-br\/produto\/luva-de-polo-mao-direita-hurlingham-polo","url":"https:\/\/www.spiritofpolo.com\/pt-br\/produto\/luva-de-polo-mao-direita-hurlingham-polo","name":"Luva de Polo M\u00e3o Direita Hurlingham Polo - Spirit of Polo - Spirit of Jumping","isPartOf":{"@id":"https:\/\/www.spiritofpolo.com\/pt-br#website"},"datePublished":"2020-09-02T16:42:00+00:00","dateModified":"2020-09-02T16:42:00+00:00","breadcrumb":{"@id":"https:\/\/www.spiritofpolo.com\/pt-br\/produto\/luva-de-polo-mao-direita-hurlingham-polo#breadcrumb"},"inLanguage":"pt-BR","potentialAction":[{"@type":"ReadAction","target":["https:\/\/www.spiritofpolo.com\/pt-br\/produto\/luva-de-polo-mao-direita-hurlingham-polo"]}]},{"@type":"BreadcrumbList","@id":"https:\/\/www.spiritofpolo.com\/pt-br\/produto\/luva-de-polo-mao-direita-hurlingham-polo#breadcrumb","itemListElement":[{"@type":"ListItem","position":1,"name":"Home","item":"https:\/\/www.spiritofpolo.com\/pt-br"},{"@type":"ListItem","position":2,"name":"Shop","item":"https:\/\/www.spiritofpolo.com\/shop"},{"@type":"ListItem","position":3,"name":"Luva de Polo M\u00e3o Direita Hurlingham Polo"}]},{"@type":"WebSite","@id":"https:\/\/www.spiritofpolo.com\/pt-br#website","url":"https:\/\/www.spiritofpolo.com\/pt-br","name":"Spirit of Polo - Spirit of Jumping","description":"Argentine Polo Products","publisher":{"@id":"https:\/\/www.spiritofpolo.com\/pt-br#organization"},"potentialAction":[{"@type":"SearchAction","target":{"@type":"EntryPoint","urlTemplate":"https:\/\/www.spiritofpolo.com\/pt-br?s={search_term_string}"},"query-input":"required name=search_term_string"}],"inLanguage":"pt-BR"},{"@type":"Organization","@id":"https:\/\/www.spiritofpolo.com\/pt-br#organization","name":"Spirit of Polo - Spirit of Jumping","url":"https:\/\/www.spiritofpolo.com\/pt-br","logo":{"@type":"ImageObject","inLanguage":"pt-BR","@id":"https:\/\/www.spiritofpolo.com\/pt-br#\/schema\/logo\/image\/","url":"","contentUrl":"","caption":"Spirit of Polo - Spirit of Jumping"},"image":{"@id":"https:\/\/www.spiritofpolo.com\/pt-br#\/schema\/logo\/image\/"}}]}},"tiered_pricing_type":"fixed","tiered_pricing_fixed_rules":[],"tiered_pricing_product_settings":{"layout":"default","base_unit_name":{"singular":null,"plural":null},"default_variation":null},"tiered_pricing_minimum_quantity":null,"tiered_pricing_roles_data":[],"tiered_pricing_percentage_rules":[],"_links":{"self":[{"href":"https:\/\/www.spiritofpolo.com\/pt-br\/wp-json\/wp\/v2\/product\/62538"}],"collection":[{"href":"https:\/\/www.spiritofpolo.com\/pt-br\/wp-json\/wp\/v2\/product"}],"about":[{"href":"https:\/\/www.spiritofpolo.com\/pt-br\/wp-json\/wp\/v2\/types\/product"}],"replies":[{"embeddable":true,"href":"https:\/\/www.spiritofpolo.com\/pt-br\/wp-json\/wp\/v2\/comments?post=62538"}],"wp:featuredmedia":[{"embeddable":true,"href":"https:\/\/www.spiritofpolo.com\/pt-br\/wp-json\/wp\/v2\/media\/60749"}],"wp:attachment":[{"href":"https:\/\/www.spiritofpolo.com\/pt-br\/wp-json\/wp\/v2\/media?parent=62538"}],"wp:term":[{"taxonomy":"product_cat","embeddable":true,"href":"https:\/\/www.spiritofpolo.com\/pt-br\/wp-json\/wp\/v2\/product_cat?post=62538"},{"taxonomy":"product_tag","embeddable":true,"href":"https:\/\/www.spiritofpolo.com\/pt-br\/wp-json\/wp\/v2\/product_tag?post=62538"}],"curies":[{"name":"wp","href":"https:\/\/api.w.org\/{rel}","templated":true}]}}