{"id":62669,"date":"2020-06-22T15:50:32","date_gmt":"2020-06-22T15:50:32","guid":{"rendered":"https:\/\/www.spiritofpolo.com\/product\/juli-light-seal-endurance-4kg"},"modified":"2020-06-22T15:50:32","modified_gmt":"2020-06-22T15:50:32","slug":"juli-light-seal-endurance-4kg","status":"publish","type":"product","link":"https:\/\/www.spiritofpolo.com\/pt-br\/produto\/juli-light-seal-endurance-4kg","title":{"rendered":"JULI Light \u2013 Seal Endurance 4Kg."},"content":{"rendered":"","protected":false},"excerpt":{"rendered":"<p>Material: Couro leve<br \/>\nPeso: 4kg<\/p>\n<p>Voc\u00ea pode escolher o tamanho e 3 assentos diferentes:<br \/>\n\u2013 Flat: liberdade para o quadril do piloto<br \/>\n\u2013 Semi oco: equil\u00edbrio leve com liberdade para descer da montaria para pular<br \/>\n\u2013 Hollow: adestramento, equita\u00e7\u00e3o, bom apoio, sentar bem no selim (inspirado no polo: apoio e conforto em esportes de alta velocidade e equil\u00edbrio)<\/p>\n<p>Voc\u00ea pode escolher 3 footpegs diferentes:<br \/>\n\u2013 3 Apoios para os p\u00e9s em couro \u2013 30cm<br \/>\n\u2013 2 Apoios para os p\u00e9s em couro \u2013 30cm<br \/>\n\u2013 2 Pedaleiras Sint\u00e9ticas \u2013 65cm<\/p>\n<p>Inclui: Suporte de apoio para p\u00e9s em metal e suporte para apoio de p\u00e9s para o quadro<\/p>\n<p>Voc\u00ea tamb\u00e9m pode desenhar sua pr\u00f3pria arma\u00e7\u00e3o, tipo de couro, cores (preto, cinza, marrom, azul, vermelho, amarelo,&#8230;), saia dupla ou saia simples, iniciais.<\/p>\n<p>Produzimos as melhores selas argentinas, com o famoso couro argentino, considerado a mais alta qualidade do mundo. A espessura e a flexibilidade do couro proporcionam prazer e durabilidade aos nossos selins, duram para sempre!<br \/>\nNossa experi\u00eancia em saltos, vestimentas, cross, enduro e polo oferece o melhor equil\u00edbrio para o conforto do cavaleiro e do cavalo.<\/p>\n<p>Esta sela se encaixa perfeitamente no seu cavalo e \u00e9 muito confort\u00e1vel para o cavaleiro. Garante boa estabilidade durante a cavalgada, adestramento, salto ou cruz.<\/p>\n<p>Feito na Argentina<\/p>\n","protected":false},"featured_media":61788,"comment_status":"open","ping_status":"closed","template":"","meta":[],"product_cat":[2588,2587,2593,2594,2541],"product_tag":[],"acf":[],"yoast_head":"<!-- This site is optimized with the Yoast SEO plugin v19.14 - https:\/\/yoast.com\/wordpress\/plugins\/seo\/ -->\n<title>JULI Light \u2013 Seal Endurance 4Kg. - Spirit of Polo - Spirit of Jumping<\/title>\n<meta name=\"robots\" content=\"index, follow, max-snippet:-1, max-image-preview:large, max-video-preview:-1\" \/>\n<link rel=\"canonical\" href=\"https:\/\/www.spiritofpolo.com\/pt-br\/produto\/juli-light-seal-endurance-4kg\" \/>\n<meta property=\"og:locale\" content=\"pt_BR\" \/>\n<meta property=\"og:type\" content=\"article\" \/>\n<meta property=\"og:title\" content=\"JULI Light \u2013 Seal Endurance 4Kg. - Spirit of Polo - Spirit of Jumping\" \/>\n<meta property=\"og:description\" content=\"Material: Couro leve Peso: 4kg  Voc\u00ea pode escolher o tamanho e 3 assentos diferentes: \u2013 Flat: liberdade para o quadril do piloto \u2013 Semi oco: equil\u00edbrio leve com liberdade para descer da montaria para pular \u2013 Hollow: adestramento, equita\u00e7\u00e3o, bom apoio, sentar bem no selim (inspirado no polo: apoio e conforto em esportes de alta velocidade e equil\u00edbrio)  Voc\u00ea pode escolher 3 footpegs diferentes: \u2013 3 Apoios para os p\u00e9s em couro \u2013 30cm \u2013 2 Apoios para os p\u00e9s em couro \u2013 30cm \u2013 2 Pedaleiras Sint\u00e9ticas \u2013 65cm  Inclui: Suporte de apoio para p\u00e9s em metal e suporte para apoio de p\u00e9s para o quadro  Voc\u00ea tamb\u00e9m pode desenhar sua pr\u00f3pria arma\u00e7\u00e3o, tipo de couro, cores (preto, cinza, marrom, azul, vermelho, amarelo,...), saia dupla ou saia simples, iniciais.  Produzimos as melhores selas argentinas, com o famoso couro argentino, considerado a mais alta qualidade do mundo. A espessura e a flexibilidade do couro proporcionam prazer e durabilidade aos nossos selins, duram para sempre! Nossa experi\u00eancia em saltos, vestimentas, cross, enduro e polo oferece o melhor equil\u00edbrio para o conforto do cavaleiro e do cavalo.  Esta sela se encaixa perfeitamente no seu cavalo e \u00e9 muito confort\u00e1vel para o cavaleiro. Garante boa estabilidade durante a cavalgada, adestramento, salto ou cruz.  Feito na Argentina\" \/>\n<meta property=\"og:url\" content=\"https:\/\/www.spiritofpolo.com\/pt-br\/produto\/juli-light-seal-endurance-4kg\" \/>\n<meta property=\"og:site_name\" content=\"Spirit of Polo - Spirit of Jumping\" \/>\n<meta property=\"og:image\" content=\"https:\/\/www.spiritofpolo.com\/wp-content\/uploads\/Endurance-saddle-Spirit-of-Polo.jpg\" \/>\n\t<meta property=\"og:image:width\" content=\"555\" \/>\n\t<meta property=\"og:image:height\" content=\"710\" \/>\n\t<meta property=\"og:image:type\" content=\"image\/jpeg\" \/>\n<meta name=\"twitter:card\" content=\"summary_large_image\" \/>\n<script type=\"application\/ld+json\" class=\"yoast-schema-graph\">{\"@context\":\"https:\/\/schema.org\",\"@graph\":[{\"@type\":\"WebPage\",\"@id\":\"https:\/\/www.spiritofpolo.com\/pt-br\/produto\/juli-light-seal-endurance-4kg\",\"url\":\"https:\/\/www.spiritofpolo.com\/pt-br\/produto\/juli-light-seal-endurance-4kg\",\"name\":\"JULI Light \u2013 Seal Endurance 4Kg. - Spirit of Polo - Spirit of Jumping\",\"isPartOf\":{\"@id\":\"https:\/\/www.spiritofpolo.com\/pt-br#website\"},\"datePublished\":\"2020-06-22T15:50:32+00:00\",\"dateModified\":\"2020-06-22T15:50:32+00:00\",\"breadcrumb\":{\"@id\":\"https:\/\/www.spiritofpolo.com\/pt-br\/produto\/juli-light-seal-endurance-4kg#breadcrumb\"},\"inLanguage\":\"pt-BR\",\"potentialAction\":[{\"@type\":\"ReadAction\",\"target\":[\"https:\/\/www.spiritofpolo.com\/pt-br\/produto\/juli-light-seal-endurance-4kg\"]}]},{\"@type\":\"BreadcrumbList\",\"@id\":\"https:\/\/www.spiritofpolo.com\/pt-br\/produto\/juli-light-seal-endurance-4kg#breadcrumb\",\"itemListElement\":[{\"@type\":\"ListItem\",\"position\":1,\"name\":\"Home\",\"item\":\"https:\/\/www.spiritofpolo.com\/pt-br\"},{\"@type\":\"ListItem\",\"position\":2,\"name\":\"Shop\",\"item\":\"https:\/\/www.spiritofpolo.com\/shop\"},{\"@type\":\"ListItem\",\"position\":3,\"name\":\"JULI Light \u2013 Seal Endurance 4Kg.\"}]},{\"@type\":\"WebSite\",\"@id\":\"https:\/\/www.spiritofpolo.com\/pt-br#website\",\"url\":\"https:\/\/www.spiritofpolo.com\/pt-br\",\"name\":\"Spirit of Polo - Spirit of Jumping\",\"description\":\"Argentine Polo Products\",\"publisher\":{\"@id\":\"https:\/\/www.spiritofpolo.com\/pt-br#organization\"},\"potentialAction\":[{\"@type\":\"SearchAction\",\"target\":{\"@type\":\"EntryPoint\",\"urlTemplate\":\"https:\/\/www.spiritofpolo.com\/pt-br?s={search_term_string}\"},\"query-input\":\"required name=search_term_string\"}],\"inLanguage\":\"pt-BR\"},{\"@type\":\"Organization\",\"@id\":\"https:\/\/www.spiritofpolo.com\/pt-br#organization\",\"name\":\"Spirit of Polo - Spirit of Jumping\",\"url\":\"https:\/\/www.spiritofpolo.com\/pt-br\",\"logo\":{\"@type\":\"ImageObject\",\"inLanguage\":\"pt-BR\",\"@id\":\"https:\/\/www.spiritofpolo.com\/pt-br#\/schema\/logo\/image\/\",\"url\":\"\",\"contentUrl\":\"\",\"caption\":\"Spirit of Polo - Spirit of Jumping\"},\"image\":{\"@id\":\"https:\/\/www.spiritofpolo.com\/pt-br#\/schema\/logo\/image\/\"}}]}<\/script>\n<!-- \/ Yoast SEO plugin. -->","yoast_head_json":{"title":"JULI Light \u2013 Seal Endurance 4Kg. - Spirit of Polo - Spirit of Jumping","robots":{"index":"index","follow":"follow","max-snippet":"max-snippet:-1","max-image-preview":"max-image-preview:large","max-video-preview":"max-video-preview:-1"},"canonical":"https:\/\/www.spiritofpolo.com\/pt-br\/produto\/juli-light-seal-endurance-4kg","og_locale":"pt_BR","og_type":"article","og_title":"JULI Light \u2013 Seal Endurance 4Kg. - Spirit of Polo - Spirit of Jumping","og_description":"Material: Couro leve Peso: 4kg  Voc\u00ea pode escolher o tamanho e 3 assentos diferentes: \u2013 Flat: liberdade para o quadril do piloto \u2013 Semi oco: equil\u00edbrio leve com liberdade para descer da montaria para pular \u2013 Hollow: adestramento, equita\u00e7\u00e3o, bom apoio, sentar bem no selim (inspirado no polo: apoio e conforto em esportes de alta velocidade e equil\u00edbrio)  Voc\u00ea pode escolher 3 footpegs diferentes: \u2013 3 Apoios para os p\u00e9s em couro \u2013 30cm \u2013 2 Apoios para os p\u00e9s em couro \u2013 30cm \u2013 2 Pedaleiras Sint\u00e9ticas \u2013 65cm  Inclui: Suporte de apoio para p\u00e9s em metal e suporte para apoio de p\u00e9s para o quadro  Voc\u00ea tamb\u00e9m pode desenhar sua pr\u00f3pria arma\u00e7\u00e3o, tipo de couro, cores (preto, cinza, marrom, azul, vermelho, amarelo,...), saia dupla ou saia simples, iniciais.  Produzimos as melhores selas argentinas, com o famoso couro argentino, considerado a mais alta qualidade do mundo. A espessura e a flexibilidade do couro proporcionam prazer e durabilidade aos nossos selins, duram para sempre! Nossa experi\u00eancia em saltos, vestimentas, cross, enduro e polo oferece o melhor equil\u00edbrio para o conforto do cavaleiro e do cavalo.  Esta sela se encaixa perfeitamente no seu cavalo e \u00e9 muito confort\u00e1vel para o cavaleiro. Garante boa estabilidade durante a cavalgada, adestramento, salto ou cruz.  Feito na Argentina","og_url":"https:\/\/www.spiritofpolo.com\/pt-br\/produto\/juli-light-seal-endurance-4kg","og_site_name":"Spirit of Polo - Spirit of Jumping","og_image":[{"width":555,"height":710,"url":"https:\/\/www.spiritofpolo.com\/wp-content\/uploads\/Endurance-saddle-Spirit-of-Polo.jpg","type":"image\/jpeg"}],"twitter_card":"summary_large_image","schema":{"@context":"https:\/\/schema.org","@graph":[{"@type":"WebPage","@id":"https:\/\/www.spiritofpolo.com\/pt-br\/produto\/juli-light-seal-endurance-4kg","url":"https:\/\/www.spiritofpolo.com\/pt-br\/produto\/juli-light-seal-endurance-4kg","name":"JULI Light \u2013 Seal Endurance 4Kg. - Spirit of Polo - Spirit of Jumping","isPartOf":{"@id":"https:\/\/www.spiritofpolo.com\/pt-br#website"},"datePublished":"2020-06-22T15:50:32+00:00","dateModified":"2020-06-22T15:50:32+00:00","breadcrumb":{"@id":"https:\/\/www.spiritofpolo.com\/pt-br\/produto\/juli-light-seal-endurance-4kg#breadcrumb"},"inLanguage":"pt-BR","potentialAction":[{"@type":"ReadAction","target":["https:\/\/www.spiritofpolo.com\/pt-br\/produto\/juli-light-seal-endurance-4kg"]}]},{"@type":"BreadcrumbList","@id":"https:\/\/www.spiritofpolo.com\/pt-br\/produto\/juli-light-seal-endurance-4kg#breadcrumb","itemListElement":[{"@type":"ListItem","position":1,"name":"Home","item":"https:\/\/www.spiritofpolo.com\/pt-br"},{"@type":"ListItem","position":2,"name":"Shop","item":"https:\/\/www.spiritofpolo.com\/shop"},{"@type":"ListItem","position":3,"name":"JULI Light \u2013 Seal Endurance 4Kg."}]},{"@type":"WebSite","@id":"https:\/\/www.spiritofpolo.com\/pt-br#website","url":"https:\/\/www.spiritofpolo.com\/pt-br","name":"Spirit of Polo - Spirit of Jumping","description":"Argentine Polo Products","publisher":{"@id":"https:\/\/www.spiritofpolo.com\/pt-br#organization"},"potentialAction":[{"@type":"SearchAction","target":{"@type":"EntryPoint","urlTemplate":"https:\/\/www.spiritofpolo.com\/pt-br?s={search_term_string}"},"query-input":"required name=search_term_string"}],"inLanguage":"pt-BR"},{"@type":"Organization","@id":"https:\/\/www.spiritofpolo.com\/pt-br#organization","name":"Spirit of Polo - Spirit of Jumping","url":"https:\/\/www.spiritofpolo.com\/pt-br","logo":{"@type":"ImageObject","inLanguage":"pt-BR","@id":"https:\/\/www.spiritofpolo.com\/pt-br#\/schema\/logo\/image\/","url":"","contentUrl":"","caption":"Spirit of Polo - Spirit of Jumping"},"image":{"@id":"https:\/\/www.spiritofpolo.com\/pt-br#\/schema\/logo\/image\/"}}]}},"tiered_pricing_type":"fixed","tiered_pricing_fixed_rules":[],"tiered_pricing_product_settings":{"layout":"default","base_unit_name":{"singular":null,"plural":null},"default_variation":null},"tiered_pricing_minimum_quantity":null,"tiered_pricing_roles_data":[],"tiered_pricing_percentage_rules":[],"_links":{"self":[{"href":"https:\/\/www.spiritofpolo.com\/pt-br\/wp-json\/wp\/v2\/product\/62669"}],"collection":[{"href":"https:\/\/www.spiritofpolo.com\/pt-br\/wp-json\/wp\/v2\/product"}],"about":[{"href":"https:\/\/www.spiritofpolo.com\/pt-br\/wp-json\/wp\/v2\/types\/product"}],"replies":[{"embeddable":true,"href":"https:\/\/www.spiritofpolo.com\/pt-br\/wp-json\/wp\/v2\/comments?post=62669"}],"wp:featuredmedia":[{"embeddable":true,"href":"https:\/\/www.spiritofpolo.com\/pt-br\/wp-json\/wp\/v2\/media\/61788"}],"wp:attachment":[{"href":"https:\/\/www.spiritofpolo.com\/pt-br\/wp-json\/wp\/v2\/media?parent=62669"}],"wp:term":[{"taxonomy":"product_cat","embeddable":true,"href":"https:\/\/www.spiritofpolo.com\/pt-br\/wp-json\/wp\/v2\/product_cat?post=62669"},{"taxonomy":"product_tag","embeddable":true,"href":"https:\/\/www.spiritofpolo.com\/pt-br\/wp-json\/wp\/v2\/product_tag?post=62669"}],"curies":[{"name":"wp","href":"https:\/\/api.w.org\/{rel}","templated":true}]}}