{"id":62672,"date":"2019-02-16T13:19:49","date_gmt":"2019-02-16T13:19:49","guid":{"rendered":"https:\/\/www.spiritofpolo.com\/product\/sela-de-hipismo-e-horse-ball-pato"},"modified":"2019-02-16T13:19:49","modified_gmt":"2019-02-16T13:19:49","slug":"sela-de-hipismo-e-horse-ball-pato","status":"publish","type":"product","link":"https:\/\/www.spiritofpolo.com\/pt-br\/produto\/sela-de-hipismo-e-horse-ball-pato","title":{"rendered":"SELA DE HIPISMO E HORSE BALL \/  PATO"},"content":{"rendered":"","protected":false},"excerpt":{"rendered":"<p>Fabricados por um dos melhores fabricantes de molduras da Argentina, nossas molduras s\u00e3o conhecidas por sua qualidade.<br \/>\nNosso artes\u00e3o usa o melhor couro argentino. Esta montagem \u00e9 muito confort\u00e1vel para o piloto. Com seu assento grande, garante boa estabilidade durante a pilotagem ou uma partida.<\/p>\n<p>Diferentes tamanhos dispon\u00edveis: homens, mulheres, crian\u00e7as.<\/p>\n<p>Todos os nossos quadros s\u00e3o fabricados na Argentina e atendem aos padr\u00f5es argentinos. Os atributos da montagem podem ser alterados (suportes de estribo, tamanho\u2026).<\/p>\n<p>Voc\u00ea pode escolher o tamanho e 3 assentos diferentes:<br \/>\n\u2013 Plana, liberdade para os quadris do piloto.<br \/>\n\u2013 Semi oco: equil\u00edbrio leve com liberdade para descer da montaria para pular<br \/>\n\u2013 Hollow: adestramento, equita\u00e7\u00e3o, bom apoio, sentar bem no selim (inspirado no polo: apoio e conforto em esportes de alta velocidade e equil\u00edbrio)<\/p>\n<p>Voc\u00ea tamb\u00e9m pode desenhar sua pr\u00f3pria arma\u00e7\u00e3o, tipo de couro, cores (preto, cinza, marrom, azul, vermelho, amarelo,\u2026), saia dupla ou saia simples, iniciais,\u2026<\/p>\n<p>Esta sela se encaixa perfeitamente no seu cavalo e \u00e9 muito confort\u00e1vel para o cavaleiro.<\/p>\n<p>Feito na Argentina<\/p>\n","protected":false},"featured_media":61683,"comment_status":"open","ping_status":"closed","template":"","meta":[],"product_cat":[2588,2587,2593],"product_tag":[],"acf":[],"yoast_head":"<!-- This site is optimized with the Yoast SEO plugin v19.14 - https:\/\/yoast.com\/wordpress\/plugins\/seo\/ -->\n<title>SELA DE HIPISMO E HORSE BALL \/ PATO - Spirit of Polo - Spirit of Jumping<\/title>\n<meta name=\"robots\" content=\"index, follow, max-snippet:-1, max-image-preview:large, max-video-preview:-1\" \/>\n<link rel=\"canonical\" href=\"https:\/\/www.spiritofpolo.com\/pt-br\/produto\/sela-de-hipismo-e-horse-ball-pato\" \/>\n<meta property=\"og:locale\" content=\"pt_BR\" \/>\n<meta property=\"og:type\" content=\"article\" \/>\n<meta property=\"og:title\" content=\"SELA DE HIPISMO E HORSE BALL \/ PATO - Spirit of Polo - Spirit of Jumping\" \/>\n<meta property=\"og:description\" content=\"Fabricados por um dos melhores fabricantes de molduras da Argentina, nossas molduras s\u00e3o conhecidas por sua qualidade. Nosso artes\u00e3o usa o melhor couro argentino. Esta montagem \u00e9 muito confort\u00e1vel para o piloto. Com seu assento grande, garante boa estabilidade durante a pilotagem ou uma partida.  Diferentes tamanhos dispon\u00edveis: homens, mulheres, crian\u00e7as.  Todos os nossos quadros s\u00e3o fabricados na Argentina e atendem aos padr\u00f5es argentinos. Os atributos da montagem podem ser alterados (suportes de estribo, tamanho\u2026).  Voc\u00ea pode escolher o tamanho e 3 assentos diferentes: \u2013 Plana, liberdade para os quadris do piloto. \u2013 Semi oco: equil\u00edbrio leve com liberdade para descer da montaria para pular \u2013 Hollow: adestramento, equita\u00e7\u00e3o, bom apoio, sentar bem no selim (inspirado no polo: apoio e conforto em esportes de alta velocidade e equil\u00edbrio)  Voc\u00ea tamb\u00e9m pode desenhar sua pr\u00f3pria arma\u00e7\u00e3o, tipo de couro, cores (preto, cinza, marrom, azul, vermelho, amarelo,\u2026), saia dupla ou saia simples, iniciais,\u2026  Esta sela se encaixa perfeitamente no seu cavalo e \u00e9 muito confort\u00e1vel para o cavaleiro.  Feito na Argentina\" \/>\n<meta property=\"og:url\" content=\"https:\/\/www.spiritofpolo.com\/pt-br\/produto\/sela-de-hipismo-e-horse-ball-pato\" \/>\n<meta property=\"og:site_name\" content=\"Spirit of Polo - Spirit of Jumping\" \/>\n<meta property=\"og:image\" content=\"https:\/\/www.spiritofpolo.com\/wp-content\/uploads\/Montura-Polo-Negra-1.jpg\" \/>\n\t<meta property=\"og:image:width\" content=\"555\" \/>\n\t<meta property=\"og:image:height\" content=\"710\" \/>\n\t<meta property=\"og:image:type\" content=\"image\/jpeg\" \/>\n<meta name=\"twitter:card\" content=\"summary_large_image\" \/>\n<script type=\"application\/ld+json\" class=\"yoast-schema-graph\">{\"@context\":\"https:\/\/schema.org\",\"@graph\":[{\"@type\":\"WebPage\",\"@id\":\"https:\/\/www.spiritofpolo.com\/pt-br\/produto\/sela-de-hipismo-e-horse-ball-pato\",\"url\":\"https:\/\/www.spiritofpolo.com\/pt-br\/produto\/sela-de-hipismo-e-horse-ball-pato\",\"name\":\"SELA DE HIPISMO E HORSE BALL \/ PATO - Spirit of Polo - Spirit of Jumping\",\"isPartOf\":{\"@id\":\"https:\/\/www.spiritofpolo.com\/pt-br#website\"},\"datePublished\":\"2019-02-16T13:19:49+00:00\",\"dateModified\":\"2019-02-16T13:19:49+00:00\",\"breadcrumb\":{\"@id\":\"https:\/\/www.spiritofpolo.com\/pt-br\/produto\/sela-de-hipismo-e-horse-ball-pato#breadcrumb\"},\"inLanguage\":\"pt-BR\",\"potentialAction\":[{\"@type\":\"ReadAction\",\"target\":[\"https:\/\/www.spiritofpolo.com\/pt-br\/produto\/sela-de-hipismo-e-horse-ball-pato\"]}]},{\"@type\":\"BreadcrumbList\",\"@id\":\"https:\/\/www.spiritofpolo.com\/pt-br\/produto\/sela-de-hipismo-e-horse-ball-pato#breadcrumb\",\"itemListElement\":[{\"@type\":\"ListItem\",\"position\":1,\"name\":\"Home\",\"item\":\"https:\/\/www.spiritofpolo.com\/pt-br\"},{\"@type\":\"ListItem\",\"position\":2,\"name\":\"Shop\",\"item\":\"https:\/\/www.spiritofpolo.com\/shop\"},{\"@type\":\"ListItem\",\"position\":3,\"name\":\"SELA DE HIPISMO E HORSE BALL \/ PATO\"}]},{\"@type\":\"WebSite\",\"@id\":\"https:\/\/www.spiritofpolo.com\/pt-br#website\",\"url\":\"https:\/\/www.spiritofpolo.com\/pt-br\",\"name\":\"Spirit of Polo - Spirit of Jumping\",\"description\":\"Argentine Polo Products\",\"publisher\":{\"@id\":\"https:\/\/www.spiritofpolo.com\/pt-br#organization\"},\"potentialAction\":[{\"@type\":\"SearchAction\",\"target\":{\"@type\":\"EntryPoint\",\"urlTemplate\":\"https:\/\/www.spiritofpolo.com\/pt-br?s={search_term_string}\"},\"query-input\":\"required name=search_term_string\"}],\"inLanguage\":\"pt-BR\"},{\"@type\":\"Organization\",\"@id\":\"https:\/\/www.spiritofpolo.com\/pt-br#organization\",\"name\":\"Spirit of Polo - Spirit of Jumping\",\"url\":\"https:\/\/www.spiritofpolo.com\/pt-br\",\"logo\":{\"@type\":\"ImageObject\",\"inLanguage\":\"pt-BR\",\"@id\":\"https:\/\/www.spiritofpolo.com\/pt-br#\/schema\/logo\/image\/\",\"url\":\"\",\"contentUrl\":\"\",\"caption\":\"Spirit of Polo - Spirit of Jumping\"},\"image\":{\"@id\":\"https:\/\/www.spiritofpolo.com\/pt-br#\/schema\/logo\/image\/\"}}]}<\/script>\n<!-- \/ Yoast SEO plugin. -->","yoast_head_json":{"title":"SELA DE HIPISMO E HORSE BALL \/ PATO - Spirit of Polo - Spirit of Jumping","robots":{"index":"index","follow":"follow","max-snippet":"max-snippet:-1","max-image-preview":"max-image-preview:large","max-video-preview":"max-video-preview:-1"},"canonical":"https:\/\/www.spiritofpolo.com\/pt-br\/produto\/sela-de-hipismo-e-horse-ball-pato","og_locale":"pt_BR","og_type":"article","og_title":"SELA DE HIPISMO E HORSE BALL \/ PATO - Spirit of Polo - Spirit of Jumping","og_description":"Fabricados por um dos melhores fabricantes de molduras da Argentina, nossas molduras s\u00e3o conhecidas por sua qualidade. Nosso artes\u00e3o usa o melhor couro argentino. Esta montagem \u00e9 muito confort\u00e1vel para o piloto. Com seu assento grande, garante boa estabilidade durante a pilotagem ou uma partida.  Diferentes tamanhos dispon\u00edveis: homens, mulheres, crian\u00e7as.  Todos os nossos quadros s\u00e3o fabricados na Argentina e atendem aos padr\u00f5es argentinos. Os atributos da montagem podem ser alterados (suportes de estribo, tamanho\u2026).  Voc\u00ea pode escolher o tamanho e 3 assentos diferentes: \u2013 Plana, liberdade para os quadris do piloto. \u2013 Semi oco: equil\u00edbrio leve com liberdade para descer da montaria para pular \u2013 Hollow: adestramento, equita\u00e7\u00e3o, bom apoio, sentar bem no selim (inspirado no polo: apoio e conforto em esportes de alta velocidade e equil\u00edbrio)  Voc\u00ea tamb\u00e9m pode desenhar sua pr\u00f3pria arma\u00e7\u00e3o, tipo de couro, cores (preto, cinza, marrom, azul, vermelho, amarelo,\u2026), saia dupla ou saia simples, iniciais,\u2026  Esta sela se encaixa perfeitamente no seu cavalo e \u00e9 muito confort\u00e1vel para o cavaleiro.  Feito na Argentina","og_url":"https:\/\/www.spiritofpolo.com\/pt-br\/produto\/sela-de-hipismo-e-horse-ball-pato","og_site_name":"Spirit of Polo - Spirit of Jumping","og_image":[{"width":555,"height":710,"url":"https:\/\/www.spiritofpolo.com\/wp-content\/uploads\/Montura-Polo-Negra-1.jpg","type":"image\/jpeg"}],"twitter_card":"summary_large_image","schema":{"@context":"https:\/\/schema.org","@graph":[{"@type":"WebPage","@id":"https:\/\/www.spiritofpolo.com\/pt-br\/produto\/sela-de-hipismo-e-horse-ball-pato","url":"https:\/\/www.spiritofpolo.com\/pt-br\/produto\/sela-de-hipismo-e-horse-ball-pato","name":"SELA DE HIPISMO E HORSE BALL \/ PATO - Spirit of Polo - Spirit of Jumping","isPartOf":{"@id":"https:\/\/www.spiritofpolo.com\/pt-br#website"},"datePublished":"2019-02-16T13:19:49+00:00","dateModified":"2019-02-16T13:19:49+00:00","breadcrumb":{"@id":"https:\/\/www.spiritofpolo.com\/pt-br\/produto\/sela-de-hipismo-e-horse-ball-pato#breadcrumb"},"inLanguage":"pt-BR","potentialAction":[{"@type":"ReadAction","target":["https:\/\/www.spiritofpolo.com\/pt-br\/produto\/sela-de-hipismo-e-horse-ball-pato"]}]},{"@type":"BreadcrumbList","@id":"https:\/\/www.spiritofpolo.com\/pt-br\/produto\/sela-de-hipismo-e-horse-ball-pato#breadcrumb","itemListElement":[{"@type":"ListItem","position":1,"name":"Home","item":"https:\/\/www.spiritofpolo.com\/pt-br"},{"@type":"ListItem","position":2,"name":"Shop","item":"https:\/\/www.spiritofpolo.com\/shop"},{"@type":"ListItem","position":3,"name":"SELA DE HIPISMO E HORSE BALL \/ PATO"}]},{"@type":"WebSite","@id":"https:\/\/www.spiritofpolo.com\/pt-br#website","url":"https:\/\/www.spiritofpolo.com\/pt-br","name":"Spirit of Polo - Spirit of Jumping","description":"Argentine Polo Products","publisher":{"@id":"https:\/\/www.spiritofpolo.com\/pt-br#organization"},"potentialAction":[{"@type":"SearchAction","target":{"@type":"EntryPoint","urlTemplate":"https:\/\/www.spiritofpolo.com\/pt-br?s={search_term_string}"},"query-input":"required name=search_term_string"}],"inLanguage":"pt-BR"},{"@type":"Organization","@id":"https:\/\/www.spiritofpolo.com\/pt-br#organization","name":"Spirit of Polo - Spirit of Jumping","url":"https:\/\/www.spiritofpolo.com\/pt-br","logo":{"@type":"ImageObject","inLanguage":"pt-BR","@id":"https:\/\/www.spiritofpolo.com\/pt-br#\/schema\/logo\/image\/","url":"","contentUrl":"","caption":"Spirit of Polo - Spirit of Jumping"},"image":{"@id":"https:\/\/www.spiritofpolo.com\/pt-br#\/schema\/logo\/image\/"}}]}},"tiered_pricing_type":"fixed","tiered_pricing_fixed_rules":[],"tiered_pricing_product_settings":{"layout":"default","base_unit_name":{"singular":null,"plural":null},"default_variation":null},"tiered_pricing_minimum_quantity":null,"tiered_pricing_roles_data":[],"tiered_pricing_percentage_rules":[],"_links":{"self":[{"href":"https:\/\/www.spiritofpolo.com\/pt-br\/wp-json\/wp\/v2\/product\/62672"}],"collection":[{"href":"https:\/\/www.spiritofpolo.com\/pt-br\/wp-json\/wp\/v2\/product"}],"about":[{"href":"https:\/\/www.spiritofpolo.com\/pt-br\/wp-json\/wp\/v2\/types\/product"}],"replies":[{"embeddable":true,"href":"https:\/\/www.spiritofpolo.com\/pt-br\/wp-json\/wp\/v2\/comments?post=62672"}],"wp:featuredmedia":[{"embeddable":true,"href":"https:\/\/www.spiritofpolo.com\/pt-br\/wp-json\/wp\/v2\/media\/61683"}],"wp:attachment":[{"href":"https:\/\/www.spiritofpolo.com\/pt-br\/wp-json\/wp\/v2\/media?parent=62672"}],"wp:term":[{"taxonomy":"product_cat","embeddable":true,"href":"https:\/\/www.spiritofpolo.com\/pt-br\/wp-json\/wp\/v2\/product_cat?post=62672"},{"taxonomy":"product_tag","embeddable":true,"href":"https:\/\/www.spiritofpolo.com\/pt-br\/wp-json\/wp\/v2\/product_tag?post=62672"}],"curies":[{"name":"wp","href":"https:\/\/api.w.org\/{rel}","templated":true}]}}