{"id":62685,"date":"2020-10-19T19:00:41","date_gmt":"2020-10-19T19:00:41","guid":{"rendered":"https:\/\/www.spiritofpolo.com\/product\/chiberta-o-devoucoux-eventing"},"modified":"2020-10-19T19:00:41","modified_gmt":"2020-10-19T19:00:41","slug":"chiberta-o-devoucoux-eventing","status":"publish","type":"product","link":"https:\/\/www.spiritofpolo.com\/pt-br\/produto\/chiberta-o-devoucoux-eventing","title":{"rendered":"Chiberta O &#8211; Devoucoux &#8211; Eventing"},"content":{"rendered":"","protected":false},"excerpt":{"rendered":"<p>Montagem multifuncional de uma saia para cross-country e salto com contato muito preciso das pernas. Um selim usado principalmente para saltos que, gra\u00e7as ao design exclusivo da saia, proporciona ao ciclista um contato muito preciso com as pernas para o trabalho di\u00e1rio, trabalho plano, salto e ao ar livre. O equil\u00edbrio e a estabilidade s\u00e3o garantidos pela posi\u00e7\u00e3o das joelheiras dianteiras que s\u00e3o cobertas por joelheiras para maior conforto e pelas travas das coxas que s\u00e3o proeminentes para maior seguran\u00e7a. Modelo registrado.<\/p>\n<p>Cor: Havana ou Preto<br \/>\nAcabamento: forrado de bezerro, forrado de b\u00fafalo<\/p>\n","protected":false},"featured_media":61803,"comment_status":"open","ping_status":"closed","template":"","meta":[],"product_cat":[2588,2534,2587],"product_tag":[],"acf":[],"yoast_head":"<!-- This site is optimized with the Yoast SEO plugin v19.14 - https:\/\/yoast.com\/wordpress\/plugins\/seo\/ -->\n<title>Chiberta O - Devoucoux - Eventing - Spirit of Polo - Spirit of Jumping<\/title>\n<meta name=\"robots\" content=\"index, follow, max-snippet:-1, max-image-preview:large, max-video-preview:-1\" \/>\n<link rel=\"canonical\" href=\"https:\/\/www.spiritofpolo.com\/pt-br\/produto\/chiberta-o-devoucoux-eventing\" \/>\n<meta property=\"og:locale\" content=\"pt_BR\" \/>\n<meta property=\"og:type\" content=\"article\" \/>\n<meta property=\"og:title\" content=\"Chiberta O - Devoucoux - Eventing - Spirit of Polo - Spirit of Jumping\" \/>\n<meta property=\"og:description\" content=\"Montagem multifuncional de uma saia para cross-country e salto com contato muito preciso das pernas. Um selim usado principalmente para saltos que, gra\u00e7as ao design exclusivo da saia, proporciona ao ciclista um contato muito preciso com as pernas para o trabalho di\u00e1rio, trabalho plano, salto e ao ar livre. O equil\u00edbrio e a estabilidade s\u00e3o garantidos pela posi\u00e7\u00e3o das joelheiras dianteiras que s\u00e3o cobertas por joelheiras para maior conforto e pelas travas das coxas que s\u00e3o proeminentes para maior seguran\u00e7a. Modelo registrado.  Cor: Havana ou Preto Acabamento: forrado de bezerro, forrado de b\u00fafalo\" \/>\n<meta property=\"og:url\" content=\"https:\/\/www.spiritofpolo.com\/pt-br\/produto\/chiberta-o-devoucoux-eventing\" \/>\n<meta property=\"og:site_name\" content=\"Spirit of Polo - Spirit of Jumping\" \/>\n<meta property=\"og:image\" content=\"https:\/\/www.spiritofpolo.com\/wp-content\/uploads\/Chiberta-O-Devoucoux-1.jpg\" \/>\n\t<meta property=\"og:image:width\" content=\"555\" \/>\n\t<meta property=\"og:image:height\" content=\"710\" \/>\n\t<meta property=\"og:image:type\" content=\"image\/jpeg\" \/>\n<meta name=\"twitter:card\" content=\"summary_large_image\" \/>\n<script type=\"application\/ld+json\" class=\"yoast-schema-graph\">{\"@context\":\"https:\/\/schema.org\",\"@graph\":[{\"@type\":\"WebPage\",\"@id\":\"https:\/\/www.spiritofpolo.com\/pt-br\/produto\/chiberta-o-devoucoux-eventing\",\"url\":\"https:\/\/www.spiritofpolo.com\/pt-br\/produto\/chiberta-o-devoucoux-eventing\",\"name\":\"Chiberta O - Devoucoux - Eventing - Spirit of Polo - Spirit of Jumping\",\"isPartOf\":{\"@id\":\"https:\/\/www.spiritofpolo.com\/pt-br#website\"},\"datePublished\":\"2020-10-19T19:00:41+00:00\",\"dateModified\":\"2020-10-19T19:00:41+00:00\",\"breadcrumb\":{\"@id\":\"https:\/\/www.spiritofpolo.com\/pt-br\/produto\/chiberta-o-devoucoux-eventing#breadcrumb\"},\"inLanguage\":\"pt-BR\",\"potentialAction\":[{\"@type\":\"ReadAction\",\"target\":[\"https:\/\/www.spiritofpolo.com\/pt-br\/produto\/chiberta-o-devoucoux-eventing\"]}]},{\"@type\":\"BreadcrumbList\",\"@id\":\"https:\/\/www.spiritofpolo.com\/pt-br\/produto\/chiberta-o-devoucoux-eventing#breadcrumb\",\"itemListElement\":[{\"@type\":\"ListItem\",\"position\":1,\"name\":\"Home\",\"item\":\"https:\/\/www.spiritofpolo.com\/pt-br\"},{\"@type\":\"ListItem\",\"position\":2,\"name\":\"Shop\",\"item\":\"https:\/\/www.spiritofpolo.com\/shop\"},{\"@type\":\"ListItem\",\"position\":3,\"name\":\"Chiberta O &#8211; Devoucoux &#8211; Eventing\"}]},{\"@type\":\"WebSite\",\"@id\":\"https:\/\/www.spiritofpolo.com\/pt-br#website\",\"url\":\"https:\/\/www.spiritofpolo.com\/pt-br\",\"name\":\"Spirit of Polo - Spirit of Jumping\",\"description\":\"Argentine Polo Products\",\"publisher\":{\"@id\":\"https:\/\/www.spiritofpolo.com\/pt-br#organization\"},\"potentialAction\":[{\"@type\":\"SearchAction\",\"target\":{\"@type\":\"EntryPoint\",\"urlTemplate\":\"https:\/\/www.spiritofpolo.com\/pt-br?s={search_term_string}\"},\"query-input\":\"required name=search_term_string\"}],\"inLanguage\":\"pt-BR\"},{\"@type\":\"Organization\",\"@id\":\"https:\/\/www.spiritofpolo.com\/pt-br#organization\",\"name\":\"Spirit of Polo - Spirit of Jumping\",\"url\":\"https:\/\/www.spiritofpolo.com\/pt-br\",\"logo\":{\"@type\":\"ImageObject\",\"inLanguage\":\"pt-BR\",\"@id\":\"https:\/\/www.spiritofpolo.com\/pt-br#\/schema\/logo\/image\/\",\"url\":\"\",\"contentUrl\":\"\",\"caption\":\"Spirit of Polo - Spirit of Jumping\"},\"image\":{\"@id\":\"https:\/\/www.spiritofpolo.com\/pt-br#\/schema\/logo\/image\/\"}}]}<\/script>\n<!-- \/ Yoast SEO plugin. -->","yoast_head_json":{"title":"Chiberta O - Devoucoux - Eventing - Spirit of Polo - Spirit of Jumping","robots":{"index":"index","follow":"follow","max-snippet":"max-snippet:-1","max-image-preview":"max-image-preview:large","max-video-preview":"max-video-preview:-1"},"canonical":"https:\/\/www.spiritofpolo.com\/pt-br\/produto\/chiberta-o-devoucoux-eventing","og_locale":"pt_BR","og_type":"article","og_title":"Chiberta O - Devoucoux - Eventing - Spirit of Polo - Spirit of Jumping","og_description":"Montagem multifuncional de uma saia para cross-country e salto com contato muito preciso das pernas. Um selim usado principalmente para saltos que, gra\u00e7as ao design exclusivo da saia, proporciona ao ciclista um contato muito preciso com as pernas para o trabalho di\u00e1rio, trabalho plano, salto e ao ar livre. O equil\u00edbrio e a estabilidade s\u00e3o garantidos pela posi\u00e7\u00e3o das joelheiras dianteiras que s\u00e3o cobertas por joelheiras para maior conforto e pelas travas das coxas que s\u00e3o proeminentes para maior seguran\u00e7a. Modelo registrado.  Cor: Havana ou Preto Acabamento: forrado de bezerro, forrado de b\u00fafalo","og_url":"https:\/\/www.spiritofpolo.com\/pt-br\/produto\/chiberta-o-devoucoux-eventing","og_site_name":"Spirit of Polo - Spirit of Jumping","og_image":[{"width":555,"height":710,"url":"https:\/\/www.spiritofpolo.com\/wp-content\/uploads\/Chiberta-O-Devoucoux-1.jpg","type":"image\/jpeg"}],"twitter_card":"summary_large_image","schema":{"@context":"https:\/\/schema.org","@graph":[{"@type":"WebPage","@id":"https:\/\/www.spiritofpolo.com\/pt-br\/produto\/chiberta-o-devoucoux-eventing","url":"https:\/\/www.spiritofpolo.com\/pt-br\/produto\/chiberta-o-devoucoux-eventing","name":"Chiberta O - Devoucoux - Eventing - Spirit of Polo - Spirit of Jumping","isPartOf":{"@id":"https:\/\/www.spiritofpolo.com\/pt-br#website"},"datePublished":"2020-10-19T19:00:41+00:00","dateModified":"2020-10-19T19:00:41+00:00","breadcrumb":{"@id":"https:\/\/www.spiritofpolo.com\/pt-br\/produto\/chiberta-o-devoucoux-eventing#breadcrumb"},"inLanguage":"pt-BR","potentialAction":[{"@type":"ReadAction","target":["https:\/\/www.spiritofpolo.com\/pt-br\/produto\/chiberta-o-devoucoux-eventing"]}]},{"@type":"BreadcrumbList","@id":"https:\/\/www.spiritofpolo.com\/pt-br\/produto\/chiberta-o-devoucoux-eventing#breadcrumb","itemListElement":[{"@type":"ListItem","position":1,"name":"Home","item":"https:\/\/www.spiritofpolo.com\/pt-br"},{"@type":"ListItem","position":2,"name":"Shop","item":"https:\/\/www.spiritofpolo.com\/shop"},{"@type":"ListItem","position":3,"name":"Chiberta O &#8211; Devoucoux &#8211; Eventing"}]},{"@type":"WebSite","@id":"https:\/\/www.spiritofpolo.com\/pt-br#website","url":"https:\/\/www.spiritofpolo.com\/pt-br","name":"Spirit of Polo - Spirit of Jumping","description":"Argentine Polo Products","publisher":{"@id":"https:\/\/www.spiritofpolo.com\/pt-br#organization"},"potentialAction":[{"@type":"SearchAction","target":{"@type":"EntryPoint","urlTemplate":"https:\/\/www.spiritofpolo.com\/pt-br?s={search_term_string}"},"query-input":"required name=search_term_string"}],"inLanguage":"pt-BR"},{"@type":"Organization","@id":"https:\/\/www.spiritofpolo.com\/pt-br#organization","name":"Spirit of Polo - Spirit of Jumping","url":"https:\/\/www.spiritofpolo.com\/pt-br","logo":{"@type":"ImageObject","inLanguage":"pt-BR","@id":"https:\/\/www.spiritofpolo.com\/pt-br#\/schema\/logo\/image\/","url":"","contentUrl":"","caption":"Spirit of Polo - Spirit of Jumping"},"image":{"@id":"https:\/\/www.spiritofpolo.com\/pt-br#\/schema\/logo\/image\/"}}]}},"tiered_pricing_type":"fixed","tiered_pricing_fixed_rules":[],"tiered_pricing_product_settings":{"layout":"default","base_unit_name":{"singular":null,"plural":null},"default_variation":null},"tiered_pricing_minimum_quantity":null,"tiered_pricing_roles_data":[],"tiered_pricing_percentage_rules":[],"_links":{"self":[{"href":"https:\/\/www.spiritofpolo.com\/pt-br\/wp-json\/wp\/v2\/product\/62685"}],"collection":[{"href":"https:\/\/www.spiritofpolo.com\/pt-br\/wp-json\/wp\/v2\/product"}],"about":[{"href":"https:\/\/www.spiritofpolo.com\/pt-br\/wp-json\/wp\/v2\/types\/product"}],"replies":[{"embeddable":true,"href":"https:\/\/www.spiritofpolo.com\/pt-br\/wp-json\/wp\/v2\/comments?post=62685"}],"wp:featuredmedia":[{"embeddable":true,"href":"https:\/\/www.spiritofpolo.com\/pt-br\/wp-json\/wp\/v2\/media\/61803"}],"wp:attachment":[{"href":"https:\/\/www.spiritofpolo.com\/pt-br\/wp-json\/wp\/v2\/media?parent=62685"}],"wp:term":[{"taxonomy":"product_cat","embeddable":true,"href":"https:\/\/www.spiritofpolo.com\/pt-br\/wp-json\/wp\/v2\/product_cat?post=62685"},{"taxonomy":"product_tag","embeddable":true,"href":"https:\/\/www.spiritofpolo.com\/pt-br\/wp-json\/wp\/v2\/product_tag?post=62685"}],"curies":[{"name":"wp","href":"https:\/\/api.w.org\/{rel}","templated":true}]}}