{"id":62687,"date":"2020-10-19T17:24:11","date_gmt":"2020-10-19T17:24:11","guid":{"rendered":"https:\/\/www.spiritofpolo.com\/product\/makila-s-devocoux-adestramento"},"modified":"2020-10-19T17:24:11","modified_gmt":"2020-10-19T17:24:11","slug":"makila-s-devocoux-adestramento","status":"publish","type":"product","link":"https:\/\/www.spiritofpolo.com\/pt-br\/produto\/makila-s-devocoux-adestramento","title":{"rendered":"Makila S \u2013 Devocoux \u2013 Adestramento"},"content":{"rendered":"","protected":false},"excerpt":{"rendered":"<p>Arma\u00e7\u00e3o de adestramento de saia \u00fanica. Sela de adestramento cujas formas, arquitetura e textura real\u00e7am a harmonia do cavaleiro e do cavalo. Apresentando um design de saia \u00fanica, com presilhas proeminentes e suportes de estribo retra\u00eddos, o selim Makila S garante estabilidade perfeita para o ciclista em ritmos e transi\u00e7\u00f5es de passos altos. Seu assento profundo o torna mais adequado para cavaleiros experientes de adestramento. Em couro de bezerro ou nobuck de b\u00fafalo para melhor estabilidade das pernas e da pelve. Modelo registrado.<\/p>\n<p>Cor: Havana ou Preto<br \/>\nAcabamento: forrado de bezerro, forrado de b\u00fafalo<\/p>\n","protected":false},"featured_media":61798,"comment_status":"open","ping_status":"closed","template":"","meta":[],"product_cat":[2588,2534,2587],"product_tag":[],"acf":[],"yoast_head":"<!-- This site is optimized with the Yoast SEO plugin v19.14 - https:\/\/yoast.com\/wordpress\/plugins\/seo\/ -->\n<title>Makila S \u2013 Devocoux \u2013 Adestramento - Spirit of Polo - Spirit of Jumping<\/title>\n<meta name=\"robots\" content=\"index, follow, max-snippet:-1, max-image-preview:large, max-video-preview:-1\" \/>\n<link rel=\"canonical\" href=\"https:\/\/www.spiritofpolo.com\/pt-br\/produto\/makila-s-devocoux-adestramento\" \/>\n<meta property=\"og:locale\" content=\"pt_BR\" \/>\n<meta property=\"og:type\" content=\"article\" \/>\n<meta property=\"og:title\" content=\"Makila S \u2013 Devocoux \u2013 Adestramento - Spirit of Polo - Spirit of Jumping\" \/>\n<meta property=\"og:description\" content=\"Arma\u00e7\u00e3o de adestramento de saia \u00fanica. Sela de adestramento cujas formas, arquitetura e textura real\u00e7am a harmonia do cavaleiro e do cavalo. Apresentando um design de saia \u00fanica, com presilhas proeminentes e suportes de estribo retra\u00eddos, o selim Makila S garante estabilidade perfeita para o ciclista em ritmos e transi\u00e7\u00f5es de passos altos. Seu assento profundo o torna mais adequado para cavaleiros experientes de adestramento. Em couro de bezerro ou nobuck de b\u00fafalo para melhor estabilidade das pernas e da pelve. Modelo registrado.  Cor: Havana ou Preto Acabamento: forrado de bezerro, forrado de b\u00fafalo\" \/>\n<meta property=\"og:url\" content=\"https:\/\/www.spiritofpolo.com\/pt-br\/produto\/makila-s-devocoux-adestramento\" \/>\n<meta property=\"og:site_name\" content=\"Spirit of Polo - Spirit of Jumping\" \/>\n<meta property=\"og:image\" content=\"https:\/\/www.spiritofpolo.com\/wp-content\/uploads\/Makila-S-Devoucoux-1.jpg\" \/>\n\t<meta property=\"og:image:width\" content=\"555\" \/>\n\t<meta property=\"og:image:height\" content=\"710\" \/>\n\t<meta property=\"og:image:type\" content=\"image\/jpeg\" \/>\n<meta name=\"twitter:card\" content=\"summary_large_image\" \/>\n<script type=\"application\/ld+json\" class=\"yoast-schema-graph\">{\"@context\":\"https:\/\/schema.org\",\"@graph\":[{\"@type\":\"WebPage\",\"@id\":\"https:\/\/www.spiritofpolo.com\/pt-br\/produto\/makila-s-devocoux-adestramento\",\"url\":\"https:\/\/www.spiritofpolo.com\/pt-br\/produto\/makila-s-devocoux-adestramento\",\"name\":\"Makila S \u2013 Devocoux \u2013 Adestramento - Spirit of Polo - Spirit of Jumping\",\"isPartOf\":{\"@id\":\"https:\/\/www.spiritofpolo.com\/pt-br#website\"},\"datePublished\":\"2020-10-19T17:24:11+00:00\",\"dateModified\":\"2020-10-19T17:24:11+00:00\",\"breadcrumb\":{\"@id\":\"https:\/\/www.spiritofpolo.com\/pt-br\/produto\/makila-s-devocoux-adestramento#breadcrumb\"},\"inLanguage\":\"pt-BR\",\"potentialAction\":[{\"@type\":\"ReadAction\",\"target\":[\"https:\/\/www.spiritofpolo.com\/pt-br\/produto\/makila-s-devocoux-adestramento\"]}]},{\"@type\":\"BreadcrumbList\",\"@id\":\"https:\/\/www.spiritofpolo.com\/pt-br\/produto\/makila-s-devocoux-adestramento#breadcrumb\",\"itemListElement\":[{\"@type\":\"ListItem\",\"position\":1,\"name\":\"Home\",\"item\":\"https:\/\/www.spiritofpolo.com\/pt-br\"},{\"@type\":\"ListItem\",\"position\":2,\"name\":\"Shop\",\"item\":\"https:\/\/www.spiritofpolo.com\/shop\"},{\"@type\":\"ListItem\",\"position\":3,\"name\":\"Makila S \u2013 Devocoux \u2013 Adestramento\"}]},{\"@type\":\"WebSite\",\"@id\":\"https:\/\/www.spiritofpolo.com\/pt-br#website\",\"url\":\"https:\/\/www.spiritofpolo.com\/pt-br\",\"name\":\"Spirit of Polo - Spirit of Jumping\",\"description\":\"Argentine Polo Products\",\"publisher\":{\"@id\":\"https:\/\/www.spiritofpolo.com\/pt-br#organization\"},\"potentialAction\":[{\"@type\":\"SearchAction\",\"target\":{\"@type\":\"EntryPoint\",\"urlTemplate\":\"https:\/\/www.spiritofpolo.com\/pt-br?s={search_term_string}\"},\"query-input\":\"required name=search_term_string\"}],\"inLanguage\":\"pt-BR\"},{\"@type\":\"Organization\",\"@id\":\"https:\/\/www.spiritofpolo.com\/pt-br#organization\",\"name\":\"Spirit of Polo - Spirit of Jumping\",\"url\":\"https:\/\/www.spiritofpolo.com\/pt-br\",\"logo\":{\"@type\":\"ImageObject\",\"inLanguage\":\"pt-BR\",\"@id\":\"https:\/\/www.spiritofpolo.com\/pt-br#\/schema\/logo\/image\/\",\"url\":\"\",\"contentUrl\":\"\",\"caption\":\"Spirit of Polo - Spirit of Jumping\"},\"image\":{\"@id\":\"https:\/\/www.spiritofpolo.com\/pt-br#\/schema\/logo\/image\/\"}}]}<\/script>\n<!-- \/ Yoast SEO plugin. -->","yoast_head_json":{"title":"Makila S \u2013 Devocoux \u2013 Adestramento - Spirit of Polo - Spirit of Jumping","robots":{"index":"index","follow":"follow","max-snippet":"max-snippet:-1","max-image-preview":"max-image-preview:large","max-video-preview":"max-video-preview:-1"},"canonical":"https:\/\/www.spiritofpolo.com\/pt-br\/produto\/makila-s-devocoux-adestramento","og_locale":"pt_BR","og_type":"article","og_title":"Makila S \u2013 Devocoux \u2013 Adestramento - Spirit of Polo - Spirit of Jumping","og_description":"Arma\u00e7\u00e3o de adestramento de saia \u00fanica. Sela de adestramento cujas formas, arquitetura e textura real\u00e7am a harmonia do cavaleiro e do cavalo. Apresentando um design de saia \u00fanica, com presilhas proeminentes e suportes de estribo retra\u00eddos, o selim Makila S garante estabilidade perfeita para o ciclista em ritmos e transi\u00e7\u00f5es de passos altos. Seu assento profundo o torna mais adequado para cavaleiros experientes de adestramento. Em couro de bezerro ou nobuck de b\u00fafalo para melhor estabilidade das pernas e da pelve. Modelo registrado.  Cor: Havana ou Preto Acabamento: forrado de bezerro, forrado de b\u00fafalo","og_url":"https:\/\/www.spiritofpolo.com\/pt-br\/produto\/makila-s-devocoux-adestramento","og_site_name":"Spirit of Polo - Spirit of Jumping","og_image":[{"width":555,"height":710,"url":"https:\/\/www.spiritofpolo.com\/wp-content\/uploads\/Makila-S-Devoucoux-1.jpg","type":"image\/jpeg"}],"twitter_card":"summary_large_image","schema":{"@context":"https:\/\/schema.org","@graph":[{"@type":"WebPage","@id":"https:\/\/www.spiritofpolo.com\/pt-br\/produto\/makila-s-devocoux-adestramento","url":"https:\/\/www.spiritofpolo.com\/pt-br\/produto\/makila-s-devocoux-adestramento","name":"Makila S \u2013 Devocoux \u2013 Adestramento - Spirit of Polo - Spirit of Jumping","isPartOf":{"@id":"https:\/\/www.spiritofpolo.com\/pt-br#website"},"datePublished":"2020-10-19T17:24:11+00:00","dateModified":"2020-10-19T17:24:11+00:00","breadcrumb":{"@id":"https:\/\/www.spiritofpolo.com\/pt-br\/produto\/makila-s-devocoux-adestramento#breadcrumb"},"inLanguage":"pt-BR","potentialAction":[{"@type":"ReadAction","target":["https:\/\/www.spiritofpolo.com\/pt-br\/produto\/makila-s-devocoux-adestramento"]}]},{"@type":"BreadcrumbList","@id":"https:\/\/www.spiritofpolo.com\/pt-br\/produto\/makila-s-devocoux-adestramento#breadcrumb","itemListElement":[{"@type":"ListItem","position":1,"name":"Home","item":"https:\/\/www.spiritofpolo.com\/pt-br"},{"@type":"ListItem","position":2,"name":"Shop","item":"https:\/\/www.spiritofpolo.com\/shop"},{"@type":"ListItem","position":3,"name":"Makila S \u2013 Devocoux \u2013 Adestramento"}]},{"@type":"WebSite","@id":"https:\/\/www.spiritofpolo.com\/pt-br#website","url":"https:\/\/www.spiritofpolo.com\/pt-br","name":"Spirit of Polo - Spirit of Jumping","description":"Argentine Polo Products","publisher":{"@id":"https:\/\/www.spiritofpolo.com\/pt-br#organization"},"potentialAction":[{"@type":"SearchAction","target":{"@type":"EntryPoint","urlTemplate":"https:\/\/www.spiritofpolo.com\/pt-br?s={search_term_string}"},"query-input":"required name=search_term_string"}],"inLanguage":"pt-BR"},{"@type":"Organization","@id":"https:\/\/www.spiritofpolo.com\/pt-br#organization","name":"Spirit of Polo - Spirit of Jumping","url":"https:\/\/www.spiritofpolo.com\/pt-br","logo":{"@type":"ImageObject","inLanguage":"pt-BR","@id":"https:\/\/www.spiritofpolo.com\/pt-br#\/schema\/logo\/image\/","url":"","contentUrl":"","caption":"Spirit of Polo - Spirit of Jumping"},"image":{"@id":"https:\/\/www.spiritofpolo.com\/pt-br#\/schema\/logo\/image\/"}}]}},"tiered_pricing_type":"fixed","tiered_pricing_fixed_rules":[],"tiered_pricing_product_settings":{"layout":"default","base_unit_name":{"singular":null,"plural":null},"default_variation":null},"tiered_pricing_minimum_quantity":null,"tiered_pricing_roles_data":[],"tiered_pricing_percentage_rules":[],"_links":{"self":[{"href":"https:\/\/www.spiritofpolo.com\/pt-br\/wp-json\/wp\/v2\/product\/62687"}],"collection":[{"href":"https:\/\/www.spiritofpolo.com\/pt-br\/wp-json\/wp\/v2\/product"}],"about":[{"href":"https:\/\/www.spiritofpolo.com\/pt-br\/wp-json\/wp\/v2\/types\/product"}],"replies":[{"embeddable":true,"href":"https:\/\/www.spiritofpolo.com\/pt-br\/wp-json\/wp\/v2\/comments?post=62687"}],"wp:featuredmedia":[{"embeddable":true,"href":"https:\/\/www.spiritofpolo.com\/pt-br\/wp-json\/wp\/v2\/media\/61798"}],"wp:attachment":[{"href":"https:\/\/www.spiritofpolo.com\/pt-br\/wp-json\/wp\/v2\/media?parent=62687"}],"wp:term":[{"taxonomy":"product_cat","embeddable":true,"href":"https:\/\/www.spiritofpolo.com\/pt-br\/wp-json\/wp\/v2\/product_cat?post=62687"},{"taxonomy":"product_tag","embeddable":true,"href":"https:\/\/www.spiritofpolo.com\/pt-br\/wp-json\/wp\/v2\/product_tag?post=62687"}],"curies":[{"name":"wp","href":"https:\/\/api.w.org\/{rel}","templated":true}]}}