{"id":62732,"date":"2022-01-19T12:28:39","date_gmt":"2022-01-19T12:28:39","guid":{"rendered":"https:\/\/www.spiritofpolo.com\/product\/aneis-de-borracha"},"modified":"2022-01-19T12:28:39","modified_gmt":"2022-01-19T12:28:39","slug":"aneis-de-borracha","status":"publish","type":"product","link":"https:\/\/www.spiritofpolo.com\/pt-br\/produto\/aneis-de-borracha","title":{"rendered":"An\u00e9is de borracha"},"content":{"rendered":"","protected":false},"excerpt":{"rendered":"<p>Limitadores ou an\u00e9is de borracha para freio de cavalo.<br \/>\nOs an\u00e9is protegem os l\u00e1bios do cavalo de atrito e belisc\u00f5es.<br \/>\nV\u00e1rias cores.<\/p>\n","protected":false},"featured_media":62198,"comment_status":"open","ping_status":"closed","template":"","meta":[],"product_cat":[2589,2561,2588,2558,2587,2545],"product_tag":[],"acf":[],"yoast_head":"<!-- This site is optimized with the Yoast SEO plugin v19.14 - https:\/\/yoast.com\/wordpress\/plugins\/seo\/ -->\n<title>An\u00e9is de borracha - Spirit of Polo - Spirit of Jumping<\/title>\n<meta name=\"robots\" content=\"index, follow, max-snippet:-1, max-image-preview:large, max-video-preview:-1\" \/>\n<link rel=\"canonical\" href=\"https:\/\/www.spiritofpolo.com\/pt-br\/produto\/aneis-de-borracha\" \/>\n<meta property=\"og:locale\" content=\"pt_BR\" \/>\n<meta property=\"og:type\" content=\"article\" \/>\n<meta property=\"og:title\" content=\"An\u00e9is de borracha - Spirit of Polo - Spirit of Jumping\" \/>\n<meta property=\"og:description\" content=\"Limitadores ou an\u00e9is de borracha para freio de cavalo. Os an\u00e9is protegem os l\u00e1bios do cavalo de atrito e belisc\u00f5es. V\u00e1rias cores.\" \/>\n<meta property=\"og:url\" content=\"https:\/\/www.spiritofpolo.com\/pt-br\/produto\/aneis-de-borracha\" \/>\n<meta property=\"og:site_name\" content=\"Spirit of Polo - Spirit of Jumping\" \/>\n<meta property=\"og:image\" content=\"https:\/\/www.spiritofpolo.com\/wp-content\/uploads\/Rubber-bit-rings-2.jpg\" \/>\n\t<meta property=\"og:image:width\" content=\"555\" \/>\n\t<meta property=\"og:image:height\" content=\"710\" \/>\n\t<meta property=\"og:image:type\" content=\"image\/jpeg\" \/>\n<meta name=\"twitter:card\" content=\"summary_large_image\" \/>\n<script type=\"application\/ld+json\" class=\"yoast-schema-graph\">{\"@context\":\"https:\/\/schema.org\",\"@graph\":[{\"@type\":\"WebPage\",\"@id\":\"https:\/\/www.spiritofpolo.com\/pt-br\/produto\/aneis-de-borracha\",\"url\":\"https:\/\/www.spiritofpolo.com\/pt-br\/produto\/aneis-de-borracha\",\"name\":\"An\u00e9is de borracha - Spirit of Polo - Spirit of Jumping\",\"isPartOf\":{\"@id\":\"https:\/\/www.spiritofpolo.com\/pt-br#website\"},\"datePublished\":\"2022-01-19T12:28:39+00:00\",\"dateModified\":\"2022-01-19T12:28:39+00:00\",\"breadcrumb\":{\"@id\":\"https:\/\/www.spiritofpolo.com\/pt-br\/produto\/aneis-de-borracha#breadcrumb\"},\"inLanguage\":\"pt-BR\",\"potentialAction\":[{\"@type\":\"ReadAction\",\"target\":[\"https:\/\/www.spiritofpolo.com\/pt-br\/produto\/aneis-de-borracha\"]}]},{\"@type\":\"BreadcrumbList\",\"@id\":\"https:\/\/www.spiritofpolo.com\/pt-br\/produto\/aneis-de-borracha#breadcrumb\",\"itemListElement\":[{\"@type\":\"ListItem\",\"position\":1,\"name\":\"Home\",\"item\":\"https:\/\/www.spiritofpolo.com\/pt-br\"},{\"@type\":\"ListItem\",\"position\":2,\"name\":\"Shop\",\"item\":\"https:\/\/www.spiritofpolo.com\/shop\"},{\"@type\":\"ListItem\",\"position\":3,\"name\":\"An\u00e9is de borracha\"}]},{\"@type\":\"WebSite\",\"@id\":\"https:\/\/www.spiritofpolo.com\/pt-br#website\",\"url\":\"https:\/\/www.spiritofpolo.com\/pt-br\",\"name\":\"Spirit of Polo - Spirit of Jumping\",\"description\":\"Argentine Polo Products\",\"publisher\":{\"@id\":\"https:\/\/www.spiritofpolo.com\/pt-br#organization\"},\"potentialAction\":[{\"@type\":\"SearchAction\",\"target\":{\"@type\":\"EntryPoint\",\"urlTemplate\":\"https:\/\/www.spiritofpolo.com\/pt-br?s={search_term_string}\"},\"query-input\":\"required name=search_term_string\"}],\"inLanguage\":\"pt-BR\"},{\"@type\":\"Organization\",\"@id\":\"https:\/\/www.spiritofpolo.com\/pt-br#organization\",\"name\":\"Spirit of Polo - Spirit of Jumping\",\"url\":\"https:\/\/www.spiritofpolo.com\/pt-br\",\"logo\":{\"@type\":\"ImageObject\",\"inLanguage\":\"pt-BR\",\"@id\":\"https:\/\/www.spiritofpolo.com\/pt-br#\/schema\/logo\/image\/\",\"url\":\"\",\"contentUrl\":\"\",\"caption\":\"Spirit of Polo - Spirit of Jumping\"},\"image\":{\"@id\":\"https:\/\/www.spiritofpolo.com\/pt-br#\/schema\/logo\/image\/\"}}]}<\/script>\n<!-- \/ Yoast SEO plugin. -->","yoast_head_json":{"title":"An\u00e9is de borracha - Spirit of Polo - Spirit of Jumping","robots":{"index":"index","follow":"follow","max-snippet":"max-snippet:-1","max-image-preview":"max-image-preview:large","max-video-preview":"max-video-preview:-1"},"canonical":"https:\/\/www.spiritofpolo.com\/pt-br\/produto\/aneis-de-borracha","og_locale":"pt_BR","og_type":"article","og_title":"An\u00e9is de borracha - Spirit of Polo - Spirit of Jumping","og_description":"Limitadores ou an\u00e9is de borracha para freio de cavalo. Os an\u00e9is protegem os l\u00e1bios do cavalo de atrito e belisc\u00f5es. V\u00e1rias cores.","og_url":"https:\/\/www.spiritofpolo.com\/pt-br\/produto\/aneis-de-borracha","og_site_name":"Spirit of Polo - Spirit of Jumping","og_image":[{"width":555,"height":710,"url":"https:\/\/www.spiritofpolo.com\/wp-content\/uploads\/Rubber-bit-rings-2.jpg","type":"image\/jpeg"}],"twitter_card":"summary_large_image","schema":{"@context":"https:\/\/schema.org","@graph":[{"@type":"WebPage","@id":"https:\/\/www.spiritofpolo.com\/pt-br\/produto\/aneis-de-borracha","url":"https:\/\/www.spiritofpolo.com\/pt-br\/produto\/aneis-de-borracha","name":"An\u00e9is de borracha - Spirit of Polo - Spirit of Jumping","isPartOf":{"@id":"https:\/\/www.spiritofpolo.com\/pt-br#website"},"datePublished":"2022-01-19T12:28:39+00:00","dateModified":"2022-01-19T12:28:39+00:00","breadcrumb":{"@id":"https:\/\/www.spiritofpolo.com\/pt-br\/produto\/aneis-de-borracha#breadcrumb"},"inLanguage":"pt-BR","potentialAction":[{"@type":"ReadAction","target":["https:\/\/www.spiritofpolo.com\/pt-br\/produto\/aneis-de-borracha"]}]},{"@type":"BreadcrumbList","@id":"https:\/\/www.spiritofpolo.com\/pt-br\/produto\/aneis-de-borracha#breadcrumb","itemListElement":[{"@type":"ListItem","position":1,"name":"Home","item":"https:\/\/www.spiritofpolo.com\/pt-br"},{"@type":"ListItem","position":2,"name":"Shop","item":"https:\/\/www.spiritofpolo.com\/shop"},{"@type":"ListItem","position":3,"name":"An\u00e9is de borracha"}]},{"@type":"WebSite","@id":"https:\/\/www.spiritofpolo.com\/pt-br#website","url":"https:\/\/www.spiritofpolo.com\/pt-br","name":"Spirit of Polo - Spirit of Jumping","description":"Argentine Polo Products","publisher":{"@id":"https:\/\/www.spiritofpolo.com\/pt-br#organization"},"potentialAction":[{"@type":"SearchAction","target":{"@type":"EntryPoint","urlTemplate":"https:\/\/www.spiritofpolo.com\/pt-br?s={search_term_string}"},"query-input":"required name=search_term_string"}],"inLanguage":"pt-BR"},{"@type":"Organization","@id":"https:\/\/www.spiritofpolo.com\/pt-br#organization","name":"Spirit of Polo - Spirit of Jumping","url":"https:\/\/www.spiritofpolo.com\/pt-br","logo":{"@type":"ImageObject","inLanguage":"pt-BR","@id":"https:\/\/www.spiritofpolo.com\/pt-br#\/schema\/logo\/image\/","url":"","contentUrl":"","caption":"Spirit of Polo - Spirit of Jumping"},"image":{"@id":"https:\/\/www.spiritofpolo.com\/pt-br#\/schema\/logo\/image\/"}}]}},"tiered_pricing_type":"fixed","tiered_pricing_fixed_rules":[],"tiered_pricing_product_settings":{"layout":"default","base_unit_name":{"singular":null,"plural":null},"default_variation":null},"tiered_pricing_minimum_quantity":null,"tiered_pricing_roles_data":[],"tiered_pricing_percentage_rules":[],"_links":{"self":[{"href":"https:\/\/www.spiritofpolo.com\/pt-br\/wp-json\/wp\/v2\/product\/62732"}],"collection":[{"href":"https:\/\/www.spiritofpolo.com\/pt-br\/wp-json\/wp\/v2\/product"}],"about":[{"href":"https:\/\/www.spiritofpolo.com\/pt-br\/wp-json\/wp\/v2\/types\/product"}],"replies":[{"embeddable":true,"href":"https:\/\/www.spiritofpolo.com\/pt-br\/wp-json\/wp\/v2\/comments?post=62732"}],"wp:featuredmedia":[{"embeddable":true,"href":"https:\/\/www.spiritofpolo.com\/pt-br\/wp-json\/wp\/v2\/media\/62198"}],"wp:attachment":[{"href":"https:\/\/www.spiritofpolo.com\/pt-br\/wp-json\/wp\/v2\/media?parent=62732"}],"wp:term":[{"taxonomy":"product_cat","embeddable":true,"href":"https:\/\/www.spiritofpolo.com\/pt-br\/wp-json\/wp\/v2\/product_cat?post=62732"},{"taxonomy":"product_tag","embeddable":true,"href":"https:\/\/www.spiritofpolo.com\/pt-br\/wp-json\/wp\/v2\/product_tag?post=62732"}],"curies":[{"name":"wp","href":"https:\/\/api.w.org\/{rel}","templated":true}]}}