{"id":63075,"date":"2018-07-20T14:34:28","date_gmt":"2018-07-20T14:34:28","guid":{"rendered":"https:\/\/www.spiritofpolo.com\/product\/camisa-do-polo-argentina-x-1"},"modified":"2022-10-03T11:05:41","modified_gmt":"2022-10-03T11:05:41","slug":"camisa-do-polo-argentina-x-1","status":"publish","type":"product","link":"https:\/\/www.spiritofpolo.com\/pt-br\/produto\/camisa-do-polo-argentina-x-1","title":{"rendered":"Camisa do Polo Argentina x 1"},"content":{"rendered":"<p><img loading=\"lazy\" class=\"alignnone size-medium wp-image-13216\" src=\"https:\/\/www.spiritofpolo.com\/wp-content\/uploads\/\/Womans-Size-Table-235x300.jpg\" alt=\"\" width=\"235\" height=\"300\" srcset=\"https:\/\/www.spiritofpolo.com\/wp-content\/uploads\/Womans-Size-Table-235x300.jpg 235w, https:\/\/www.spiritofpolo.com\/wp-content\/uploads\/Womans-Size-Table-70x90.jpg 70w, https:\/\/www.spiritofpolo.com\/wp-content\/uploads\/Womans-Size-Table.jpg 555w\" sizes=\"(max-width: 235px) 100vw, 235px\" \/> <img loading=\"lazy\" class=\"alignnone size-medium wp-image-13213\" src=\"https:\/\/www.spiritofpolo.com\/wp-content\/uploads\/\/Mens-Size-Table-235x300.jpg\" alt=\"\" width=\"235\" height=\"300\" srcset=\"https:\/\/www.spiritofpolo.com\/wp-content\/uploads\/Mens-Size-Table-235x300.jpg 235w, https:\/\/www.spiritofpolo.com\/wp-content\/uploads\/Mens-Size-Table-70x90.jpg 70w, https:\/\/www.spiritofpolo.com\/wp-content\/uploads\/Mens-Size-Table.jpg 555w\" sizes=\"(max-width: 235px) 100vw, 235px\" \/><\/p>\n","protected":false},"excerpt":{"rendered":"<p>A camisa polo Argentina para seus treinos\u2026 ou para sentir o polo a qualquer hora do dia! T-shirt sublimada &#8211; Poli\u00e9ster que absorve a umidade &#8211; Pre\u00e7o por unidade Fabricado na Argentina<\/p>\n<p>Nossa moldagem \u00e9 semi-ajustada.<br \/>\nConsidere isso al\u00e9m das medidas para escolher o seu tamanho.<\/p>\n<p>As medidas devem ser feitas da parte inferior do pesco\u00e7o at\u00e9 a parte inferior da roupa e de axila a axila.<br \/>\nAs medidas podem variar entre 1 e 2%<br \/>\nPara uma medi\u00e7\u00e3o correta, deve ser feita em uma superf\u00edcie plana e n\u00e3o em seu corpo.<\/p>\n<p>Lave com \u00e1gua fria na m\u00e1quina de lavar ou \u00e0 m\u00e3o. N\u00e3o precisa de ferro. N\u00e3o passe a gola.<\/p>\n","protected":false},"featured_media":61277,"comment_status":"open","ping_status":"closed","template":"","meta":[],"product_cat":[2546,2545,2552,2542],"product_tag":[2917,2703,2918,2916,2623,2913,2912],"acf":[],"yoast_head":"<!-- This site is optimized with the Yoast SEO plugin v19.14 - https:\/\/yoast.com\/wordpress\/plugins\/seo\/ -->\n<title>Camisa do Polo Argentina x 1 - Spirit of Polo - Spirit of Jumping<\/title>\n<meta name=\"description\" content=\"Argentina polo shirt for your practices ... or to feel polo anytime!\" \/>\n<meta name=\"robots\" content=\"index, follow, max-snippet:-1, max-image-preview:large, max-video-preview:-1\" \/>\n<link rel=\"canonical\" href=\"https:\/\/www.spiritofpolo.com\/pt-br\/produto\/camisa-do-polo-argentina-x-1\" \/>\n<meta property=\"og:locale\" content=\"pt_BR\" \/>\n<meta property=\"og:type\" content=\"article\" \/>\n<meta property=\"og:title\" content=\"Camisa do Polo Argentina x 1 - Spirit of Polo - Spirit of Jumping\" \/>\n<meta property=\"og:description\" content=\"Argentina polo shirt for your practices ... or to feel polo anytime!\" \/>\n<meta property=\"og:url\" content=\"https:\/\/www.spiritofpolo.com\/pt-br\/produto\/camisa-do-polo-argentina-x-1\" \/>\n<meta property=\"og:site_name\" content=\"Spirit of Polo - Spirit of Jumping\" \/>\n<meta property=\"article:modified_time\" content=\"2022-10-03T11:05:41+00:00\" \/>\n<meta property=\"og:image\" content=\"https:\/\/www.spiritofpolo.com\/wp-content\/uploads\/Argentina-Polo-Shirt.jpg\" \/>\n\t<meta property=\"og:image:width\" content=\"555\" \/>\n\t<meta property=\"og:image:height\" content=\"710\" \/>\n\t<meta property=\"og:image:type\" content=\"image\/jpeg\" \/>\n<meta name=\"twitter:card\" content=\"summary_large_image\" \/>\n<script type=\"application\/ld+json\" class=\"yoast-schema-graph\">{\"@context\":\"https:\/\/schema.org\",\"@graph\":[{\"@type\":\"WebPage\",\"@id\":\"https:\/\/www.spiritofpolo.com\/pt-br\/produto\/camisa-do-polo-argentina-x-1\",\"url\":\"https:\/\/www.spiritofpolo.com\/pt-br\/produto\/camisa-do-polo-argentina-x-1\",\"name\":\"Camisa do Polo Argentina x 1 - Spirit of Polo - Spirit of Jumping\",\"isPartOf\":{\"@id\":\"https:\/\/www.spiritofpolo.com\/pt-br#website\"},\"datePublished\":\"2018-07-20T14:34:28+00:00\",\"dateModified\":\"2022-10-03T11:05:41+00:00\",\"description\":\"Argentina polo shirt for your practices ... or to feel polo anytime!\",\"breadcrumb\":{\"@id\":\"https:\/\/www.spiritofpolo.com\/pt-br\/produto\/camisa-do-polo-argentina-x-1#breadcrumb\"},\"inLanguage\":\"pt-BR\",\"potentialAction\":[{\"@type\":\"ReadAction\",\"target\":[\"https:\/\/www.spiritofpolo.com\/pt-br\/produto\/camisa-do-polo-argentina-x-1\"]}]},{\"@type\":\"BreadcrumbList\",\"@id\":\"https:\/\/www.spiritofpolo.com\/pt-br\/produto\/camisa-do-polo-argentina-x-1#breadcrumb\",\"itemListElement\":[{\"@type\":\"ListItem\",\"position\":1,\"name\":\"Home\",\"item\":\"https:\/\/www.spiritofpolo.com\/pt-br\"},{\"@type\":\"ListItem\",\"position\":2,\"name\":\"Shop\",\"item\":\"https:\/\/www.spiritofpolo.com\/shop\"},{\"@type\":\"ListItem\",\"position\":3,\"name\":\"Camisa do Polo Argentina x 1\"}]},{\"@type\":\"WebSite\",\"@id\":\"https:\/\/www.spiritofpolo.com\/pt-br#website\",\"url\":\"https:\/\/www.spiritofpolo.com\/pt-br\",\"name\":\"Spirit of Polo - Spirit of Jumping\",\"description\":\"Argentine Polo Products\",\"publisher\":{\"@id\":\"https:\/\/www.spiritofpolo.com\/pt-br#organization\"},\"potentialAction\":[{\"@type\":\"SearchAction\",\"target\":{\"@type\":\"EntryPoint\",\"urlTemplate\":\"https:\/\/www.spiritofpolo.com\/pt-br?s={search_term_string}\"},\"query-input\":\"required name=search_term_string\"}],\"inLanguage\":\"pt-BR\"},{\"@type\":\"Organization\",\"@id\":\"https:\/\/www.spiritofpolo.com\/pt-br#organization\",\"name\":\"Spirit of Polo - Spirit of Jumping\",\"url\":\"https:\/\/www.spiritofpolo.com\/pt-br\",\"logo\":{\"@type\":\"ImageObject\",\"inLanguage\":\"pt-BR\",\"@id\":\"https:\/\/www.spiritofpolo.com\/pt-br#\/schema\/logo\/image\/\",\"url\":\"\",\"contentUrl\":\"\",\"caption\":\"Spirit of Polo - Spirit of Jumping\"},\"image\":{\"@id\":\"https:\/\/www.spiritofpolo.com\/pt-br#\/schema\/logo\/image\/\"}}]}<\/script>\n<!-- \/ Yoast SEO plugin. -->","yoast_head_json":{"title":"Camisa do Polo Argentina x 1 - Spirit of Polo - Spirit of Jumping","description":"Argentina polo shirt for your practices ... or to feel polo anytime!","robots":{"index":"index","follow":"follow","max-snippet":"max-snippet:-1","max-image-preview":"max-image-preview:large","max-video-preview":"max-video-preview:-1"},"canonical":"https:\/\/www.spiritofpolo.com\/pt-br\/produto\/camisa-do-polo-argentina-x-1","og_locale":"pt_BR","og_type":"article","og_title":"Camisa do Polo Argentina x 1 - Spirit of Polo - Spirit of Jumping","og_description":"Argentina polo shirt for your practices ... or to feel polo anytime!","og_url":"https:\/\/www.spiritofpolo.com\/pt-br\/produto\/camisa-do-polo-argentina-x-1","og_site_name":"Spirit of Polo - Spirit of Jumping","article_modified_time":"2022-10-03T11:05:41+00:00","og_image":[{"width":555,"height":710,"url":"https:\/\/www.spiritofpolo.com\/wp-content\/uploads\/Argentina-Polo-Shirt.jpg","type":"image\/jpeg"}],"twitter_card":"summary_large_image","schema":{"@context":"https:\/\/schema.org","@graph":[{"@type":"WebPage","@id":"https:\/\/www.spiritofpolo.com\/pt-br\/produto\/camisa-do-polo-argentina-x-1","url":"https:\/\/www.spiritofpolo.com\/pt-br\/produto\/camisa-do-polo-argentina-x-1","name":"Camisa do Polo Argentina x 1 - Spirit of Polo - Spirit of Jumping","isPartOf":{"@id":"https:\/\/www.spiritofpolo.com\/pt-br#website"},"datePublished":"2018-07-20T14:34:28+00:00","dateModified":"2022-10-03T11:05:41+00:00","description":"Argentina polo shirt for your practices ... or to feel polo anytime!","breadcrumb":{"@id":"https:\/\/www.spiritofpolo.com\/pt-br\/produto\/camisa-do-polo-argentina-x-1#breadcrumb"},"inLanguage":"pt-BR","potentialAction":[{"@type":"ReadAction","target":["https:\/\/www.spiritofpolo.com\/pt-br\/produto\/camisa-do-polo-argentina-x-1"]}]},{"@type":"BreadcrumbList","@id":"https:\/\/www.spiritofpolo.com\/pt-br\/produto\/camisa-do-polo-argentina-x-1#breadcrumb","itemListElement":[{"@type":"ListItem","position":1,"name":"Home","item":"https:\/\/www.spiritofpolo.com\/pt-br"},{"@type":"ListItem","position":2,"name":"Shop","item":"https:\/\/www.spiritofpolo.com\/shop"},{"@type":"ListItem","position":3,"name":"Camisa do Polo Argentina x 1"}]},{"@type":"WebSite","@id":"https:\/\/www.spiritofpolo.com\/pt-br#website","url":"https:\/\/www.spiritofpolo.com\/pt-br","name":"Spirit of Polo - Spirit of Jumping","description":"Argentine Polo Products","publisher":{"@id":"https:\/\/www.spiritofpolo.com\/pt-br#organization"},"potentialAction":[{"@type":"SearchAction","target":{"@type":"EntryPoint","urlTemplate":"https:\/\/www.spiritofpolo.com\/pt-br?s={search_term_string}"},"query-input":"required name=search_term_string"}],"inLanguage":"pt-BR"},{"@type":"Organization","@id":"https:\/\/www.spiritofpolo.com\/pt-br#organization","name":"Spirit of Polo - Spirit of Jumping","url":"https:\/\/www.spiritofpolo.com\/pt-br","logo":{"@type":"ImageObject","inLanguage":"pt-BR","@id":"https:\/\/www.spiritofpolo.com\/pt-br#\/schema\/logo\/image\/","url":"","contentUrl":"","caption":"Spirit of Polo - Spirit of Jumping"},"image":{"@id":"https:\/\/www.spiritofpolo.com\/pt-br#\/schema\/logo\/image\/"}}]}},"tiered_pricing_type":"fixed","tiered_pricing_fixed_rules":[],"tiered_pricing_product_settings":{"layout":"default","base_unit_name":{"singular":null,"plural":null},"default_variation":null},"tiered_pricing_minimum_quantity":null,"tiered_pricing_roles_data":[],"tiered_pricing_percentage_rules":[],"_links":{"self":[{"href":"https:\/\/www.spiritofpolo.com\/pt-br\/wp-json\/wp\/v2\/product\/63075"}],"collection":[{"href":"https:\/\/www.spiritofpolo.com\/pt-br\/wp-json\/wp\/v2\/product"}],"about":[{"href":"https:\/\/www.spiritofpolo.com\/pt-br\/wp-json\/wp\/v2\/types\/product"}],"replies":[{"embeddable":true,"href":"https:\/\/www.spiritofpolo.com\/pt-br\/wp-json\/wp\/v2\/comments?post=63075"}],"wp:featuredmedia":[{"embeddable":true,"href":"https:\/\/www.spiritofpolo.com\/pt-br\/wp-json\/wp\/v2\/media\/61277"}],"wp:attachment":[{"href":"https:\/\/www.spiritofpolo.com\/pt-br\/wp-json\/wp\/v2\/media?parent=63075"}],"wp:term":[{"taxonomy":"product_cat","embeddable":true,"href":"https:\/\/www.spiritofpolo.com\/pt-br\/wp-json\/wp\/v2\/product_cat?post=63075"},{"taxonomy":"product_tag","embeddable":true,"href":"https:\/\/www.spiritofpolo.com\/pt-br\/wp-json\/wp\/v2\/product_tag?post=63075"}],"curies":[{"name":"wp","href":"https:\/\/api.w.org\/{rel}","templated":true}]}}