{"id":63078,"date":"2020-11-12T22:28:22","date_gmt":"2020-11-12T22:28:22","guid":{"rendered":"https:\/\/www.spiritofpolo.com\/product\/camisa-polo-team-ou-flag-design-x-8-versoes-de-duas-cores-mesmo-design"},"modified":"2020-11-12T22:28:22","modified_gmt":"2020-11-12T22:28:22","slug":"camisa-polo-team-ou-flag-design-x-8-versoes-de-duas-cores-mesmo-design","status":"publish","type":"product","link":"https:\/\/www.spiritofpolo.com\/pt-br\/produto\/camisa-polo-team-ou-flag-design-x-8-versoes-de-duas-cores-mesmo-design","title":{"rendered":"Camisa Polo Team ou Flag Design x 8 (vers\u00f5es de duas cores \u2013 mesmo design)"},"content":{"rendered":"<p><img loading=\"lazy\" class=\"alignnone size-medium wp-image-13216\" src=\"https:\/\/www.spiritofpolo.com\/wp-content\/uploads\/\/Womans-Size-Table-235x300.jpg\" alt=\"\" width=\"235\" height=\"300\" srcset=\"https:\/\/www.spiritofpolo.com\/wp-content\/uploads\/Womans-Size-Table-235x300.jpg 235w, https:\/\/www.spiritofpolo.com\/wp-content\/uploads\/Womans-Size-Table-70x90.jpg 70w, https:\/\/www.spiritofpolo.com\/wp-content\/uploads\/Womans-Size-Table.jpg 555w\" sizes=\"(max-width: 235px) 100vw, 235px\" \/> <img loading=\"lazy\" class=\"alignnone size-medium wp-image-13213\" src=\"https:\/\/www.spiritofpolo.com\/wp-content\/uploads\/\/Mens-Size-Table-235x300.jpg\" alt=\"\" width=\"235\" height=\"300\" srcset=\"https:\/\/www.spiritofpolo.com\/wp-content\/uploads\/Mens-Size-Table-235x300.jpg 235w, https:\/\/www.spiritofpolo.com\/wp-content\/uploads\/Mens-Size-Table-70x90.jpg 70w, https:\/\/www.spiritofpolo.com\/wp-content\/uploads\/Mens-Size-Table.jpg 555w\" sizes=\"(max-width: 235px) 100vw, 235px\" \/><\/p>\n","protected":false},"excerpt":{"rendered":"<p>T-shirts da sua equipa com o seu desenho ou a sua bandeira. \u00a1<br \/>\nPodemos desenh\u00e1-los como voc\u00ea quiser!<br \/>\nAbsor\u00e7\u00e3o de Umidade Sublimada \/ Dry-Fit<br \/>\n4 camisetas + 4 camisetas em cor invertida, mesmo desenho<br \/>\nMade in Argentina \u2013 Tempo de produ\u00e7\u00e3o: 4 semanas.<\/p>\n<p>Nossa moldagem \u00e9 semi-ajustada.<br \/>\nConsidere isso al\u00e9m das medidas para escolher o seu tamanho.<\/p>\n<p>As medidas devem ser feitas da parte inferior do pesco\u00e7o at\u00e9 a parte inferior da roupa e de axila a axila.<br \/>\nAs medidas podem variar entre 1 e 2%<br \/>\nPara uma medi\u00e7\u00e3o correta, deve ser feita em uma superf\u00edcie plana e n\u00e3o em seu corpo.<\/p>\n<p>Lave com \u00e1gua fria na m\u00e1quina de lavar ou \u00e0 m\u00e3o. N\u00e3o precisa de ferro. N\u00e3o passe a gola.<\/p>\n","protected":false},"featured_media":61279,"comment_status":"open","ping_status":"closed","template":"","meta":[],"product_cat":[2548,2546,2545,2552,2542],"product_tag":[2921,2919,2920],"acf":[],"yoast_head":"<!-- This site is optimized with the Yoast SEO plugin v19.14 - https:\/\/yoast.com\/wordpress\/plugins\/seo\/ -->\n<title>Camisa Polo Team ou Flag Design x 8 (vers\u00f5es de duas cores \u2013 mesmo design) - Spirit of Polo - Spirit of Jumping<\/title>\n<meta name=\"description\" content=\"Your team design or flag polo shirts for your team. We can design them as you want!\" \/>\n<meta name=\"robots\" content=\"index, follow, max-snippet:-1, max-image-preview:large, max-video-preview:-1\" \/>\n<link rel=\"canonical\" href=\"https:\/\/www.spiritofpolo.com\/pt-br\/produto\/camisa-polo-team-ou-flag-design-x-8-versoes-de-duas-cores-mesmo-design\" \/>\n<meta property=\"og:locale\" content=\"pt_BR\" \/>\n<meta property=\"og:type\" content=\"article\" \/>\n<meta property=\"og:title\" content=\"Camisa Polo Team ou Flag Design x 8 (vers\u00f5es de duas cores \u2013 mesmo design) - Spirit of Polo - Spirit of Jumping\" \/>\n<meta property=\"og:description\" content=\"Your team design or flag polo shirts for your team. We can design them as you want!\" \/>\n<meta property=\"og:url\" content=\"https:\/\/www.spiritofpolo.com\/pt-br\/produto\/camisa-polo-team-ou-flag-design-x-8-versoes-de-duas-cores-mesmo-design\" \/>\n<meta property=\"og:site_name\" content=\"Spirit of Polo - Spirit of Jumping\" \/>\n<meta property=\"og:image\" content=\"https:\/\/www.spiritofpolo.com\/wp-content\/uploads\/Nuestra-tierra-2.jpg\" \/>\n\t<meta property=\"og:image:width\" content=\"555\" \/>\n\t<meta property=\"og:image:height\" content=\"710\" \/>\n\t<meta property=\"og:image:type\" content=\"image\/jpeg\" \/>\n<meta name=\"twitter:card\" content=\"summary_large_image\" \/>\n<script type=\"application\/ld+json\" class=\"yoast-schema-graph\">{\"@context\":\"https:\/\/schema.org\",\"@graph\":[{\"@type\":\"WebPage\",\"@id\":\"https:\/\/www.spiritofpolo.com\/pt-br\/produto\/camisa-polo-team-ou-flag-design-x-8-versoes-de-duas-cores-mesmo-design\",\"url\":\"https:\/\/www.spiritofpolo.com\/pt-br\/produto\/camisa-polo-team-ou-flag-design-x-8-versoes-de-duas-cores-mesmo-design\",\"name\":\"Camisa Polo Team ou Flag Design x 8 (vers\u00f5es de duas cores \u2013 mesmo design) - Spirit of Polo - Spirit of Jumping\",\"isPartOf\":{\"@id\":\"https:\/\/www.spiritofpolo.com\/pt-br#website\"},\"datePublished\":\"2020-11-12T22:28:22+00:00\",\"dateModified\":\"2020-11-12T22:28:22+00:00\",\"description\":\"Your team design or flag polo shirts for your team. We can design them as you want!\",\"breadcrumb\":{\"@id\":\"https:\/\/www.spiritofpolo.com\/pt-br\/produto\/camisa-polo-team-ou-flag-design-x-8-versoes-de-duas-cores-mesmo-design#breadcrumb\"},\"inLanguage\":\"pt-BR\",\"potentialAction\":[{\"@type\":\"ReadAction\",\"target\":[\"https:\/\/www.spiritofpolo.com\/pt-br\/produto\/camisa-polo-team-ou-flag-design-x-8-versoes-de-duas-cores-mesmo-design\"]}]},{\"@type\":\"BreadcrumbList\",\"@id\":\"https:\/\/www.spiritofpolo.com\/pt-br\/produto\/camisa-polo-team-ou-flag-design-x-8-versoes-de-duas-cores-mesmo-design#breadcrumb\",\"itemListElement\":[{\"@type\":\"ListItem\",\"position\":1,\"name\":\"Home\",\"item\":\"https:\/\/www.spiritofpolo.com\/pt-br\"},{\"@type\":\"ListItem\",\"position\":2,\"name\":\"Shop\",\"item\":\"https:\/\/www.spiritofpolo.com\/shop\"},{\"@type\":\"ListItem\",\"position\":3,\"name\":\"Camisa Polo Team ou Flag Design x 8 (vers\u00f5es de duas cores \u2013 mesmo design)\"}]},{\"@type\":\"WebSite\",\"@id\":\"https:\/\/www.spiritofpolo.com\/pt-br#website\",\"url\":\"https:\/\/www.spiritofpolo.com\/pt-br\",\"name\":\"Spirit of Polo - Spirit of Jumping\",\"description\":\"Argentine Polo Products\",\"publisher\":{\"@id\":\"https:\/\/www.spiritofpolo.com\/pt-br#organization\"},\"potentialAction\":[{\"@type\":\"SearchAction\",\"target\":{\"@type\":\"EntryPoint\",\"urlTemplate\":\"https:\/\/www.spiritofpolo.com\/pt-br?s={search_term_string}\"},\"query-input\":\"required name=search_term_string\"}],\"inLanguage\":\"pt-BR\"},{\"@type\":\"Organization\",\"@id\":\"https:\/\/www.spiritofpolo.com\/pt-br#organization\",\"name\":\"Spirit of Polo - Spirit of Jumping\",\"url\":\"https:\/\/www.spiritofpolo.com\/pt-br\",\"logo\":{\"@type\":\"ImageObject\",\"inLanguage\":\"pt-BR\",\"@id\":\"https:\/\/www.spiritofpolo.com\/pt-br#\/schema\/logo\/image\/\",\"url\":\"\",\"contentUrl\":\"\",\"caption\":\"Spirit of Polo - Spirit of Jumping\"},\"image\":{\"@id\":\"https:\/\/www.spiritofpolo.com\/pt-br#\/schema\/logo\/image\/\"}}]}<\/script>\n<!-- \/ Yoast SEO plugin. -->","yoast_head_json":{"title":"Camisa Polo Team ou Flag Design x 8 (vers\u00f5es de duas cores \u2013 mesmo design) - Spirit of Polo - Spirit of Jumping","description":"Your team design or flag polo shirts for your team. We can design them as you want!","robots":{"index":"index","follow":"follow","max-snippet":"max-snippet:-1","max-image-preview":"max-image-preview:large","max-video-preview":"max-video-preview:-1"},"canonical":"https:\/\/www.spiritofpolo.com\/pt-br\/produto\/camisa-polo-team-ou-flag-design-x-8-versoes-de-duas-cores-mesmo-design","og_locale":"pt_BR","og_type":"article","og_title":"Camisa Polo Team ou Flag Design x 8 (vers\u00f5es de duas cores \u2013 mesmo design) - Spirit of Polo - Spirit of Jumping","og_description":"Your team design or flag polo shirts for your team. We can design them as you want!","og_url":"https:\/\/www.spiritofpolo.com\/pt-br\/produto\/camisa-polo-team-ou-flag-design-x-8-versoes-de-duas-cores-mesmo-design","og_site_name":"Spirit of Polo - Spirit of Jumping","og_image":[{"width":555,"height":710,"url":"https:\/\/www.spiritofpolo.com\/wp-content\/uploads\/Nuestra-tierra-2.jpg","type":"image\/jpeg"}],"twitter_card":"summary_large_image","schema":{"@context":"https:\/\/schema.org","@graph":[{"@type":"WebPage","@id":"https:\/\/www.spiritofpolo.com\/pt-br\/produto\/camisa-polo-team-ou-flag-design-x-8-versoes-de-duas-cores-mesmo-design","url":"https:\/\/www.spiritofpolo.com\/pt-br\/produto\/camisa-polo-team-ou-flag-design-x-8-versoes-de-duas-cores-mesmo-design","name":"Camisa Polo Team ou Flag Design x 8 (vers\u00f5es de duas cores \u2013 mesmo design) - Spirit of Polo - Spirit of Jumping","isPartOf":{"@id":"https:\/\/www.spiritofpolo.com\/pt-br#website"},"datePublished":"2020-11-12T22:28:22+00:00","dateModified":"2020-11-12T22:28:22+00:00","description":"Your team design or flag polo shirts for your team. We can design them as you want!","breadcrumb":{"@id":"https:\/\/www.spiritofpolo.com\/pt-br\/produto\/camisa-polo-team-ou-flag-design-x-8-versoes-de-duas-cores-mesmo-design#breadcrumb"},"inLanguage":"pt-BR","potentialAction":[{"@type":"ReadAction","target":["https:\/\/www.spiritofpolo.com\/pt-br\/produto\/camisa-polo-team-ou-flag-design-x-8-versoes-de-duas-cores-mesmo-design"]}]},{"@type":"BreadcrumbList","@id":"https:\/\/www.spiritofpolo.com\/pt-br\/produto\/camisa-polo-team-ou-flag-design-x-8-versoes-de-duas-cores-mesmo-design#breadcrumb","itemListElement":[{"@type":"ListItem","position":1,"name":"Home","item":"https:\/\/www.spiritofpolo.com\/pt-br"},{"@type":"ListItem","position":2,"name":"Shop","item":"https:\/\/www.spiritofpolo.com\/shop"},{"@type":"ListItem","position":3,"name":"Camisa Polo Team ou Flag Design x 8 (vers\u00f5es de duas cores \u2013 mesmo design)"}]},{"@type":"WebSite","@id":"https:\/\/www.spiritofpolo.com\/pt-br#website","url":"https:\/\/www.spiritofpolo.com\/pt-br","name":"Spirit of Polo - Spirit of Jumping","description":"Argentine Polo Products","publisher":{"@id":"https:\/\/www.spiritofpolo.com\/pt-br#organization"},"potentialAction":[{"@type":"SearchAction","target":{"@type":"EntryPoint","urlTemplate":"https:\/\/www.spiritofpolo.com\/pt-br?s={search_term_string}"},"query-input":"required name=search_term_string"}],"inLanguage":"pt-BR"},{"@type":"Organization","@id":"https:\/\/www.spiritofpolo.com\/pt-br#organization","name":"Spirit of Polo - Spirit of Jumping","url":"https:\/\/www.spiritofpolo.com\/pt-br","logo":{"@type":"ImageObject","inLanguage":"pt-BR","@id":"https:\/\/www.spiritofpolo.com\/pt-br#\/schema\/logo\/image\/","url":"","contentUrl":"","caption":"Spirit of Polo - Spirit of Jumping"},"image":{"@id":"https:\/\/www.spiritofpolo.com\/pt-br#\/schema\/logo\/image\/"}}]}},"tiered_pricing_type":"fixed","tiered_pricing_fixed_rules":[],"tiered_pricing_product_settings":{"layout":"default","base_unit_name":{"singular":null,"plural":null},"default_variation":null},"tiered_pricing_minimum_quantity":null,"tiered_pricing_roles_data":[],"tiered_pricing_percentage_rules":[],"_links":{"self":[{"href":"https:\/\/www.spiritofpolo.com\/pt-br\/wp-json\/wp\/v2\/product\/63078"}],"collection":[{"href":"https:\/\/www.spiritofpolo.com\/pt-br\/wp-json\/wp\/v2\/product"}],"about":[{"href":"https:\/\/www.spiritofpolo.com\/pt-br\/wp-json\/wp\/v2\/types\/product"}],"replies":[{"embeddable":true,"href":"https:\/\/www.spiritofpolo.com\/pt-br\/wp-json\/wp\/v2\/comments?post=63078"}],"wp:featuredmedia":[{"embeddable":true,"href":"https:\/\/www.spiritofpolo.com\/pt-br\/wp-json\/wp\/v2\/media\/61279"}],"wp:attachment":[{"href":"https:\/\/www.spiritofpolo.com\/pt-br\/wp-json\/wp\/v2\/media?parent=63078"}],"wp:term":[{"taxonomy":"product_cat","embeddable":true,"href":"https:\/\/www.spiritofpolo.com\/pt-br\/wp-json\/wp\/v2\/product_cat?post=63078"},{"taxonomy":"product_tag","embeddable":true,"href":"https:\/\/www.spiritofpolo.com\/pt-br\/wp-json\/wp\/v2\/product_tag?post=63078"}],"curies":[{"name":"wp","href":"https:\/\/api.w.org\/{rel}","templated":true}]}}