{"id":63871,"date":"2015-09-22T00:02:11","date_gmt":"2015-09-22T00:02:11","guid":{"rendered":"https:\/\/www.spiritofpolo.com\/product\/sela-spirit-of-polo-professional"},"modified":"2015-09-22T00:02:11","modified_gmt":"2015-09-22T00:02:11","slug":"sela-spirit-of-polo-professional","status":"publish","type":"product","link":"https:\/\/www.spiritofpolo.com\/pt-br\/produto\/sela-spirit-of-polo-professional","title":{"rendered":"Sela Spirit of Polo Professional"},"content":{"rendered":"<p>Sela de polo de alta qualidade feita pelo melhor fabricante de selas argentino, muitas vezes vencedor do Palermo Open.<\/p>\n","protected":false},"excerpt":{"rendered":"<p>Fabricados por um dos melhores fabricantes argentinos, nossos quadros s\u00e3o conhecidos por sua qualidade. Nosso artes\u00e3o usa o melhor couro argentino.<\/p>\n<p>A sela Spirit of Polo Pro adapta-se a todos os cavalos e \u00e9 muito confort\u00e1vel para o cavaleiro. Com seu assento largo, garante boa estabilidade durante o jogo.<\/p>\n<p>Todos os nossos quadros s\u00e3o fabricados na Argentina. T\u00eam suportes de estribo, cintas de cilha,&#8230; Os atributos do selim podem ser alterados a pedido (suportes de estribo, tamanho&#8230;).<\/p>\n","protected":false},"featured_media":61683,"comment_status":"open","ping_status":"closed","template":"","meta":[],"product_cat":[2558,2562],"product_tag":[2958,2959,2957,2960],"acf":[],"yoast_head":"<!-- This site is optimized with the Yoast SEO plugin v19.14 - https:\/\/yoast.com\/wordpress\/plugins\/seo\/ -->\n<title>Sela Spirit of Polo Professional - Spirit of Polo - Spirit of Jumping<\/title>\n<meta name=\"robots\" content=\"index, follow, max-snippet:-1, max-image-preview:large, max-video-preview:-1\" \/>\n<link rel=\"canonical\" href=\"https:\/\/www.spiritofpolo.com\/pt-br\/produto\/sela-spirit-of-polo-professional\" \/>\n<meta property=\"og:locale\" content=\"pt_BR\" \/>\n<meta property=\"og:type\" content=\"article\" \/>\n<meta property=\"og:title\" content=\"Sela Spirit of Polo Professional - Spirit of Polo - Spirit of Jumping\" \/>\n<meta property=\"og:description\" content=\"Fabricados por um dos melhores fabricantes argentinos, nossos quadros s\u00e3o conhecidos por sua qualidade. Nosso artes\u00e3o usa o melhor couro argentino.  A sela Spirit of Polo Pro adapta-se a todos os cavalos e \u00e9 muito confort\u00e1vel para o cavaleiro. Com seu assento largo, garante boa estabilidade durante o jogo.  Todos os nossos quadros s\u00e3o fabricados na Argentina. T\u00eam suportes de estribo, cintas de cilha,... Os atributos do selim podem ser alterados a pedido (suportes de estribo, tamanho...).\" \/>\n<meta property=\"og:url\" content=\"https:\/\/www.spiritofpolo.com\/pt-br\/produto\/sela-spirit-of-polo-professional\" \/>\n<meta property=\"og:site_name\" content=\"Spirit of Polo - Spirit of Jumping\" \/>\n<meta property=\"og:image\" content=\"https:\/\/www.spiritofpolo.com\/wp-content\/uploads\/Montura-Polo-Negra-1.jpg\" \/>\n\t<meta property=\"og:image:width\" content=\"555\" \/>\n\t<meta property=\"og:image:height\" content=\"710\" \/>\n\t<meta property=\"og:image:type\" content=\"image\/jpeg\" \/>\n<meta name=\"twitter:card\" content=\"summary_large_image\" \/>\n<script type=\"application\/ld+json\" class=\"yoast-schema-graph\">{\"@context\":\"https:\/\/schema.org\",\"@graph\":[{\"@type\":\"WebPage\",\"@id\":\"https:\/\/www.spiritofpolo.com\/pt-br\/produto\/sela-spirit-of-polo-professional\",\"url\":\"https:\/\/www.spiritofpolo.com\/pt-br\/produto\/sela-spirit-of-polo-professional\",\"name\":\"Sela Spirit of Polo Professional - Spirit of Polo - Spirit of Jumping\",\"isPartOf\":{\"@id\":\"https:\/\/www.spiritofpolo.com\/pt-br#website\"},\"datePublished\":\"2015-09-22T00:02:11+00:00\",\"dateModified\":\"2015-09-22T00:02:11+00:00\",\"breadcrumb\":{\"@id\":\"https:\/\/www.spiritofpolo.com\/pt-br\/produto\/sela-spirit-of-polo-professional#breadcrumb\"},\"inLanguage\":\"pt-BR\",\"potentialAction\":[{\"@type\":\"ReadAction\",\"target\":[\"https:\/\/www.spiritofpolo.com\/pt-br\/produto\/sela-spirit-of-polo-professional\"]}]},{\"@type\":\"BreadcrumbList\",\"@id\":\"https:\/\/www.spiritofpolo.com\/pt-br\/produto\/sela-spirit-of-polo-professional#breadcrumb\",\"itemListElement\":[{\"@type\":\"ListItem\",\"position\":1,\"name\":\"Home\",\"item\":\"https:\/\/www.spiritofpolo.com\/pt-br\"},{\"@type\":\"ListItem\",\"position\":2,\"name\":\"Shop\",\"item\":\"https:\/\/www.spiritofpolo.com\/shop\"},{\"@type\":\"ListItem\",\"position\":3,\"name\":\"Sela Spirit of Polo Professional\"}]},{\"@type\":\"WebSite\",\"@id\":\"https:\/\/www.spiritofpolo.com\/pt-br#website\",\"url\":\"https:\/\/www.spiritofpolo.com\/pt-br\",\"name\":\"Spirit of Polo - Spirit of Jumping\",\"description\":\"Argentine Polo Products\",\"publisher\":{\"@id\":\"https:\/\/www.spiritofpolo.com\/pt-br#organization\"},\"potentialAction\":[{\"@type\":\"SearchAction\",\"target\":{\"@type\":\"EntryPoint\",\"urlTemplate\":\"https:\/\/www.spiritofpolo.com\/pt-br?s={search_term_string}\"},\"query-input\":\"required name=search_term_string\"}],\"inLanguage\":\"pt-BR\"},{\"@type\":\"Organization\",\"@id\":\"https:\/\/www.spiritofpolo.com\/pt-br#organization\",\"name\":\"Spirit of Polo - Spirit of Jumping\",\"url\":\"https:\/\/www.spiritofpolo.com\/pt-br\",\"logo\":{\"@type\":\"ImageObject\",\"inLanguage\":\"pt-BR\",\"@id\":\"https:\/\/www.spiritofpolo.com\/pt-br#\/schema\/logo\/image\/\",\"url\":\"\",\"contentUrl\":\"\",\"caption\":\"Spirit of Polo - Spirit of Jumping\"},\"image\":{\"@id\":\"https:\/\/www.spiritofpolo.com\/pt-br#\/schema\/logo\/image\/\"}}]}<\/script>\n<!-- \/ Yoast SEO plugin. -->","yoast_head_json":{"title":"Sela Spirit of Polo Professional - Spirit of Polo - Spirit of Jumping","robots":{"index":"index","follow":"follow","max-snippet":"max-snippet:-1","max-image-preview":"max-image-preview:large","max-video-preview":"max-video-preview:-1"},"canonical":"https:\/\/www.spiritofpolo.com\/pt-br\/produto\/sela-spirit-of-polo-professional","og_locale":"pt_BR","og_type":"article","og_title":"Sela Spirit of Polo Professional - Spirit of Polo - Spirit of Jumping","og_description":"Fabricados por um dos melhores fabricantes argentinos, nossos quadros s\u00e3o conhecidos por sua qualidade. Nosso artes\u00e3o usa o melhor couro argentino.  A sela Spirit of Polo Pro adapta-se a todos os cavalos e \u00e9 muito confort\u00e1vel para o cavaleiro. Com seu assento largo, garante boa estabilidade durante o jogo.  Todos os nossos quadros s\u00e3o fabricados na Argentina. T\u00eam suportes de estribo, cintas de cilha,... Os atributos do selim podem ser alterados a pedido (suportes de estribo, tamanho...).","og_url":"https:\/\/www.spiritofpolo.com\/pt-br\/produto\/sela-spirit-of-polo-professional","og_site_name":"Spirit of Polo - Spirit of Jumping","og_image":[{"width":555,"height":710,"url":"https:\/\/www.spiritofpolo.com\/wp-content\/uploads\/Montura-Polo-Negra-1.jpg","type":"image\/jpeg"}],"twitter_card":"summary_large_image","schema":{"@context":"https:\/\/schema.org","@graph":[{"@type":"WebPage","@id":"https:\/\/www.spiritofpolo.com\/pt-br\/produto\/sela-spirit-of-polo-professional","url":"https:\/\/www.spiritofpolo.com\/pt-br\/produto\/sela-spirit-of-polo-professional","name":"Sela Spirit of Polo Professional - Spirit of Polo - Spirit of Jumping","isPartOf":{"@id":"https:\/\/www.spiritofpolo.com\/pt-br#website"},"datePublished":"2015-09-22T00:02:11+00:00","dateModified":"2015-09-22T00:02:11+00:00","breadcrumb":{"@id":"https:\/\/www.spiritofpolo.com\/pt-br\/produto\/sela-spirit-of-polo-professional#breadcrumb"},"inLanguage":"pt-BR","potentialAction":[{"@type":"ReadAction","target":["https:\/\/www.spiritofpolo.com\/pt-br\/produto\/sela-spirit-of-polo-professional"]}]},{"@type":"BreadcrumbList","@id":"https:\/\/www.spiritofpolo.com\/pt-br\/produto\/sela-spirit-of-polo-professional#breadcrumb","itemListElement":[{"@type":"ListItem","position":1,"name":"Home","item":"https:\/\/www.spiritofpolo.com\/pt-br"},{"@type":"ListItem","position":2,"name":"Shop","item":"https:\/\/www.spiritofpolo.com\/shop"},{"@type":"ListItem","position":3,"name":"Sela Spirit of Polo Professional"}]},{"@type":"WebSite","@id":"https:\/\/www.spiritofpolo.com\/pt-br#website","url":"https:\/\/www.spiritofpolo.com\/pt-br","name":"Spirit of Polo - Spirit of Jumping","description":"Argentine Polo Products","publisher":{"@id":"https:\/\/www.spiritofpolo.com\/pt-br#organization"},"potentialAction":[{"@type":"SearchAction","target":{"@type":"EntryPoint","urlTemplate":"https:\/\/www.spiritofpolo.com\/pt-br?s={search_term_string}"},"query-input":"required name=search_term_string"}],"inLanguage":"pt-BR"},{"@type":"Organization","@id":"https:\/\/www.spiritofpolo.com\/pt-br#organization","name":"Spirit of Polo - Spirit of Jumping","url":"https:\/\/www.spiritofpolo.com\/pt-br","logo":{"@type":"ImageObject","inLanguage":"pt-BR","@id":"https:\/\/www.spiritofpolo.com\/pt-br#\/schema\/logo\/image\/","url":"","contentUrl":"","caption":"Spirit of Polo - Spirit of Jumping"},"image":{"@id":"https:\/\/www.spiritofpolo.com\/pt-br#\/schema\/logo\/image\/"}}]}},"tiered_pricing_type":"fixed","tiered_pricing_fixed_rules":[],"tiered_pricing_product_settings":{"layout":"default","base_unit_name":{"singular":null,"plural":null},"default_variation":null},"tiered_pricing_minimum_quantity":null,"tiered_pricing_roles_data":[],"tiered_pricing_percentage_rules":[],"_links":{"self":[{"href":"https:\/\/www.spiritofpolo.com\/pt-br\/wp-json\/wp\/v2\/product\/63871"}],"collection":[{"href":"https:\/\/www.spiritofpolo.com\/pt-br\/wp-json\/wp\/v2\/product"}],"about":[{"href":"https:\/\/www.spiritofpolo.com\/pt-br\/wp-json\/wp\/v2\/types\/product"}],"replies":[{"embeddable":true,"href":"https:\/\/www.spiritofpolo.com\/pt-br\/wp-json\/wp\/v2\/comments?post=63871"}],"wp:featuredmedia":[{"embeddable":true,"href":"https:\/\/www.spiritofpolo.com\/pt-br\/wp-json\/wp\/v2\/media\/61683"}],"wp:attachment":[{"href":"https:\/\/www.spiritofpolo.com\/pt-br\/wp-json\/wp\/v2\/media?parent=63871"}],"wp:term":[{"taxonomy":"product_cat","embeddable":true,"href":"https:\/\/www.spiritofpolo.com\/pt-br\/wp-json\/wp\/v2\/product_cat?post=63871"},{"taxonomy":"product_tag","embeddable":true,"href":"https:\/\/www.spiritofpolo.com\/pt-br\/wp-json\/wp\/v2\/product_tag?post=63871"}],"curies":[{"name":"wp","href":"https:\/\/api.w.org\/{rel}","templated":true}]}}